{"id":4605,"date":"2026-04-15T09:00:59","date_gmt":"2026-04-15T09:00:59","guid":{"rendered":"https:\/\/tantuquynh.com\/?post_type=product&#038;p=4605"},"modified":"2026-04-15T09:01:00","modified_gmt":"2026-04-15T09:01:00","slug":"yen-ten-lei-red-label","status":"publish","type":"product","link":"https:\/\/tantuquynh.com\/en\/product\/yen-ten-lei-red-label","title":{"rendered":"Y\u1ebfn Ten Lei &#8211; Red Label"},"content":{"rendered":"<h1><b>TEN LEI RED LABEL SUPER WHITE NEST<\/b><\/h1>\n<p><b>Premium Anti-Aging Selection | Y\u1ebfn S\u00e0o Si\u00eau Tr\u1eafng Th\u01b0\u1ee3ng H\u1ea1ng Nh\u00e3n \u0110\u1ecf<\/b><\/p>\n<h3><b>Product Overview | T\u1ed5ng quan s\u1ea3n ph\u1ea9m<\/b><\/h3>\n<p><span style=\"font-weight: 400;\">Ten Lei Red Label (Red Label) is the ultimate supreme line from the prestigious Ten Lei Yen brand. Sourced from the natural caves and pristine environments of Indonesia, the Red Label Super White Nest is world-renowned for its exceptional purity and brilliant white color. This premium selection is exceptionally rich in natural Collagen and EGF (Epidermal Growth Factor), making it a powerful natural secret for anti-aging and cell regeneration.<\/span><\/p>\n<p><i><span style=\"font-weight: 400;\">(Ten Lei Y\u1ebfn Nh\u00e3n \u0110\u1ecf (Red Label) l\u00e0 d\u00f2ng s\u1ea3n ph\u1ea9m \u0111\u1eb3ng c\u1ea5p nh\u1ea5t t\u1eeb th\u01b0\u01a1ng hi\u1ec7u uy t\u00edn Ten Lei Yen. V\u1edbi ngu\u1ed3n g\u1ed1c t\u1eeb c\u00e1c hang y\u1ebfn t\u1ef1 nhi\u00ean t\u1ea1i Indonesia, Y\u1ebfn Si\u00eau Tr\u1eafng Nh\u00e3n \u0110\u1ecf n\u1ed5i ti\u1ebfng th\u1ebf gi\u1edbi v\u1ec1 \u0111\u1ed9 tinh khi\u1ebft tuy\u1ec7t \u0111\u1ed1i v\u00e0 s\u1eafc tr\u1eafng ho\u00e0n h\u1ea3o. D\u00f2ng s\u1ea3n ph\u1ea9m cao c\u1ea5p n\u00e0y \u0111\u1eb7c bi\u1ec7t gi\u00e0u Collagen v\u00e0 EGF (Y\u1ebfu t\u1ed1 t\u0103ng tr\u01b0\u1edfng bi\u1ec3u b\u00ec) t\u1ef1 nhi\u00ean, \u0111\u01b0\u1ee3c xem l\u00e0 b\u00ed quy\u1ebft quy\u1ec1n n\u0103ng gi\u00fap ch\u1ed1ng l\u00e3o h\u00f3a v\u00e0 t\u00e1i t\u1ea1o t\u1ebf b\u00e0o t\u1eeb b\u00ean trong.)<\/span><\/i><\/p>\n<h3><b>Specifications | Th\u00f4ng s\u1ed1 s\u1ea3n ph\u1ea9m<\/b><\/h3>\n<ul>\n<li style=\"font-weight: 400;\" aria-level=\"1\"><b>Product Name:<\/b><span style=\"font-weight: 400;\"> Ten Lei Red Label Super White Nest<\/span><\/li>\n<li style=\"font-weight: 400;\" aria-level=\"1\"><b>Grade:<\/b><span style=\"font-weight: 400;\"> Super White Supreme | D\u00f2ng Y\u1ebfn Si\u00eau Tr\u1eafng Th\u01b0\u1ee3ng H\u1ea1ng<\/span><\/li>\n<li style=\"font-weight: 400;\" aria-level=\"1\"><b>Origin:<\/b><span style=\"font-weight: 400;\"> Indonesia | Nh\u1eadp kh\u1ea9u Indonesia<\/span><\/li>\n<li style=\"font-weight: 400;\" aria-level=\"1\"><b>Packaging:<\/b><span style=\"font-weight: 400;\"> 250 Grams Combo | Combo 250 Gram<\/span><\/li>\n<li style=\"font-weight: 400;\" aria-level=\"1\"><b>Key Components:<\/b><span style=\"font-weight: 400;\"> Rich in natural Collagen &amp; EGF | Gi\u00e0u Collagen &amp; EGF t\u1ef1 nhi\u00ean<\/span><\/li>\n<li style=\"font-weight: 400;\" aria-level=\"1\"><b>Status:<\/b><span style=\"font-weight: 400;\"> Dry, whole nest, premium selection | Y\u1ebfn kh\u00f4, nguy\u00ean t\u1ed5, tuy\u1ec3n ch\u1ecdn \u0111\u1eb7c bi\u1ec7t<\/span><\/li>\n<\/ul>\n<h3><b>Key Features | \u0110\u1eb7c \u0111i\u1ec3m n\u1ed5i b\u1eadt<\/b><\/h3>\n<ul>\n<li style=\"font-weight: 400;\" aria-level=\"1\"><b>Super White Quality | Ch\u1ea5t l\u01b0\u1ee3ng Si\u00eau Tr\u1eafng th\u01b0\u1ee3ng h\u1ea1ng<\/b><b><br \/>\n<\/b><span style=\"font-weight: 400;\">The Red Label features &#8220;Super White&#8221; nests, meticulously hand-picked to ensure no impurities. The strands are exceptionally thick and provide a smooth, luxurious texture after cooking.<\/span><span style=\"font-weight: 400;\"><br \/>\n<\/span><i><span style=\"font-weight: 400;\">(D\u00f2ng Nh\u00e3n \u0110\u1ecf s\u1edf h\u1eefu nh\u1eefng t\u1ed5 y\u1ebfn &#8220;Si\u00eau Tr\u1eafng&#8221;, \u0111\u01b0\u1ee3c l\u00e0m s\u1ea1ch th\u1ee7 c\u00f4ng t\u1ec9 m\u1ec9 \u0111\u1ec3 \u0111\u1ea3m b\u1ea3o \u0111\u1ed9 tinh khi\u1ebft tuy\u1ec7t \u0111\u1ed1i. S\u1ee3i y\u1ebfn c\u1ef1c k\u1ef3 d\u00e0y, mang l\u1ea1i c\u1ea3m gi\u00e1c m\u1ec1m m\u1ea1i v\u00e0 sang tr\u1ecdng khi th\u01b0\u1edfng th\u1ee9c.)<\/span><\/i><\/li>\n<li style=\"font-weight: 400;\" aria-level=\"1\"><b>Powerful Anti-Aging Properties | Kh\u1ea3 n\u0103ng ch\u1ed1ng l\u00e3o h\u00f3a v\u01b0\u1ee3t tr\u1ed9i<\/b><b><br \/>\n<\/b><span style=\"font-weight: 400;\">With a high concentration of natural EGF and Collagen, Red Label is specifically designed to promote skin elasticity, reduce wrinkles, and support healthy cell renewal.<\/span><span style=\"font-weight: 400;\"><br \/>\n<\/span><i><span style=\"font-weight: 400;\">(V\u1edbi h\u00e0m l\u01b0\u1ee3ng EGF v\u00e0 Collagen t\u1ef1 nhi\u00ean \u0111\u1eadm \u0111\u1eb7c, Nh\u00e3n \u0110\u1ecf \u0111\u01b0\u1ee3c thi\u1ebft k\u1ebf chuy\u00ean bi\u1ec7t \u0111\u1ec3 th\u00fac \u0111\u1ea9y \u0111\u1ed9 \u0111\u00e0n h\u1ed3i c\u1ee7a da, gi\u1ea3m n\u1ebfp nh\u0103n v\u00e0 h\u1ed7 tr\u1ee3 qu\u00e1 tr\u00ecnh t\u00e1i t\u1ea1o t\u1ebf b\u00e0o kh\u1ecfe m\u1ea1nh.)<\/span><\/i><\/li>\n<li style=\"font-weight: 400;\" aria-level=\"1\"><b>The Ultimate Gift of Wellness | M\u00f3n qu\u00e0 s\u1ee9c kh\u1ecfe \u0111\u1eb3ng c\u1ea5p<\/b><b><br \/>\n<\/b><span style=\"font-weight: 400;\">The 250g Red Label combo is the perfect choice for long-term health maintenance or as a prestigious gift for VIP partners and beloved family members.<\/span><span style=\"font-weight: 400;\"><br \/>\n<\/span><i><span style=\"font-weight: 400;\">(Combo Nh\u00e3n \u0110\u1ecf 250g l\u00e0 l\u1ef1a ch\u1ecdn ho\u00e0n h\u1ea3o \u0111\u1ec3 duy tr\u00ec s\u1ee9c kh\u1ecfe l\u00e2u d\u00e0i ho\u1eb7c l\u00e0m qu\u00e0 t\u1eb7ng \u0111\u1eb3ng c\u1ea5p d\u00e0nh cho \u0111\u1ed1i t\u00e1c quan tr\u1ecdng v\u00e0 nh\u1eefng ng\u01b0\u1eddi th\u00e2n y\u00eau trong gia \u0111\u00ecnh.)<\/span><\/i><\/li>\n<\/ul>\n<h3><b>Health Benefits | C\u00f4ng d\u1ee5ng n\u1ed5i b\u1eadt<\/b><\/h3>\n<ul>\n<li style=\"font-weight: 400;\" aria-level=\"1\"><b>Cell Regeneration &amp; Beauty | T\u00e1i t\u1ea1o t\u1ebf b\u00e0o &amp; L\u00e0m \u0111\u1eb9p<\/b><b><br \/>\n<\/b><span style=\"font-weight: 400;\">The EGF factor helps speed up tissue repair and rejuvenates the skin, maintaining a youthful and radiant glow.<\/span><span style=\"font-weight: 400;\"><br \/>\n<\/span><i><span style=\"font-weight: 400;\">(Y\u1ebfu t\u1ed1 EGF gi\u00fap \u0111\u1ea9y nhanh qu\u00e1 tr\u00ecnh ph\u1ee5c h\u1ed3i c\u00e1c m\u00f4 v\u00e0 tr\u1ebb h\u00f3a l\u00e0n da, duy tr\u00ec v\u1ebb r\u1ea1ng r\u1ee1, t\u01b0\u01a1i tr\u1ebb.)<\/span><\/i><\/li>\n<li style=\"font-weight: 400;\" aria-level=\"1\"><b>Enhanced Vitality &amp; Longevity | T\u0103ng c\u01b0\u1eddng sinh l\u1ef1c &amp; Tr\u01b0\u1eddng th\u1ecd<\/b><b><br \/>\n<\/b><span style=\"font-weight: 400;\">Provides essential amino acids and minerals that strengthen the heart, improve lung function, and support overall longevity.<\/span><span style=\"font-weight: 400;\"><br \/>\n<\/span><i><span style=\"font-weight: 400;\">(Cung c\u1ea5p c\u00e1c axit amin v\u00e0 kho\u00e1ng ch\u1ea5t thi\u1ebft y\u1ebfu gi\u00fap b\u1ed5 tim, m\u1ea1nh ph\u1ed5i v\u00e0 h\u1ed7 tr\u1ee3 k\u00e9o d\u00e0i tu\u1ed5i th\u1ecd.)<\/span><\/i><\/li>\n<li style=\"font-weight: 400;\" aria-level=\"1\"><b>Comprehensive Body Recovery | Ph\u1ee5c h\u1ed3i c\u01a1 th\u1ec3 to\u00e0n di\u1ec7n<\/b><b><br \/>\n<\/b><span style=\"font-weight: 400;\">Deeply nourishes the body, helping to restore health after illness and boosting the natural immune system.<\/span><span style=\"font-weight: 400;\"><br \/>\n<\/span><i><span style=\"font-weight: 400;\">(B\u1ed3i b\u1ed5 c\u01a1 th\u1ec3 s\u00e2u t\u1eeb b\u00ean trong, gi\u00fap nhanh ch\u00f3ng ph\u1ee5c h\u1ed3i s\u1ee9c kh\u1ecfe sau \u1ed1m v\u00e0 t\u0103ng c\u01b0\u1eddng h\u1ec7 mi\u1ec5n d\u1ecbch t\u1ef1 nhi\u00ean.)<\/span><\/i><\/li>\n<\/ul>\n<h3><b>Usage &amp; Storage | H\u01b0\u1edbng d\u1eabn s\u1eed d\u1ee5ng &amp; b\u1ea3o qu\u1ea3n<\/b><\/h3>\n<ul>\n<li style=\"font-weight: 400;\" aria-level=\"1\"><b>How to Use | C\u00e1ch d\u00f9ng:<\/b><span style=\"font-weight: 400;\"> Steam the bird\u2019s nest with rock sugar, red dates, or ginseng using the double-boiling method. This ensures the delicate nutrients are preserved. Serve warm for maximum comfort.<\/span><span style=\"font-weight: 400;\"><br \/>\n<\/span><i><span style=\"font-weight: 400;\">(Ch\u01b0ng c\u00e1ch th\u1ee7y y\u1ebfn v\u1edbi \u0111\u01b0\u1eddng ph\u00e8n, t\u00e1o \u0111\u1ecf ho\u1eb7c nh\u00e2n s\u00e2m. Ph\u01b0\u01a1ng ph\u00e1p n\u00e0y gi\u00fap b\u1ea3o to\u00e0n c\u00e1c d\u01b0\u1ee1ng ch\u1ea5t qu\u00fd gi\u00e1. D\u00f9ng khi c\u00f2n \u1ea5m \u0111\u1ec3 \u0111\u1ea1t hi\u1ec7u qu\u1ea3 t\u1ed1t nh\u1ea5t.)<\/span><\/i><\/li>\n<li style=\"font-weight: 400;\" aria-level=\"1\"><b>Storage | B\u1ea3o qu\u1ea3n:<\/b><span style=\"font-weight: 400;\"> Store in a cool, dry place. No refrigeration required. Keep away from direct sunlight and humidity.<\/span><span style=\"font-weight: 400;\"><br \/>\n<\/span><i><span style=\"font-weight: 400;\">(B\u1ea3o qu\u1ea3n n\u01a1i kh\u00f4 r\u00e1o, tho\u00e1ng m\u00e1t. Kh\u00f4ng c\u1ea7n \u0111\u1ec3 t\u1ee7 l\u1ea1nh. Tr\u00e1nh \u00e1nh n\u1eafng tr\u1ef1c ti\u1ebfp v\u00e0 n\u01a1i \u1ea9m \u01b0\u1edbt.)<\/span><\/i><\/li>\n<\/ul>\n<h3><b>Pro-Tip | L\u01b0u \u00fd quan tr\u1ecdng<\/b><\/h3>\n<p><span style=\"font-weight: 400;\">For peak absorption of Collagen and EGF, enjoy your bird&#8217;s nest on an empty stomach in the morning or before sleep. When purchasing the large combo, use the included <\/span><b>Super Steamer<\/b><span style=\"font-weight: 400;\"> to maintain the perfect temperature and texture.<\/span><\/p>\n<p><i><span style=\"font-weight: 400;\">(\u0110\u1ec3 h\u1ea5p th\u1ee5 t\u1ed1i \u0111a Collagen v\u00e0 EGF, h\u00e3y d\u00f9ng y\u1ebfn khi b\u1ee5ng \u0111\u00f3i v\u00e0o bu\u1ed5i s\u00e1ng ho\u1eb7c tr\u01b0\u1edbc khi ng\u1ee7. Khi mua combo l\u1edbn, h\u00e3y s\u1eed d\u1ee5ng <\/span><\/i><b><i>n\u1ed3i ch\u01b0ng Super Steamer<\/i><\/b><i><span style=\"font-weight: 400;\"> \u0111i k\u00e8m \u0111\u1ec3 duy tr\u00ec nhi\u1ec7t \u0111\u1ed9 v\u00e0 \u0111\u1ed9 n\u1edf ho\u00e0n h\u1ea3o c\u1ee7a t\u1ed5 y\u1ebfn.)<\/span><\/i><\/p>\n<p><b>Special Promotion | Ch\u01b0\u01a1ng tr\u00ecnh \u01b0u \u0111\u00e3i<\/b><\/p>\n<p><span style=\"font-weight: 400;\">\ud83c\udf81 <\/span><b>COMPLIMENTARY GIFT SET:<\/b><span style=\"font-weight: 400;\"> Every Red Label 250g purchase comes with an exclusive wellness set, including <\/span><b>extra bird&#8217;s nest, rock sugar, red dates<\/b><span style=\"font-weight: 400;\">, and a <\/span><b>Super Steamer<\/b><span style=\"font-weight: 400;\"> for the ultimate convenience.<\/span><\/p>\n<p><span style=\"font-weight: 400;\">\ud83c\udf81 <\/span><b>B\u1ed8 QU\u00c0 T\u1eb6NG K\u00c8M:<\/b><span style=\"font-weight: 400;\"> M\u1ed7i \u0111\u01a1n h\u00e0ng Nh\u00e3n \u0110\u1ecf 250g \u0111\u1ec1u \u0111\u01b0\u1ee3c t\u1eb7ng k\u00e8m b\u1ed9 nguy\u00ean li\u1ec7u cao c\u1ea5p g\u1ed3m <\/span><b>y\u1ebfn t\u1eb7ng th\u00eam, \u0111\u01b0\u1eddng ph\u00e8n, t\u00e1o \u0111\u1ecf<\/b><span style=\"font-weight: 400;\"> v\u00e0 <\/span><b>n\u1ed3i ch\u01b0ng Super Steamer<\/b><span style=\"font-weight: 400;\"> ti\u1ec7n l\u1ee3i<\/span><\/p>\n","protected":false},"excerpt":{"rendered":"<p><span style=\"font-weight: 400;\">$650\/250 Grams<\/span><\/p>\n","protected":false},"featured_media":4606,"comment_status":"closed","ping_status":"closed","template":"","meta":{"ocean_post_layout":"","ocean_both_sidebars_style":"","ocean_both_sidebars_content_width":0,"ocean_both_sidebars_sidebars_width":0,"ocean_sidebar":"0","ocean_second_sidebar":"0","ocean_disable_margins":"enable","ocean_add_body_class":"","ocean_shortcode_before_top_bar":"","ocean_shortcode_after_top_bar":"","ocean_shortcode_before_header":"","ocean_shortcode_after_header":"","ocean_has_shortcode":"","ocean_shortcode_after_title":"","ocean_shortcode_before_footer_widgets":"","ocean_shortcode_after_footer_widgets":"","ocean_shortcode_before_footer_bottom":"","ocean_shortcode_after_footer_bottom":"","ocean_display_top_bar":"default","ocean_display_header":"default","ocean_header_style":"","ocean_center_header_left_menu":"0","ocean_custom_header_template":"0","ocean_custom_logo":0,"ocean_custom_retina_logo":0,"ocean_custom_logo_max_width":0,"ocean_custom_logo_tablet_max_width":0,"ocean_custom_logo_mobile_max_width":0,"ocean_custom_logo_max_height":0,"ocean_custom_logo_tablet_max_height":0,"ocean_custom_logo_mobile_max_height":0,"ocean_header_custom_menu":"0","ocean_menu_typo_font_family":"0","ocean_menu_typo_font_subset":"","ocean_menu_typo_font_size":0,"ocean_menu_typo_font_size_tablet":0,"ocean_menu_typo_font_size_mobile":0,"ocean_menu_typo_font_size_unit":"px","ocean_menu_typo_font_weight":"","ocean_menu_typo_font_weight_tablet":"","ocean_menu_typo_font_weight_mobile":"","ocean_menu_typo_transform":"","ocean_menu_typo_transform_tablet":"","ocean_menu_typo_transform_mobile":"","ocean_menu_typo_line_height":0,"ocean_menu_typo_line_height_tablet":0,"ocean_menu_typo_line_height_mobile":0,"ocean_menu_typo_line_height_unit":"","ocean_menu_typo_spacing":0,"ocean_menu_typo_spacing_tablet":0,"ocean_menu_typo_spacing_mobile":0,"ocean_menu_typo_spacing_unit":"","ocean_menu_link_color":"","ocean_menu_link_color_hover":"","ocean_menu_link_color_active":"","ocean_menu_link_background":"","ocean_menu_link_hover_background":"","ocean_menu_link_active_background":"","ocean_menu_social_links_bg":"","ocean_menu_social_hover_links_bg":"","ocean_menu_social_links_color":"","ocean_menu_social_hover_links_color":"","ocean_disable_title":"default","ocean_disable_heading":"default","ocean_post_title":"","ocean_post_subheading":"","ocean_post_title_style":"","ocean_post_title_background_color":"","ocean_post_title_background":0,"ocean_post_title_bg_image_position":"","ocean_post_title_bg_image_attachment":"","ocean_post_title_bg_image_repeat":"","ocean_post_title_bg_image_size":"","ocean_post_title_height":0,"ocean_post_title_bg_overlay":0.5,"ocean_post_title_bg_overlay_color":"","ocean_disable_breadcrumbs":"default","ocean_breadcrumbs_color":"","ocean_breadcrumbs_separator_color":"","ocean_breadcrumbs_links_color":"","ocean_breadcrumbs_links_hover_color":"","ocean_display_footer_widgets":"default","ocean_display_footer_bottom":"default","ocean_custom_footer_template":"0"},"product_cat":[27],"product_tag":[],"class_list":{"0":"post-4605","1":"product","2":"type-product","3":"status-publish","4":"has-post-thumbnail","6":"product_cat-thuc-pham","8":"entry","9":"has-media","11":"first","12":"instock","13":"shipping-taxable","14":"purchasable","15":"product-type-simple","16":"has-product-nav","17":"col","18":"span_1_of_4","19":"owp-content-center","20":"owp-thumbs-layout-horizontal","21":"owp-btn-normal","22":"owp-tabs-layout-horizontal","23":"has-no-thumbnails"},"_links":{"self":[{"href":"https:\/\/tantuquynh.com\/en\/wp-json\/wp\/v2\/product\/4605","targetHints":{"allow":["GET"]}}],"collection":[{"href":"https:\/\/tantuquynh.com\/en\/wp-json\/wp\/v2\/product"}],"about":[{"href":"https:\/\/tantuquynh.com\/en\/wp-json\/wp\/v2\/types\/product"}],"replies":[{"embeddable":true,"href":"https:\/\/tantuquynh.com\/en\/wp-json\/wp\/v2\/comments?post=4605"}],"wp:featuredmedia":[{"embeddable":true,"href":"https:\/\/tantuquynh.com\/en\/wp-json\/wp\/v2\/media\/4606"}],"wp:attachment":[{"href":"https:\/\/tantuquynh.com\/en\/wp-json\/wp\/v2\/media?parent=4605"}],"wp:term":[{"taxonomy":"product_cat","embeddable":true,"href":"https:\/\/tantuquynh.com\/en\/wp-json\/wp\/v2\/product_cat?post=4605"},{"taxonomy":"product_tag","embeddable":true,"href":"https:\/\/tantuquynh.com\/en\/wp-json\/wp\/v2\/product_tag?post=4605"}],"curies":[{"name":"wp","href":"https:\/\/api.w.org\/{rel}","templated":true}]}}