{"id":4602,"date":"2026-04-15T08:58:29","date_gmt":"2026-04-15T08:58:29","guid":{"rendered":"https:\/\/tantuquynh.com\/?post_type=product&#038;p=4602"},"modified":"2026-04-15T08:58:29","modified_gmt":"2026-04-15T08:58:29","slug":"yen-ten-lei-blue-label","status":"publish","type":"product","link":"https:\/\/tantuquynh.com\/en\/product\/yen-ten-lei-blue-label","title":{"rendered":"Y\u1ebfn TEN LEI &#8211; Blue Label"},"content":{"rendered":"<h1><b>TEN LEI BLUE LABEL SUPREME WHITE NEST<\/b><\/h1>\n<p><b>Premium Bird\u2019s Nest Selection | Y\u1ebfn S\u00e0o Th\u01b0\u1ee3ng H\u1ea1ng Nh\u00e3n Xanh<\/b><\/p>\n<h3><b>Product Overview | T\u1ed5ng quan s\u1ea3n ph\u1ea9m<\/b><\/h3>\n<p><span style=\"font-weight: 400;\">Ten Lei Blue Label (Blue Label) is a supreme line of bird\u2019s nests distributed by Ten Lei Yen, a renowned brand based in California, USA. Sourced from the pristine environments of Indonesia, the Blue Label Supreme White Nest is celebrated for its purity, thick strands, and high nutritional content. Each nest is meticulously selected to ensure the highest quality, providing a luxurious wellness experience that helps restore health, enhance skin radiance, and boost the immune system.<\/span><\/p>\n<p><i><span style=\"font-weight: 400;\">(Y\u1ebfn Ten Lei Blue Label (Nh\u00e3n Xanh) l\u00e0 d\u00f2ng y\u1ebfn s\u00e0o th\u01b0\u1ee3ng h\u1ea1ng \u0111\u01b0\u1ee3c ph\u00e2n ph\u1ed1i b\u1edfi Ten Lei Yen, th\u01b0\u01a1ng hi\u1ec7u y\u1ebfn s\u00e0o danh ti\u1ebfng t\u1ea1i California, Hoa K\u1ef3. V\u1edbi ngu\u1ed3n g\u1ed1c t\u1eeb c\u00e1c v\u00f9ng t\u1ef1 nhi\u00ean trong s\u1ea1ch t\u1ea1i Indonesia, Y\u1ebfn Tr\u1eafng Blue Label Supreme n\u1ed5i ti\u1ebfng v\u1edbi \u0111\u1ed9 thu\u1ea7n khi\u1ebft, s\u1ee3i y\u1ebfn d\u00e0y v\u00e0 h\u00e0m l\u01b0\u1ee3ng dinh d\u01b0\u1ee1ng cao. M\u1ed7i t\u1ed5 y\u1ebfn \u0111\u1ec1u \u0111\u01b0\u1ee3c tuy\u1ec3n ch\u1ecdn t\u1ec9 m\u1ec9 nh\u1eb1m \u0111\u1ea3m b\u1ea3o ch\u1ea5t l\u01b0\u1ee3ng cao nh\u1ea5t, mang \u0111\u1ebfn tr\u1ea3i nghi\u1ec7m ch\u0103m s\u00f3c s\u1ee9c kh\u1ecfe \u0111\u1eb3ng c\u1ea5p, gi\u00fap ph\u1ee5c h\u1ed3i th\u1ec3 l\u1ef1c, l\u00e0m \u0111\u1eb9p da v\u00e0 t\u0103ng c\u01b0\u1eddng h\u1ec7 mi\u1ec5n d\u1ecbch.)<\/span><\/i><\/p>\n<h3><b>Specifications | Th\u00f4ng s\u1ed1 s\u1ea3n ph\u1ea9m<\/b><\/h3>\n<ul>\n<li style=\"font-weight: 400;\" aria-level=\"1\"><b>Product Name:<\/b><span style=\"font-weight: 400;\"> Ten Lei Blue Label Supreme White Nest<\/span><\/li>\n<li style=\"font-weight: 400;\" aria-level=\"1\"><b>Grade:<\/b><span style=\"font-weight: 400;\"> Supreme Quality | Lo\u1ea1i th\u01b0\u1ee3ng h\u1ea1ng<\/span><\/li>\n<li style=\"font-weight: 400;\" aria-level=\"1\"><b>Origin:<\/b><span style=\"font-weight: 400;\"> Indonesia | Nh\u1eadp kh\u1ea9u Indonesia<\/span><\/li>\n<li style=\"font-weight: 400;\" aria-level=\"1\"><b>Packaging:<\/b><span style=\"font-weight: 400;\"> Combo 250g (4 boxes) | Combo 250g (G\u1ed3m 4 h\u1ed9p)<\/span><\/li>\n<li style=\"font-weight: 400;\" aria-level=\"1\"><b>Status:<\/b><span style=\"font-weight: 400;\"> Dry, whole nest | Y\u1ebfn kh\u00f4, nguy\u00ean t\u1ed5<\/span><\/li>\n<li style=\"font-weight: 400;\" aria-level=\"1\"><b>Special Price:<\/b> <b>$750<\/b><span style=\"font-weight: 400;\"> \/ 250 Grams (Regular Price: $800)<\/span><\/li>\n<\/ul>\n<h3><b>Key Features | \u0110\u1eb7c \u0111i\u1ec3m n\u1ed5i b\u1eadt<\/b><\/h3>\n<ul>\n<li style=\"font-weight: 400;\" aria-level=\"1\"><b>Supreme Quality Standard | Ti\u00eau chu\u1ea9n ch\u1ea5t l\u01b0\u1ee3ng th\u01b0\u1ee3ng h\u1ea1ng<\/b><b><br \/>\n<\/b><span style=\"font-weight: 400;\">The Blue Label selection features premium dry, whole nests. The strands are long and sturdy, ensuring a rich texture and distinct aroma after cooking.<\/span><span style=\"font-weight: 400;\"><br \/>\n<\/span><i><span style=\"font-weight: 400;\">(D\u00f2ng Nh\u00e3n Xanh s\u1edf h\u1eefu nh\u1eefng t\u1ed5 y\u1ebfn kh\u00f4, nguy\u00ean t\u1ed5 th\u01b0\u1ee3ng h\u1ea1ng. S\u1ee3i y\u1ebfn d\u00e0i v\u00e0 ch\u1eafc, \u0111\u1ea3m b\u1ea3o \u0111\u1ed9 n\u1edf t\u1ed1t v\u00e0 m\u00f9i th\u01a1m \u0111\u1eb7c tr\u01b0ng sau khi ch\u01b0ng.)<\/span><\/i><\/li>\n<li style=\"font-weight: 400;\" aria-level=\"1\"><b>Renowned Brand Heritage | Th\u01b0\u01a1ng hi\u1ec7u uy t\u00edn t\u1ea1i Hoa K\u1ef3<\/b><b><br \/>\n<\/b><span style=\"font-weight: 400;\">As a signature product of Ten Lei Yen California, this line meets strict standards for safety and quality, making it a trusted choice for families across the US.<\/span><span style=\"font-weight: 400;\"><br \/>\n<\/span><i><span style=\"font-weight: 400;\">(L\u00e0 d\u00f2ng s\u1ea3n ph\u1ea9m \u0111\u1eb7c tr\u01b0ng c\u1ee7a Ten Lei Yen California, s\u1ea3n ph\u1ea9m \u0111\u00e1p \u1ee9ng c\u00e1c ti\u00eau chu\u1ea9n kh\u1eaft khe v\u1ec1 an to\u00e0n v\u00e0 ch\u1ea5t l\u01b0\u1ee3ng, l\u00e0 s\u1ef1 l\u1ef1a ch\u1ecdn tin c\u1eady c\u1ee7a c\u00e1c gia \u0111\u00ecnh t\u1ea1i M\u1ef9.)<\/span><\/i><\/li>\n<li style=\"font-weight: 400;\" aria-level=\"1\"><b>Exclusive Gift Set Included | T\u1eb7ng k\u00e8m b\u1ed9 qu\u00e0 t\u1eb7ng gi\u00e1 tr\u1ecb<\/b><b><br \/>\n<\/b><span style=\"font-weight: 400;\">When purchasing the 250g combo, customers receive a complete set including extra bird\u2019s nest, rock sugar, or a specialized Super Steamer to ensure the perfect preparation.<\/span><span style=\"font-weight: 400;\"><br \/>\n<\/span><i><span style=\"font-weight: 400;\">(Khi mua combo 250g, kh\u00e1ch h\u00e0ng s\u1ebd nh\u1eadn \u0111\u01b0\u1ee3c b\u1ed9 qu\u00e0 t\u1eb7ng \u0111i k\u00e8m bao g\u1ed3m set y\u1ebfn t\u1eb7ng th\u00eam, \u0111\u01b0\u1eddng ph\u00e8n, ho\u1eb7c n\u1ed3i ch\u01b0ng chuy\u00ean d\u1ee5ng Super Steamer gi\u00fap vi\u1ec7c ch\u1ebf bi\u1ebfn tr\u1edf n\u00ean ho\u00e0n h\u1ea3o.)<\/span><\/i><\/li>\n<\/ul>\n<h3><b>Health Benefits | C\u00f4ng d\u1ee5ng n\u1ed5i b\u1eadt<\/b><\/h3>\n<ul>\n<li style=\"font-weight: 400;\" aria-level=\"1\"><b>Respiratory &amp; Immune Support | H\u1ed7 tr\u1ee3 h\u00f4 h\u1ea5p &amp; Mi\u1ec5n d\u1ecbch<\/b><b><br \/>\n<\/b><span style=\"font-weight: 400;\">Traditionally used to strengthen the lungs, reduce coughs, and enhance the body\u2019s overall resistance.<\/span><span style=\"font-weight: 400;\"><br \/>\n<\/span><i><span style=\"font-weight: 400;\">(T\u1eeb l\u00e2u \u0111\u00e3 \u0111\u01b0\u1ee3c s\u1eed d\u1ee5ng \u0111\u1ec3 b\u1ed3i b\u1ed5 ph\u1ed5i, gi\u1ea3m ho v\u00e0 t\u0103ng c\u01b0\u1eddng s\u1ee9c \u0111\u1ec1 kh\u00e1ng t\u1ed5ng th\u1ec3 c\u1ee7a c\u01a1 th\u1ec3.)<\/span><\/i><\/li>\n<li style=\"font-weight: 400;\" aria-level=\"1\"><b>Skin Rejuvenation | Tr\u1ebb h\u00f3a l\u00e0n da<\/b><b><br \/>\n<\/b><span style=\"font-weight: 400;\">Rich in collagen-stimulating nutrients that help maintain skin elasticity and a youthful complexion.<\/span><span style=\"font-weight: 400;\"><br \/>\n<\/span><i><span style=\"font-weight: 400;\">(Gi\u00e0u d\u01b0\u1ee1ng ch\u1ea5t th\u00fac \u0111\u1ea9y s\u1ea3n sinh collagen, gi\u00fap duy tr\u00ec \u0111\u1ed9 \u0111\u00e0n h\u1ed3i v\u00e0 mang l\u1ea1i l\u00e0n da t\u01b0\u01a1i tr\u1ebb.)<\/span><\/i><\/li>\n<li style=\"font-weight: 400;\" aria-level=\"1\"><b>Vitality Recovery | Ph\u1ee5c h\u1ed3i sinh l\u1ef1c<\/b><b><br \/>\n<\/b><span style=\"font-weight: 400;\">An ideal nutritional supplement for seniors, recovering patients, or busy individuals needing an energy boost.<\/span><span style=\"font-weight: 400;\"><br \/>\n<\/span><i><span style=\"font-weight: 400;\">(Ngu\u1ed3n b\u1ed5 sung dinh d\u01b0\u1ee1ng l\u00fd t\u01b0\u1edfng cho ng\u01b0\u1eddi cao tu\u1ed5i, ng\u01b0\u1eddi m\u1edbi \u1ed1m d\u1eady ho\u1eb7c nh\u1eefng ng\u01b0\u1eddi b\u1eadn r\u1ed9n c\u1ea7n h\u1ed3i ph\u1ee5c n\u0103ng l\u01b0\u1ee3ng.)<\/span><\/i><\/li>\n<\/ul>\n<h3><b>Usage &amp; Storage | H\u01b0\u1edbng d\u1eabn s\u1eed d\u1ee5ng &amp; b\u1ea3o qu\u1ea3n<\/b><\/h3>\n<ul>\n<li style=\"font-weight: 400;\" aria-level=\"1\"><b>How to Use | C\u00e1ch d\u00f9ng:<\/b><span style=\"font-weight: 400;\"> Steam the bird\u2019s nest with rock sugar and ginseng (optional) using a double-boiling method to preserve all essential nutrients. Serve warm or cold.<\/span><span style=\"font-weight: 400;\"><br \/>\n<\/span><i><span style=\"font-weight: 400;\">(N\u00ean ch\u01b0ng c\u00e1ch th\u1ee7y y\u1ebfn v\u1edbi \u0111\u01b0\u1eddng ph\u00e8n v\u00e0 nh\u00e2n s\u00e2m (t\u00f9y ch\u1ecdn) \u0111\u1ec3 gi\u1eef nguy\u00ean d\u01b0\u1ee1ng ch\u1ea5t. C\u00f3 th\u1ec3 d\u00f9ng n\u00f3ng ho\u1eb7c l\u1ea1nh.)<\/span><\/i><\/li>\n<li style=\"font-weight: 400;\" aria-level=\"1\"><b>Storage | B\u1ea3o qu\u1ea3n:<\/b><span style=\"font-weight: 400;\"> Store in a cool, dry place. No refrigeration required. Avoid direct sunlight and high humidity.<\/span><span style=\"font-weight: 400;\"><br \/>\n<\/span><i><span style=\"font-weight: 400;\">(B\u1ea3o qu\u1ea3n n\u01a1i kh\u00f4 r\u00e1o, tho\u00e1ng m\u00e1t. Kh\u00f4ng c\u1ea7n \u0111\u1ec3 t\u1ee7 l\u1ea1nh. Tr\u00e1nh \u00e1nh n\u1eafng tr\u1ef1c ti\u1ebfp v\u00e0 n\u01a1i c\u00f3 \u0111\u1ed9 \u1ea9m cao.)<\/span><\/i><\/li>\n<\/ul>\n<h3><b>Pro-Tip | L\u01b0u \u00fd quan tr\u1ecdng<\/b><\/h3>\n<p><span style=\"font-weight: 400;\">For the best results, consume bird&#8217;s nest on an empty stomach, either early in the morning or 30 minutes before bedtime, to allow your body to fully absorb its precious amino acids and minerals.<\/span><\/p>\n<p><i><span style=\"font-weight: 400;\">(\u0110\u1ec3 \u0111\u1ea1t hi\u1ec7u qu\u1ea3 t\u1ed1t nh\u1ea5t, h\u00e3y d\u00f9ng y\u1ebfn s\u00e0o khi b\u1ee5ng \u0111\u00f3i, v\u00e0o s\u00e1ng s\u1edbm ho\u1eb7c 30 ph\u00fat tr\u01b0\u1edbc khi \u0111i ng\u1ee7, gi\u00fap c\u01a1 th\u1ec3 h\u1ea5p th\u1ee5 tr\u1ecdn v\u1eb9n c\u00e1c axit amin v\u00e0 kho\u00e1ng ch\u1ea5t qu\u00fd gi\u00e1.)<\/span><\/i><\/p>\n<p><b>Special Promotion | Ch\u01b0\u01a1ng tr\u00ecnh \u01b0u \u0111\u00e3i<\/b><\/p>\n<p><span style=\"font-weight: 400;\">\ud83d\udd25 <\/span><b>SPECIAL OFFER:<\/b><span style=\"font-weight: 400;\"> Save <\/span><b>$50<\/b><span style=\"font-weight: 400;\"> when buying the 250g combo! Invest in your long-term health or give a gift of premium wellness to your loved ones today.<\/span><\/p>\n<p><span style=\"font-weight: 400;\">\ud83d\udd25 <\/span><b>\u01afU \u0110\u00c3I \u0110\u1eb6C BI\u1ec6T:<\/b><span style=\"font-weight: 400;\"> Ti\u1ebft ki\u1ec7m ngay <\/span><b>$50<\/b><span style=\"font-weight: 400;\"> khi mua combo 250g! H\u00e3y \u0111\u1ea7u t\u01b0 cho s\u1ee9c kh\u1ecfe l\u00e2u d\u00e0i ho\u1eb7c ch\u1ecdn l\u00e0m qu\u00e0 t\u1eb7ng th\u01b0\u1ee3ng h\u1ea1ng cho nh\u1eefng ng\u01b0\u1eddi th\u00e2n y\u00eau ngay h\u00f4m nay.<\/span><\/p>\n","protected":false},"excerpt":{"rendered":"<p><span style=\"font-weight: 400;\">$750\/250 Grams<\/span><\/p>\n","protected":false},"featured_media":4603,"comment_status":"closed","ping_status":"closed","template":"","meta":{"ocean_post_layout":"","ocean_both_sidebars_style":"","ocean_both_sidebars_content_width":0,"ocean_both_sidebars_sidebars_width":0,"ocean_sidebar":"0","ocean_second_sidebar":"0","ocean_disable_margins":"enable","ocean_add_body_class":"","ocean_shortcode_before_top_bar":"","ocean_shortcode_after_top_bar":"","ocean_shortcode_before_header":"","ocean_shortcode_after_header":"","ocean_has_shortcode":"","ocean_shortcode_after_title":"","ocean_shortcode_before_footer_widgets":"","ocean_shortcode_after_footer_widgets":"","ocean_shortcode_before_footer_bottom":"","ocean_shortcode_after_footer_bottom":"","ocean_display_top_bar":"default","ocean_display_header":"default","ocean_header_style":"","ocean_center_header_left_menu":"0","ocean_custom_header_template":"0","ocean_custom_logo":0,"ocean_custom_retina_logo":0,"ocean_custom_logo_max_width":0,"ocean_custom_logo_tablet_max_width":0,"ocean_custom_logo_mobile_max_width":0,"ocean_custom_logo_max_height":0,"ocean_custom_logo_tablet_max_height":0,"ocean_custom_logo_mobile_max_height":0,"ocean_header_custom_menu":"0","ocean_menu_typo_font_family":"0","ocean_menu_typo_font_subset":"","ocean_menu_typo_font_size":0,"ocean_menu_typo_font_size_tablet":0,"ocean_menu_typo_font_size_mobile":0,"ocean_menu_typo_font_size_unit":"px","ocean_menu_typo_font_weight":"","ocean_menu_typo_font_weight_tablet":"","ocean_menu_typo_font_weight_mobile":"","ocean_menu_typo_transform":"","ocean_menu_typo_transform_tablet":"","ocean_menu_typo_transform_mobile":"","ocean_menu_typo_line_height":0,"ocean_menu_typo_line_height_tablet":0,"ocean_menu_typo_line_height_mobile":0,"ocean_menu_typo_line_height_unit":"","ocean_menu_typo_spacing":0,"ocean_menu_typo_spacing_tablet":0,"ocean_menu_typo_spacing_mobile":0,"ocean_menu_typo_spacing_unit":"","ocean_menu_link_color":"","ocean_menu_link_color_hover":"","ocean_menu_link_color_active":"","ocean_menu_link_background":"","ocean_menu_link_hover_background":"","ocean_menu_link_active_background":"","ocean_menu_social_links_bg":"","ocean_menu_social_hover_links_bg":"","ocean_menu_social_links_color":"","ocean_menu_social_hover_links_color":"","ocean_disable_title":"default","ocean_disable_heading":"default","ocean_post_title":"","ocean_post_subheading":"","ocean_post_title_style":"","ocean_post_title_background_color":"","ocean_post_title_background":0,"ocean_post_title_bg_image_position":"","ocean_post_title_bg_image_attachment":"","ocean_post_title_bg_image_repeat":"","ocean_post_title_bg_image_size":"","ocean_post_title_height":0,"ocean_post_title_bg_overlay":0.5,"ocean_post_title_bg_overlay_color":"","ocean_disable_breadcrumbs":"default","ocean_breadcrumbs_color":"","ocean_breadcrumbs_separator_color":"","ocean_breadcrumbs_links_color":"","ocean_breadcrumbs_links_hover_color":"","ocean_display_footer_widgets":"default","ocean_display_footer_bottom":"default","ocean_custom_footer_template":"0"},"product_cat":[27],"product_tag":[],"class_list":{"0":"post-4602","1":"product","2":"type-product","3":"status-publish","4":"has-post-thumbnail","6":"product_cat-thuc-pham","8":"entry","9":"has-media","11":"first","12":"instock","13":"shipping-taxable","14":"purchasable","15":"product-type-simple","16":"has-product-nav","17":"col","18":"span_1_of_4","19":"owp-content-center","20":"owp-thumbs-layout-horizontal","21":"owp-btn-normal","22":"owp-tabs-layout-horizontal","23":"has-no-thumbnails"},"_links":{"self":[{"href":"https:\/\/tantuquynh.com\/en\/wp-json\/wp\/v2\/product\/4602","targetHints":{"allow":["GET"]}}],"collection":[{"href":"https:\/\/tantuquynh.com\/en\/wp-json\/wp\/v2\/product"}],"about":[{"href":"https:\/\/tantuquynh.com\/en\/wp-json\/wp\/v2\/types\/product"}],"replies":[{"embeddable":true,"href":"https:\/\/tantuquynh.com\/en\/wp-json\/wp\/v2\/comments?post=4602"}],"wp:featuredmedia":[{"embeddable":true,"href":"https:\/\/tantuquynh.com\/en\/wp-json\/wp\/v2\/media\/4603"}],"wp:attachment":[{"href":"https:\/\/tantuquynh.com\/en\/wp-json\/wp\/v2\/media?parent=4602"}],"wp:term":[{"taxonomy":"product_cat","embeddable":true,"href":"https:\/\/tantuquynh.com\/en\/wp-json\/wp\/v2\/product_cat?post=4602"},{"taxonomy":"product_tag","embeddable":true,"href":"https:\/\/tantuquynh.com\/en\/wp-json\/wp\/v2\/product_tag?post=4602"}],"curies":[{"name":"wp","href":"https:\/\/api.w.org\/{rel}","templated":true}]}}