{"id":4598,"date":"2026-04-15T08:55:55","date_gmt":"2026-04-15T08:55:55","guid":{"rendered":"https:\/\/tantuquynh.com\/?post_type=product&#038;p=4598"},"modified":"2026-04-15T08:55:55","modified_gmt":"2026-04-15T08:55:55","slug":"hac-sam-cao-cot-nguyen-chat-hop-2-hu-trang-thanh-lan","status":"publish","type":"product","link":"https:\/\/tantuquynh.com\/en\/product\/hac-sam-cao-cot-nguyen-chat-hop-2-hu-trang-thanh-lan","title":{"rendered":"H\u1eafc s\u00e2m cao c\u1ed1t nguy\u00ean ch\u1ea5t h\u1ed9p \/ 2 h\u0169 (Trang Th\u00e0nh Lan)"},"content":{"rendered":"<table>\n<tbody>\n<tr>\n<td>\n<h1><b>GEUMHEUK KOREAN BLACK GINSENG EXTRACT 100%<\/b><\/h1>\n<p><b>Premium Pure Black Ginseng Concentrate | H\u1eafc S\u00e2m Cao C\u1ed1t Nguy\u00ean Ch\u1ea5t Cao C\u1ea5p<\/b><\/p>\n<h3><b>Product Overview | T\u1ed5ng quan s\u1ea3n ph\u1ea9m<\/b><\/h3>\n<p><span style=\"font-weight: 400;\">GeumHeuk Korean Black Ginseng Extract is a premium health supplement made from 100% pure Korean black ginseng. Sourced from the famous GeumSan region, our ginseng undergoes a rigorous traditional preparation process to unlock its maximum potency. This concentrated extract is designed for those seeking a natural and powerful way to strengthen their immune system, fight fatigue, and enhance cognitive function.<\/span><\/p>\n<p><i><span style=\"font-weight: 400;\">(GeumHeuk Korean Black Ginseng Extract l\u00e0 th\u1ef1c ph\u1ea9m b\u1ea3o v\u1ec7 s\u1ee9c kh\u1ecfe cao c\u1ea5p \u0111\u01b0\u1ee3c chi\u1ebft xu\u1ea5t t\u1eeb 100% h\u1eafc s\u00e2m H\u00e0n Qu\u1ed1c nguy\u00ean ch\u1ea5t. V\u1edbi ngu\u1ed3n nguy\u00ean li\u1ec7u t\u1eeb v\u00f9ng GeumSan n\u1ed5i ti\u1ebfng, nh\u00e2n s\u00e2m tr\u1ea3i qua quy tr\u00ecnh ch\u1ebf bi\u1ebfn truy\u1ec1n th\u1ed1ng nghi\u00eam ng\u1eb7t \u0111\u1ec3 \u0111\u1ea1t \u0111\u01b0\u1ee3c d\u01b0\u1ee3c t\u00ednh cao nh\u1ea5t. S\u1ea3n ph\u1ea9m d\u1ea1ng cao c\u1ed1t \u0111\u1eadm \u0111\u1eb7c \u0111\u01b0\u1ee3c thi\u1ebft k\u1ebf d\u00e0nh cho nh\u1eefng ng\u01b0\u1eddi \u0111ang t\u00ecm ki\u1ebfm m\u1ed9t gi\u1ea3i ph\u00e1p t\u1ef1 nhi\u00ean v\u00e0 m\u1ea1nh m\u1ebd \u0111\u1ec3 t\u0103ng c\u01b0\u1eddng h\u1ec7 mi\u1ec5n d\u1ecbch, ch\u1ed1ng m\u1ec7t m\u1ecfi v\u00e0 c\u1ea3i thi\u1ec7n ch\u1ee9c n\u0103ng n\u00e3o b\u1ed9.)<\/span><\/i><\/p>\n<h3><b>Specifications | Th\u00f4ng s\u1ed1 s\u1ea3n ph\u1ea9m<\/b><\/h3>\n<ul>\n<li style=\"font-weight: 400;\" aria-level=\"1\"><b>Product Name:<\/b><span style=\"font-weight: 400;\"> GeumHeuk Korean Black Ginseng Extract 100%<\/span><\/li>\n<li style=\"font-weight: 400;\" aria-level=\"1\"><b>Form:<\/b><span style=\"font-weight: 400;\"> Concentrated liquid (Extract) | D\u1ea1ng cao l\u1ecfng \u0111\u1eadm \u0111\u1eb7c<\/span><\/li>\n<li style=\"font-weight: 400;\" aria-level=\"1\"><b>Origin:<\/b><span style=\"font-weight: 400;\"> GeumSan, South Korea | H\u00e0n Qu\u1ed1c<\/span><\/li>\n<li style=\"font-weight: 400;\" aria-level=\"1\"><b>Packaging:<\/b><span style=\"font-weight: 400;\"> 50g \u00d7 2 jars per box | H\u1ed9p 2 h\u0169 (50g\/h\u0169)<\/span><\/li>\n<li style=\"font-weight: 400;\" aria-level=\"1\"><b>Key Ingredient:<\/b><span style=\"font-weight: 400;\"> 100% Korean Black Ginseng Extract | 100% Chi\u1ebft xu\u1ea5t h\u1eafc s\u00e2m H\u00e0n Qu\u1ed1c<\/span><\/li>\n<li style=\"font-weight: 400;\" aria-level=\"1\"><b>Certification:<\/b><span style=\"font-weight: 400;\"> Manufactured in a premier facility following strict quality control standards. | S\u1ea3n xu\u1ea5t t\u1ea1i c\u01a1 s\u1edf h\u00e0ng \u0111\u1ea7u theo ti\u00eau chu\u1ea9n ki\u1ec3m so\u00e1t ch\u1ea5t l\u01b0\u1ee3ng nghi\u00eam ng\u1eb7t.<\/span><\/li>\n<\/ul>\n<h3><b>Key Features | \u0110\u1eb7c \u0111i\u1ec3m n\u1ed5i b\u1eadt<\/b><\/h3>\n<ul>\n<li style=\"font-weight: 400;\" aria-level=\"1\"><b>The Power of Black Ginseng | S\u1ee9c m\u1ea1nh t\u1eeb H\u1eafc s\u00e2m<\/b><b><br \/>\n<\/b><span style=\"font-weight: 400;\">Unlike white or red ginseng, black ginseng is created through a specialized process that enhances its bioactive compounds, offering superior health benefits.<\/span><span style=\"font-weight: 400;\"><br \/>\n<\/span><i><span style=\"font-weight: 400;\">(Kh\u00e1c v\u1edbi b\u1ea1ch s\u00e2m hay h\u1ed3ng s\u00e2m, h\u1eafc s\u00e2m \u0111\u01b0\u1ee3c t\u1ea1o ra th\u00f4ng qua m\u1ed9t quy tr\u00ecnh chuy\u00ean bi\u1ec7t gi\u00fap t\u0103ng c\u01b0\u1eddng c\u00e1c h\u1ee3p ch\u1ea5t sinh h\u1ecdc, mang l\u1ea1i l\u1ee3i \u00edch s\u1ee9c kh\u1ecfe v\u01b0\u1ee3t tr\u1ed9i h\u01a1n.)<\/span><\/i><\/li>\n<li style=\"font-weight: 400;\" aria-level=\"1\"><b>Traditional &#8216;Goojeunggoopo&#8217; Method | Ph\u01b0\u01a1ng ph\u00e1p &#8220;C\u1eedu t\u1ea9m c\u1eedu ch\u01b0ng&#8221;<\/b><b><br \/>\n<\/b><span style=\"font-weight: 400;\">The ginseng undergoes nine cycles of steaming and drying. This traditional Korean method transforms the ginseng from red to black, significantly increasing the Ginsenoside content.<\/span><span style=\"font-weight: 400;\"><br \/>\n<\/span><i><span style=\"font-weight: 400;\">(Nh\u00e2n s\u00e2m tr\u1ea3i qua 9 l\u1ea7n h\u1ea5p v\u00e0 9 l\u1ea7n s\u1ea5y. Ph\u01b0\u01a1ng ph\u00e1p truy\u1ec1n th\u1ed1ng n\u00e0y c\u1ee7a H\u00e0n Qu\u1ed1c chuy\u1ec3n h\u00f3a nh\u00e2n s\u00e2m t\u1eeb \u0111\u1ecf sang \u0111en, l\u00e0m t\u0103ng \u0111\u00e1ng k\u1ec3 h\u00e0m l\u01b0\u1ee3ng Ginsenoside.)<\/span><\/i><\/li>\n<li style=\"font-weight: 400;\" aria-level=\"1\"><b>Premium GeumSan Source | Ngu\u1ed3n nguy\u00ean li\u1ec7u GeumSan th\u01b0\u1ee3ng h\u1ea1ng<\/b><b><br \/>\n<\/b><span style=\"font-weight: 400;\">Sourced exclusively from GeumSan, a region world-renowned for its optimal climate and soil conditions, ideal for cultivating the highest quality ginseng.<\/span><span style=\"font-weight: 400;\"><br \/>\n<\/span><i><span style=\"font-weight: 400;\">(\u0110\u01b0\u1ee3c thu ho\u1ea1ch \u0111\u1ed9c quy\u1ec1n t\u1eeb GeumSan, v\u00f9ng \u0111\u1ea5t n\u1ed5i ti\u1ebfng th\u1ebf gi\u1edbi v\u1edbi \u0111i\u1ec1u ki\u1ec7n kh\u00ed h\u1eadu v\u00e0 th\u1ed5 nh\u01b0\u1ee1ng t\u1ed1i \u01b0u, l\u00fd t\u01b0\u1edfng \u0111\u1ec3 tr\u1ed3ng n\u00ean nh\u1eefng lo\u1ea1i nh\u00e2n s\u00e2m c\u00f3 ch\u1ea5t l\u01b0\u1ee3ng cao nh\u1ea5t.)<\/span><\/i><\/li>\n<\/ul>\n<h3><b>Health Benefits | C\u00f4ng d\u1ee5ng n\u1ed5i b\u1eadt<\/b><\/h3>\n<ul>\n<li style=\"font-weight: 400;\" aria-level=\"1\"><b>Immune System Support | H\u1ed7 tr\u1ee3 h\u1ec7 mi\u1ec5n d\u1ecbch<\/b><b><br \/>\n<\/b><span style=\"font-weight: 400;\">Strengthens the body&#8217;s natural defenses to help protect against environmental stressors and illness.<\/span><span style=\"font-weight: 400;\"><br \/>\n<\/span><i><span style=\"font-weight: 400;\">(T\u0103ng c\u01b0\u1eddng h\u00e0ng r\u00e0o ph\u00f2ng v\u1ec7 t\u1ef1 nhi\u00ean c\u1ee7a c\u01a1 th\u1ec3, gi\u00fap b\u1ea3o v\u1ec7 s\u1ee9c kh\u1ecfe tr\u01b0\u1edbc c\u00e1c t\u00e1c nh\u00e2n g\u00e2y h\u1ea1i t\u1eeb m\u00f4i tr\u01b0\u1eddng.)<\/span><\/i><\/li>\n<li style=\"font-weight: 400;\" aria-level=\"1\"><b>Fatigue Recovery | Ph\u1ee5c h\u1ed3i th\u1ec3 l\u1ef1c<\/b><b><br \/>\n<\/b><span style=\"font-weight: 400;\">Rapidly restores energy levels and combats chronic fatigue, helping you stay active and productive throughout the day.<\/span><span style=\"font-weight: 400;\"><br \/>\n<\/span><i><span style=\"font-weight: 400;\">(Ph\u1ee5c h\u1ed3i n\u0103ng l\u01b0\u1ee3ng nhanh ch\u00f3ng v\u00e0 ch\u1ed1ng l\u1ea1i s\u1ef1 m\u1ec7t m\u1ecfi m\u00e3n t\u00ednh, gi\u00fap b\u1ea1n lu\u00f4n n\u0103ng \u0111\u1ed9ng v\u00e0 l\u00e0m vi\u1ec7c hi\u1ec7u qu\u1ea3 c\u1ea3 ng\u00e0y.)<\/span><\/i><\/li>\n<li style=\"font-weight: 400;\" aria-level=\"1\"><b>Enhanced Memory Function | C\u1ea3i thi\u1ec7n tr\u00ed nh\u1edb<\/b><b><br \/>\n<\/b><span style=\"font-weight: 400;\">Supports cognitive health and focus, helping to sharpen memory and mental clarity.<\/span><span style=\"font-weight: 400;\"><br \/>\n<\/span><i><span style=\"font-weight: 400;\">(H\u1ed7 tr\u1ee3 s\u1ee9c kh\u1ecfe tr\u00ed n\u00e3o v\u00e0 s\u1ef1 t\u1eadp trung, gi\u00fap tr\u00ed nh\u1edb minh m\u1eabn v\u00e0 t\u0103ng c\u01b0\u1eddng s\u1ef1 t\u1ec9nh t\u00e1o.)<\/span><\/i><\/li>\n<\/ul>\n<h3><b>Usage &amp; Storage | H\u01b0\u1edbng d\u1eabn s\u1eed d\u1ee5ng &amp; b\u1ea3o qu\u1ea3n<\/b><\/h3>\n<ul>\n<li style=\"font-weight: 400;\" aria-level=\"1\"><b>How to Use | C\u00e1ch d\u00f9ng:<\/b><span style=\"font-weight: 400;\"> Mix a small spoonful of the extract with warm or cold water, or take it directly. For best results, use daily.<\/span><span style=\"font-weight: 400;\"><br \/>\n<\/span><i><span style=\"font-weight: 400;\">(Pha m\u1ed9t mu\u1ed7ng nh\u1ecf cao h\u1eafc s\u00e2m v\u1edbi n\u01b0\u1edbc \u1ea5m ho\u1eb7c n\u01b0\u1edbc l\u1ea1nh, ho\u1eb7c u\u1ed1ng tr\u1ef1c ti\u1ebfp. S\u1eed d\u1ee5ng \u0111\u1ec1u \u0111\u1eb7n m\u1ed7i ng\u00e0y \u0111\u1ec3 \u0111\u1ea1t hi\u1ec7u qu\u1ea3 t\u1ed1t nh\u1ea5t.)<\/span><\/i><\/li>\n<li style=\"font-weight: 400;\" aria-level=\"1\"><b>Storage | B\u1ea3o qu\u1ea3n:<\/b><span style=\"font-weight: 400;\"> Store in a cool, dry place. After opening, keep the jar tightly closed and refrigerated.<\/span><span style=\"font-weight: 400;\"><br \/>\n<\/span><i><span style=\"font-weight: 400;\">(B\u1ea3o qu\u1ea3n n\u01a1i kh\u00f4 r\u00e1o, tho\u00e1ng m\u00e1t. Sau khi m\u1edf n\u1eafp, \u0111\u1eady k\u00edn h\u0169 v\u00e0 b\u1ea3o qu\u1ea3n trong ng\u0103n m\u00e1t t\u1ee7 l\u1ea1nh.)<\/span><\/i><\/li>\n<\/ul>\n<h3><b>Pro-Tip | L\u01b0u \u00fd quan tr\u1ecdng<\/b><\/h3>\n<p><span style=\"font-weight: 400;\">For optimal absorption, take the extract on an empty stomach in the morning. Consistent use is key to feeling the full revitalizing effects of black ginseng.<\/span><\/p>\n<p><i><span style=\"font-weight: 400;\">(\u0110\u1ec3 c\u01a1 th\u1ec3 h\u1ea5p th\u1ee5 t\u1ed1t nh\u1ea5t, h\u00e3y s\u1eed d\u1ee5ng cao h\u1eafc s\u00e2m khi b\u1ee5ng \u0111\u00f3i v\u00e0o bu\u1ed5i s\u00e1ng. Duy tr\u00ec s\u1eed d\u1ee5ng \u0111\u1ec1u \u0111\u1eb7n l\u00e0 ch\u00eca kh\u00f3a \u0111\u1ec3 c\u1ea3m nh\u1eadn tr\u1ecdn v\u1eb9n hi\u1ec7u qu\u1ea3 ph\u1ee5c h\u1ed3i sinh l\u1ef1c t\u1eeb h\u1eafc s\u00e2m.)<\/span><\/i><\/p>\n<p><b>Note:<\/b><span style=\"font-weight: 400;\"> This product is a dietary supplement and not a medicine. It is not intended to diagnose, treat, cure, or prevent any disease.<\/span><\/p>\n<p><i><span style=\"font-weight: 400;\">(L\u01b0u \u00fd: \u0110\u00e2y l\u00e0 th\u1ef1c ph\u1ea9m b\u1ed5 sung s\u1ee9c kh\u1ecfe, kh\u00f4ng ph\u1ea3i l\u00e0 thu\u1ed1c v\u00e0 kh\u00f4ng c\u00f3 t\u00e1c d\u1ee5ng thay th\u1ebf thu\u1ed1c ch\u1eefa b\u1ec7nh.)<\/span><\/i><\/td>\n<\/tr>\n<\/tbody>\n<\/table>\n","protected":false},"excerpt":{"rendered":"<p>GEUMHEUK KOREAN BLACK GINSENG EXTRACT 100% Premium Pure Black Ginseng Concentrate | H\u1eafc S\u00e2m Cao C\u1ed1t Nguy\u00ean Ch\u1ea5t Cao C\u1ea5p Product Overview | T\u1ed5ng quan s\u1ea3n ph\u1ea9m GeumHeuk Korean Black Ginseng Extract is a premium health supplement made from 100% pure Korean black ginseng. Sourced from the famous GeumSan region, our ginseng undergoes a rigorous [&hellip;]<\/p>\n","protected":false},"featured_media":4599,"comment_status":"closed","ping_status":"closed","template":"","meta":{"ocean_post_layout":"","ocean_both_sidebars_style":"","ocean_both_sidebars_content_width":0,"ocean_both_sidebars_sidebars_width":0,"ocean_sidebar":"0","ocean_second_sidebar":"0","ocean_disable_margins":"enable","ocean_add_body_class":"","ocean_shortcode_before_top_bar":"","ocean_shortcode_after_top_bar":"","ocean_shortcode_before_header":"","ocean_shortcode_after_header":"","ocean_has_shortcode":"","ocean_shortcode_after_title":"","ocean_shortcode_before_footer_widgets":"","ocean_shortcode_after_footer_widgets":"","ocean_shortcode_before_footer_bottom":"","ocean_shortcode_after_footer_bottom":"","ocean_display_top_bar":"default","ocean_display_header":"default","ocean_header_style":"","ocean_center_header_left_menu":"0","ocean_custom_header_template":"0","ocean_custom_logo":0,"ocean_custom_retina_logo":0,"ocean_custom_logo_max_width":0,"ocean_custom_logo_tablet_max_width":0,"ocean_custom_logo_mobile_max_width":0,"ocean_custom_logo_max_height":0,"ocean_custom_logo_tablet_max_height":0,"ocean_custom_logo_mobile_max_height":0,"ocean_header_custom_menu":"0","ocean_menu_typo_font_family":"0","ocean_menu_typo_font_subset":"","ocean_menu_typo_font_size":0,"ocean_menu_typo_font_size_tablet":0,"ocean_menu_typo_font_size_mobile":0,"ocean_menu_typo_font_size_unit":"px","ocean_menu_typo_font_weight":"","ocean_menu_typo_font_weight_tablet":"","ocean_menu_typo_font_weight_mobile":"","ocean_menu_typo_transform":"","ocean_menu_typo_transform_tablet":"","ocean_menu_typo_transform_mobile":"","ocean_menu_typo_line_height":0,"ocean_menu_typo_line_height_tablet":0,"ocean_menu_typo_line_height_mobile":0,"ocean_menu_typo_line_height_unit":"","ocean_menu_typo_spacing":0,"ocean_menu_typo_spacing_tablet":0,"ocean_menu_typo_spacing_mobile":0,"ocean_menu_typo_spacing_unit":"","ocean_menu_link_color":"","ocean_menu_link_color_hover":"","ocean_menu_link_color_active":"","ocean_menu_link_background":"","ocean_menu_link_hover_background":"","ocean_menu_link_active_background":"","ocean_menu_social_links_bg":"","ocean_menu_social_hover_links_bg":"","ocean_menu_social_links_color":"","ocean_menu_social_hover_links_color":"","ocean_disable_title":"default","ocean_disable_heading":"default","ocean_post_title":"","ocean_post_subheading":"","ocean_post_title_style":"","ocean_post_title_background_color":"","ocean_post_title_background":0,"ocean_post_title_bg_image_position":"","ocean_post_title_bg_image_attachment":"","ocean_post_title_bg_image_repeat":"","ocean_post_title_bg_image_size":"","ocean_post_title_height":0,"ocean_post_title_bg_overlay":0.5,"ocean_post_title_bg_overlay_color":"","ocean_disable_breadcrumbs":"default","ocean_breadcrumbs_color":"","ocean_breadcrumbs_separator_color":"","ocean_breadcrumbs_links_color":"","ocean_breadcrumbs_links_hover_color":"","ocean_display_footer_widgets":"default","ocean_display_footer_bottom":"default","ocean_custom_footer_template":"0"},"product_cat":[33],"product_tag":[],"class_list":{"0":"post-4598","1":"product","2":"type-product","3":"status-publish","4":"has-post-thumbnail","6":"product_cat-nhan-sam","8":"entry","9":"has-media","11":"first","12":"instock","13":"shipping-taxable","14":"purchasable","15":"product-type-simple","16":"has-product-nav","17":"col","18":"span_1_of_4","19":"owp-content-center","20":"owp-thumbs-layout-horizontal","21":"owp-btn-normal","22":"owp-tabs-layout-horizontal","23":"has-no-thumbnails"},"_links":{"self":[{"href":"https:\/\/tantuquynh.com\/en\/wp-json\/wp\/v2\/product\/4598","targetHints":{"allow":["GET"]}}],"collection":[{"href":"https:\/\/tantuquynh.com\/en\/wp-json\/wp\/v2\/product"}],"about":[{"href":"https:\/\/tantuquynh.com\/en\/wp-json\/wp\/v2\/types\/product"}],"replies":[{"embeddable":true,"href":"https:\/\/tantuquynh.com\/en\/wp-json\/wp\/v2\/comments?post=4598"}],"wp:featuredmedia":[{"embeddable":true,"href":"https:\/\/tantuquynh.com\/en\/wp-json\/wp\/v2\/media\/4599"}],"wp:attachment":[{"href":"https:\/\/tantuquynh.com\/en\/wp-json\/wp\/v2\/media?parent=4598"}],"wp:term":[{"taxonomy":"product_cat","embeddable":true,"href":"https:\/\/tantuquynh.com\/en\/wp-json\/wp\/v2\/product_cat?post=4598"},{"taxonomy":"product_tag","embeddable":true,"href":"https:\/\/tantuquynh.com\/en\/wp-json\/wp\/v2\/product_tag?post=4598"}],"curies":[{"name":"wp","href":"https:\/\/api.w.org\/{rel}","templated":true}]}}