{"id":3980,"date":"2026-03-30T08:06:21","date_gmt":"2026-03-30T08:06:21","guid":{"rendered":"https:\/\/tantuquynh.com\/?post_type=product&#038;p=3980"},"modified":"2026-03-30T08:06:55","modified_gmt":"2026-03-30T08:06:55","slug":"sam-royal-gold","status":"publish","type":"product","link":"https:\/\/tantuquynh.com\/en\/product\/sam-royal-gold","title":{"rendered":"S\u00e2m Royal Gold"},"content":{"rendered":"<p><b>KIM OH-GON&#8217;S DONGUI BICHAEK CHIMHYANGDAN<\/b><span style=\"font-weight: 400;\">\u00a0<\/span><\/p>\n<p><b>Traditional Korean Health Supplement | Th\u1ef1c ph\u1ea9m b\u1ea3o v\u1ec7 s\u1ee9c kh\u1ecfe truy\u1ec1n th\u1ed1ng H\u00e0n Qu\u1ed1c<\/b><\/p>\n<p><b>Product Overview | T\u1ed5ng quan s\u1ea3n ph\u1ea9m\u00a0<\/b><\/p>\n<p><span style=\"font-weight: 400;\">Kim Oh-gon&#8217;s Dongui Bichaek Chimhyangdan is a premium traditional Korean health supplement crafted with precious agarwood and carefully selected ingredients. Formulated using Director Kim Oh-gon&#8217;s secret method, this product encapsulates vitality and wellness in a single, potent pill. Manufactured under strict HACCP food safety standards, this supplement is designed for individuals seeking to restore energy, boost their immune system, and support overall well-being.\u00a0<\/span><\/p>\n<p><span style=\"font-weight: 400;\">(Kim Oh-gon&#8217;s Dongui Bichaek Chimhyangdan l\u00e0 th\u1ef1c ph\u1ea9m b\u1ed5 sung s\u1ee9c kh\u1ecfe truy\u1ec1n th\u1ed1ng cao c\u1ea5p c\u1ee7a H\u00e0n Qu\u1ed1c, \u0111\u01b0\u1ee3c b\u00e0o ch\u1ebf t\u1eeb tr\u1ea7m h\u01b0\u01a1ng qu\u00fd gi\u00e1 c\u00f9ng c\u00e1c nguy\u00ean li\u1ec7u tuy\u1ec3n ch\u1ecdn k\u1ef9 l\u01b0\u1ee1ng. D\u1ef1a tr\u00ean ph\u01b0\u01a1ng ph\u00e1p b\u00ed truy\u1ec1n c\u1ee7a Vi\u1ec7n tr\u01b0\u1edfng Kim Oh-gon, m\u1ed7i vi\u00ean ho\u00e0n l\u00e0 s\u1ef1 k\u1ebft tinh c\u1ee7a sinh kh\u00ed v\u00e0 s\u1ee9c kh\u1ecfe. S\u1ea3n ph\u1ea9m \u0111\u01b0\u1ee3c s\u1ea3n xu\u1ea5t theo ti\u00eau chu\u1ea9n an to\u00e0n th\u1ef1c ph\u1ea9m HACCP nghi\u00eam ng\u1eb7t, thi\u1ebft k\u1ebf d\u00e0nh cho nh\u1eefng ng\u01b0\u1eddi mu\u1ed1n ph\u1ee5c h\u1ed3i n\u0103ng l\u01b0\u1ee3ng, t\u0103ng c\u01b0\u1eddng h\u1ec7 mi\u1ec5n d\u1ecbch v\u00e0 h\u1ed7 tr\u1ee3 b\u1ed3i b\u1ed5 c\u01a1 th\u1ec3 to\u00e0n di\u1ec7n.)<\/span><\/p>\n<p><b>Specifications | Th\u00f4ng s\u1ed1 s\u1ea3n ph\u1ea9m<\/b><\/p>\n<ul>\n<li style=\"font-weight: 400;\" aria-level=\"1\"><b>Product Name:<\/b><span style=\"font-weight: 400;\"> Kim Oh-gon&#8217;s Dongui Bichaek Chimhyangdan<\/span><\/li>\n<li style=\"font-weight: 400;\" aria-level=\"1\"><b>Form:<\/b><span style=\"font-weight: 400;\"> Chewy pill | Vi\u00ean ho\u00e0n m\u1ec1m<\/span><\/li>\n<li style=\"font-weight: 400;\" aria-level=\"1\"><b>Origin:<\/b><span style=\"font-weight: 400;\"> South Korea | H\u00e0n Qu\u1ed1c<\/span><\/li>\n<li style=\"font-weight: 400;\" aria-level=\"1\"><b>Packaging:<\/b><span style=\"font-weight: 400;\"> 3.75g \u00d7 30 pills (Total net weight 112.5g) | 30 vi\u00ean \/ h\u1ed9p (T\u1ed5ng 112.5g)<\/span><\/li>\n<li style=\"font-weight: 400;\" aria-level=\"1\"><b>Certification:<\/b><span style=\"font-weight: 400;\"> HACCP Certified | Ch\u1ee9ng nh\u1eadn an to\u00e0n th\u1ef1c ph\u1ea9m HACCP<\/span><\/li>\n<li style=\"font-weight: 400;\" aria-level=\"1\"><b>Key Ingredients:<\/b>\n<ul>\n<li style=\"font-weight: 400;\" aria-level=\"2\"><span style=\"font-weight: 400;\">Agarwood powder 25% (Indonesian) | B\u1ed9t tr\u1ea7m h\u01b0\u01a1ng 25% (Indonesia)<\/span><\/li>\n<li style=\"font-weight: 400;\" aria-level=\"2\"><span style=\"font-weight: 400;\">Red Ginseng concentrate 0.35% (Domestic, 6-year-old, solid content 60%) | Chi\u1ebft xu\u1ea5t h\u1ed3ng s\u00e2m 0.35% (H\u00e0n Qu\u1ed1c, 6 n\u0103m tu\u1ed5i, h\u00e0m l\u01b0\u1ee3ng r\u1eafn 60%)<\/span><\/li>\n<li style=\"font-weight: 400;\" aria-level=\"2\"><span style=\"font-weight: 400;\">Velvet Antler extract 1% (New Zealand, solid content 5%) | Chi\u1ebft xu\u1ea5t nhung h\u01b0\u01a1u 1% (New Zealand, h\u00e0m l\u01b0\u1ee3ng r\u1eafn 5%)<\/span><\/li>\n<li style=\"font-weight: 400;\" aria-level=\"2\"><span style=\"font-weight: 400;\">Wild Ginseng Cultured Root extract &amp; Snowflake Cordyceps extract | Chi\u1ebft xu\u1ea5t r\u1ec5 nh\u00e2n s\u00e2m r\u1eebng nu\u00f4i c\u1ea5y &amp; \u0111\u00f4ng tr\u00f9ng h\u1ea1 th\u1ea3o hoa tuy\u1ebft (H\u00e0n Qu\u1ed1c)<\/span><\/li>\n<\/ul>\n<\/li>\n<\/ul>\n<p><b>Health Benefits | C\u00f4ng d\u1ee5ng n\u1ed5i b\u1eadt<\/b><\/p>\n<ul>\n<li style=\"font-weight: 400;\" aria-level=\"1\"><b>Energy &amp; Vitality Boost | T\u0103ng c\u01b0\u1eddng sinh l\u1ef1c &amp; N\u0103ng l\u01b0\u1ee3ng<\/b><span style=\"font-weight: 400;\">\u00a0<\/span><\/li>\n<\/ul>\n<p><span style=\"font-weight: 400;\">Contains premium Red Ginseng and Velvet Antler to help combat fatigue, restore vitality, and improve physical stamina. (Ch\u1ee9a H\u1ed3ng s\u00e2m v\u00e0 Nhung h\u01b0\u01a1u cao c\u1ea5p gi\u00fap xua tan m\u1ec7t m\u1ecfi, ph\u1ee5c h\u1ed3i sinh kh\u00ed v\u00e0 c\u1ea3i thi\u1ec7n th\u1ec3 l\u1ef1c hi\u1ec7u qu\u1ea3.)<\/span><\/p>\n<ul>\n<li style=\"font-weight: 400;\" aria-level=\"1\"><b>Immune System Support | H\u1ed7 tr\u1ee3 h\u1ec7 mi\u1ec5n d\u1ecbch<\/b><span style=\"font-weight: 400;\">\u00a0<\/span><\/li>\n<\/ul>\n<p><span style=\"font-weight: 400;\">The combination of Wild Ginseng and Cordyceps supports the body&#8217;s natural defense mechanisms, helping to build a resilient immune system. (S\u1ef1 k\u1ebft h\u1ee3p gi\u1eefa Nh\u00e2n s\u00e2m r\u1eebng v\u00e0 \u0110\u00f4ng tr\u00f9ng h\u1ea1 th\u1ea3o h\u1ed7 tr\u1ee3 c\u01a1 ch\u1ebf ph\u00f2ng v\u1ec7 t\u1ef1 nhi\u00ean c\u1ee7a c\u01a1 th\u1ec3, gi\u00fap x\u00e2y d\u1ef1ng h\u1ec7 mi\u1ec5n d\u1ecbch v\u1eefng ch\u1eafc.)<\/span><\/p>\n<ul>\n<li style=\"font-weight: 400;\" aria-level=\"1\"><b>Stress Relief &amp; Mental Clarity | Gi\u1ea3m c\u0103ng th\u1eb3ng &amp; T\u0103ng c\u01b0\u1eddng tr\u00ed \u00f3c<\/b><span style=\"font-weight: 400;\">\u00a0<\/span><\/li>\n<\/ul>\n<p><span style=\"font-weight: 400;\">Agarwood is traditionally known for its calming properties, helping to relieve stress, stabilize the mind, and promote mental clarity. (Tr\u1ea7m h\u01b0\u01a1ng t\u1eeb l\u00e2u \u0111\u00e3 \u0111\u01b0\u1ee3c bi\u1ebft \u0111\u1ebfn v\u1edbi \u0111\u1eb7c t\u00ednh an th\u1ea7n, gi\u00fap gi\u1ea3m c\u0103ng th\u1eb3ng, \u1ed5n \u0111\u1ecbnh tinh th\u1ea7n v\u00e0 mang l\u1ea1i s\u1ef1 minh m\u1eabn.)<\/span><\/p>\n<ul>\n<li style=\"font-weight: 400;\" aria-level=\"1\"><b>Overall Wellness Promoter | B\u1ed3i b\u1ed5 s\u1ee9c kh\u1ecfe to\u00e0n di\u1ec7n<\/b><span style=\"font-weight: 400;\">\u00a0<\/span><\/li>\n<\/ul>\n<p><span style=\"font-weight: 400;\">Crafted with Dr. Kim Oh-gon&#8217;s carefully balanced formula to nourish the body from within and support healthy aging. (\u0110\u01b0\u1ee3c b\u00e0o ch\u1ebf theo c\u00f4ng th\u1ee9c c\u00e2n b\u1eb1ng ho\u00e0n h\u1ea3o c\u1ee7a B\u00e1c s\u0129 Kim Oh-gon gi\u00fap nu\u00f4i d\u01b0\u1ee1ng c\u01a1 th\u1ec3 t\u1eeb b\u00ean trong v\u00e0 h\u1ed7 tr\u1ee3 l\u00e0m ch\u1eadm qu\u00e1 tr\u00ecnh l\u00e3o h\u00f3a.)<\/span><\/p>\n<p><b>Usage &amp; Storage | H\u01b0\u1edbng d\u1eabn s\u1eed d\u1ee5ng &amp; b\u1ea3o qu\u1ea3n<\/b><\/p>\n<ul>\n<li style=\"font-weight: 400;\" aria-level=\"1\"><b>How to Use | C\u00e1ch d\u00f9ng<\/b><span style=\"font-weight: 400;\"> Chew 1 pill daily. It is recommended to chew slowly and swallow with warm water for better absorption. (Nhai 1 vi\u00ean m\u1ed7i ng\u00e0y. N\u00ean nhai t\u1eeb t\u1eeb v\u00e0 u\u1ed1ng k\u00e8m v\u1edbi n\u01b0\u1edbc \u1ea5m \u0111\u1ec3 c\u01a1 th\u1ec3 h\u1ea5p th\u1ee5 t\u1ed1t nh\u1ea5t.)<\/span><\/li>\n<li style=\"font-weight: 400;\" aria-level=\"1\"><b>Storage | B\u1ea3o qu\u1ea3n<\/b><span style=\"font-weight: 400;\"> Store in a cool, dry place. Avoid direct sunlight and high humidity. Keep out of reach of children. (B\u1ea3o qu\u1ea3n n\u01a1i kh\u00f4 r\u00e1o, tho\u00e1ng m\u00e1t. Tr\u00e1nh \u00e1nh n\u1eafng tr\u1ef1c ti\u1ebfp v\u00e0 n\u01a1i c\u00f3 \u0111\u1ed9 \u1ea9m cao. \u0110\u1ec3 xa t\u1ea7m tay tr\u1ebb em.)<\/span><\/li>\n<\/ul>\n<p><b>Pro-Tip | L\u01b0u \u00fd quan tr\u1ecdng\u00a0<\/b><\/p>\n<p><span style=\"font-weight: 400;\">For optimal results, take consistently and maintain a healthy, active lifestyle. If you have any underlying medical conditions, please consult a healthcare professional before use. (\u0110\u1ec3 \u0111\u1ea1t hi\u1ec7u qu\u1ea3 t\u1ed1i \u01b0u, h\u00e3y s\u1eed d\u1ee5ng \u0111\u1ec1u \u0111\u1eb7n k\u1ebft h\u1ee3p v\u1edbi l\u1ed1i s\u1ed1ng l\u00e0nh m\u1ea1nh, n\u0103ng \u0111\u1ed9ng. N\u1ebfu b\u1ea1n c\u00f3 b\u1ec7nh l\u00fd n\u1ec1n, vui l\u00f2ng tham kh\u1ea3o \u00fd ki\u1ebfn b\u00e1c s\u0129 tr\u01b0\u1edbc khi s\u1eed d\u1ee5ng.)<\/span><\/p>\n<p><i><span style=\"font-weight: 400;\">Note: This product is a dietary supplement and not a medicine. It is not intended to diagnose, treat, cure, or prevent any disease.<\/span><\/i> <i><span style=\"font-weight: 400;\">(L\u01b0u \u00fd: \u0110\u00e2y l\u00e0 th\u1ef1c ph\u1ea9m b\u1ed5 sung s\u1ee9c kh\u1ecfe, kh\u00f4ng ph\u1ea3i l\u00e0 thu\u1ed1c v\u00e0 kh\u00f4ng c\u00f3 t\u00e1c d\u1ee5ng thay th\u1ebf thu\u1ed1c ch\u1eefa b\u1ec7nh.)<\/span><\/i><\/p>\n","protected":false},"excerpt":{"rendered":"<p><span style=\"font-weight: 400;\">$550\/h\u1ed9p<\/span><\/p>\n","protected":false},"featured_media":3981,"comment_status":"closed","ping_status":"closed","template":"","meta":{"ocean_post_layout":"","ocean_both_sidebars_style":"","ocean_both_sidebars_content_width":0,"ocean_both_sidebars_sidebars_width":0,"ocean_sidebar":"0","ocean_second_sidebar":"0","ocean_disable_margins":"enable","ocean_add_body_class":"","ocean_shortcode_before_top_bar":"","ocean_shortcode_after_top_bar":"","ocean_shortcode_before_header":"","ocean_shortcode_after_header":"","ocean_has_shortcode":"","ocean_shortcode_after_title":"","ocean_shortcode_before_footer_widgets":"","ocean_shortcode_after_footer_widgets":"","ocean_shortcode_before_footer_bottom":"","ocean_shortcode_after_footer_bottom":"","ocean_display_top_bar":"default","ocean_display_header":"default","ocean_header_style":"","ocean_center_header_left_menu":"0","ocean_custom_header_template":"0","ocean_custom_logo":0,"ocean_custom_retina_logo":0,"ocean_custom_logo_max_width":0,"ocean_custom_logo_tablet_max_width":0,"ocean_custom_logo_mobile_max_width":0,"ocean_custom_logo_max_height":0,"ocean_custom_logo_tablet_max_height":0,"ocean_custom_logo_mobile_max_height":0,"ocean_header_custom_menu":"0","ocean_menu_typo_font_family":"0","ocean_menu_typo_font_subset":"","ocean_menu_typo_font_size":0,"ocean_menu_typo_font_size_tablet":0,"ocean_menu_typo_font_size_mobile":0,"ocean_menu_typo_font_size_unit":"px","ocean_menu_typo_font_weight":"","ocean_menu_typo_font_weight_tablet":"","ocean_menu_typo_font_weight_mobile":"","ocean_menu_typo_transform":"","ocean_menu_typo_transform_tablet":"","ocean_menu_typo_transform_mobile":"","ocean_menu_typo_line_height":0,"ocean_menu_typo_line_height_tablet":0,"ocean_menu_typo_line_height_mobile":0,"ocean_menu_typo_line_height_unit":"","ocean_menu_typo_spacing":0,"ocean_menu_typo_spacing_tablet":0,"ocean_menu_typo_spacing_mobile":0,"ocean_menu_typo_spacing_unit":"","ocean_menu_link_color":"","ocean_menu_link_color_hover":"","ocean_menu_link_color_active":"","ocean_menu_link_background":"","ocean_menu_link_hover_background":"","ocean_menu_link_active_background":"","ocean_menu_social_links_bg":"","ocean_menu_social_hover_links_bg":"","ocean_menu_social_links_color":"","ocean_menu_social_hover_links_color":"","ocean_disable_title":"default","ocean_disable_heading":"default","ocean_post_title":"","ocean_post_subheading":"","ocean_post_title_style":"","ocean_post_title_background_color":"","ocean_post_title_background":0,"ocean_post_title_bg_image_position":"","ocean_post_title_bg_image_attachment":"","ocean_post_title_bg_image_repeat":"","ocean_post_title_bg_image_size":"","ocean_post_title_height":0,"ocean_post_title_bg_overlay":0.5,"ocean_post_title_bg_overlay_color":"","ocean_disable_breadcrumbs":"default","ocean_breadcrumbs_color":"","ocean_breadcrumbs_separator_color":"","ocean_breadcrumbs_links_color":"","ocean_breadcrumbs_links_hover_color":"","ocean_display_footer_widgets":"default","ocean_display_footer_bottom":"default","ocean_custom_footer_template":"0"},"product_cat":[33],"product_tag":[],"class_list":{"0":"post-3980","1":"product","2":"type-product","3":"status-publish","4":"has-post-thumbnail","6":"product_cat-nhan-sam","8":"entry","9":"has-media","11":"first","12":"instock","13":"shipping-taxable","14":"purchasable","15":"product-type-simple","16":"has-product-nav","17":"col","18":"span_1_of_4","19":"owp-content-center","20":"owp-thumbs-layout-horizontal","21":"owp-btn-normal","22":"owp-tabs-layout-horizontal","23":"has-no-thumbnails"},"_links":{"self":[{"href":"https:\/\/tantuquynh.com\/en\/wp-json\/wp\/v2\/product\/3980","targetHints":{"allow":["GET"]}}],"collection":[{"href":"https:\/\/tantuquynh.com\/en\/wp-json\/wp\/v2\/product"}],"about":[{"href":"https:\/\/tantuquynh.com\/en\/wp-json\/wp\/v2\/types\/product"}],"replies":[{"embeddable":true,"href":"https:\/\/tantuquynh.com\/en\/wp-json\/wp\/v2\/comments?post=3980"}],"wp:featuredmedia":[{"embeddable":true,"href":"https:\/\/tantuquynh.com\/en\/wp-json\/wp\/v2\/media\/3981"}],"wp:attachment":[{"href":"https:\/\/tantuquynh.com\/en\/wp-json\/wp\/v2\/media?parent=3980"}],"wp:term":[{"taxonomy":"product_cat","embeddable":true,"href":"https:\/\/tantuquynh.com\/en\/wp-json\/wp\/v2\/product_cat?post=3980"},{"taxonomy":"product_tag","embeddable":true,"href":"https:\/\/tantuquynh.com\/en\/wp-json\/wp\/v2\/product_tag?post=3980"}],"curies":[{"name":"wp","href":"https:\/\/api.w.org\/{rel}","templated":true}]}}