{"id":3964,"date":"2026-03-16T09:22:07","date_gmt":"2026-03-16T09:22:07","guid":{"rendered":"https:\/\/tantuquynh.com\/?post_type=product&#038;p=3964"},"modified":"2026-03-16T09:22:07","modified_gmt":"2026-03-16T09:22:07","slug":"nhan-sam-hau-bo-duong","status":"publish","type":"product","link":"https:\/\/tantuquynh.com\/en\/product\/nhan-sam-hau-bo-duong","title":{"rendered":"Nh\u00e2n S\u00e2m H\u00e0u B\u1ed5 D\u01b0\u1ee1ng"},"content":{"rendered":"<h1><b>OYSTER &amp; GINSENG NUTRITION DRINK<\/b><\/h1>\n<h3><b>Premium Oyster, Ginseng &amp; Ginger Supplement | Th\u1ef1c ph\u1ea9m b\u1ed5 d\u01b0\u1ee1ng Nh\u00e2n S\u00e2m \u2013 H\u00e0u<\/b><\/h3>\n<h1><b>Product Overview | T\u1ed5ng quan s\u1ea3n ph\u1ea9m<\/b><\/h1>\n<p><b>Oyster &amp; Ginseng Nutrition Drink<\/b><span style=\"font-weight: 400;\"> is a premium dietary supplement formulated with oyster extract, ginseng, and ginger. These ingredients have been widely used in traditional East Asian wellness formulas to support vitality, endurance, and overall health.<\/span><\/p>\n<p><span style=\"font-weight: 400;\">Oyster extract is naturally rich in amino acids, taurine, and essential minerals such as zinc, which are important for metabolism and reproductive health. Studies indicate that oyster-derived bioactive compounds may help support endurance and healthy sexual function.<\/span><\/p>\n<p><span style=\"font-weight: 400;\">Ginseng is a well-known herbal adaptogen traditionally used to enhance energy levels, improve focus, and support immune function. Research suggests that ginseng may help reduce fatigue and improve cognitive performance.<\/span><\/p>\n<p><span style=\"font-weight: 400;\">Ginger has long been used in herbal medicine for its digestive and anti-inflammatory properties, helping support circulation and overall wellness.<\/span><\/p>\n<p><span style=\"font-weight: 400;\">Together, these ingredients form a convenient functional drink designed to support vitality, physical endurance, and daily wellness.<\/span><\/p>\n<p><span style=\"font-weight: 400;\">(<\/span><b>Nh\u00e2n S\u00e2m H\u00e0u B\u1ed5 D\u01b0\u1ee1ng<\/b><span style=\"font-weight: 400;\"> l\u00e0 th\u1ef1c ph\u1ea9m b\u1ed5 sung cao c\u1ea5p k\u1ebft h\u1ee3p chi\u1ebft xu\u1ea5t <\/span><b>h\u00e0u, nh\u00e2n s\u00e2m v\u00e0 g\u1eebng<\/b><span style=\"font-weight: 400;\">. \u0110\u00e2y l\u00e0 c\u00e1c th\u00e0nh ph\u1ea7n th\u01b0\u1eddng \u0111\u01b0\u1ee3c s\u1eed d\u1ee5ng trong c\u00e1c c\u00f4ng th\u1ee9c d\u01b0\u1ee1ng sinh truy\u1ec1n th\u1ed1ng \u1edf \u0110\u00f4ng \u00c1 nh\u1eb1m h\u1ed7 tr\u1ee3 s\u1ee9c kh\u1ecfe t\u1ed5ng th\u1ec3 v\u00e0 t\u0103ng c\u01b0\u1eddng sinh l\u1ef1c.<\/span><\/p>\n<p><span style=\"font-weight: 400;\">Chi\u1ebft xu\u1ea5t h\u00e0u ch\u1ee9a nhi\u1ec1u axit amin, taurine v\u00e0 kho\u00e1ng ch\u1ea5t quan tr\u1ecdng nh\u01b0 k\u1ebdm, g\u00f3p ph\u1ea7n h\u1ed7 tr\u1ee3 chuy\u1ec3n h\u00f3a v\u00e0 s\u1ee9c kh\u1ecfe sinh l\u00fd. M\u1ed9t s\u1ed1 nghi\u00ean c\u1ee9u cho th\u1ea5y c\u00e1c h\u1ee3p ch\u1ea5t sinh h\u1ecdc t\u1eeb h\u00e0u c\u00f3 th\u1ec3 gi\u00fap t\u0103ng s\u1ee9c b\u1ec1n v\u00e0 h\u1ed7 tr\u1ee3 ch\u1ee9c n\u0103ng sinh l\u00fd.<\/span><\/p>\n<p><span style=\"font-weight: 400;\">Nh\u00e2n s\u00e2m l\u00e0 d\u01b0\u1ee3c li\u1ec7u n\u1ed5i ti\u1ebfng c\u00f3 t\u00e1c d\u1ee5ng t\u0103ng c\u01b0\u1eddng n\u0103ng l\u01b0\u1ee3ng, c\u1ea3i thi\u1ec7n s\u1ef1 t\u1eadp trung v\u00e0 h\u1ed7 tr\u1ee3 h\u1ec7 mi\u1ec5n d\u1ecbch. Nhi\u1ec1u nghi\u00ean c\u1ee9u cho th\u1ea5y nh\u00e2n s\u00e2m c\u00f3 th\u1ec3 gi\u00fap gi\u1ea3m m\u1ec7t m\u1ecfi v\u00e0 c\u1ea3i thi\u1ec7n ch\u1ee9c n\u0103ng nh\u1eadn th\u1ee9c.<\/span><\/p>\n<p><span style=\"font-weight: 400;\">G\u1eebng \u0111\u01b0\u1ee3c s\u1eed d\u1ee5ng r\u1ed9ng r\u00e3i trong y h\u1ecdc truy\u1ec1n th\u1ed1ng nh\u1edd \u0111\u1eb7c t\u00ednh ch\u1ed1ng vi\u00eam, h\u1ed7 tr\u1ee3 ti\u00eau h\u00f3a v\u00e0 tu\u1ea7n ho\u00e0n m\u00e1u.<\/span><\/p>\n<p><span style=\"font-weight: 400;\">S\u1ef1 k\u1ebft h\u1ee3p c\u1ee7a c\u00e1c th\u00e0nh ph\u1ea7n n\u00e0y t\u1ea1o n\u00ean m\u1ed9t s\u1ea3n ph\u1ea9m b\u1ed5 sung ti\u1ec7n l\u1ee3i gi\u00fap h\u1ed7 tr\u1ee3 s\u1ee9c kh\u1ecfe v\u00e0 t\u0103ng c\u01b0\u1eddng n\u0103ng l\u01b0\u1ee3ng h\u00e0ng ng\u00e0y.)<\/span><\/p>\n<h1><b>Specifications | Th\u00f4ng s\u1ed1 s\u1ea3n ph\u1ea9m<\/b><\/h1>\n<ul>\n<li style=\"font-weight: 400;\" aria-level=\"1\"><b>Product Name:<\/b><span style=\"font-weight: 400;\"> Premium Oyster &amp; Ginseng Nutrition Drink<\/span><\/li>\n<li style=\"font-weight: 400;\" aria-level=\"1\"><b>Form:<\/b><span style=\"font-weight: 400;\"> Liquid supplement | D\u1ea1ng n\u01b0\u1edbc u\u1ed1ng<\/span><\/li>\n<li style=\"font-weight: 400;\" aria-level=\"1\"><b>Origin:<\/b><span style=\"font-weight: 400;\"> Japan | Nh\u1eadt B\u1ea3n<\/span><\/li>\n<li style=\"font-weight: 400;\" aria-level=\"1\"><b>Packaging:<\/b><span style=\"font-weight: 400;\"> 19 ml \u00d7 30 pouches per box | 30 g\u00f3i \/ h\u1ed9p<\/span><\/li>\n<li style=\"font-weight: 400;\" aria-level=\"1\"><b>Key Ingredients per serving:<\/b>\n<ul>\n<li style=\"font-weight: 400;\" aria-level=\"2\"><span style=\"font-weight: 400;\">Oyster extract \u2013 1000 mg<\/span><\/li>\n<li style=\"font-weight: 400;\" aria-level=\"2\"><span style=\"font-weight: 400;\">Ginseng extract \u2013 250 mg<\/span><\/li>\n<li style=\"font-weight: 400;\" aria-level=\"2\"><span style=\"font-weight: 400;\">Ginger extract \u2013 200 mg<\/span><\/li>\n<\/ul>\n<\/li>\n<li style=\"font-weight: 400;\" aria-level=\"1\"><b>Price:<\/b><span style=\"font-weight: 400;\"> $250 per box | $250 \/ h\u1ed9p<\/span><\/li>\n<\/ul>\n<h1><b>Health Benefits | C\u00f4ng d\u1ee5ng n\u1ed5i b\u1eadt<\/b><\/h1>\n<h3><b>Energy &amp; Vitality Support | H\u1ed7 tr\u1ee3 n\u0103ng l\u01b0\u1ee3ng v\u00e0 sinh l\u1ef1c<\/b><\/h3>\n<p><span style=\"font-weight: 400;\">Ginseng and oyster extract are traditionally used to help combat fatigue and improve endurance. Some experimental studies indicate that combining oyster peptides with ginseng extracts may improve anti-fatigue performance and vitality.<\/span><\/p>\n<p><span style=\"font-weight: 400;\">(Nh\u00e2n s\u00e2m v\u00e0 chi\u1ebft xu\u1ea5t h\u00e0u th\u01b0\u1eddng \u0111\u01b0\u1ee3c s\u1eed d\u1ee5ng \u0111\u1ec3 h\u1ed7 tr\u1ee3 gi\u1ea3m m\u1ec7t m\u1ecfi v\u00e0 t\u0103ng s\u1ee9c b\u1ec1n. M\u1ed9t s\u1ed1 nghi\u00ean c\u1ee9u cho th\u1ea5y s\u1ef1 k\u1ebft h\u1ee3p gi\u1eefa peptide h\u00e0u v\u00e0 nh\u00e2n s\u00e2m c\u00f3 th\u1ec3 gi\u00fap c\u1ea3i thi\u1ec7n s\u1ee9c b\u1ec1n v\u00e0 n\u0103ng l\u01b0\u1ee3ng c\u01a1 th\u1ec3.)<\/span><\/p>\n<h3><b>Immune &amp; Metabolic Support | H\u1ed7 tr\u1ee3 mi\u1ec5n d\u1ecbch v\u00e0 chuy\u1ec3n h\u00f3a<\/b><\/h3>\n<p><span style=\"font-weight: 400;\">Ginseng has been associated with immune modulation and anti-inflammatory activity, which may help maintain overall health.<\/span><\/p>\n<p><span style=\"font-weight: 400;\">(Nh\u00e2n s\u00e2m c\u00f3 th\u1ec3 h\u1ed7 tr\u1ee3 \u0111i\u1ec1u h\u00f2a h\u1ec7 mi\u1ec5n d\u1ecbch v\u00e0 gi\u1ea3m ph\u1ea3n \u1ee9ng vi\u00eam trong c\u01a1 th\u1ec3.)<\/span><\/p>\n<h3><b>Digestive &amp; Circulatory Support | H\u1ed7 tr\u1ee3 ti\u00eau h\u00f3a v\u00e0 tu\u1ea7n ho\u00e0n<\/b><\/h3>\n<p><span style=\"font-weight: 400;\">Ginger contains bioactive compounds that may support digestion, circulation, and anti-inflammatory processes.<\/span><\/p>\n<p><span style=\"font-weight: 400;\">(G\u1eebng ch\u1ee9a nhi\u1ec1u ho\u1ea1t ch\u1ea5t sinh h\u1ecdc gi\u00fap h\u1ed7 tr\u1ee3 ti\u00eau h\u00f3a, tu\u1ea7n ho\u00e0n m\u00e1u v\u00e0 gi\u1ea3m vi\u00eam.)<\/span><\/p>\n<h1><b>Usage &amp; Storage | H\u01b0\u1edbng d\u1eabn s\u1eed d\u1ee5ng &amp; b\u1ea3o qu\u1ea3n<\/b><\/h1>\n<h3><b>How to Use | C\u00e1ch s\u1eed d\u1ee5ng<\/b><\/h3>\n<ul>\n<li style=\"font-weight: 400;\" aria-level=\"1\"><span style=\"font-weight: 400;\">Take <\/span><b>1 pouch daily (19 ml)<\/b><span style=\"font-weight: 400;\">, preferably after meals.<\/span><\/li>\n<li style=\"font-weight: 400;\" aria-level=\"1\"><span style=\"font-weight: 400;\">Shake well before drinking.<\/span><\/li>\n<\/ul>\n<p><span style=\"font-weight: 400;\">(U\u1ed1ng <\/span><b>1 g\u00f3i m\u1ed7i ng\u00e0y (19 ml)<\/b><span style=\"font-weight: 400;\">, t\u1ed1t nh\u1ea5t sau b\u1eefa \u0103n. L\u1eafc \u0111\u1ec1u tr\u01b0\u1edbc khi s\u1eed d\u1ee5ng.)<\/span><\/p>\n<h3><b>Storage | B\u1ea3o qu\u1ea3n<\/b><\/h3>\n<ul>\n<li style=\"font-weight: 400;\" aria-level=\"1\"><span style=\"font-weight: 400;\">Store in a cool, dry place.<\/span><\/li>\n<li style=\"font-weight: 400;\" aria-level=\"1\"><span style=\"font-weight: 400;\">Avoid direct sunlight and high humidity.<\/span><\/li>\n<\/ul>\n<p><span style=\"font-weight: 400;\">(B\u1ea3o qu\u1ea3n n\u01a1i kh\u00f4 r\u00e1o, tho\u00e1ng m\u00e1t. Tr\u00e1nh \u00e1nh n\u1eafng tr\u1ef1c ti\u1ebfp v\u00e0 n\u01a1i c\u00f3 \u0111\u1ed9 \u1ea9m cao.)<\/span><\/p>\n<h1><b>Pro-Tip | L\u01b0u \u00fd quan tr\u1ecdng<\/b><\/h1>\n<p><span style=\"font-weight: 400;\">For best results, maintain a balanced diet and healthy lifestyle while using nutritional supplements.<\/span><\/p>\n<p><span style=\"font-weight: 400;\">(\u0110\u1ec3 \u0111\u1ea1t hi\u1ec7u qu\u1ea3 t\u1ed1t nh\u1ea5t, n\u00ean k\u1ebft h\u1ee3p s\u1ea3n ph\u1ea9m v\u1edbi ch\u1ebf \u0111\u1ed9 \u0103n u\u1ed1ng c\u00e2n b\u1eb1ng v\u00e0 l\u1ed1i s\u1ed1ng l\u00e0nh m\u1ea1nh.)<\/span><\/p>\n<p><b>Note:<\/b><span style=\"font-weight: 400;\"> This product is a dietary supplement and is not intended to diagnose, treat, cure, or prevent any disease.<\/span><\/p>\n<p><b>(L\u01b0u \u00fd:<\/b><span style=\"font-weight: 400;\"> \u0110\u00e2y l\u00e0 th\u1ef1c ph\u1ea9m b\u1ed5 sung, kh\u00f4ng ph\u1ea3i thu\u1ed1c v\u00e0 kh\u00f4ng c\u00f3 t\u00e1c d\u1ee5ng thay th\u1ebf thu\u1ed1c ch\u1eefa b\u1ec7nh.)<\/span><\/p>\n<h3><b>Special Promotion | Ch\u01b0\u01a1ng tr\u00ecnh \u01b0u \u0111\u00e3i<\/b><\/h3>\n<p><span style=\"font-weight: 400;\">\ud83d\udd25 <\/span><b>EXCLUSIVE OFFER: BUY 2 GET 1 FREE!<\/b><span style=\"font-weight: 400;\"> Take advantage of this limited-time deal to invest in your health or share the gift of wellness with your loved ones.\u00a0<\/span><\/p>\n<p><span style=\"font-weight: 400;\">\ud83d\udd25 <\/span><b>\u01afU \u0110\u00c3I \u0110\u1eb6C BI\u1ec6T: MUA 2 T\u1eb6NG 1!<\/b><span style=\"font-weight: 400;\"> \u0110\u1eebng b\u1ecf l\u1ee1 c\u01a1 h\u1ed9i c\u00f3 h\u1ea1n n\u00e0y \u0111\u1ec3 \u0111\u1ea7u t\u01b0 cho s\u1ee9c kh\u1ecfe b\u1ea3n th\u00e2n ho\u1eb7c l\u00e0m qu\u00e0 t\u1eb7ng \u00fd ngh\u0129a cho nh\u1eefng ng\u01b0\u1eddi th\u00e2n y\u00eau.<\/span><\/p>\n","protected":false},"excerpt":{"rendered":"<p><span style=\"font-weight: 400;\">Mua 2 t\u1eb7ng 1<\/span><\/p>\n","protected":false},"featured_media":3965,"comment_status":"closed","ping_status":"closed","template":"","meta":{"ocean_post_layout":"","ocean_both_sidebars_style":"","ocean_both_sidebars_content_width":0,"ocean_both_sidebars_sidebars_width":0,"ocean_sidebar":"0","ocean_second_sidebar":"0","ocean_disable_margins":"enable","ocean_add_body_class":"","ocean_shortcode_before_top_bar":"","ocean_shortcode_after_top_bar":"","ocean_shortcode_before_header":"","ocean_shortcode_after_header":"","ocean_has_shortcode":"","ocean_shortcode_after_title":"","ocean_shortcode_before_footer_widgets":"","ocean_shortcode_after_footer_widgets":"","ocean_shortcode_before_footer_bottom":"","ocean_shortcode_after_footer_bottom":"","ocean_display_top_bar":"default","ocean_display_header":"default","ocean_header_style":"","ocean_center_header_left_menu":"0","ocean_custom_header_template":"0","ocean_custom_logo":0,"ocean_custom_retina_logo":0,"ocean_custom_logo_max_width":0,"ocean_custom_logo_tablet_max_width":0,"ocean_custom_logo_mobile_max_width":0,"ocean_custom_logo_max_height":0,"ocean_custom_logo_tablet_max_height":0,"ocean_custom_logo_mobile_max_height":0,"ocean_header_custom_menu":"0","ocean_menu_typo_font_family":"0","ocean_menu_typo_font_subset":"","ocean_menu_typo_font_size":0,"ocean_menu_typo_font_size_tablet":0,"ocean_menu_typo_font_size_mobile":0,"ocean_menu_typo_font_size_unit":"px","ocean_menu_typo_font_weight":"","ocean_menu_typo_font_weight_tablet":"","ocean_menu_typo_font_weight_mobile":"","ocean_menu_typo_transform":"","ocean_menu_typo_transform_tablet":"","ocean_menu_typo_transform_mobile":"","ocean_menu_typo_line_height":0,"ocean_menu_typo_line_height_tablet":0,"ocean_menu_typo_line_height_mobile":0,"ocean_menu_typo_line_height_unit":"","ocean_menu_typo_spacing":0,"ocean_menu_typo_spacing_tablet":0,"ocean_menu_typo_spacing_mobile":0,"ocean_menu_typo_spacing_unit":"","ocean_menu_link_color":"","ocean_menu_link_color_hover":"","ocean_menu_link_color_active":"","ocean_menu_link_background":"","ocean_menu_link_hover_background":"","ocean_menu_link_active_background":"","ocean_menu_social_links_bg":"","ocean_menu_social_hover_links_bg":"","ocean_menu_social_links_color":"","ocean_menu_social_hover_links_color":"","ocean_disable_title":"default","ocean_disable_heading":"default","ocean_post_title":"","ocean_post_subheading":"","ocean_post_title_style":"","ocean_post_title_background_color":"","ocean_post_title_background":0,"ocean_post_title_bg_image_position":"","ocean_post_title_bg_image_attachment":"","ocean_post_title_bg_image_repeat":"","ocean_post_title_bg_image_size":"","ocean_post_title_height":0,"ocean_post_title_bg_overlay":0.5,"ocean_post_title_bg_overlay_color":"","ocean_disable_breadcrumbs":"default","ocean_breadcrumbs_color":"","ocean_breadcrumbs_separator_color":"","ocean_breadcrumbs_links_color":"","ocean_breadcrumbs_links_hover_color":"","ocean_display_footer_widgets":"default","ocean_display_footer_bottom":"default","ocean_custom_footer_template":"0"},"product_cat":[33],"product_tag":[],"class_list":{"0":"post-3964","1":"product","2":"type-product","3":"status-publish","4":"has-post-thumbnail","6":"product_cat-nhan-sam","8":"entry","9":"has-media","11":"first","12":"instock","13":"shipping-taxable","14":"purchasable","15":"product-type-simple","16":"has-product-nav","17":"col","18":"span_1_of_4","19":"owp-content-center","20":"owp-thumbs-layout-horizontal","21":"owp-btn-normal","22":"owp-tabs-layout-horizontal","23":"has-no-thumbnails"},"_links":{"self":[{"href":"https:\/\/tantuquynh.com\/en\/wp-json\/wp\/v2\/product\/3964","targetHints":{"allow":["GET"]}}],"collection":[{"href":"https:\/\/tantuquynh.com\/en\/wp-json\/wp\/v2\/product"}],"about":[{"href":"https:\/\/tantuquynh.com\/en\/wp-json\/wp\/v2\/types\/product"}],"replies":[{"embeddable":true,"href":"https:\/\/tantuquynh.com\/en\/wp-json\/wp\/v2\/comments?post=3964"}],"wp:featuredmedia":[{"embeddable":true,"href":"https:\/\/tantuquynh.com\/en\/wp-json\/wp\/v2\/media\/3965"}],"wp:attachment":[{"href":"https:\/\/tantuquynh.com\/en\/wp-json\/wp\/v2\/media?parent=3964"}],"wp:term":[{"taxonomy":"product_cat","embeddable":true,"href":"https:\/\/tantuquynh.com\/en\/wp-json\/wp\/v2\/product_cat?post=3964"},{"taxonomy":"product_tag","embeddable":true,"href":"https:\/\/tantuquynh.com\/en\/wp-json\/wp\/v2\/product_tag?post=3964"}],"curies":[{"name":"wp","href":"https:\/\/api.w.org\/{rel}","templated":true}]}}