{"id":3947,"date":"2026-03-05T10:20:04","date_gmt":"2026-03-05T10:20:04","guid":{"rendered":"https:\/\/tantuquynh.com\/?post_type=product&#038;p=3947"},"modified":"2026-03-10T16:34:39","modified_gmt":"2026-03-10T16:34:39","slug":"nmn-cai-lao-hoan-dong","status":"publish","type":"product","link":"https:\/\/tantuquynh.com\/en\/product\/nmn-cai-lao-hoan-dong","title":{"rendered":"NMN c\u1ea3i l\u00e3o ho\u00e0n \u0111\u1ed3ng"},"content":{"rendered":"<h2><b>NMN 10500 DUAL ANTI-AGING FORMULA<\/b><\/h2>\n<p><b>Premium Longevity Supplement | Th\u1ef1c ph\u1ea9m B\u1ea3o v\u1ec7 S\u1ee9c kh\u1ecfe Tr\u1ebb h\u00f3a Cao c\u1ea5p<\/b><\/p>\n<p>&nbsp;<\/p>\n<h3><b>Product Overview | T\u1ed5ng quan s\u1ea3n ph\u1ea9m<\/b><\/h3>\n<p><span style=\"font-weight: 400;\">Unlock the secret to cellular vitality with <\/span><b>NMN 10500 Dual Anti-Aging Formula<\/b><span style=\"font-weight: 400;\">. This advanced dietary supplement is designed to support your body\u2019s natural defense against time, helping you maintain a youthful spirit and a resilient body. Kh\u00e1m ph\u00e1 b\u00ed quy\u1ebft tr\u1ebb h\u00f3a t\u1ebf b\u00e0o c\u00f9ng <\/span><b>NMN 10500 Dual Anti-Aging Formula<\/b><span style=\"font-weight: 400;\">. \u0110\u00e2y l\u00e0 d\u00f2ng th\u1ef1c ph\u1ea9m b\u1ea3o v\u1ec7 s\u1ee9c kh\u1ecfe ti\u00ean ti\u1ebfn \u0111\u01b0\u1ee3c thi\u1ebft k\u1ebf \u0111\u1ec3 h\u1ed7 tr\u1ee3 c\u01a1 th\u1ec3 ch\u1ed1ng l\u1ea1i c\u00e1c d\u1ea5u hi\u1ec7u l\u00e3o h\u00f3a t\u1ef1 nhi\u00ean, gi\u00fap b\u1ea1n duy tr\u00ec tinh th\u1ea7n t\u01b0\u01a1i tr\u1ebb v\u00e0 m\u1ed9t c\u01a1 th\u1ec3 d\u1ebbo dai.<\/span><\/p>\n<p>&nbsp;<\/p>\n<h3><b>Specifications | Th\u00f4ng s\u1ed1 s\u1ea3n ph\u1ea9m<\/b><\/h3>\n<ul>\n<li style=\"font-weight: 400;\" aria-level=\"1\"><b>Product Type<\/b><span style=\"font-weight: 400;\">: Dietary Supplement capsules. (Lo\u1ea1i s\u1ea3n ph\u1ea9m: Th\u1ef1c ph\u1ea9m b\u1ea3o v\u1ec7 s\u1ee9c kh\u1ecfe d\u1ea1ng vi\u00ean nang.)<\/span><\/li>\n<li style=\"font-weight: 400;\" aria-level=\"1\"><b>Key Ingredient<\/b><span style=\"font-weight: 400;\">: Contains <\/span><b>Nicotinamide Mononucleotide (NMN)<\/b><span style=\"font-weight: 400;\">, a vital precursor to NAD+ involved in cellular energy and DNA repair. (Th\u00e0nh ph\u1ea7n ch\u00ednh: Ch\u1ee9a Nicotinamide Mononucleotide (NMN), ti\u1ec1n ch\u1ea5t quan tr\u1ecdng c\u1ee7a NAD+ tham gia v\u00e0o qu\u00e1 tr\u00ecnh t\u1ea1o n\u0103ng l\u01b0\u1ee3ng t\u1ebf b\u00e0o v\u00e0 s\u1eeda ch\u1eefa DNA.)<\/span><\/li>\n<li style=\"font-weight: 400;\" aria-level=\"1\"><b>Quantity<\/b><span style=\"font-weight: 400;\">: 60 capsules per box. (Quy c\u00e1ch: 60 vi\u00ean m\u1ed7i h\u1ed9p.)<\/span><\/li>\n<\/ul>\n<p>&nbsp;<\/p>\n<h3><b>Key Benefits | C\u00f4ng d\u1ee5ng n\u1ed5i b\u1eadt<\/b><\/h3>\n<ul>\n<li style=\"font-weight: 400;\" aria-level=\"1\"><b>Promotes Longevity &amp; Healthier Aging<\/b><span style=\"font-weight: 400;\">: Supports the biological processes that keep your cells functioning optimally as you age. (Tr\u01b0\u1eddng th\u1ecd &amp; L\u00e3o h\u00f3a l\u00e0nh m\u1ea1nh: H\u1ed7 tr\u1ee3 c\u00e1c qu\u00e1 tr\u00ecnh sinh h\u1ecdc gi\u00fap t\u1ebf b\u00e0o ho\u1ea1t \u0111\u1ed9ng t\u1ed1i \u01b0u khi b\u1ea1n gi\u00e0 \u0111i.)<\/span><\/li>\n<li style=\"font-weight: 400;\" aria-level=\"1\"><b>Enhances Memory &amp; Vitality<\/b><span style=\"font-weight: 400;\">: Supports cognitive functions and boosts overall physical energy levels. (T\u0103ng c\u01b0\u1eddng tr\u00ed nh\u1edb &amp; Sinh l\u1ef1c: H\u1ed7 tr\u1ee3 ch\u1ee9c n\u0103ng nh\u1eadn th\u1ee9c v\u00e0 th\u00fac \u0111\u1ea9y m\u1ee9c n\u0103ng l\u01b0\u1ee3ng t\u1ed5ng th\u1ec3 cho c\u01a1 th\u1ec3.)<\/span><\/li>\n<li style=\"font-weight: 400;\" aria-level=\"1\"><b>Cellular Repair<\/b><span style=\"font-weight: 400;\">: Utilizes the power of NMN to support DNA repair and cellular health. (Ph\u1ee5c h\u1ed3i t\u1ebf b\u00e0o: T\u1eadn d\u1ee5ng s\u1ee9c m\u1ea1nh c\u1ee7a NMN \u0111\u1ec3 h\u1ed7 tr\u1ee3 s\u1eeda ch\u1eefa DNA v\u00e0 s\u1ee9c kh\u1ecfe t\u1ebf b\u00e0o.)<\/span><\/li>\n<\/ul>\n<p>&nbsp;<\/p>\n<h3><b>Exclusive Offer | \u01afu \u0111\u00e3i \u0111\u1eb7c bi\u1ec7t<\/b><\/h3>\n<p><span style=\"font-weight: 400;\">\ud83c\udf81 <\/span><b>Special Promotion<\/b><span style=\"font-weight: 400;\">: Buy 3, Get 1 Free!\u00a0<\/span><\/p>\n<p><span style=\"font-weight: 400;\">\ud83c\udf81 <\/span><b>Ch\u01b0\u01a1ng tr\u00ecnh \u01b0u \u0111\u00e3i<\/b><span style=\"font-weight: 400;\">: Mua 3 t\u1eb7ng 1!<\/span><\/p>\n<p>&nbsp;<\/p>\n<h3><b>Important Notes | L\u01b0u \u00fd quan tr\u1ecdng<\/b><\/h3>\n<ul>\n<li style=\"font-weight: 400;\" aria-level=\"1\"><b>Disclaimer<\/b><span style=\"font-weight: 400;\">: Dietary supplements are not intended to diagnose, treat, cure, or prevent any disease. (L\u01b0u \u00fd: Th\u1ef1c ph\u1ea9m ch\u1ee9c n\u0103ng kh\u00f4ng nh\u1eb1m m\u1ee5c \u0111\u00edch ch\u1ea9n \u0111o\u00e1n, \u0111i\u1ec1u tr\u1ecb, ch\u1eefa kh\u1ecfi ho\u1eb7c ph\u00f2ng ng\u1eeba b\u1ea5t k\u1ef3 b\u1ec7nh n\u00e0o.)<\/span><\/li>\n<\/ul>\n<p><b>Consultation<\/b><span style=\"font-weight: 400;\">: Consult a healthcare professional before starting any new supplement regimen. (Tham v\u1ea5n: H\u00e3y h\u1ecfi \u00fd ki\u1ebfn chuy\u00ean gia y t\u1ebf tr\u01b0\u1edbc khi b\u1eaft \u0111\u1ea7u b\u1ea5t k\u1ef3 li\u1ec7u tr\u00ecnh b\u1ed5 sung m\u1edbi n\u00e0o.)<\/span><\/p>\n","protected":false},"excerpt":{"rendered":"<p>$120\/1 chai<\/p>\n<p><strong>(Mua 3 t\u1eb7ng 1)<\/strong><\/p>\n","protected":false},"featured_media":3948,"comment_status":"closed","ping_status":"closed","template":"","meta":{"ocean_post_layout":"","ocean_both_sidebars_style":"","ocean_both_sidebars_content_width":0,"ocean_both_sidebars_sidebars_width":0,"ocean_sidebar":"0","ocean_second_sidebar":"0","ocean_disable_margins":"enable","ocean_add_body_class":"","ocean_shortcode_before_top_bar":"","ocean_shortcode_after_top_bar":"","ocean_shortcode_before_header":"","ocean_shortcode_after_header":"","ocean_has_shortcode":"","ocean_shortcode_after_title":"","ocean_shortcode_before_footer_widgets":"","ocean_shortcode_after_footer_widgets":"","ocean_shortcode_before_footer_bottom":"","ocean_shortcode_after_footer_bottom":"","ocean_display_top_bar":"default","ocean_display_header":"default","ocean_header_style":"","ocean_center_header_left_menu":"0","ocean_custom_header_template":"0","ocean_custom_logo":0,"ocean_custom_retina_logo":0,"ocean_custom_logo_max_width":0,"ocean_custom_logo_tablet_max_width":0,"ocean_custom_logo_mobile_max_width":0,"ocean_custom_logo_max_height":0,"ocean_custom_logo_tablet_max_height":0,"ocean_custom_logo_mobile_max_height":0,"ocean_header_custom_menu":"0","ocean_menu_typo_font_family":"0","ocean_menu_typo_font_subset":"","ocean_menu_typo_font_size":0,"ocean_menu_typo_font_size_tablet":0,"ocean_menu_typo_font_size_mobile":0,"ocean_menu_typo_font_size_unit":"px","ocean_menu_typo_font_weight":"","ocean_menu_typo_font_weight_tablet":"","ocean_menu_typo_font_weight_mobile":"","ocean_menu_typo_transform":"","ocean_menu_typo_transform_tablet":"","ocean_menu_typo_transform_mobile":"","ocean_menu_typo_line_height":0,"ocean_menu_typo_line_height_tablet":0,"ocean_menu_typo_line_height_mobile":0,"ocean_menu_typo_line_height_unit":"","ocean_menu_typo_spacing":0,"ocean_menu_typo_spacing_tablet":0,"ocean_menu_typo_spacing_mobile":0,"ocean_menu_typo_spacing_unit":"","ocean_menu_link_color":"","ocean_menu_link_color_hover":"","ocean_menu_link_color_active":"","ocean_menu_link_background":"","ocean_menu_link_hover_background":"","ocean_menu_link_active_background":"","ocean_menu_social_links_bg":"","ocean_menu_social_hover_links_bg":"","ocean_menu_social_links_color":"","ocean_menu_social_hover_links_color":"","ocean_disable_title":"default","ocean_disable_heading":"default","ocean_post_title":"","ocean_post_subheading":"","ocean_post_title_style":"","ocean_post_title_background_color":"","ocean_post_title_background":0,"ocean_post_title_bg_image_position":"","ocean_post_title_bg_image_attachment":"","ocean_post_title_bg_image_repeat":"","ocean_post_title_bg_image_size":"","ocean_post_title_height":0,"ocean_post_title_bg_overlay":0.5,"ocean_post_title_bg_overlay_color":"","ocean_disable_breadcrumbs":"default","ocean_breadcrumbs_color":"","ocean_breadcrumbs_separator_color":"","ocean_breadcrumbs_links_color":"","ocean_breadcrumbs_links_hover_color":"","ocean_display_footer_widgets":"default","ocean_display_footer_bottom":"default","ocean_custom_footer_template":"0"},"product_cat":[37],"product_tag":[],"class_list":{"0":"post-3947","1":"product","2":"type-product","3":"status-publish","4":"has-post-thumbnail","6":"product_cat-fucoidan","8":"entry","9":"has-media","11":"first","12":"instock","13":"shipping-taxable","14":"purchasable","15":"product-type-simple","16":"has-product-nav","17":"col","18":"span_1_of_4","19":"owp-content-center","20":"owp-thumbs-layout-horizontal","21":"owp-btn-normal","22":"owp-tabs-layout-horizontal","23":"has-no-thumbnails"},"_links":{"self":[{"href":"https:\/\/tantuquynh.com\/en\/wp-json\/wp\/v2\/product\/3947","targetHints":{"allow":["GET"]}}],"collection":[{"href":"https:\/\/tantuquynh.com\/en\/wp-json\/wp\/v2\/product"}],"about":[{"href":"https:\/\/tantuquynh.com\/en\/wp-json\/wp\/v2\/types\/product"}],"replies":[{"embeddable":true,"href":"https:\/\/tantuquynh.com\/en\/wp-json\/wp\/v2\/comments?post=3947"}],"wp:featuredmedia":[{"embeddable":true,"href":"https:\/\/tantuquynh.com\/en\/wp-json\/wp\/v2\/media\/3948"}],"wp:attachment":[{"href":"https:\/\/tantuquynh.com\/en\/wp-json\/wp\/v2\/media?parent=3947"}],"wp:term":[{"taxonomy":"product_cat","embeddable":true,"href":"https:\/\/tantuquynh.com\/en\/wp-json\/wp\/v2\/product_cat?post=3947"},{"taxonomy":"product_tag","embeddable":true,"href":"https:\/\/tantuquynh.com\/en\/wp-json\/wp\/v2\/product_tag?post=3947"}],"curies":[{"name":"wp","href":"https:\/\/api.w.org\/{rel}","templated":true}]}}