{"id":3944,"date":"2026-03-05T10:18:08","date_gmt":"2026-03-05T10:18:08","guid":{"rendered":"https:\/\/tantuquynh.com\/?post_type=product&#038;p=3944"},"modified":"2026-03-10T16:34:03","modified_gmt":"2026-03-10T16:34:03","slug":"fucoidan-nmn","status":"publish","type":"product","link":"https:\/\/tantuquynh.com\/en\/product\/fucoidan-nmn","title":{"rendered":"Fucoidan NMN"},"content":{"rendered":"<h2><b>HAKI JAPAN NMN + FUCOIDAN 10500<\/b><\/h2>\n<p><b>Dual Anti-Aging Formula | C\u00f4ng th\u1ee9c Tr\u1ebb h\u00f3a T\u00e1c \u0111\u1ed9ng k\u00e9p<\/b><\/p>\n<p>&nbsp;<\/p>\n<h3><b>Product Overview | T\u1ed5ng quan s\u1ea3n ph\u1ea9m<\/b><\/h3>\n<p><b>Haki Japan NMN + Fucoidan<\/b><span style=\"font-weight: 400;\"> is a premium dietary supplement from Japan, featuring a powerful dual-action formula designed to combat aging at the cellular level. By combining high-purity <\/span><b>NMN<\/b><span style=\"font-weight: 400;\"> with <\/span><b>Fucoidan<\/b><span style=\"font-weight: 400;\"> extracted from seaweed, this product serves as a comprehensive solution for those seeking long-term health, vitality, and a radiant, youthful appearance.<\/span><\/p>\n<p><b>Haki Japan NMN + Fucoidan<\/b><span style=\"font-weight: 400;\"> l\u00e0 d\u00f2ng th\u1ef1c ph\u1ea9m b\u1ea3o v\u1ec7 s\u1ee9c kh\u1ecfe cao c\u1ea5p t\u1eeb Nh\u1eadt B\u1ea3n v\u1edbi c\u00f4ng th\u1ee9c t\u00e1c \u0111\u1ed9ng k\u00e9p m\u1ea1nh m\u1ebd gi\u00fap ch\u1ed1ng l\u00e3o h\u00f3a t\u1eeb c\u1ea5p \u0111\u1ed9 t\u1ebf b\u00e0o. S\u1ef1 k\u1ebft h\u1ee3p gi\u1eefa <\/span><b>NMN<\/b><span style=\"font-weight: 400;\"> tinh khi\u1ebft v\u00e0 <\/span><b>Fucoidan<\/b><span style=\"font-weight: 400;\"> chi\u1ebft xu\u1ea5t t\u1eeb t\u1ea3o bi\u1ec3n mang \u0111\u1ebfn gi\u1ea3i ph\u00e1p to\u00e0n di\u1ec7n cho nh\u1eefng ai \u0111ang t\u00ecm ki\u1ebfm s\u1ee9c kh\u1ecfe b\u1ec1n b\u1ec9, s\u1ef1 t\u01b0\u01a1i tr\u1ebb v\u00e0 ngu\u1ed3n n\u0103ng l\u01b0\u1ee3ng d\u1ed3i d\u00e0o.<\/span><\/p>\n<p>&nbsp;<\/p>\n<h3><b>Specifications | Th\u00f4ng s\u1ed1 s\u1ea3n ph\u1ea9m<\/b><\/h3>\n<ul>\n<li style=\"font-weight: 400;\" aria-level=\"1\"><b>Key Ingredients:<\/b><span style=\"font-weight: 400;\"> $\\beta$-Nicotinamide Mononucleotide (NMN 10500) and Fucoidan extract. (<\/span><b>Th\u00e0nh ph\u1ea7n ch\u00ednh:<\/b><span style=\"font-weight: 400;\"> $\\beta$-Nicotinamide Mononucleotide (NMN 10500) v\u00e0 chi\u1ebft xu\u1ea5t Fucoidan.)<\/span><\/li>\n<li style=\"font-weight: 400;\" aria-level=\"1\"><b>Packaging:<\/b><span style=\"font-weight: 400;\"> 60 veggie capsules per bottle. (<\/span><b>Quy c\u00e1ch:<\/b><span style=\"font-weight: 400;\"> 60 vi\u00ean nang th\u1ef1c v\u1eadt m\u1ed7i h\u1ed9p.)<\/span><\/li>\n<li style=\"font-weight: 400;\" aria-level=\"1\"><b>Origin:<\/b><span style=\"font-weight: 400;\"> Made in Japan. (<\/span><b>Xu\u1ea5t x\u1ee9:<\/b><span style=\"font-weight: 400;\"> Nh\u1eadt B\u1ea3n.)<\/span><\/li>\n<\/ul>\n<p>&nbsp;<\/p>\n<h3><b>Key Benefits | C\u00f4ng d\u1ee5ng n\u1ed5i b\u1eadt<\/b><\/h3>\n<ul>\n<li style=\"font-weight: 400;\" aria-level=\"1\"><b>Cellular Rejuvenation:<\/b><span style=\"font-weight: 400;\"> Supports the repair of damaged DNA and promotes cellular energy production to slow down the natural aging process. (<\/span><b>Tr\u1ebb h\u00f3a t\u1ebf b\u00e0o:<\/b><span style=\"font-weight: 400;\"> H\u1ed7 tr\u1ee3 ph\u1ee5c h\u1ed3i c\u00e1c DNA b\u1ecb t\u1ed5n th\u01b0\u01a1ng v\u00e0 th\u00fac \u0111\u1ea9y s\u1ea3n sinh n\u0103ng l\u01b0\u1ee3ng t\u1ebf b\u00e0o, gi\u00fap l\u00e0m ch\u1eadm qu\u00e1 tr\u00ecnh l\u00e3o h\u00f3a t\u1ef1 nhi\u00ean.)<\/span><\/li>\n<li style=\"font-weight: 400;\" aria-level=\"1\"><b>Immune System Boost:<\/b><span style=\"font-weight: 400;\"> Enriched with Fucoidan to enhance natural defense mechanisms and support overall immunity. (<\/span><b>T\u0103ng c\u01b0\u1eddng mi\u1ec5n d\u1ecbch:<\/b><span style=\"font-weight: 400;\"> Chi\u1ebft xu\u1ea5t Fucoidan gi\u00fap k\u00edch ho\u1ea1t h\u1ec7 th\u1ed1ng ph\u00f2ng v\u1ec7 t\u1ef1 nhi\u00ean v\u00e0 n\u00e2ng cao s\u1ee9c \u0111\u1ec1 kh\u00e1ng t\u1ed5ng th\u1ec3.)<\/span><\/li>\n<li style=\"font-weight: 400;\" aria-level=\"1\"><b>Metabolic Support:<\/b><span style=\"font-weight: 400;\"> Helps stabilize blood sugar levels and improves metabolic health. (<\/span><b>H\u1ed7 tr\u1ee3 chuy\u1ec3n h\u00f3a:<\/b><span style=\"font-weight: 400;\"> G\u00f3p ph\u1ea7n \u1ed5n \u0111\u1ecbnh \u0111\u01b0\u1eddng huy\u1ebft v\u00e0 c\u1ea3i thi\u1ec7n c\u00e1c ch\u1ec9 s\u1ed1 s\u1ee9c kh\u1ecfe chuy\u1ec3n h\u00f3a.)<\/span><\/li>\n<li style=\"font-weight: 400;\" aria-level=\"1\"><b>Antioxidant Power:<\/b><span style=\"font-weight: 400;\"> Provides high-level antioxidant protection to neutralize free radicals. (<\/span><b>Ch\u1ed1ng oxy h\u00f3a m\u1ea1nh m\u1ebd:<\/b><span style=\"font-weight: 400;\"> Cung c\u1ea5p h\u00e0m l\u01b0\u1ee3ng ch\u1ea5t ch\u1ed1ng oxy h\u00f3a cao gi\u00fap trung h\u00f2a c\u00e1c g\u1ed1c t\u1ef1 do trong c\u01a1 th\u1ec3.)<\/span><\/li>\n<\/ul>\n<p>&nbsp;<\/p>\n<h3><b>Usage | H\u01b0\u1edbng d\u1eabn s\u1eed d\u1ee5ng<\/b><\/h3>\n<ul>\n<li style=\"font-weight: 400;\" aria-level=\"1\"><span style=\"font-weight: 400;\">Take as a dietary supplement. (S\u1eed d\u1ee5ng nh\u01b0 th\u1ef1c ph\u1ea9m b\u1ed5 sung h\u00e0ng ng\u00e0y.)<\/span><\/li>\n<li style=\"font-weight: 400;\" aria-level=\"1\"><span style=\"font-weight: 400;\">Recommended intake: Follow the dosage indicated on the packaging or as advised by a healthcare professional. (Li\u1ec1u d\u00f9ng: Theo h\u01b0\u1edbng d\u1eabn tr\u00ean bao b\u00ec ho\u1eb7c ch\u1ec9 \u0111\u1ecbnh c\u1ee7a chuy\u00ean gia y t\u1ebf.)<\/span><\/li>\n<\/ul>\n<p>&nbsp;<\/p>\n<h3><b>Special Promotion | Ch\u01b0\u01a1ng tr\u00ecnh \u01b0u \u0111\u00e3i<\/b><\/h3>\n<p><span style=\"font-weight: 400;\">\ud83c\udf81 <\/span><b>Exclusive Offer:<\/b><span style=\"font-weight: 400;\"> Buy 2 Get 1 FREE!<\/span><\/p>\n<p><span style=\"font-weight: 400;\">\ud83c\udf81 <\/span><b>\u01afu \u0111\u00e3i \u0111\u1eb7c bi\u1ec7t:<\/b><span style=\"font-weight: 400;\"> Mua 2 T\u1eb7ng 1!<\/span><\/p>\n<p><b>Love yourself, love your skin! Order now to unlock your inner radiance.<\/b><\/p>\n<p><b>Y\u00eau b\u1ea3n th\u00e2n, y\u00eau l\u00e0n da c\u1ee7a b\u1ea1n! \u0110\u1eb7t h\u00e0ng ngay \u0111\u1ec3 kh\u01a1i d\u1eady v\u1ebb r\u1ea1ng r\u1ee1 t\u1eeb b\u00ean trong.<\/b><\/p>\n","protected":false},"excerpt":{"rendered":"<p>$120\/1 chai<br \/>\n<strong>(Mua 2 t\u1eb7ng 1)<\/strong><\/p>\n","protected":false},"featured_media":3945,"comment_status":"closed","ping_status":"closed","template":"","meta":{"ocean_post_layout":"","ocean_both_sidebars_style":"","ocean_both_sidebars_content_width":0,"ocean_both_sidebars_sidebars_width":0,"ocean_sidebar":"0","ocean_second_sidebar":"0","ocean_disable_margins":"enable","ocean_add_body_class":"","ocean_shortcode_before_top_bar":"","ocean_shortcode_after_top_bar":"","ocean_shortcode_before_header":"","ocean_shortcode_after_header":"","ocean_has_shortcode":"","ocean_shortcode_after_title":"","ocean_shortcode_before_footer_widgets":"","ocean_shortcode_after_footer_widgets":"","ocean_shortcode_before_footer_bottom":"","ocean_shortcode_after_footer_bottom":"","ocean_display_top_bar":"default","ocean_display_header":"default","ocean_header_style":"","ocean_center_header_left_menu":"0","ocean_custom_header_template":"0","ocean_custom_logo":0,"ocean_custom_retina_logo":0,"ocean_custom_logo_max_width":0,"ocean_custom_logo_tablet_max_width":0,"ocean_custom_logo_mobile_max_width":0,"ocean_custom_logo_max_height":0,"ocean_custom_logo_tablet_max_height":0,"ocean_custom_logo_mobile_max_height":0,"ocean_header_custom_menu":"0","ocean_menu_typo_font_family":"0","ocean_menu_typo_font_subset":"","ocean_menu_typo_font_size":0,"ocean_menu_typo_font_size_tablet":0,"ocean_menu_typo_font_size_mobile":0,"ocean_menu_typo_font_size_unit":"px","ocean_menu_typo_font_weight":"","ocean_menu_typo_font_weight_tablet":"","ocean_menu_typo_font_weight_mobile":"","ocean_menu_typo_transform":"","ocean_menu_typo_transform_tablet":"","ocean_menu_typo_transform_mobile":"","ocean_menu_typo_line_height":0,"ocean_menu_typo_line_height_tablet":0,"ocean_menu_typo_line_height_mobile":0,"ocean_menu_typo_line_height_unit":"","ocean_menu_typo_spacing":0,"ocean_menu_typo_spacing_tablet":0,"ocean_menu_typo_spacing_mobile":0,"ocean_menu_typo_spacing_unit":"","ocean_menu_link_color":"","ocean_menu_link_color_hover":"","ocean_menu_link_color_active":"","ocean_menu_link_background":"","ocean_menu_link_hover_background":"","ocean_menu_link_active_background":"","ocean_menu_social_links_bg":"","ocean_menu_social_hover_links_bg":"","ocean_menu_social_links_color":"","ocean_menu_social_hover_links_color":"","ocean_disable_title":"default","ocean_disable_heading":"default","ocean_post_title":"","ocean_post_subheading":"","ocean_post_title_style":"","ocean_post_title_background_color":"","ocean_post_title_background":0,"ocean_post_title_bg_image_position":"","ocean_post_title_bg_image_attachment":"","ocean_post_title_bg_image_repeat":"","ocean_post_title_bg_image_size":"","ocean_post_title_height":0,"ocean_post_title_bg_overlay":0.5,"ocean_post_title_bg_overlay_color":"","ocean_disable_breadcrumbs":"default","ocean_breadcrumbs_color":"","ocean_breadcrumbs_separator_color":"","ocean_breadcrumbs_links_color":"","ocean_breadcrumbs_links_hover_color":"","ocean_display_footer_widgets":"default","ocean_display_footer_bottom":"default","ocean_custom_footer_template":"0"},"product_cat":[37],"product_tag":[],"class_list":{"0":"post-3944","1":"product","2":"type-product","3":"status-publish","4":"has-post-thumbnail","6":"product_cat-fucoidan","8":"entry","9":"has-media","11":"first","12":"instock","13":"shipping-taxable","14":"purchasable","15":"product-type-simple","16":"has-product-nav","17":"col","18":"span_1_of_4","19":"owp-content-center","20":"owp-thumbs-layout-horizontal","21":"owp-btn-normal","22":"owp-tabs-layout-horizontal","23":"has-no-thumbnails"},"_links":{"self":[{"href":"https:\/\/tantuquynh.com\/en\/wp-json\/wp\/v2\/product\/3944","targetHints":{"allow":["GET"]}}],"collection":[{"href":"https:\/\/tantuquynh.com\/en\/wp-json\/wp\/v2\/product"}],"about":[{"href":"https:\/\/tantuquynh.com\/en\/wp-json\/wp\/v2\/types\/product"}],"replies":[{"embeddable":true,"href":"https:\/\/tantuquynh.com\/en\/wp-json\/wp\/v2\/comments?post=3944"}],"wp:featuredmedia":[{"embeddable":true,"href":"https:\/\/tantuquynh.com\/en\/wp-json\/wp\/v2\/media\/3945"}],"wp:attachment":[{"href":"https:\/\/tantuquynh.com\/en\/wp-json\/wp\/v2\/media?parent=3944"}],"wp:term":[{"taxonomy":"product_cat","embeddable":true,"href":"https:\/\/tantuquynh.com\/en\/wp-json\/wp\/v2\/product_cat?post=3944"},{"taxonomy":"product_tag","embeddable":true,"href":"https:\/\/tantuquynh.com\/en\/wp-json\/wp\/v2\/product_tag?post=3944"}],"curies":[{"name":"wp","href":"https:\/\/api.w.org\/{rel}","templated":true}]}}