{"id":3938,"date":"2026-03-05T10:13:06","date_gmt":"2026-03-05T10:13:06","guid":{"rendered":"https:\/\/tantuquynh.com\/?post_type=product&#038;p=3938"},"modified":"2026-03-10T16:27:27","modified_gmt":"2026-03-10T16:27:27","slug":"sam-tieu-duong","status":"publish","type":"product","link":"https:\/\/tantuquynh.com\/en\/product\/sam-tieu-duong","title":{"rendered":"S\u00e2m ti\u1ec3u \u0111\u01b0\u1eddng"},"content":{"rendered":"<h2><b>GINSENG KHAN PREMIUM KOREAN GINSENG FRUIT EXTRACT TEA<\/b><\/h2>\n<p><b>Premium Ginseng Fruit Extract | Tinh Ch\u1ea5t H\u1ed3ng S\u00e2m Qu\u1ea3 H\u00e0n Qu\u1ed1c Th\u01b0\u1ee3ng H\u1ea1ng<\/b><\/p>\n<p>&nbsp;<\/p>\n<h3><b>Product Overview | T\u1ed5ng quan s\u1ea3n ph\u1ea9m<\/b><\/h3>\n<p><b>Brand | Th\u01b0\u01a1ng hi\u1ec7u:<\/b><span style=\"font-weight: 400;\"> Ginseng Khan (Samsung-certified \/ Ch\u1ee9ng nh\u1eadn b\u1edfi Samsung). <\/span><b>Product Type | Lo\u1ea1i s\u1ea3n ph\u1ea9m:<\/b><span style=\"font-weight: 400;\"> Premium Korean ginseng fruit extract tea (Tr\u00e0 tinh ch\u1ea5t qu\u1ea3 nh\u00e2n s\u00e2m H\u00e0n Qu\u1ed1c cao c\u1ea5p). <\/span><b>Net Weight | Tr\u1ecdng l\u01b0\u1ee3ng t\u1ecbnh:<\/b><span style=\"font-weight: 400;\"> 360ml (12ml x 30 packets\/g\u00f3i).<\/span><\/p>\n<p><span style=\"font-weight: 400;\">Experience the essence of Korean tradition with Ginseng Khan. Unlike root-based products, this formula focuses on the rare ginseng fruit, designed as a potent health supplement to revitalize your body and mind. Tr\u1ea3i nghi\u1ec7m tinh hoa truy\u1ec1n th\u1ed1ng H\u00e0n Qu\u1ed1c c\u00f9ng Ginseng Khan. Kh\u00e1c v\u1edbi c\u00e1c d\u00f2ng s\u1ea3n ph\u1ea9m t\u1eeb r\u1ec5, c\u00f4ng th\u1ee9c n\u00e0y t\u1eadp trung v\u00e0o th\u00e0nh ph\u1ea7n qu\u1ea3 nh\u00e2n s\u00e2m qu\u00fd hi\u1ebfm, \u0111\u01b0\u1ee3c thi\u1ebft k\u1ebf nh\u01b0 m\u1ed9t lo\u1ea1i th\u1ef1c ph\u1ea9m b\u1ed5 sung m\u1ea1nh m\u1ebd \u0111\u1ec3 ph\u1ee5c h\u1ed3i s\u1ee9c kh\u1ecfe v\u00e0 tinh th\u1ea7n.<\/span><\/p>\n<p>&nbsp;<\/p>\n<h3><b>Key Features | \u0110\u1eb7c \u0111i\u1ec3m n\u1ed5i b\u1eadt<\/b><\/h3>\n<ul>\n<li style=\"font-weight: 400;\" aria-level=\"1\"><b>Premium Quality:<\/b><span style=\"font-weight: 400;\"> Formulated from high-grade Korean ginseng fruit extract, strictly monitored under Samsung&#8217;s quality standards. (Ch\u1ea5t l\u01b0\u1ee3ng th\u01b0\u1ee3ng h\u1ea1ng: Chi\u1ebft xu\u1ea5t t\u1eeb qu\u1ea3 nh\u00e2n s\u00e2m H\u00e0n Qu\u1ed1c cao c\u1ea5p, \u0111\u01b0\u1ee3c ki\u1ec3m so\u00e1t ch\u1eb7t ch\u1ebd theo ti\u00eau chu\u1ea9n ch\u1ea5t l\u01b0\u1ee3ng c\u1ee7a Samsung.)<\/span><\/li>\n<li style=\"font-weight: 400;\" aria-level=\"1\"><b>Convenient Packaging:<\/b><span style=\"font-weight: 400;\"> Contains 30 individual 12ml packets, perfect for on-the-go health support. (Quy c\u00e1ch ti\u1ec7n l\u1ee3i: M\u1ed7i h\u1ed9p g\u1ed3m 30 g\u00f3i nh\u1ecf 12ml, l\u00fd t\u01b0\u1edfng \u0111\u1ec3 ch\u0103m s\u00f3c s\u1ee9c kh\u1ecfe m\u1ecdi l\u00fac, m\u1ecdi n\u01a1i.)<\/span><\/li>\n<li style=\"font-weight: 400;\" aria-level=\"1\"><b>Certified Excellence:<\/b><span style=\"font-weight: 400;\"> Features official certification markings, ensuring safety and authenticity. (Ch\u1ee9ng nh\u1eadn uy t\u00edn: S\u1ea3n ph\u1ea9m c\u00f3 \u0111\u1ea7y \u0111\u1ee7 tem nh\u00e3n ch\u1ee9ng nh\u1eadn, \u0111\u1ea3m b\u1ea3o t\u00ednh an to\u00e0n v\u00e0 ngu\u1ed3n g\u1ed1c ch\u00ednh h\u00e3ng.)<\/span><\/li>\n<\/ul>\n<p>&nbsp;<\/p>\n<h3><b>Health Benefits | C\u00f4ng d\u1ee5ng n\u1ed5i b\u1eadt<\/b><\/h3>\n<ul>\n<li style=\"font-weight: 400;\" aria-level=\"1\"><b>Vitality Boost:<\/b><span style=\"font-weight: 400;\"> Specifically formulated to support general health and enhance daily energy levels. (T\u0103ng c\u01b0\u1eddng sinh l\u1ef1c: C\u00f4ng th\u1ee9c \u0111\u1eb7c bi\u1ec7t gi\u00fap h\u1ed7 tr\u1ee3 s\u1ee9c kh\u1ecfe t\u1ed5ng th\u1ec3 v\u00e0 n\u00e2ng cao m\u1ee9c n\u0103ng l\u01b0\u1ee3ng m\u1ed7i ng\u00e0y.)<\/span><\/li>\n<li style=\"font-weight: 400;\" aria-level=\"1\"><b>Immune Support:<\/b><span style=\"font-weight: 400;\"> Rich in nutrients from ginseng fruit to help fortify the body&#8217;s natural defenses. (H\u1ed7 tr\u1ee3 mi\u1ec5n d\u1ecbch: Gi\u00e0u d\u01b0\u1ee1ng ch\u1ea5t t\u1eeb qu\u1ea3 s\u00e2m gi\u00fap c\u1ee7ng c\u1ed1 h\u00e0ng r\u00e0o b\u1ea3o v\u1ec7 t\u1ef1 nhi\u00ean c\u1ee7a c\u01a1 th\u1ec3.)<\/span><\/li>\n<li style=\"font-weight: 400;\" aria-level=\"1\"><b>Overall Radiance:<\/b><span style=\"font-weight: 400;\"> Promotes long-term wellness and physical endurance. (C\u1ea3i thi\u1ec7n th\u1ec3 tr\u1ea1ng: Duy tr\u00ec s\u1ef1 d\u1ebbo dai v\u00e0 s\u1ee9c b\u1ec1n cho c\u01a1 th\u1ec3 v\u1ec1 l\u00e2u d\u00e0i.)<\/span><\/li>\n<\/ul>\n<p>&nbsp;<\/p>\n<h3><b>Usage &amp; Storage | H\u01b0\u1edbng d\u1eabn s\u1eed d\u1ee5ng &amp; B\u1ea3o qu\u1ea3n<\/b><\/h3>\n<ul>\n<li style=\"font-weight: 400;\" aria-level=\"1\"><b>How to use:<\/b><span style=\"font-weight: 400;\"> Consume 1 packet daily, either directly or mixed with warm\/cold water depending on preference. (C\u00e1ch d\u00f9ng: S\u1eed d\u1ee5ng 1 g\u00f3i m\u1ed7i ng\u00e0y, c\u00f3 th\u1ec3 d\u00f9ng tr\u1ef1c ti\u1ebfp ho\u1eb7c pha v\u1edbi n\u01b0\u1edbc \u1ea5m\/l\u1ea1nh t\u00f9y s\u1edf th\u00edch.)<\/span><\/li>\n<li style=\"font-weight: 400;\" aria-level=\"1\"><b>Storage:<\/b><span style=\"font-weight: 400;\"> Keep in a cool, dry place. Avoid direct sunlight and high temperatures. (B\u1ea3o qu\u1ea3n: N\u01a1i kh\u00f4 r\u00e1o, tho\u00e1ng m\u00e1t. Tr\u00e1nh \u00e1nh n\u1eafng tr\u1ef1c ti\u1ebfp v\u00e0 nhi\u1ec7t \u0111\u1ed9 cao.)<\/span><\/li>\n<\/ul>\n<h3><b><br \/>\nSpecial Promotion | Ch\u01b0\u01a1ng tr\u00ecnh \u01b0u \u0111\u00e3i<\/b><\/h3>\n<p><span style=\"font-weight: 400;\">\ud83c\udf81 <\/span><b>Exclusive Offer:<\/b><span style=\"font-weight: 400;\"> Buy 2 Get 1 FREE!<\/span><\/p>\n<p><span style=\"font-weight: 400;\">\ud83c\udf81 <\/span><b>\u01afu \u0111\u00e3i \u0111\u1eb7c bi\u1ec7t:<\/b><span style=\"font-weight: 400;\"> Mua 2 T\u1eb7ng 1!<\/p>\n<p><\/span><\/p>\n<h3><b>Pro-Tip | L\u01b0u \u00fd quan tr\u1ecdng<\/b><\/h3>\n<p><b>Disclaimer:<\/b><span style=\"font-weight: 400;\"> Consult a healthcare professional before starting any new dietary supplement, especially if you have underlying medical conditions or are pregnant.\u00a0<\/span><\/p>\n<p><b>L\u01b0u \u00fd:<\/b><span style=\"font-weight: 400;\"> Vui l\u00f2ng tham kh\u1ea3o \u00fd ki\u1ebfn chuy\u00ean gia y t\u1ebf tr\u01b0\u1edbc khi b\u1eaft \u0111\u1ea7u s\u1eed d\u1ee5ng b\u1ea5t k\u1ef3 lo\u1ea1i th\u1ef1c ph\u1ea9m b\u1ed5 sung n\u00e0o, \u0111\u1eb7c bi\u1ec7t n\u1ebfu b\u1ea1n \u0111ang c\u00f3 b\u1ec7nh l\u00fd n\u1ec1n ho\u1eb7c \u0111ang trong thai k\u1ef3.<\/span><\/p>\n<p>&nbsp;<\/p>\n<p>&nbsp;<\/p>\n","protected":false},"excerpt":{"rendered":"<p>$275\/h\u1ed9p<br \/>\n<strong>(Mua 2 t\u1eb7ng 1)<\/strong><\/p>\n","protected":false},"featured_media":3939,"comment_status":"closed","ping_status":"closed","template":"","meta":{"ocean_post_layout":"","ocean_both_sidebars_style":"","ocean_both_sidebars_content_width":0,"ocean_both_sidebars_sidebars_width":0,"ocean_sidebar":"0","ocean_second_sidebar":"0","ocean_disable_margins":"enable","ocean_add_body_class":"","ocean_shortcode_before_top_bar":"","ocean_shortcode_after_top_bar":"","ocean_shortcode_before_header":"","ocean_shortcode_after_header":"","ocean_has_shortcode":"","ocean_shortcode_after_title":"","ocean_shortcode_before_footer_widgets":"","ocean_shortcode_after_footer_widgets":"","ocean_shortcode_before_footer_bottom":"","ocean_shortcode_after_footer_bottom":"","ocean_display_top_bar":"default","ocean_display_header":"default","ocean_header_style":"","ocean_center_header_left_menu":"0","ocean_custom_header_template":"0","ocean_custom_logo":0,"ocean_custom_retina_logo":0,"ocean_custom_logo_max_width":0,"ocean_custom_logo_tablet_max_width":0,"ocean_custom_logo_mobile_max_width":0,"ocean_custom_logo_max_height":0,"ocean_custom_logo_tablet_max_height":0,"ocean_custom_logo_mobile_max_height":0,"ocean_header_custom_menu":"0","ocean_menu_typo_font_family":"0","ocean_menu_typo_font_subset":"","ocean_menu_typo_font_size":0,"ocean_menu_typo_font_size_tablet":0,"ocean_menu_typo_font_size_mobile":0,"ocean_menu_typo_font_size_unit":"px","ocean_menu_typo_font_weight":"","ocean_menu_typo_font_weight_tablet":"","ocean_menu_typo_font_weight_mobile":"","ocean_menu_typo_transform":"","ocean_menu_typo_transform_tablet":"","ocean_menu_typo_transform_mobile":"","ocean_menu_typo_line_height":0,"ocean_menu_typo_line_height_tablet":0,"ocean_menu_typo_line_height_mobile":0,"ocean_menu_typo_line_height_unit":"","ocean_menu_typo_spacing":0,"ocean_menu_typo_spacing_tablet":0,"ocean_menu_typo_spacing_mobile":0,"ocean_menu_typo_spacing_unit":"","ocean_menu_link_color":"","ocean_menu_link_color_hover":"","ocean_menu_link_color_active":"","ocean_menu_link_background":"","ocean_menu_link_hover_background":"","ocean_menu_link_active_background":"","ocean_menu_social_links_bg":"","ocean_menu_social_hover_links_bg":"","ocean_menu_social_links_color":"","ocean_menu_social_hover_links_color":"","ocean_disable_title":"default","ocean_disable_heading":"default","ocean_post_title":"","ocean_post_subheading":"","ocean_post_title_style":"","ocean_post_title_background_color":"","ocean_post_title_background":0,"ocean_post_title_bg_image_position":"","ocean_post_title_bg_image_attachment":"","ocean_post_title_bg_image_repeat":"","ocean_post_title_bg_image_size":"","ocean_post_title_height":0,"ocean_post_title_bg_overlay":0.5,"ocean_post_title_bg_overlay_color":"","ocean_disable_breadcrumbs":"default","ocean_breadcrumbs_color":"","ocean_breadcrumbs_separator_color":"","ocean_breadcrumbs_links_color":"","ocean_breadcrumbs_links_hover_color":"","ocean_display_footer_widgets":"default","ocean_display_footer_bottom":"default","ocean_custom_footer_template":"0"},"product_cat":[33],"product_tag":[],"class_list":{"0":"post-3938","1":"product","2":"type-product","3":"status-publish","4":"has-post-thumbnail","6":"product_cat-nhan-sam","8":"entry","9":"has-media","11":"first","12":"instock","13":"shipping-taxable","14":"purchasable","15":"product-type-simple","16":"has-product-nav","17":"col","18":"span_1_of_4","19":"owp-content-center","20":"owp-thumbs-layout-horizontal","21":"owp-btn-normal","22":"owp-tabs-layout-horizontal","23":"has-no-thumbnails"},"_links":{"self":[{"href":"https:\/\/tantuquynh.com\/en\/wp-json\/wp\/v2\/product\/3938","targetHints":{"allow":["GET"]}}],"collection":[{"href":"https:\/\/tantuquynh.com\/en\/wp-json\/wp\/v2\/product"}],"about":[{"href":"https:\/\/tantuquynh.com\/en\/wp-json\/wp\/v2\/types\/product"}],"replies":[{"embeddable":true,"href":"https:\/\/tantuquynh.com\/en\/wp-json\/wp\/v2\/comments?post=3938"}],"wp:featuredmedia":[{"embeddable":true,"href":"https:\/\/tantuquynh.com\/en\/wp-json\/wp\/v2\/media\/3939"}],"wp:attachment":[{"href":"https:\/\/tantuquynh.com\/en\/wp-json\/wp\/v2\/media?parent=3938"}],"wp:term":[{"taxonomy":"product_cat","embeddable":true,"href":"https:\/\/tantuquynh.com\/en\/wp-json\/wp\/v2\/product_cat?post=3938"},{"taxonomy":"product_tag","embeddable":true,"href":"https:\/\/tantuquynh.com\/en\/wp-json\/wp\/v2\/product_tag?post=3938"}],"curies":[{"name":"wp","href":"https:\/\/api.w.org\/{rel}","templated":true}]}}