{"id":3932,"date":"2026-03-05T10:04:17","date_gmt":"2026-03-05T10:04:17","guid":{"rendered":"https:\/\/tantuquynh.com\/?post_type=product&#038;p=3932"},"modified":"2026-03-05T10:04:17","modified_gmt":"2026-03-05T10:04:17","slug":"sam-vip-3-1-han-quoc","status":"publish","type":"product","link":"https:\/\/tantuquynh.com\/en\/product\/sam-vip-3-1-han-quoc","title":{"rendered":"S\u00e2m VIP 3-1 H\u00e0n Qu\u1ed1c"},"content":{"rendered":"<h2><b>KOREA BLACK GINSENG PREMIUM VIP EXTRACT<\/b><\/h2>\n<h3><b>Premium 6-Year-Old Black Ginseng | Cao H\u1eafc S\u00e2m H\u00e0n Qu\u1ed1c Premium VIP<\/b><\/h3>\n<p>&nbsp;<\/p>\n<h3><b>Product Overview | T\u1ed5ng quan s\u1ea3n ph\u1ea9m<\/b><\/h3>\n<p><b>Experience the pinnacle of Korean herbal tradition with our Korea Black Ginseng Premium VIP Extract.<\/b><span style=\"font-weight: 400;\"> This premium formula features 6-year-old black ginseng, carefully processed to maximize its potency and bioactive compounds. Tr\u1ea3i nghi\u1ec7m tinh hoa truy\u1ec1n th\u1ed1ng th\u1ea3o d\u01b0\u1ee3c H\u00e0n Qu\u1ed1c v\u1edbi Cao H\u1eafc S\u00e2m Premium VIP. S\u1ea3n ph\u1ea9m s\u1eed d\u1ee5ng h\u1eafc s\u00e2m 6 n\u0103m tu\u1ed5i th\u01b0\u1ee3ng h\u1ea1ng, \u0111\u01b0\u1ee3c ch\u1ebf bi\u1ebfn t\u1ec9 m\u1ec9 \u0111\u1ec3 t\u1ed1i \u01b0u h\u00f3a h\u00e0m l\u01b0\u1ee3ng d\u01b0\u1ee1ng ch\u1ea5t v\u00e0 c\u00e1c ho\u1ea1t ch\u1ea5t sinh h\u1ecdc qu\u00fd gi\u00e1.<\/span><\/p>\n<p>&nbsp;<\/p>\n<h3><b>Key Features | \u0110\u1eb7c \u0111i\u1ec3m n\u1ed5i b\u1eadt<\/b><\/h3>\n<ul>\n<li style=\"font-weight: 400;\" aria-level=\"1\"><b>Key Ingredients<\/b><span style=\"font-weight: 400;\">: 6-year-old Black Ginseng extract, Reishi mushroom (Linh chi), and Cordyceps Sinensis (\u0110\u00f4ng tr\u00f9ng h\u1ea1 th\u1ea3o). (<\/span><b>Th\u00e0nh ph\u1ea7n ch\u00ednh<\/b><span style=\"font-weight: 400;\">: Chi\u1ebft xu\u1ea5t H\u1eafc s\u00e2m 6 n\u0103m tu\u1ed5i, N\u1ea5m Linh chi v\u00e0 \u0110\u00f4ng tr\u00f9ng h\u1ea1 th\u1ea3o.)<\/span><\/li>\n<li style=\"font-weight: 400;\" aria-level=\"1\"><b>Packaging<\/b><span style=\"font-weight: 400;\">: 4 jars x 240g (Total 960g per box). (<\/span><b>Quy c\u00e1ch<\/b><span style=\"font-weight: 400;\">: 4 h\u0169 x 240g (T\u1ed5ng 960g m\u1ed7i h\u1ed9p).)<\/span><\/li>\n<li style=\"font-weight: 400;\" aria-level=\"1\"><b>Quality Standards<\/b><span style=\"font-weight: 400;\">: Produced in South Korea under strict GMP and HACCP standards. (<\/span><b>Ti\u00eau chu\u1ea9n ch\u1ea5t l\u01b0\u1ee3ng<\/b><span style=\"font-weight: 400;\">: S\u1ea3n xu\u1ea5t t\u1ea1i H\u00e0n Qu\u1ed1c theo ti\u00eau chu\u1ea9n nghi\u00eam ng\u1eb7t GMP v\u00e0 HACCP.)<\/span><\/li>\n<\/ul>\n<p>&nbsp;<\/p>\n<h3><b>Health Benefits | C\u00f4ng d\u1ee5ng n\u1ed5i b\u1eadt<\/b><\/h3>\n<ul>\n<li style=\"font-weight: 400;\" aria-level=\"1\"><b>Immune System Support<\/b><span style=\"font-weight: 400;\">: Contains high levels of ginsenosides believed to significantly boost the body&#8217;s natural defenses. (<\/span><b>T\u0103ng c\u01b0\u1eddng h\u1ec7 mi\u1ec5n d\u1ecbch<\/b><span style=\"font-weight: 400;\">: Ch\u1ee9a h\u00e0m l\u01b0\u1ee3ng Ginsenoside cao, gi\u00fap c\u1ee7ng c\u1ed1 h\u00e0ng r\u00e0o b\u1ea3o v\u1ec7 t\u1ef1 nhi\u00ean c\u1ee7a c\u01a1 th\u1ec3.)<\/span><\/li>\n<li style=\"font-weight: 400;\" aria-level=\"1\"><b>Energy &amp; Vitality Enhancement<\/b><span style=\"font-weight: 400;\">: Designed to fight fatigue and provide a sustainable energy boost for your daily activities. (<\/span><b>T\u0103ng c\u01b0\u1eddng n\u0103ng l\u01b0\u1ee3ng &amp; Sinh l\u1ef1c<\/b><span style=\"font-weight: 400;\">: Gi\u00fap xua tan m\u1ec7t m\u1ecfi v\u00e0 cung c\u1ea5p ngu\u1ed3n n\u0103ng l\u01b0\u1ee3ng b\u1ec1n b\u1ec9 cho c\u00e1c ho\u1ea1t \u0111\u1ed9ng h\u00e0ng ng\u00e0y.)<\/span><\/li>\n<li style=\"font-weight: 400;\" aria-level=\"1\"><b>Comprehensive Wellness<\/b><span style=\"font-weight: 400;\">: The combination of Black Ginseng, Reishi, and Cordyceps supports overall health and longevity. (<\/span><b>Ch\u0103m s\u00f3c s\u1ee9c kh\u1ecfe to\u00e0n di\u1ec7n<\/b><span style=\"font-weight: 400;\">: S\u1ef1 k\u1ebft h\u1ee3p gi\u1eefa H\u1eafc s\u00e2m, Linh chi v\u00e0 \u0110\u00f4ng tr\u00f9ng h\u1ea1 th\u1ea3o h\u1ed7 tr\u1ee3 s\u1ee9c kh\u1ecfe t\u1ed5ng th\u1ec3 v\u00e0 k\u00e9o d\u00e0i tu\u1ed5i th\u1ecd.)<\/span><\/li>\n<\/ul>\n<p>&nbsp;<\/p>\n<h3><b>Usage &amp; Target Users | H\u01b0\u1edbng d\u1eabn s\u1eed d\u1ee5ng &amp; \u0110\u1ed1i t\u01b0\u1ee3ng<\/b><\/h3>\n<ul>\n<li style=\"font-weight: 400;\" aria-level=\"1\"><b>Ideal for<\/b><span style=\"font-weight: 400;\">: Individuals over 25 years old or those experiencing collagen\/energy deficiency. (<\/span><b>\u0110\u1ed1i t\u01b0\u1ee3ng s\u1eed d\u1ee5ng<\/b><span style=\"font-weight: 400;\">: L\u00fd t\u01b0\u1edfng cho ng\u01b0\u1eddi tr\u00ean 25 tu\u1ed5i ho\u1eb7c ng\u01b0\u1eddi b\u1ecb thi\u1ebfu h\u1ee5t n\u0103ng l\u01b0\u1ee3ng, c\u1ea7n b\u1ed3i b\u1ed5 s\u1ee9c kh\u1ecfe.)<\/span><\/li>\n<li style=\"font-weight: 400;\" aria-level=\"1\"><b>Storage<\/b><span style=\"font-weight: 400;\">: Keep in a cool, dry place. Avoid direct sunlight. (<\/span><b>B\u1ea3o qu\u1ea3n<\/b><span style=\"font-weight: 400;\">: N\u01a1i kh\u00f4 r\u00e1o, tho\u00e1ng m\u00e1t. Tr\u00e1nh \u00e1nh n\u1eafng tr\u1ef1c ti\u1ebfp.)<\/span><\/li>\n<\/ul>\n<p>&nbsp;<\/p>\n<h3><b>Special Promotion | Ch\u01b0\u01a1ng tr\u00ecnh \u01b0u \u0111\u00e3i<\/b><\/h3>\n<p><span style=\"font-weight: 400;\">\ud83d\udd25 <\/span><b>EXCLUSIVE OFFER: BUY 2 GET 1 FREE!<\/b><span style=\"font-weight: 400;\"> Take advantage of this limited-time deal to invest in your health or share the gift of wellness with your loved ones.\u00a0<\/span><\/p>\n<p><span style=\"font-weight: 400;\">\ud83d\udd25 <\/span><b>\u01afU \u0110\u00c3I \u0110\u1eb6C BI\u1ec6T: MUA 2 T\u1eb6NG 1!<\/b><span style=\"font-weight: 400;\"> \u0110\u1eebng b\u1ecf l\u1ee1 c\u01a1 h\u1ed9i c\u00f3 h\u1ea1n n\u00e0y \u0111\u1ec3 \u0111\u1ea7u t\u01b0 cho s\u1ee9c kh\u1ecfe b\u1ea3n th\u00e2n ho\u1eb7c l\u00e0m qu\u00e0 t\u1eb7ng \u00fd ngh\u0129a cho nh\u1eefng ng\u01b0\u1eddi th\u00e2n y\u00eau.<\/span><\/p>\n","protected":false},"excerpt":{"rendered":"<p>$435\/h\u1ed9p<\/p>\n","protected":false},"featured_media":3933,"comment_status":"closed","ping_status":"closed","template":"","meta":{"ocean_post_layout":"","ocean_both_sidebars_style":"","ocean_both_sidebars_content_width":0,"ocean_both_sidebars_sidebars_width":0,"ocean_sidebar":"0","ocean_second_sidebar":"0","ocean_disable_margins":"enable","ocean_add_body_class":"","ocean_shortcode_before_top_bar":"","ocean_shortcode_after_top_bar":"","ocean_shortcode_before_header":"","ocean_shortcode_after_header":"","ocean_has_shortcode":"","ocean_shortcode_after_title":"","ocean_shortcode_before_footer_widgets":"","ocean_shortcode_after_footer_widgets":"","ocean_shortcode_before_footer_bottom":"","ocean_shortcode_after_footer_bottom":"","ocean_display_top_bar":"default","ocean_display_header":"default","ocean_header_style":"","ocean_center_header_left_menu":"0","ocean_custom_header_template":"0","ocean_custom_logo":0,"ocean_custom_retina_logo":0,"ocean_custom_logo_max_width":0,"ocean_custom_logo_tablet_max_width":0,"ocean_custom_logo_mobile_max_width":0,"ocean_custom_logo_max_height":0,"ocean_custom_logo_tablet_max_height":0,"ocean_custom_logo_mobile_max_height":0,"ocean_header_custom_menu":"0","ocean_menu_typo_font_family":"0","ocean_menu_typo_font_subset":"","ocean_menu_typo_font_size":0,"ocean_menu_typo_font_size_tablet":0,"ocean_menu_typo_font_size_mobile":0,"ocean_menu_typo_font_size_unit":"px","ocean_menu_typo_font_weight":"","ocean_menu_typo_font_weight_tablet":"","ocean_menu_typo_font_weight_mobile":"","ocean_menu_typo_transform":"","ocean_menu_typo_transform_tablet":"","ocean_menu_typo_transform_mobile":"","ocean_menu_typo_line_height":0,"ocean_menu_typo_line_height_tablet":0,"ocean_menu_typo_line_height_mobile":0,"ocean_menu_typo_line_height_unit":"","ocean_menu_typo_spacing":0,"ocean_menu_typo_spacing_tablet":0,"ocean_menu_typo_spacing_mobile":0,"ocean_menu_typo_spacing_unit":"","ocean_menu_link_color":"","ocean_menu_link_color_hover":"","ocean_menu_link_color_active":"","ocean_menu_link_background":"","ocean_menu_link_hover_background":"","ocean_menu_link_active_background":"","ocean_menu_social_links_bg":"","ocean_menu_social_hover_links_bg":"","ocean_menu_social_links_color":"","ocean_menu_social_hover_links_color":"","ocean_disable_title":"default","ocean_disable_heading":"default","ocean_post_title":"","ocean_post_subheading":"","ocean_post_title_style":"","ocean_post_title_background_color":"","ocean_post_title_background":0,"ocean_post_title_bg_image_position":"","ocean_post_title_bg_image_attachment":"","ocean_post_title_bg_image_repeat":"","ocean_post_title_bg_image_size":"","ocean_post_title_height":0,"ocean_post_title_bg_overlay":0.5,"ocean_post_title_bg_overlay_color":"","ocean_disable_breadcrumbs":"default","ocean_breadcrumbs_color":"","ocean_breadcrumbs_separator_color":"","ocean_breadcrumbs_links_color":"","ocean_breadcrumbs_links_hover_color":"","ocean_display_footer_widgets":"default","ocean_display_footer_bottom":"default","ocean_custom_footer_template":"0"},"product_cat":[33],"product_tag":[],"class_list":{"0":"post-3932","1":"product","2":"type-product","3":"status-publish","4":"has-post-thumbnail","6":"product_cat-nhan-sam","8":"entry","9":"has-media","11":"first","12":"instock","13":"shipping-taxable","14":"purchasable","15":"product-type-simple","16":"has-product-nav","17":"col","18":"span_1_of_4","19":"owp-content-center","20":"owp-thumbs-layout-horizontal","21":"owp-btn-normal","22":"owp-tabs-layout-horizontal","23":"has-no-thumbnails"},"_links":{"self":[{"href":"https:\/\/tantuquynh.com\/en\/wp-json\/wp\/v2\/product\/3932","targetHints":{"allow":["GET"]}}],"collection":[{"href":"https:\/\/tantuquynh.com\/en\/wp-json\/wp\/v2\/product"}],"about":[{"href":"https:\/\/tantuquynh.com\/en\/wp-json\/wp\/v2\/types\/product"}],"replies":[{"embeddable":true,"href":"https:\/\/tantuquynh.com\/en\/wp-json\/wp\/v2\/comments?post=3932"}],"wp:featuredmedia":[{"embeddable":true,"href":"https:\/\/tantuquynh.com\/en\/wp-json\/wp\/v2\/media\/3933"}],"wp:attachment":[{"href":"https:\/\/tantuquynh.com\/en\/wp-json\/wp\/v2\/media?parent=3932"}],"wp:term":[{"taxonomy":"product_cat","embeddable":true,"href":"https:\/\/tantuquynh.com\/en\/wp-json\/wp\/v2\/product_cat?post=3932"},{"taxonomy":"product_tag","embeddable":true,"href":"https:\/\/tantuquynh.com\/en\/wp-json\/wp\/v2\/product_tag?post=3932"}],"curies":[{"name":"wp","href":"https:\/\/api.w.org\/{rel}","templated":true}]}}