{"id":3929,"date":"2026-03-05T09:51:42","date_gmt":"2026-03-05T09:51:42","guid":{"rendered":"https:\/\/tantuquynh.com\/?post_type=product&#038;p=3929"},"modified":"2026-03-05T09:51:42","modified_gmt":"2026-03-05T09:51:42","slug":"sam-mat-ong-han-quoc","status":"publish","type":"product","link":"https:\/\/tantuquynh.com\/en\/product\/sam-mat-ong-han-quoc","title":{"rendered":"S\u00e2m M\u1eadt Ong H\u00e0n Qu\u1ed1c"},"content":{"rendered":"<h2><b>CHEON WANG SAM BLACK GINSENG | H\u1eaeC S\u00c2M THI\u00caN V\u01af\u01a0NG<\/b><\/h2>\n<h3><b>Product Overview | T\u1ed5ng quan s\u1ea3n ph\u1ea9m<\/b><\/h3>\n<ul>\n<li style=\"font-weight: 400;\" aria-level=\"1\"><b>Brand | Th\u01b0\u01a1ng hi\u1ec7u:<\/b><span style=\"font-weight: 400;\"> Daehan Red Ginseng Promotion Agency.<\/span><\/li>\n<li style=\"font-weight: 400;\" aria-level=\"1\"><b>Product Type | Lo\u1ea1i s\u1ea3n ph\u1ea9m:<\/b><span style=\"font-weight: 400;\"> 6-year-old Korean black ginseng concentrate (Chi\u1ebft xu\u1ea5t h\u1eafc s\u00e2m H\u00e0n Qu\u1ed1c 6 n\u0103m tu\u1ed5i).<\/span><\/li>\n<li style=\"font-weight: 400;\" aria-level=\"1\"><b>Net Weight | Tr\u1ecdng l\u01b0\u1ee3ng t\u1ecbnh:<\/b><span style=\"font-weight: 400;\"> 960g (240g x 4 jars\/h\u0169).<\/span><\/li>\n<\/ul>\n<p>&nbsp;<\/p>\n<h3><b>Key Features | \u0110\u1eb7c \u0111i\u1ec3m n\u1ed5i b\u1eadt<\/b><\/h3>\n<ul>\n<li style=\"font-weight: 400;\" aria-level=\"1\"><b>Premium Quality:<\/b><span style=\"font-weight: 400;\"> Made from high-quality 6-year-old Korean black ginseng.<\/span>\n<ul>\n<li style=\"font-weight: 400;\" aria-level=\"2\"><i><span style=\"font-weight: 400;\">Ch\u1ea5t l\u01b0\u1ee3ng cao c\u1ea5p: \u0110\u01b0\u1ee3c ch\u1ebf bi\u1ebfn t\u1eeb h\u1eafc s\u00e2m H\u00e0n Qu\u1ed1c 6 n\u0103m tu\u1ed5i th\u01b0\u1ee3ng h\u1ea1ng.<\/span><\/i><\/li>\n<\/ul>\n<\/li>\n<li style=\"font-weight: 400;\" aria-level=\"1\"><b>Concentrated Formula:<\/b><span style=\"font-weight: 400;\"> Features 10% black ginseng concentrate with a solid content of over 0.5%.<\/span>\n<ul>\n<li style=\"font-weight: 400;\" aria-level=\"2\"><i><span style=\"font-weight: 400;\">C\u00f4ng th\u1ee9c \u0111\u1eadm \u0111\u1eb7c: Ch\u1ee9a 10% chi\u1ebft xu\u1ea5t h\u1eafc s\u00e2m v\u1edbi h\u00e0m l\u01b0\u1ee3ng ch\u1ea5t r\u1eafn tr\u00ean 0.5%.<\/span><\/i><\/li>\n<\/ul>\n<\/li>\n<\/ul>\n<p>&nbsp;<\/p>\n<h3><b>Usage &amp; Benefits | C\u00f4ng d\u1ee5ng &amp; C\u00e1ch d\u00f9ng<\/b><\/h3>\n<ul>\n<li style=\"font-weight: 400;\" aria-level=\"1\"><span style=\"font-weight: 400;\">Supports overall health, enhances vitality, and boosts the immune system.<\/span>\n<ul>\n<li style=\"font-weight: 400;\" aria-level=\"2\"><i><span style=\"font-weight: 400;\">H\u1ed7 tr\u1ee3 s\u1ee9c kh\u1ecfe t\u1ed5ng th\u1ec3, t\u0103ng c\u01b0\u1eddng sinh l\u1ef1c v\u00e0 n\u00e2ng cao h\u1ec7 mi\u1ec5n d\u1ecbch.<\/span><\/i><\/li>\n<\/ul>\n<\/li>\n<li style=\"font-weight: 400;\" aria-level=\"1\"><span style=\"font-weight: 400;\">Ideal for gifting or personal long-term health maintenance.<\/span>\n<ul>\n<li style=\"font-weight: 400;\" aria-level=\"2\"><i><span style=\"font-weight: 400;\">L\u00fd t\u01b0\u1edfng \u0111\u1ec3 l\u00e0m qu\u00e0 bi\u1ebfu t\u1eb7ng ho\u1eb7c s\u1eed d\u1ee5ng c\u00e1 nh\u00e2n \u0111\u1ec3 duy tr\u00ec s\u1ee9c kh\u1ecfe l\u00e2u d\u00e0i.<\/span><\/i><\/li>\n<\/ul>\n<\/li>\n<\/ul>\n","protected":false},"excerpt":{"rendered":"<p>$600\/h\u1ed9p<\/p>\n","protected":false},"featured_media":3930,"comment_status":"closed","ping_status":"closed","template":"","meta":{"ocean_post_layout":"","ocean_both_sidebars_style":"","ocean_both_sidebars_content_width":0,"ocean_both_sidebars_sidebars_width":0,"ocean_sidebar":"0","ocean_second_sidebar":"0","ocean_disable_margins":"enable","ocean_add_body_class":"","ocean_shortcode_before_top_bar":"","ocean_shortcode_after_top_bar":"","ocean_shortcode_before_header":"","ocean_shortcode_after_header":"","ocean_has_shortcode":"","ocean_shortcode_after_title":"","ocean_shortcode_before_footer_widgets":"","ocean_shortcode_after_footer_widgets":"","ocean_shortcode_before_footer_bottom":"","ocean_shortcode_after_footer_bottom":"","ocean_display_top_bar":"default","ocean_display_header":"default","ocean_header_style":"","ocean_center_header_left_menu":"0","ocean_custom_header_template":"0","ocean_custom_logo":0,"ocean_custom_retina_logo":0,"ocean_custom_logo_max_width":0,"ocean_custom_logo_tablet_max_width":0,"ocean_custom_logo_mobile_max_width":0,"ocean_custom_logo_max_height":0,"ocean_custom_logo_tablet_max_height":0,"ocean_custom_logo_mobile_max_height":0,"ocean_header_custom_menu":"0","ocean_menu_typo_font_family":"0","ocean_menu_typo_font_subset":"","ocean_menu_typo_font_size":0,"ocean_menu_typo_font_size_tablet":0,"ocean_menu_typo_font_size_mobile":0,"ocean_menu_typo_font_size_unit":"px","ocean_menu_typo_font_weight":"","ocean_menu_typo_font_weight_tablet":"","ocean_menu_typo_font_weight_mobile":"","ocean_menu_typo_transform":"","ocean_menu_typo_transform_tablet":"","ocean_menu_typo_transform_mobile":"","ocean_menu_typo_line_height":0,"ocean_menu_typo_line_height_tablet":0,"ocean_menu_typo_line_height_mobile":0,"ocean_menu_typo_line_height_unit":"","ocean_menu_typo_spacing":0,"ocean_menu_typo_spacing_tablet":0,"ocean_menu_typo_spacing_mobile":0,"ocean_menu_typo_spacing_unit":"","ocean_menu_link_color":"","ocean_menu_link_color_hover":"","ocean_menu_link_color_active":"","ocean_menu_link_background":"","ocean_menu_link_hover_background":"","ocean_menu_link_active_background":"","ocean_menu_social_links_bg":"","ocean_menu_social_hover_links_bg":"","ocean_menu_social_links_color":"","ocean_menu_social_hover_links_color":"","ocean_disable_title":"default","ocean_disable_heading":"default","ocean_post_title":"","ocean_post_subheading":"","ocean_post_title_style":"","ocean_post_title_background_color":"","ocean_post_title_background":0,"ocean_post_title_bg_image_position":"","ocean_post_title_bg_image_attachment":"","ocean_post_title_bg_image_repeat":"","ocean_post_title_bg_image_size":"","ocean_post_title_height":0,"ocean_post_title_bg_overlay":0.5,"ocean_post_title_bg_overlay_color":"","ocean_disable_breadcrumbs":"default","ocean_breadcrumbs_color":"","ocean_breadcrumbs_separator_color":"","ocean_breadcrumbs_links_color":"","ocean_breadcrumbs_links_hover_color":"","ocean_display_footer_widgets":"default","ocean_display_footer_bottom":"default","ocean_custom_footer_template":"0"},"product_cat":[33],"product_tag":[],"class_list":{"0":"post-3929","1":"product","2":"type-product","3":"status-publish","4":"has-post-thumbnail","6":"product_cat-nhan-sam","8":"entry","9":"has-media","11":"first","12":"instock","13":"shipping-taxable","14":"purchasable","15":"product-type-simple","16":"has-product-nav","17":"col","18":"span_1_of_4","19":"owp-content-center","20":"owp-thumbs-layout-horizontal","21":"owp-btn-normal","22":"owp-tabs-layout-horizontal","23":"has-no-thumbnails"},"_links":{"self":[{"href":"https:\/\/tantuquynh.com\/en\/wp-json\/wp\/v2\/product\/3929","targetHints":{"allow":["GET"]}}],"collection":[{"href":"https:\/\/tantuquynh.com\/en\/wp-json\/wp\/v2\/product"}],"about":[{"href":"https:\/\/tantuquynh.com\/en\/wp-json\/wp\/v2\/types\/product"}],"replies":[{"embeddable":true,"href":"https:\/\/tantuquynh.com\/en\/wp-json\/wp\/v2\/comments?post=3929"}],"wp:featuredmedia":[{"embeddable":true,"href":"https:\/\/tantuquynh.com\/en\/wp-json\/wp\/v2\/media\/3930"}],"wp:attachment":[{"href":"https:\/\/tantuquynh.com\/en\/wp-json\/wp\/v2\/media?parent=3929"}],"wp:term":[{"taxonomy":"product_cat","embeddable":true,"href":"https:\/\/tantuquynh.com\/en\/wp-json\/wp\/v2\/product_cat?post=3929"},{"taxonomy":"product_tag","embeddable":true,"href":"https:\/\/tantuquynh.com\/en\/wp-json\/wp\/v2\/product_tag?post=3929"}],"curies":[{"name":"wp","href":"https:\/\/api.w.org\/{rel}","templated":true}]}}