{"id":3926,"date":"2026-03-05T09:48:46","date_gmt":"2026-03-05T09:48:46","guid":{"rendered":"https:\/\/tantuquynh.com\/?post_type=product&#038;p=3926"},"modified":"2026-03-05T09:49:28","modified_gmt":"2026-03-05T09:49:28","slug":"cafe-sam","status":"publish","type":"product","link":"https:\/\/tantuquynh.com\/en\/product\/cafe-sam","title":{"rendered":"Cafe S\u00e2m"},"content":{"rendered":"<h2><b>CHEOSMANNAM HONG-SAM COFFEE MIX<\/b><\/h2>\n<p><b>Premium Korean Red Ginseng Coffee | C\u00e0 Ph\u00ea H\u1ed3ng S\u00e2m H\u00e0n Qu\u1ed1c Cao C\u1ea5p<\/b><\/p>\n<p>&nbsp;<\/p>\n<h3><b>Product Overview | T\u1ed5ng quan s\u1ea3n ph\u1ea9m<\/b><\/h3>\n<p><span style=\"font-weight: 400;\">Experience the perfect harmony of rich Arabica coffee and traditional Korean Red Ginseng. <\/span><b>Cheosmannam Hong-Sam Coffee Mix<\/b><span style=\"font-weight: 400;\"> is designed for those who need a physical and mental boost to conquer their day.<\/span><\/p>\n<p><span style=\"font-weight: 400;\">Tr\u1ea3i nghi\u1ec7m s\u1ef1 k\u1ebft h\u1ee3p ho\u00e0n h\u1ea3o gi\u1eefa h\u01b0\u01a1ng v\u1ecb \u0111\u1eadm \u0111\u00e0 c\u1ee7a c\u00e0 ph\u00ea Arabica v\u00e0 H\u1ed3ng s\u00e2m truy\u1ec1n th\u1ed1ng H\u00e0n Qu\u1ed1c. <\/span><b>C\u00e0 ph\u00ea H\u1ed3ng s\u00e2m Cheosmannam<\/b><span style=\"font-weight: 400;\"> l\u00e0 l\u1ef1a ch\u1ecdn l\u00fd t\u01b0\u1edfng cho nh\u1eefng ai c\u1ea7n ti\u1ebfp th\u00eam n\u0103ng l\u01b0\u1ee3ng v\u00e0 s\u1ef1 t\u1ec9nh t\u00e1o \u0111\u1ec3 chinh ph\u1ee5c ng\u00e0y m\u1edbi.<\/span><\/p>\n<h3><b>Specifications | Th\u00f4ng s\u1ed1 s\u1ea3n ph\u1ea9m<\/b><\/h3>\n<ul>\n<li style=\"font-weight: 400;\" aria-level=\"1\"><b>Ingredients:<\/b><span style=\"font-weight: 400;\"> Premium Arabica coffee blend &amp; Korean Red Ginseng extract. <\/span><i><span style=\"font-weight: 400;\">(Th\u00e0nh ph\u1ea7n: S\u1ef1 k\u1ebft h\u1ee3p gi\u1eefa c\u00e0 ph\u00ea Arabica th\u01b0\u1ee3ng h\u1ea1ng v\u00e0 chi\u1ebft xu\u1ea5t h\u1ed3ng s\u00e2m H\u00e0n Qu\u1ed1c.)<\/span><\/i><\/li>\n<li style=\"font-weight: 400;\" aria-level=\"1\"><b>Packaging:<\/b><span style=\"font-weight: 400;\"> 20 sticks per box. <\/span><i><span style=\"font-weight: 400;\">(Quy c\u00e1ch: 20 g\u00f3i\/h\u1ed9p.)<\/span><\/i><\/li>\n<li style=\"font-weight: 400;\" aria-level=\"1\"><b>Energy Content:<\/b><span style=\"font-weight: 400;\"> 1,020 kcal per box. <\/span><i><span style=\"font-weight: 400;\">(N\u0103ng l\u01b0\u1ee3ng: 1,020 kcal m\u1ed7i h\u1ed9p.)<\/span><\/i><\/li>\n<\/ul>\n<p>&nbsp;<\/p>\n<h3><b>Health Benefits | C\u00f4ng d\u1ee5ng n\u1ed5i b\u1eadt<\/b><\/h3>\n<ul>\n<li style=\"font-weight: 400;\" aria-level=\"1\"><b>Anti-Fatigue &amp; Quick Alertness:<\/b><span style=\"font-weight: 400;\"> This coffee mix fights fatigue with a rapid onset of action, making it essential for tasks requiring sharp reflexes, precise judgment, and creativity. <\/span><i><span style=\"font-weight: 400;\">(Ch\u1ed1ng m\u1ec7t m\u1ecfi &amp; T\u1ec9nh t\u00e1o t\u1ee9c th\u00ec: S\u1ea3n ph\u1ea9m gi\u00fap xua tan m\u1ec7t m\u1ecfi v\u1edbi t\u00e1c d\u1ee5ng nhanh ch\u00f3ng, c\u1ef1c k\u1ef3 c\u1ea7n thi\u1ebft cho nh\u1eefng c\u00f4ng vi\u1ec7c \u0111\u00f2i h\u1ecfi ph\u1ea3n x\u1ea1 b\u00e9n nh\u1ea1y, ph\u00e1n \u0111o\u00e1n ch\u00ednh x\u00e1c v\u00e0 \u00f3c s\u00e1ng t\u1ea1o.)<\/span><\/i><\/li>\n<li style=\"font-weight: 400;\" aria-level=\"1\"><b>Natural Solution for Low Blood Pressure:<\/b><span style=\"font-weight: 400;\"> Scientific studies show that the natural active ingredients in Red Ginseng coffee can help improve the condition of patients with low blood pressure after a few weeks of use, providing a safe solution for a weary body. <\/span><i><span style=\"font-weight: 400;\">(Gi\u1ea3i ph\u00e1p t\u1ef1 nhi\u00ean cho ng\u01b0\u1eddi huy\u1ebft \u00e1p th\u1ea5p: C\u00e1c nghi\u00ean c\u1ee9u khoa h\u1ecdc cho th\u1ea5y ho\u1ea1t ch\u1ea5t thi\u00ean nhi\u00ean trong c\u00e0 ph\u00ea h\u1ed3ng s\u00e2m gi\u00fap c\u1ea3i thi\u1ec7n t\u00ecnh tr\u1ea1ng b\u1ec7nh sau v\u00e0i tu\u1ea7n s\u1eed d\u1ee5ng, l\u00e0 gi\u1ea3i ph\u00e1p an to\u00e0n cho c\u01a1 th\u1ec3 m\u1ec7t m\u1ecfi c\u1ee7a ng\u01b0\u1eddi huy\u1ebft \u00e1p th\u1ea5p.)<\/span><\/i><\/li>\n<\/ul>\n<p>&nbsp;<\/p>\n<h3><b>Usage &amp; Storage | H\u01b0\u1edbng d\u1eabn s\u1eed d\u1ee5ng &amp; B\u1ea3o qu\u1ea3n<\/b><\/h3>\n<ul>\n<li style=\"font-weight: 400;\" aria-level=\"1\"><b>How to use:<\/b><span style=\"font-weight: 400;\"> Mix 1 stick with 80ml of hot water. <\/span><i><span style=\"font-weight: 400;\">(C\u00e1ch pha: Pha 1 g\u00f3i v\u1edbi 80ml n\u01b0\u1edbc n\u00f3ng.)<\/span><\/i><\/li>\n<li style=\"font-weight: 400;\" aria-level=\"1\"><b>Storage:<\/b><span style=\"font-weight: 400;\"> Keep in a cool, dry place to preserve the flavor. Avoid direct sunlight and high humidity. <\/span><i><span style=\"font-weight: 400;\">(B\u1ea3o qu\u1ea3n: N\u01a1i kh\u00f4 r\u00e1o, tho\u00e1ng m\u00e1t \u0111\u1ec3 b\u1ea3o to\u00e0n h\u01b0\u01a1ng v\u1ecb. Tr\u00e1nh \u00e1nh n\u1eafng tr\u1ef1c ti\u1ebfp v\u00e0 n\u01a1i c\u00f3 \u0111\u1ed9 \u1ea9m cao.)<\/span><\/i><\/li>\n<\/ul>\n<p>&nbsp;<\/p>\n<h3><b>Pro-Tip | L\u01b0u \u00fd quan tr\u1ecdng<\/b><\/h3>\n<p><span style=\"font-weight: 400;\">For optimal results, <\/span><b>do not forget to have breakfast<\/b><span style=\"font-weight: 400;\"> before enjoying your Ginseng coffee. The heart-supporting and brain-boosting active ingredients work best when fueled by the protein and sugar from a full morning meal.<\/span><\/p>\n<p><span style=\"font-weight: 400;\">\u0110\u1ec3 \u0111\u1ea1t hi\u1ec7u qu\u1ea3 t\u1ed1t nh\u1ea5t, <\/span><b>\u0111\u1eebng qu\u00ean \u0103n s\u00e1ng<\/b><span style=\"font-weight: 400;\"> tr\u01b0\u1edbc khi d\u00f9ng c\u00e0 ph\u00ea s\u00e2m. C\u00e1c ho\u1ea1t ch\u1ea5t tr\u1ee3 tim, b\u1ed5 n\u00e3o v\u00e0 m\u1ea1nh c\u01a1 trong s\u1ea3n ph\u1ea9m c\u1ea7n \u0111\u1ee7 ch\u1ea5t \u0111\u1ea1m v\u00e0 \u0111\u01b0\u1eddng t\u1eeb b\u1eefa \u0111i\u1ec3m t\u00e2m \u0111\u1ec3 ph\u00e1t huy t\u1ed1i \u0111a t\u00e1c d\u1ee5ng.<\/span><\/p>\n","protected":false},"excerpt":{"rendered":"<p>$150\/7 h\u1ed9p<\/p>\n","protected":false},"featured_media":3927,"comment_status":"closed","ping_status":"closed","template":"","meta":{"ocean_post_layout":"","ocean_both_sidebars_style":"","ocean_both_sidebars_content_width":0,"ocean_both_sidebars_sidebars_width":0,"ocean_sidebar":"0","ocean_second_sidebar":"0","ocean_disable_margins":"enable","ocean_add_body_class":"","ocean_shortcode_before_top_bar":"","ocean_shortcode_after_top_bar":"","ocean_shortcode_before_header":"","ocean_shortcode_after_header":"","ocean_has_shortcode":"","ocean_shortcode_after_title":"","ocean_shortcode_before_footer_widgets":"","ocean_shortcode_after_footer_widgets":"","ocean_shortcode_before_footer_bottom":"","ocean_shortcode_after_footer_bottom":"","ocean_display_top_bar":"default","ocean_display_header":"default","ocean_header_style":"","ocean_center_header_left_menu":"0","ocean_custom_header_template":"0","ocean_custom_logo":0,"ocean_custom_retina_logo":0,"ocean_custom_logo_max_width":0,"ocean_custom_logo_tablet_max_width":0,"ocean_custom_logo_mobile_max_width":0,"ocean_custom_logo_max_height":0,"ocean_custom_logo_tablet_max_height":0,"ocean_custom_logo_mobile_max_height":0,"ocean_header_custom_menu":"0","ocean_menu_typo_font_family":"0","ocean_menu_typo_font_subset":"","ocean_menu_typo_font_size":0,"ocean_menu_typo_font_size_tablet":0,"ocean_menu_typo_font_size_mobile":0,"ocean_menu_typo_font_size_unit":"px","ocean_menu_typo_font_weight":"","ocean_menu_typo_font_weight_tablet":"","ocean_menu_typo_font_weight_mobile":"","ocean_menu_typo_transform":"","ocean_menu_typo_transform_tablet":"","ocean_menu_typo_transform_mobile":"","ocean_menu_typo_line_height":0,"ocean_menu_typo_line_height_tablet":0,"ocean_menu_typo_line_height_mobile":0,"ocean_menu_typo_line_height_unit":"","ocean_menu_typo_spacing":0,"ocean_menu_typo_spacing_tablet":0,"ocean_menu_typo_spacing_mobile":0,"ocean_menu_typo_spacing_unit":"","ocean_menu_link_color":"","ocean_menu_link_color_hover":"","ocean_menu_link_color_active":"","ocean_menu_link_background":"","ocean_menu_link_hover_background":"","ocean_menu_link_active_background":"","ocean_menu_social_links_bg":"","ocean_menu_social_hover_links_bg":"","ocean_menu_social_links_color":"","ocean_menu_social_hover_links_color":"","ocean_disable_title":"default","ocean_disable_heading":"default","ocean_post_title":"","ocean_post_subheading":"","ocean_post_title_style":"","ocean_post_title_background_color":"","ocean_post_title_background":0,"ocean_post_title_bg_image_position":"","ocean_post_title_bg_image_attachment":"","ocean_post_title_bg_image_repeat":"","ocean_post_title_bg_image_size":"","ocean_post_title_height":0,"ocean_post_title_bg_overlay":0.5,"ocean_post_title_bg_overlay_color":"","ocean_disable_breadcrumbs":"default","ocean_breadcrumbs_color":"","ocean_breadcrumbs_separator_color":"","ocean_breadcrumbs_links_color":"","ocean_breadcrumbs_links_hover_color":"","ocean_display_footer_widgets":"default","ocean_display_footer_bottom":"default","ocean_custom_footer_template":"0"},"product_cat":[33],"product_tag":[],"class_list":{"0":"post-3926","1":"product","2":"type-product","3":"status-publish","4":"has-post-thumbnail","6":"product_cat-nhan-sam","8":"entry","9":"has-media","11":"first","12":"instock","13":"shipping-taxable","14":"purchasable","15":"product-type-simple","16":"has-product-nav","17":"col","18":"span_1_of_4","19":"owp-content-center","20":"owp-thumbs-layout-horizontal","21":"owp-btn-normal","22":"owp-tabs-layout-horizontal","23":"has-no-thumbnails"},"_links":{"self":[{"href":"https:\/\/tantuquynh.com\/en\/wp-json\/wp\/v2\/product\/3926","targetHints":{"allow":["GET"]}}],"collection":[{"href":"https:\/\/tantuquynh.com\/en\/wp-json\/wp\/v2\/product"}],"about":[{"href":"https:\/\/tantuquynh.com\/en\/wp-json\/wp\/v2\/types\/product"}],"replies":[{"embeddable":true,"href":"https:\/\/tantuquynh.com\/en\/wp-json\/wp\/v2\/comments?post=3926"}],"wp:featuredmedia":[{"embeddable":true,"href":"https:\/\/tantuquynh.com\/en\/wp-json\/wp\/v2\/media\/3927"}],"wp:attachment":[{"href":"https:\/\/tantuquynh.com\/en\/wp-json\/wp\/v2\/media?parent=3926"}],"wp:term":[{"taxonomy":"product_cat","embeddable":true,"href":"https:\/\/tantuquynh.com\/en\/wp-json\/wp\/v2\/product_cat?post=3926"},{"taxonomy":"product_tag","embeddable":true,"href":"https:\/\/tantuquynh.com\/en\/wp-json\/wp\/v2\/product_tag?post=3926"}],"curies":[{"name":"wp","href":"https:\/\/api.w.org\/{rel}","templated":true}]}}