{"id":3405,"date":"2024-06-10T10:10:36","date_gmt":"2024-06-10T10:10:36","guid":{"rendered":"https:\/\/tantuquynh.com\/?post_type=product&#038;p=3405"},"modified":"2024-08-29T17:08:28","modified_gmt":"2024-08-29T17:08:28","slug":"foot-peel-mask-3-hop-99-99-sk-japan-tren-150","status":"publish","type":"product","link":"https:\/\/tantuquynh.com\/en\/product\/foot-peel-mask-3-hop-99-99-sk-japan-tren-150","title":{"rendered":"Foot Peel Mask \u2013 3 H\u1ed9p $99.99 (SK Japan tr\u00ean $150)"},"content":{"rendered":"<p><span style=\"vertical-align: inherit;\"><span style=\"vertical-align: inherit;\"><span style=\"vertical-align: inherit;\"><span style=\"vertical-align: inherit;\"><span style=\"vertical-align: inherit;\"><span style=\"vertical-align: inherit;\">FOOT PEEL MASK SK NH\u1eacT B\u1ea2N \u2013 LO\u1ea0I B\u1ece DA CH\u00c2N CHAI S\u1ea0N M\u1ed8T C\u00c1CH D\u1ec4 D\u00c0NG<\/span><\/span><\/span><\/span><\/span><\/span><\/p>\n<p>V\u1edb \u1ee6 Ch\u00e2n SK Nh\u1eadt B\u1ea3n ch\u1ee9a d\u01b0\u1ee1ng ch\u1ea5t nu\u00f4i d\u01b0\u1ee1ng v\u00e0 lo\u1ea1i b\u1ecf t\u1ebf b\u00e0o ch\u1ebft da ch\u00e2n m\u1ed9t c\u00e1ch nhanh ch\u00f3ng.<\/p>\n<p>Ch\u1ec9 c\u1ea7n l\u00e0m s\u1ea1ch ch\u00e2n v\u00e0 \u1ee7 v\u1edb trong v\u00f2ng 60 ph\u00fat, b\u1ea1n s\u1ebd c\u1ea3m nh\u1eadn \u0111\u01b0\u1ee3c:<\/p>\n<p>\u2013 M\u1ed9t \u0111\u00f4i ch\u00e2n m\u1ec1m m\u1ea1i v\u00e0 m\u1ecbn m\u00e0ng<\/p>\n<p>\u2013 C\u00e1c v\u1ebft chai d\u1ec5 d\u00e0ng b\u00f3c ra<\/p>\n<p>\u2013 Da \u0111\u01b0\u1ee3c c\u1ea5p \u1ea9m, ch\u1ed1ng n\u1ee9t n\u1ebb<\/p>\n<p>Sau khi th\u00e1o v\u1edb ra, b\u1ea1n r\u1eeda s\u1ea1ch v\u00e0 b\u00f4i th\u00eam kem d\u01b0\u1ee1ng \u0111\u1ec3 d\u01b0\u1ee1ng da to\u00e0n di\u1ec7n h\u01a1n.<\/p>\n<p>S\u1eed d\u1ee5ng li\u1ec7u tr\u00ecnh 3 h\u1ed9p (6 \u0110\u00f4i) \u0111\u1ec3 \u0111\u1ea1t k\u1ebft qu\u1ea3 t\u1ed1t nh\u1ea5t!<\/p>\n<hr \/>\n<p><span style=\"vertical-align: inherit;\"><span style=\"vertical-align: inherit;\">FOOT PEEL MASK SK JAPAN \u2013 D\u1ec4 D\u00c0NG LO\u1ea0I B\u1ece DA C\u1ee8NG \u1ede CH\u00c2N<\/span><\/span><\/p>\n<p><span style=\"vertical-align: inherit;\"><span style=\"vertical-align: inherit;\">T\u1ea5t l\u1ed9t ch\u00e2n SK Japan ch\u1ee9a th\u00e0nh ph\u1ea7n d\u01b0\u1ee1ng ch\u1ea5t gi\u00fap nu\u00f4i d\u01b0\u1ee1ng v\u00e0 lo\u1ea1i b\u1ecf t\u1ebf b\u00e0o ch\u1ebft tr\u00ean b\u00e0n ch\u00e2n m\u1ed9t c\u00e1ch nhanh ch\u00f3ng.<\/span><\/span><\/p>\n<p><span style=\"vertical-align: inherit;\"><span style=\"vertical-align: inherit;\">Ch\u1ec9 c\u1ea7n l\u00e0m s\u1ea1ch ch\u00e2n v\u00e0 mang t\u1ea5t trong 60 ph\u00fat, b\u1ea1n s\u1ebd tr\u1ea3i nghi\u1ec7m:<\/span><\/span><\/p>\n<p><span style=\"vertical-align: inherit;\"><span style=\"vertical-align: inherit;\">&#8211; B\u00e0n ch\u00e2n m\u1ec1m m\u1ea1i v\u00e0 m\u1ecbn m\u00e0ng h\u01a1n<\/span><\/span><\/p>\n<p><span style=\"vertical-align: inherit;\"><span style=\"vertical-align: inherit;\">&#8211; D\u1ec5 d\u00e0ng lo\u1ea1i b\u1ecf l\u1edbp da c\u1ee9ng<\/span><\/span><\/p>\n<p><span style=\"vertical-align: inherit;\"><span style=\"vertical-align: inherit;\">\u2013 D\u01b0\u1ee1ng \u1ea9m cho da, ng\u0103n ng\u1eeba n\u1ee9t n\u1ebb<\/span><\/span><\/p>\n<p><span style=\"vertical-align: inherit;\"><span style=\"vertical-align: inherit;\">Sau khi th\u00e1o t\u1ea5t, r\u1eeda s\u1ea1ch ch\u00e2n v\u00e0 thoa th\u00eam kem d\u01b0\u1ee1ng \u1ea9m \u0111\u1ec3 ch\u0103m s\u00f3c da to\u00e0n di\u1ec7n.<\/span><\/span><\/p>\n<p><span style=\"vertical-align: inherit;\"><span style=\"vertical-align: inherit;\">S\u1eed d\u1ee5ng ph\u00e1c \u0111\u1ed3 \u0111i\u1ec1u tr\u1ecb 3 h\u1ed9p (6 c\u1eb7p) \u0111\u1ec3 c\u00f3 k\u1ebft qu\u1ea3 t\u1ed1t nh\u1ea5t!<\/span><\/span><\/p>\n","protected":false},"excerpt":{"rendered":"<p>FOOT PEEL MASK SK NH\u1eacT B\u1ea2N \u2013 LO\u1ea0I B\u1ece DA CH\u00c2N CHAI S\u1ea0N M\u1ed8T C\u00c1CH D\u1ec4 D\u00c0NG V\u1edb \u1ee6 Ch\u00e2n SK Nh\u1eadt B\u1ea3n ch\u1ee9a d\u01b0\u1ee1ng ch\u1ea5t nu\u00f4i d\u01b0\u1ee1ng v\u00e0 lo\u1ea1i b\u1ecf t\u1ebf b\u00e0o ch\u1ebft da ch\u00e2n m\u1ed9t c\u00e1ch nhanh ch\u00f3ng. Ch\u1ec9 c\u1ea7n l\u00e0m s\u1ea1ch ch\u00e2n v\u00e0 \u1ee7 v\u1edb trong v\u00f2ng 60 ph\u00fat, b\u1ea1n s\u1ebd c\u1ea3m [&hellip;]<\/p>\n","protected":false},"featured_media":1530,"comment_status":"closed","ping_status":"closed","template":"","meta":{"ocean_post_layout":"","ocean_both_sidebars_style":"","ocean_both_sidebars_content_width":0,"ocean_both_sidebars_sidebars_width":0,"ocean_sidebar":"0","ocean_second_sidebar":"0","ocean_disable_margins":"enable","ocean_add_body_class":"","ocean_shortcode_before_top_bar":"","ocean_shortcode_after_top_bar":"","ocean_shortcode_before_header":"","ocean_shortcode_after_header":"","ocean_has_shortcode":"","ocean_shortcode_after_title":"","ocean_shortcode_before_footer_widgets":"","ocean_shortcode_after_footer_widgets":"","ocean_shortcode_before_footer_bottom":"","ocean_shortcode_after_footer_bottom":"","ocean_display_top_bar":"default","ocean_display_header":"default","ocean_header_style":"","ocean_center_header_left_menu":"0","ocean_custom_header_template":"0","ocean_custom_logo":0,"ocean_custom_retina_logo":0,"ocean_custom_logo_max_width":0,"ocean_custom_logo_tablet_max_width":0,"ocean_custom_logo_mobile_max_width":0,"ocean_custom_logo_max_height":0,"ocean_custom_logo_tablet_max_height":0,"ocean_custom_logo_mobile_max_height":0,"ocean_header_custom_menu":"0","ocean_menu_typo_font_family":"0","ocean_menu_typo_font_subset":"","ocean_menu_typo_font_size":0,"ocean_menu_typo_font_size_tablet":0,"ocean_menu_typo_font_size_mobile":0,"ocean_menu_typo_font_size_unit":"px","ocean_menu_typo_font_weight":"","ocean_menu_typo_font_weight_tablet":"","ocean_menu_typo_font_weight_mobile":"","ocean_menu_typo_transform":"","ocean_menu_typo_transform_tablet":"","ocean_menu_typo_transform_mobile":"","ocean_menu_typo_line_height":0,"ocean_menu_typo_line_height_tablet":0,"ocean_menu_typo_line_height_mobile":0,"ocean_menu_typo_line_height_unit":"","ocean_menu_typo_spacing":0,"ocean_menu_typo_spacing_tablet":0,"ocean_menu_typo_spacing_mobile":0,"ocean_menu_typo_spacing_unit":"","ocean_menu_link_color":"","ocean_menu_link_color_hover":"","ocean_menu_link_color_active":"","ocean_menu_link_background":"","ocean_menu_link_hover_background":"","ocean_menu_link_active_background":"","ocean_menu_social_links_bg":"","ocean_menu_social_hover_links_bg":"","ocean_menu_social_links_color":"","ocean_menu_social_hover_links_color":"","ocean_disable_title":"default","ocean_disable_heading":"default","ocean_post_title":"","ocean_post_subheading":"","ocean_post_title_style":"","ocean_post_title_background_color":"","ocean_post_title_background":0,"ocean_post_title_bg_image_position":"","ocean_post_title_bg_image_attachment":"","ocean_post_title_bg_image_repeat":"","ocean_post_title_bg_image_size":"","ocean_post_title_height":0,"ocean_post_title_bg_overlay":0.5,"ocean_post_title_bg_overlay_color":"","ocean_disable_breadcrumbs":"default","ocean_breadcrumbs_color":"","ocean_breadcrumbs_separator_color":"","ocean_breadcrumbs_links_color":"","ocean_breadcrumbs_links_hover_color":"","ocean_display_footer_widgets":"default","ocean_display_footer_bottom":"default","ocean_custom_footer_template":"0"},"product_cat":[44],"product_tag":[],"class_list":{"0":"post-3405","1":"product","2":"type-product","3":"status-publish","4":"has-post-thumbnail","6":"product_cat-sk-japan-products","8":"entry","9":"has-media","11":"first","12":"instock","13":"shipping-taxable","14":"purchasable","15":"product-type-simple","16":"has-product-nav","17":"col","18":"span_1_of_4","19":"owp-content-center","20":"owp-thumbs-layout-horizontal","21":"owp-btn-normal","22":"owp-tabs-layout-horizontal","23":"has-no-thumbnails"},"_links":{"self":[{"href":"https:\/\/tantuquynh.com\/en\/wp-json\/wp\/v2\/product\/3405","targetHints":{"allow":["GET"]}}],"collection":[{"href":"https:\/\/tantuquynh.com\/en\/wp-json\/wp\/v2\/product"}],"about":[{"href":"https:\/\/tantuquynh.com\/en\/wp-json\/wp\/v2\/types\/product"}],"replies":[{"embeddable":true,"href":"https:\/\/tantuquynh.com\/en\/wp-json\/wp\/v2\/comments?post=3405"}],"wp:featuredmedia":[{"embeddable":true,"href":"https:\/\/tantuquynh.com\/en\/wp-json\/wp\/v2\/media\/1530"}],"wp:attachment":[{"href":"https:\/\/tantuquynh.com\/en\/wp-json\/wp\/v2\/media?parent=3405"}],"wp:term":[{"taxonomy":"product_cat","embeddable":true,"href":"https:\/\/tantuquynh.com\/en\/wp-json\/wp\/v2\/product_cat?post=3405"},{"taxonomy":"product_tag","embeddable":true,"href":"https:\/\/tantuquynh.com\/en\/wp-json\/wp\/v2\/product_tag?post=3405"}],"curies":[{"name":"wp","href":"https:\/\/api.w.org\/{rel}","templated":true}]}}