{"id":3194,"date":"2022-10-18T03:56:52","date_gmt":"2022-10-18T03:56:52","guid":{"rendered":"https:\/\/tantuquynh.com\/product\/buffalo-sticky-rice-5-lbs-available-only-in-store"},"modified":"2026-03-16T09:39:36","modified_gmt":"2026-03-16T09:39:36","slug":"buffalo-sticky-rice-5-lbs-available-only-in-store","status":"publish","type":"product","link":"https:\/\/tantuquynh.com\/en\/product\/buffalo-sticky-rice-5-lbs-available-only-in-store","title":{"rendered":"Buffalo Sticky Rice 5 Lbs (Available Only In-Store)"},"content":{"rendered":"<p>Introducing the World\u2019s Finest Rice Thai Hom Mali Rice<br \/>\n* Hom Mali \u201cBuffalo\u201d Rice is produced from the premium grade Thai Hom Mali rice variety. Thai Hom Mali Rice has been winning the World\u2019s Best Rice competition for many years, a blind taste test competition judged by culinary experts. It has been voted the best-tasting rice in the world for several years.<\/p>\n<p>*Imported directly from Thailand, the rice has a rich sweet taste, natural fragrance, is cholesterol-free, and helps stabilize blood sugar, making it suitable for those with high cholesterol and diabetes.<\/p>\n<p>*The perfect combination of soil, climate, and Thai farming techniques helps Hom Mali rice surpass stringent standards, appealing to rice lovers worldwide, and winning the title of World\u2019s Best Rice in 2009, 2011, and 2016.<\/p>\n<p>*Thai Hom Mali \u201cBuffalo\u201d Rice is processed from grains free of preservatives and pesticides. When cooked, the rice is fluffy and shiny white, retaining its high elasticity even when cooled, making Vietnamese meals appealing from the first glance.<\/p>\n<p>*The product undergoes a strict production process from selecting raw materials to packaging in convenient sealed bags for purchase and storage.<\/p>\n<p>*The Thai Hom Mali \u201cBuffalo\u201d Rice product is officially imported with full certification of the 100% Thai Hom Mali rice origin.<\/p>\n<p>*Thai Hom Mali \u201cBuffalo\u201d Rice contains a wealth of nutrients, has soft, sticky grains, natural fragrance, and no chemicals or preservatives.<br \/>\nWeight: 5 pounds<\/p>\n<hr \/>\n<p><strong>N\u1ebfp Con Tr\u00e2u 5 Lbs<\/strong><br \/>\nGi\u1edbi thi\u1ec7u s\u1ea3n ph\u1ea9m G\u1ea1o Ngon Nh\u1ea5t Th\u1ebf Gi\u1edbi G\u1ea1o Th\u00e1i Hom Mali<br \/>\n* G\u1ea1o Hom Mali \u201cBuffalo\u201d \u0111\u01b0\u1ee3c s\u1ea3n xu\u1ea5t t\u1eeb gi\u1ed1ng l\u00faa Th\u00e1i Hom Mali H\u1ea3o h\u1ea1ng. G\u1ea1o Th\u00e1i Hom Mali \u0111\u00e3 nhi\u1ec1u n\u0103m gi\u00e0nh chi\u1ebfn th\u1eafng trong trong cu\u1ed9c thi World\u2019s Best Rice, trong cu\u1ed9c thi m\u00e0 c\u00e1c chuy\u00ean gia n\u1ea5u \u0103n b\u1ecb b\u1ecbt m\u1eaft th\u1eed c\u01a1m. V\u00e0 \u0111\u01b0\u1ee3c b\u00ecnh ch\u1ecdn l\u00e0 Lo\u1ea1i g\u1ea1o ngon nh\u1ea5t th\u1ebf gi\u1edbi trong nhi\u1ec1u n\u0103m.<\/p>\n<p>*G\u1ea1o \u0111\u01b0\u1ee3c nh\u1eadp kh\u1ea9u tr\u1ef1c ti\u1ebfp t\u1eeb Th\u00e1i Lan mang v\u1ecb ng\u1ecdt \u0111\u1eadm, d\u1ebbo th\u01a1m t\u1ef1 nhi\u00ean, kh\u00f4ng cholesterol, kh\u00f4ng \u0111\u01b0\u1eddng gi\u00fap \u1ed5n \u0111\u1ecbnh \u0111\u01b0\u1eddng huy\u1ebft, t\u1ed1t cho ng\u01b0\u1eddi m\u1ee1 m\u00e1u, ti\u1ec3u \u0111\u01b0\u1eddng\u2026<\/p>\n<p>*S\u1ef1 k\u1ebft h\u1ee3p ho\u00e0n h\u1ea3o gi\u1eefa th\u1ed5 nh\u01b0\u1ee1ng, kh\u00ed h\u1eadu v\u00e0 k\u1ef9 thu\u1eadt canh t\u00e1c c\u1ee7a ng\u01b0\u1eddi Th\u00e1i gi\u00fap g\u1ea1o th\u01a1m Hom Mali v\u01b0\u1ee3t qua c\u00e1c ti\u00eau chu\u1ea9n kh\u1eaft khe, chinh ph\u1ee5c \u0111\u01b0\u1ee3c nh\u1eefng ng\u01b0\u1eddi y\u00eau g\u1ea1o tr\u00ean kh\u1eafp th\u1ebf gi\u1edbi v\u00e0 gi\u00e0nh gi\u1ea3i G\u1ea1o ngon nh\u1ea5t th\u1ebf gi\u1edbi v\u00e0o n\u0103m 2009,2011,2016<\/p>\n<p>*G\u1ea1o Th\u00e1i Lan Hom Mali \u201cBuffalo\u201d \u0111\u01b0\u1ee3c ch\u1ebf bi\u1ebfn t\u1eeb nh\u1eefng h\u1ea1t l\u00faa kh\u00f4ng ch\u1ee9a ch\u1ea5t b\u1ea3o qu\u1ea3n, thu\u1ed1c tr\u1eeb s\u00e2u. Khi n\u1ea5u ch\u00edn g\u1ea1o c\u00f3 m\u00e0u tr\u1eafng b\u00f4ng, c\u0103ng b\u00f3ng \u0111\u1eb9p m\u1eaft, d\u00f9 \u0111\u1ec3 ngu\u1ed9i v\u1eabn gi\u1eef \u0111\u01b0\u1ee3c \u0111\u1ed9 d\u1ebbo cao mang \u0111\u1ebfn b\u1eefa c\u01a1m Vi\u1ec7t h\u1ea5p d\u1eabn ngay t\u1eeb \u00e1nh nh\u00ecn ban \u0111\u1ea7u.<\/p>\n<p>*S\u1ea3n ph\u1ea9m \u0111\u01b0\u1ee3c s\u1ea3n xu\u1ea5t theo m\u1ed9t quy tr\u00ecnh s\u1ea3n xu\u1ea5t nghi\u00eam ng\u1eb7t t\u1eeb kh\u00e2u ch\u1ecdn nguy\u00ean li\u1ec7u \u0111\u1ebfn th\u00e0nh ph\u1ea9m, \u0111\u00f3ng g\u00f3i d\u1ea1ng t\u00fai k\u00edn ti\u1ec7n l\u1ee3i khi mua v\u00e0 b\u1ea3o qu\u1ea3n.<\/p>\n<p>* S\u1ea3n ph\u1ea9m G\u1ea1o Thai Hom Mali \u201cBuffalo\u201d nh\u1eadp kh\u1ea9u ch\u00ednh ngh\u1ea1ch \u0111\u1ea7y \u0111\u1ee7 gi\u1ea5y ch\u1ee9ng nh\u1eadn ngu\u1ed3n g\u1ed1c s\u1ea3n ph\u1ea9m 100% g\u1ea1o Thai Hom Mali<\/p>\n<p>* G\u1ea1o Th\u00e1i Lan Hom Mali \u201cBuffalo\u201d ch\u1ee9a r\u1ea5t nhi\u1ec1u ch\u1ea5t dinh d\u01b0\u1ee1ng, c\u01a1m d\u1ebbo m\u1ec1m, h\u01b0\u01a1ng th\u01a1m t\u1ef1 nhi\u00ean, kh\u00f4ng h\u00f3a ch\u1ea5t, ch\u1ea5t b\u1ea3o qu\u1ea3n.<br \/>\nKh\u1ed1i l\u01b0\u1ee3ng: 5 pound<\/p>\n","protected":false},"excerpt":{"rendered":"<p>Introducing the World\u2019s Finest Rice Thai Hom Mali Rice * Hom Mali \u201cBuffalo\u201d Rice is produced from the premium grade Thai Hom Mali rice variety. Thai Hom Mali Rice has been winning the World\u2019s Best Rice competition for many years, a blind taste test competition judged by culinary experts. It has been voted the best-tasting [&hellip;]<\/p>\n","protected":false},"featured_media":2476,"comment_status":"open","ping_status":"closed","template":"","meta":{"ocean_post_layout":"","ocean_both_sidebars_style":"","ocean_both_sidebars_content_width":0,"ocean_both_sidebars_sidebars_width":0,"ocean_sidebar":"0","ocean_second_sidebar":"0","ocean_disable_margins":"enable","ocean_add_body_class":"","ocean_shortcode_before_top_bar":"","ocean_shortcode_after_top_bar":"","ocean_shortcode_before_header":"","ocean_shortcode_after_header":"","ocean_has_shortcode":"","ocean_shortcode_after_title":"","ocean_shortcode_before_footer_widgets":"","ocean_shortcode_after_footer_widgets":"","ocean_shortcode_before_footer_bottom":"","ocean_shortcode_after_footer_bottom":"","ocean_display_top_bar":"default","ocean_display_header":"default","ocean_header_style":"","ocean_center_header_left_menu":"0","ocean_custom_header_template":"0","ocean_custom_logo":0,"ocean_custom_retina_logo":0,"ocean_custom_logo_max_width":0,"ocean_custom_logo_tablet_max_width":0,"ocean_custom_logo_mobile_max_width":0,"ocean_custom_logo_max_height":0,"ocean_custom_logo_tablet_max_height":0,"ocean_custom_logo_mobile_max_height":0,"ocean_header_custom_menu":"0","ocean_menu_typo_font_family":"0","ocean_menu_typo_font_subset":"","ocean_menu_typo_font_size":0,"ocean_menu_typo_font_size_tablet":0,"ocean_menu_typo_font_size_mobile":0,"ocean_menu_typo_font_size_unit":"px","ocean_menu_typo_font_weight":"","ocean_menu_typo_font_weight_tablet":"","ocean_menu_typo_font_weight_mobile":"","ocean_menu_typo_transform":"","ocean_menu_typo_transform_tablet":"","ocean_menu_typo_transform_mobile":"","ocean_menu_typo_line_height":0,"ocean_menu_typo_line_height_tablet":0,"ocean_menu_typo_line_height_mobile":0,"ocean_menu_typo_line_height_unit":"","ocean_menu_typo_spacing":0,"ocean_menu_typo_spacing_tablet":0,"ocean_menu_typo_spacing_mobile":0,"ocean_menu_typo_spacing_unit":"","ocean_menu_link_color":"","ocean_menu_link_color_hover":"","ocean_menu_link_color_active":"","ocean_menu_link_background":"","ocean_menu_link_hover_background":"","ocean_menu_link_active_background":"","ocean_menu_social_links_bg":"","ocean_menu_social_hover_links_bg":"","ocean_menu_social_links_color":"","ocean_menu_social_hover_links_color":"","ocean_disable_title":"default","ocean_disable_heading":"default","ocean_post_title":"","ocean_post_subheading":"","ocean_post_title_style":"","ocean_post_title_background_color":"","ocean_post_title_background":0,"ocean_post_title_bg_image_position":"","ocean_post_title_bg_image_attachment":"","ocean_post_title_bg_image_repeat":"","ocean_post_title_bg_image_size":"","ocean_post_title_height":0,"ocean_post_title_bg_overlay":0.5,"ocean_post_title_bg_overlay_color":"","ocean_disable_breadcrumbs":"default","ocean_breadcrumbs_color":"","ocean_breadcrumbs_separator_color":"","ocean_breadcrumbs_links_color":"","ocean_breadcrumbs_links_hover_color":"","ocean_display_footer_widgets":"default","ocean_display_footer_bottom":"default","ocean_custom_footer_template":"0"},"product_cat":[75],"product_tag":[],"class_list":{"0":"post-3194","1":"product","2":"type-product","3":"status-publish","4":"has-post-thumbnail","6":"product_cat-hat-en","8":"entry","9":"has-media","11":"first","12":"outofstock","13":"shipping-taxable","14":"purchasable","15":"product-type-simple","16":"has-product-nav","17":"col","18":"span_1_of_4","19":"owp-content-center","20":"owp-thumbs-layout-horizontal","21":"owp-btn-normal","22":"owp-tabs-layout-horizontal","23":"has-no-thumbnails"},"_links":{"self":[{"href":"https:\/\/tantuquynh.com\/en\/wp-json\/wp\/v2\/product\/3194","targetHints":{"allow":["GET"]}}],"collection":[{"href":"https:\/\/tantuquynh.com\/en\/wp-json\/wp\/v2\/product"}],"about":[{"href":"https:\/\/tantuquynh.com\/en\/wp-json\/wp\/v2\/types\/product"}],"replies":[{"embeddable":true,"href":"https:\/\/tantuquynh.com\/en\/wp-json\/wp\/v2\/comments?post=3194"}],"wp:featuredmedia":[{"embeddable":true,"href":"https:\/\/tantuquynh.com\/en\/wp-json\/wp\/v2\/media\/2476"}],"wp:attachment":[{"href":"https:\/\/tantuquynh.com\/en\/wp-json\/wp\/v2\/media?parent=3194"}],"wp:term":[{"taxonomy":"product_cat","embeddable":true,"href":"https:\/\/tantuquynh.com\/en\/wp-json\/wp\/v2\/product_cat?post=3194"},{"taxonomy":"product_tag","embeddable":true,"href":"https:\/\/tantuquynh.com\/en\/wp-json\/wp\/v2\/product_tag?post=3194"}],"curies":[{"name":"wp","href":"https:\/\/api.w.org\/{rel}","templated":true}]}}