{"id":3193,"date":"2023-03-08T16:24:25","date_gmt":"2023-03-08T16:24:25","guid":{"rendered":"https:\/\/tantuquynh.com\/product\/cashew-candy-order-by-phone-only-714-612-7309"},"modified":"2024-06-10T08:04:31","modified_gmt":"2024-06-10T08:04:31","slug":"cashew-candy-order-by-phone-only-714-612-7309","status":"publish","type":"product","link":"https:\/\/tantuquynh.com\/en\/product\/cashew-candy-order-by-phone-only-714-612-7309","title":{"rendered":"Cashew Candy (Order By Phone Only 714-612-7309)"},"content":{"rendered":"<h4 data-sourcepos=\"1:1-1:58\">Cashew Candy \u2013 $12 \u2013 $18\/Box<\/h4>\n<p data-sourcepos=\"3:1-3:285\">Cashew Candy is a delicious and nutritious snack made from the finest fresh cashew nuts. The candy has a sweet, creamy taste of cashews, along with a distinctive nutty aroma. Cashew Candy is a suitable gift for any occasion, from gatherings with friends to festive holidays.  <\/p>\n<hr>\n<p><strong>K\u1eb9o H\u1ea1t \u0110i\u1ec1u \u2013 $12 \u2013 $18\/H\u1ed9p<\/strong><\/p>\n<p>K\u1eb9o H\u1ea1t \u0110i\u1ec1u l\u00e0 m\u1ed9t m\u00f3n \u0103n v\u1eb7t th\u01a1m ngon v\u00e0 b\u1ed5 d\u01b0\u1ee1ng, \u0111\u01b0\u1ee3c l\u00e0m t\u1eeb nh\u1eefng h\u1ea1t \u0111i\u1ec1u t\u01b0\u01a1i ngon nh\u1ea5t. K\u1eb9o c\u00f3 v\u1ecb ng\u1ecdt thanh, b\u00e9o ng\u1eady c\u1ee7a h\u1ea1t \u0111i\u1ec1u, c\u00f9ng v\u1edbi h\u01b0\u01a1ng v\u1ecb th\u01a1m b\u00f9i \u0111\u1eb7c tr\u01b0ng. K\u1eb9o H\u1ea1t \u0110i\u1ec1u l\u00e0 m\u00f3n qu\u00e0 th\u00edch h\u1ee3p cho m\u1ecdi d\u1ecbp, t\u1eeb nh\u1eefng bu\u1ed5i g\u1eb7p g\u1ee1 b\u1ea1n b\u00e8 cho \u0111\u1ebfn nh\u1eefng ng\u00e0y l\u1ec5 T\u1ebft.  <\/p>\n","protected":false},"excerpt":{"rendered":"<p>Cashew Candy \u2013 $12 \u2013 $18\/Box Cashew Candy is a delicious and nutritious snack made from the finest fresh cashew nuts. The candy has a sweet, creamy taste of cashews, along with a distinctive nutty aroma. Cashew Candy is a suitable gift for any occasion, from gatherings with friends to festive holidays. K\u1eb9o H\u1ea1t \u0110i\u1ec1u [&hellip;]<\/p>\n","protected":false},"featured_media":2844,"comment_status":"closed","ping_status":"closed","template":"","meta":{"ocean_post_layout":"","ocean_both_sidebars_style":"","ocean_both_sidebars_content_width":0,"ocean_both_sidebars_sidebars_width":0,"ocean_sidebar":"0","ocean_second_sidebar":"0","ocean_disable_margins":"enable","ocean_add_body_class":"","ocean_shortcode_before_top_bar":"","ocean_shortcode_after_top_bar":"","ocean_shortcode_before_header":"","ocean_shortcode_after_header":"","ocean_has_shortcode":"","ocean_shortcode_after_title":"","ocean_shortcode_before_footer_widgets":"","ocean_shortcode_after_footer_widgets":"","ocean_shortcode_before_footer_bottom":"","ocean_shortcode_after_footer_bottom":"","ocean_display_top_bar":"default","ocean_display_header":"default","ocean_header_style":"","ocean_center_header_left_menu":"0","ocean_custom_header_template":"0","ocean_custom_logo":0,"ocean_custom_retina_logo":0,"ocean_custom_logo_max_width":0,"ocean_custom_logo_tablet_max_width":0,"ocean_custom_logo_mobile_max_width":0,"ocean_custom_logo_max_height":0,"ocean_custom_logo_tablet_max_height":0,"ocean_custom_logo_mobile_max_height":0,"ocean_header_custom_menu":"0","ocean_menu_typo_font_family":"0","ocean_menu_typo_font_subset":"","ocean_menu_typo_font_size":0,"ocean_menu_typo_font_size_tablet":0,"ocean_menu_typo_font_size_mobile":0,"ocean_menu_typo_font_size_unit":"px","ocean_menu_typo_font_weight":"","ocean_menu_typo_font_weight_tablet":"","ocean_menu_typo_font_weight_mobile":"","ocean_menu_typo_transform":"","ocean_menu_typo_transform_tablet":"","ocean_menu_typo_transform_mobile":"","ocean_menu_typo_line_height":0,"ocean_menu_typo_line_height_tablet":0,"ocean_menu_typo_line_height_mobile":0,"ocean_menu_typo_line_height_unit":"","ocean_menu_typo_spacing":0,"ocean_menu_typo_spacing_tablet":0,"ocean_menu_typo_spacing_mobile":0,"ocean_menu_typo_spacing_unit":"","ocean_menu_link_color":"","ocean_menu_link_color_hover":"","ocean_menu_link_color_active":"","ocean_menu_link_background":"","ocean_menu_link_hover_background":"","ocean_menu_link_active_background":"","ocean_menu_social_links_bg":"","ocean_menu_social_hover_links_bg":"","ocean_menu_social_links_color":"","ocean_menu_social_hover_links_color":"","ocean_disable_title":"default","ocean_disable_heading":"default","ocean_post_title":"","ocean_post_subheading":"","ocean_post_title_style":"","ocean_post_title_background_color":"","ocean_post_title_background":0,"ocean_post_title_bg_image_position":"","ocean_post_title_bg_image_attachment":"","ocean_post_title_bg_image_repeat":"","ocean_post_title_bg_image_size":"","ocean_post_title_height":0,"ocean_post_title_bg_overlay":0.5,"ocean_post_title_bg_overlay_color":"","ocean_disable_breadcrumbs":"default","ocean_breadcrumbs_color":"","ocean_breadcrumbs_separator_color":"","ocean_breadcrumbs_links_color":"","ocean_breadcrumbs_links_hover_color":"","ocean_display_footer_widgets":"default","ocean_display_footer_bottom":"default","ocean_custom_footer_template":"0"},"product_cat":[75],"product_tag":[],"class_list":{"0":"post-3193","1":"product","2":"type-product","3":"status-publish","4":"has-post-thumbnail","6":"product_cat-hat-en","8":"entry","9":"has-media","11":"first","12":"instock","13":"shipping-taxable","14":"purchasable","15":"product-type-simple","16":"has-product-nav","17":"col","18":"span_1_of_4","19":"owp-content-center","20":"owp-thumbs-layout-horizontal","21":"owp-btn-normal","22":"owp-tabs-layout-horizontal","23":"has-no-thumbnails"},"_links":{"self":[{"href":"https:\/\/tantuquynh.com\/en\/wp-json\/wp\/v2\/product\/3193","targetHints":{"allow":["GET"]}}],"collection":[{"href":"https:\/\/tantuquynh.com\/en\/wp-json\/wp\/v2\/product"}],"about":[{"href":"https:\/\/tantuquynh.com\/en\/wp-json\/wp\/v2\/types\/product"}],"replies":[{"embeddable":true,"href":"https:\/\/tantuquynh.com\/en\/wp-json\/wp\/v2\/comments?post=3193"}],"wp:featuredmedia":[{"embeddable":true,"href":"https:\/\/tantuquynh.com\/en\/wp-json\/wp\/v2\/media\/2844"}],"wp:attachment":[{"href":"https:\/\/tantuquynh.com\/en\/wp-json\/wp\/v2\/media?parent=3193"}],"wp:term":[{"taxonomy":"product_cat","embeddable":true,"href":"https:\/\/tantuquynh.com\/en\/wp-json\/wp\/v2\/product_cat?post=3193"},{"taxonomy":"product_tag","embeddable":true,"href":"https:\/\/tantuquynh.com\/en\/wp-json\/wp\/v2\/product_tag?post=3193"}],"curies":[{"name":"wp","href":"https:\/\/api.w.org\/{rel}","templated":true}]}}