{"id":3191,"date":"2022-10-18T03:56:52","date_gmt":"2022-10-18T03:56:52","guid":{"rendered":"https:\/\/tantuquynh.com\/product\/thai-hom-mali-jasmine-rice-spoon-spoon-available-only-in-store"},"modified":"2026-03-16T09:39:37","modified_gmt":"2026-03-16T09:39:37","slug":"thai-hom-mali-jasmine-rice-spoon-spoon-available-only-in-store","status":"publish","type":"product","link":"https:\/\/tantuquynh.com\/en\/product\/thai-hom-mali-jasmine-rice-spoon-spoon-available-only-in-store","title":{"rendered":"Thai Hom Mali Jasmine Rice Spoon &amp; Spoon (Available Only In-Store)"},"content":{"rendered":"<p>Thai Hom Mali Jasmine Rice Spoon &amp; Spoon<br \/>\nRenowned for its rice exports, Thai Hom Mali Rice Spoon &amp; Spoon is a sensible choice from Hom Mali in Thailand, known for its delicious aroma and sought after by many.<br \/>\nRenowned for its rice exports, Thai Hom Mali Rice Spoon &amp; Spoon is a sensible choice from Hom Mali in Thailand, known for its delicious aroma and sought after by many.<br \/>\nAfter cooking, the rice is exceptionally white, sticky, and fragrant.<\/p>\n<p>Weight: 25 pounds \u2013 50 pounds<\/p>\n<hr \/>\n<p>G\u1ea1o th\u01a1m Th\u00e1i Lan Hom Mali Spoon &amp; Spoon<\/p>\n<p>G\u1ea1o th\u01a1m Th\u00e1i Lan Hom Mali Spoon &amp; Spoon N\u1ed5i ti\u1ebfng v\u1ec1 xu\u1ea5t kh\u1ea9u g\u1ea1o, g\u1ea1o th\u01a1m Th\u00e1i Lan Spoon &amp; Spoon l\u00e0 m\u1ed9t l\u1ef1a ch\u1ecdn h\u1ee3p l\u00fd \u0111\u1ebfn t\u1eeb Hom Mali \u0111\u1ebfn t\u1eeb Th\u00e1i Lan, n\u1ed5i ti\u1ebfng v\u1edbi ch\u1ea5t l\u01b0\u1ee3ng th\u01a1m ngon v\u00e0 \u0111\u01b0\u1ee3c nhi\u1ec1u ng\u01b0\u1eddi s\u0103n l\u00f9ng. \u0110\u01b0\u1ee3c s\u1ea3n xu\u1ea5t v\u1edbi ni\u1ec1m \u0111am m\u00ea v\u00e0 b\u00ed quy\u1ebft qua nhi\u1ec1u th\u1ebf h\u1ec7 v\u00e0 ch\u1ea5t l\u01b0\u1ee3ng kh\u00f4ng th\u1ec3 b\u00e0n c\u00e3i, lo\u1ea1i g\u1ea1o n\u00e0y x\u1ee9ng \u0111\u00e1ng \u0111\u01b0\u1ee3c x\u1ebfp h\u1ea1ng cao nh\u1ea5t, \u0111\u01b0\u1ee3c g\u1ecdi l\u00e0 \u201cn\u0103m A\u201d.<\/p>\n<p>Sau khi n\u1ea5u l\u00ean c\u01a1m r\u1ea5t tr\u1eafng, d\u1ebbo v\u00e0 th\u01a1m v\u00f4 c\u00f9ng.<\/p>\n<p>Kh\u1ed1i l\u01b0\u1ee3ng: 25 pound \u2013 50 pound<\/p>\n","protected":false},"excerpt":{"rendered":"<p>Thai Hom Mali Jasmine Rice Spoon &amp; Spoon Renowned for its rice exports, Thai Hom Mali Rice Spoon &amp; Spoon is a sensible choice from Hom Mali in Thailand, known for its delicious aroma and sought after by many. Renowned for its rice exports, Thai Hom Mali Rice Spoon &amp; Spoon is a sensible choice [&hellip;]<\/p>\n","protected":false},"featured_media":2478,"comment_status":"open","ping_status":"closed","template":"","meta":{"ocean_post_layout":"","ocean_both_sidebars_style":"","ocean_both_sidebars_content_width":0,"ocean_both_sidebars_sidebars_width":0,"ocean_sidebar":"0","ocean_second_sidebar":"0","ocean_disable_margins":"enable","ocean_add_body_class":"","ocean_shortcode_before_top_bar":"","ocean_shortcode_after_top_bar":"","ocean_shortcode_before_header":"","ocean_shortcode_after_header":"","ocean_has_shortcode":"","ocean_shortcode_after_title":"","ocean_shortcode_before_footer_widgets":"","ocean_shortcode_after_footer_widgets":"","ocean_shortcode_before_footer_bottom":"","ocean_shortcode_after_footer_bottom":"","ocean_display_top_bar":"default","ocean_display_header":"default","ocean_header_style":"","ocean_center_header_left_menu":"0","ocean_custom_header_template":"0","ocean_custom_logo":0,"ocean_custom_retina_logo":0,"ocean_custom_logo_max_width":0,"ocean_custom_logo_tablet_max_width":0,"ocean_custom_logo_mobile_max_width":0,"ocean_custom_logo_max_height":0,"ocean_custom_logo_tablet_max_height":0,"ocean_custom_logo_mobile_max_height":0,"ocean_header_custom_menu":"0","ocean_menu_typo_font_family":"0","ocean_menu_typo_font_subset":"","ocean_menu_typo_font_size":0,"ocean_menu_typo_font_size_tablet":0,"ocean_menu_typo_font_size_mobile":0,"ocean_menu_typo_font_size_unit":"px","ocean_menu_typo_font_weight":"","ocean_menu_typo_font_weight_tablet":"","ocean_menu_typo_font_weight_mobile":"","ocean_menu_typo_transform":"","ocean_menu_typo_transform_tablet":"","ocean_menu_typo_transform_mobile":"","ocean_menu_typo_line_height":0,"ocean_menu_typo_line_height_tablet":0,"ocean_menu_typo_line_height_mobile":0,"ocean_menu_typo_line_height_unit":"","ocean_menu_typo_spacing":0,"ocean_menu_typo_spacing_tablet":0,"ocean_menu_typo_spacing_mobile":0,"ocean_menu_typo_spacing_unit":"","ocean_menu_link_color":"","ocean_menu_link_color_hover":"","ocean_menu_link_color_active":"","ocean_menu_link_background":"","ocean_menu_link_hover_background":"","ocean_menu_link_active_background":"","ocean_menu_social_links_bg":"","ocean_menu_social_hover_links_bg":"","ocean_menu_social_links_color":"","ocean_menu_social_hover_links_color":"","ocean_disable_title":"default","ocean_disable_heading":"default","ocean_post_title":"","ocean_post_subheading":"","ocean_post_title_style":"","ocean_post_title_background_color":"","ocean_post_title_background":0,"ocean_post_title_bg_image_position":"","ocean_post_title_bg_image_attachment":"","ocean_post_title_bg_image_repeat":"","ocean_post_title_bg_image_size":"","ocean_post_title_height":0,"ocean_post_title_bg_overlay":0.5,"ocean_post_title_bg_overlay_color":"","ocean_disable_breadcrumbs":"default","ocean_breadcrumbs_color":"","ocean_breadcrumbs_separator_color":"","ocean_breadcrumbs_links_color":"","ocean_breadcrumbs_links_hover_color":"","ocean_display_footer_widgets":"default","ocean_display_footer_bottom":"default","ocean_custom_footer_template":"0"},"product_cat":[75],"product_tag":[],"class_list":{"0":"post-3191","1":"product","2":"type-product","3":"status-publish","4":"has-post-thumbnail","6":"product_cat-hat-en","8":"entry","9":"has-media","11":"first","12":"outofstock","13":"shipping-taxable","14":"purchasable","15":"product-type-simple","16":"has-product-nav","17":"col","18":"span_1_of_4","19":"owp-content-center","20":"owp-thumbs-layout-horizontal","21":"owp-btn-normal","22":"owp-tabs-layout-horizontal","23":"has-no-thumbnails"},"_links":{"self":[{"href":"https:\/\/tantuquynh.com\/en\/wp-json\/wp\/v2\/product\/3191","targetHints":{"allow":["GET"]}}],"collection":[{"href":"https:\/\/tantuquynh.com\/en\/wp-json\/wp\/v2\/product"}],"about":[{"href":"https:\/\/tantuquynh.com\/en\/wp-json\/wp\/v2\/types\/product"}],"replies":[{"embeddable":true,"href":"https:\/\/tantuquynh.com\/en\/wp-json\/wp\/v2\/comments?post=3191"}],"wp:featuredmedia":[{"embeddable":true,"href":"https:\/\/tantuquynh.com\/en\/wp-json\/wp\/v2\/media\/2478"}],"wp:attachment":[{"href":"https:\/\/tantuquynh.com\/en\/wp-json\/wp\/v2\/media?parent=3191"}],"wp:term":[{"taxonomy":"product_cat","embeddable":true,"href":"https:\/\/tantuquynh.com\/en\/wp-json\/wp\/v2\/product_cat?post=3191"},{"taxonomy":"product_tag","embeddable":true,"href":"https:\/\/tantuquynh.com\/en\/wp-json\/wp\/v2\/product_tag?post=3191"}],"curies":[{"name":"wp","href":"https:\/\/api.w.org\/{rel}","templated":true}]}}