{"id":3189,"date":"2022-10-18T03:56:52","date_gmt":"2022-10-18T03:56:52","guid":{"rendered":"https:\/\/tantuquynh.com\/product\/kaniwa-organic-white-quinoa-seeds-available-only-in-store"},"modified":"2026-03-16T09:39:34","modified_gmt":"2026-03-16T09:39:34","slug":"kaniwa-organic-white-quinoa-seeds-available-only-in-store","status":"publish","type":"product","link":"https:\/\/tantuquynh.com\/en\/product\/kaniwa-organic-white-quinoa-seeds-available-only-in-store","title":{"rendered":"Kaniwa Organic White Quinoa Seeds (Available Only In-Store)"},"content":{"rendered":"<p>Organic Quinoa Seeds are a highly nutritious type of grain originating from the Andes region of Peru and Bolivia, known as the &#8220;Mother of all grains&#8221; by the people of Central and South America due to their high content of plant-based protein. Type: Unprocessed seeds Weight: 5 pounds Ingredients:<\/p>\n<p>100% Organic Quinoa Seeds imported from Bolivia \u2013 South America.<\/p>\n<p>Benefits:<\/p>\n<p>\u2013 Organic quinoa seeds are a highly nutritious grain originating from the Andes region of Peru and Bolivia, containing high levels of plant-based protein.<\/p>\n<p>\u2013 Suitable for all ages, suitable for diabetics, heart disease and obesity patients, pregnant women, and vegetarians.<\/p>\n<p>\u2013 Produced on modern production lines with quality-assured raw materials, ensuring food safety and hygiene.<\/p>\n<p>Storage:<\/p>\n<p>\u2013 Store in a dry, cool place, away from direct sunlight.<\/p>\n<p>Usage Instructions:<br \/>\nCan be eaten directly, used in baking, making seed milk, suitable for gluten-free, vegan, weight loss diets, and clean eating regimes.<\/p>\n<hr \/>\n<p>H\u1ea1t Quinoa Bolivia<\/p>\n<p>H\u1ea1t Organic Quinoa (Di\u00eam m\u1ea1ch h\u1eefu c\u01a1) l\u00e0 1 lo\u1ea1i h\u1ea1t c\u00f3 gi\u00e1 tr\u1ecb dinh d\u01b0\u1ee1ng cao, c\u00f3 ngu\u1ed3n g\u1ed1c t\u1eeb v\u00f9ng Andes c\u1ee7a Peru v\u00e0 Bolivia, \u0111\u01b0\u1ee3c ng\u01b0\u1eddi d\u00e2n v\u00f9ng Trung v\u00e0 Nam M\u1ef9 g\u1ecdi l\u00e0 \u201cM\u1eb9 c\u1ee7a c\u00e1c lo\u1ea1i h\u1ea1t\u201d v\u00ec c\u00f3 ch\u1ee9a h\u00e0m l\u01b0\u1ee3ng Protein th\u1ef1c v\u1eadt cao.<\/p>\n<p>Lo\u1ea1i: H\u1ea1t ch\u01b0a qua ch\u1ebf bi\u1ebfn<\/p>\n<p>Kh\u1ed1i l\u01b0\u1ee3ng: 5 pound<\/p>\n<p>Th\u00e0nh ph\u1ea7n<\/p>\n<p>100% h\u1ea1t Quinoa Organic nh\u1eadp kh\u1ea9u t\u1eeb Bolivia \u2013 Nam M\u1ef9.<\/p>\n<p>C\u00f4ng d\u1ee5ng<\/p>\n<p>\u2013 H\u1ea1t di\u00eam m\u1ea1ch h\u1eefu c\u01a1 l\u00e0 1 lo\u1ea1i h\u1ea1t c\u00f3 gi\u00e1 tr\u1ecb dinh d\u01b0\u1ee1ng cao, c\u00f3 ngu\u1ed3n g\u1ed1c t\u1eeb v\u00f9ng Andes c\u1ee7a Peru v\u00e0 Bolivia, c\u00f3 ch\u1ee9a h\u00e0m l\u01b0\u1ee3ng protein th\u1ef1c v\u1eadt cao.<\/p>\n<p>\u2013 Th\u00edch h\u1ee3p m\u1ecdi l\u1ee9a tu\u1ed5i, d\u00f9ng \u0111\u01b0\u1ee3c cho ng\u01b0\u1eddi b\u1ec7nh ti\u1ec3u \u0111\u01b0\u1eddng, tim m\u1ea1ch v\u00e0 b\u00e9o ph\u00ec, ph\u1ee5 n\u1eef mang thai, ng\u01b0\u1eddi \u0103n chay.<\/p>\n<p>\u2013 S\u1ea3n xu\u1ea5t tr\u00ean \u200bd\u00e2y chuy\u1ec1n hi\u1ec7n \u0111\u1ea1i c\u00f9ng ngu\u1ed3n nguy\u00ean li\u1ec7u \u0111\u1ea3m b\u1ea3o ch\u1ea5t l\u01b0\u1ee3ng, \u0111\u1ea3m b\u1ea3o an to\u00e0n v\u1ec7 sinh th\u1ef1c ph\u1ea9m.\u200b<\/p>\n<p>B\u1ea3o qu\u1ea3n<\/p>\n<p>\u2013 B\u1ea3o qu\u1ea3n n\u01a1i kh\u00f4 r\u00e1o, tho\u00e1ng m\u00e1t, tr\u00e1nh \u00e1nh n\u1eafng m\u1eb7t tr\u1eddi<\/p>\n<p>C\u00f4ng d\u1ee5ng:<\/p>\n<p>\u0102n li\u1ec1n, l\u00e0m b\u00e1nh, l\u00e0m s\u1eefa h\u1ea1t, ph\u00f9 h\u1ee3p v\u1edbi c\u00e1c ch\u1ebf \u0111\u1ed9 \u0103n gluten free, vegan, \u0103n ki\u00eang gi\u1ea3m c\u00e2n, eat clean.<\/p>\n","protected":false},"excerpt":{"rendered":"<p>Organic Quinoa Seeds are a highly nutritious type of grain originating from the Andes region of Peru and Bolivia, known as the &#8220;Mother of all grains&#8221; by the people of Central and South America due to their high content of plant-based protein. Type: Unprocessed seeds Weight: 5 pounds Ingredients: 100% Organic Quinoa Seeds imported from [&hellip;]<\/p>\n","protected":false},"featured_media":2477,"comment_status":"open","ping_status":"closed","template":"","meta":{"ocean_post_layout":"","ocean_both_sidebars_style":"","ocean_both_sidebars_content_width":0,"ocean_both_sidebars_sidebars_width":0,"ocean_sidebar":"0","ocean_second_sidebar":"0","ocean_disable_margins":"enable","ocean_add_body_class":"","ocean_shortcode_before_top_bar":"","ocean_shortcode_after_top_bar":"","ocean_shortcode_before_header":"","ocean_shortcode_after_header":"","ocean_has_shortcode":"","ocean_shortcode_after_title":"","ocean_shortcode_before_footer_widgets":"","ocean_shortcode_after_footer_widgets":"","ocean_shortcode_before_footer_bottom":"","ocean_shortcode_after_footer_bottom":"","ocean_display_top_bar":"default","ocean_display_header":"default","ocean_header_style":"","ocean_center_header_left_menu":"0","ocean_custom_header_template":"0","ocean_custom_logo":0,"ocean_custom_retina_logo":0,"ocean_custom_logo_max_width":0,"ocean_custom_logo_tablet_max_width":0,"ocean_custom_logo_mobile_max_width":0,"ocean_custom_logo_max_height":0,"ocean_custom_logo_tablet_max_height":0,"ocean_custom_logo_mobile_max_height":0,"ocean_header_custom_menu":"0","ocean_menu_typo_font_family":"0","ocean_menu_typo_font_subset":"","ocean_menu_typo_font_size":0,"ocean_menu_typo_font_size_tablet":0,"ocean_menu_typo_font_size_mobile":0,"ocean_menu_typo_font_size_unit":"px","ocean_menu_typo_font_weight":"","ocean_menu_typo_font_weight_tablet":"","ocean_menu_typo_font_weight_mobile":"","ocean_menu_typo_transform":"","ocean_menu_typo_transform_tablet":"","ocean_menu_typo_transform_mobile":"","ocean_menu_typo_line_height":0,"ocean_menu_typo_line_height_tablet":0,"ocean_menu_typo_line_height_mobile":0,"ocean_menu_typo_line_height_unit":"","ocean_menu_typo_spacing":0,"ocean_menu_typo_spacing_tablet":0,"ocean_menu_typo_spacing_mobile":0,"ocean_menu_typo_spacing_unit":"","ocean_menu_link_color":"","ocean_menu_link_color_hover":"","ocean_menu_link_color_active":"","ocean_menu_link_background":"","ocean_menu_link_hover_background":"","ocean_menu_link_active_background":"","ocean_menu_social_links_bg":"","ocean_menu_social_hover_links_bg":"","ocean_menu_social_links_color":"","ocean_menu_social_hover_links_color":"","ocean_disable_title":"default","ocean_disable_heading":"default","ocean_post_title":"","ocean_post_subheading":"","ocean_post_title_style":"","ocean_post_title_background_color":"","ocean_post_title_background":0,"ocean_post_title_bg_image_position":"","ocean_post_title_bg_image_attachment":"","ocean_post_title_bg_image_repeat":"","ocean_post_title_bg_image_size":"","ocean_post_title_height":0,"ocean_post_title_bg_overlay":0.5,"ocean_post_title_bg_overlay_color":"","ocean_disable_breadcrumbs":"default","ocean_breadcrumbs_color":"","ocean_breadcrumbs_separator_color":"","ocean_breadcrumbs_links_color":"","ocean_breadcrumbs_links_hover_color":"","ocean_display_footer_widgets":"default","ocean_display_footer_bottom":"default","ocean_custom_footer_template":"0"},"product_cat":[75],"product_tag":[],"class_list":{"0":"post-3189","1":"product","2":"type-product","3":"status-publish","4":"has-post-thumbnail","6":"product_cat-hat-en","8":"entry","9":"has-media","11":"first","12":"outofstock","13":"shipping-taxable","14":"purchasable","15":"product-type-simple","16":"has-product-nav","17":"col","18":"span_1_of_4","19":"owp-content-center","20":"owp-thumbs-layout-horizontal","21":"owp-btn-normal","22":"owp-tabs-layout-horizontal","23":"has-no-thumbnails"},"_links":{"self":[{"href":"https:\/\/tantuquynh.com\/en\/wp-json\/wp\/v2\/product\/3189","targetHints":{"allow":["GET"]}}],"collection":[{"href":"https:\/\/tantuquynh.com\/en\/wp-json\/wp\/v2\/product"}],"about":[{"href":"https:\/\/tantuquynh.com\/en\/wp-json\/wp\/v2\/types\/product"}],"replies":[{"embeddable":true,"href":"https:\/\/tantuquynh.com\/en\/wp-json\/wp\/v2\/comments?post=3189"}],"wp:featuredmedia":[{"embeddable":true,"href":"https:\/\/tantuquynh.com\/en\/wp-json\/wp\/v2\/media\/2477"}],"wp:attachment":[{"href":"https:\/\/tantuquynh.com\/en\/wp-json\/wp\/v2\/media?parent=3189"}],"wp:term":[{"taxonomy":"product_cat","embeddable":true,"href":"https:\/\/tantuquynh.com\/en\/wp-json\/wp\/v2\/product_cat?post=3189"},{"taxonomy":"product_tag","embeddable":true,"href":"https:\/\/tantuquynh.com\/en\/wp-json\/wp\/v2\/product_tag?post=3189"}],"curies":[{"name":"wp","href":"https:\/\/api.w.org\/{rel}","templated":true}]}}