{"id":3179,"date":"2022-10-18T03:56:54","date_gmt":"2022-10-18T03:56:54","guid":{"rendered":"https:\/\/tantuquynh.com\/product\/dubai-safari-gold-perfume-oil-order-by-phone-only-714-612-7309"},"modified":"2024-06-10T07:13:33","modified_gmt":"2024-06-10T07:13:33","slug":"dubai-safari-gold-perfume-oil-order-by-phone-only-714-612-7309","status":"publish","type":"product","link":"https:\/\/tantuquynh.com\/en\/product\/dubai-safari-gold-perfume-oil-order-by-phone-only-714-612-7309","title":{"rendered":"Dubai Safari Gold Perfume Oil &#8211; Order By Phone Only 714-612-7309"},"content":{"rendered":"<p>Dubai Safari perfume oil is a renowned long-lasting fragrance product bearing the brand of Khadlaj Perfumes, originating from the UAE. It carries a scent with a gentle, sophisticated, and elegant style. Suitable for office ladies, teachers, and beyond.  <\/p>\n<p>Style: Gentle, Refined, Elegant.<br \/>\nOrigin: UAE<br \/>\nBrand: Khadlaj Perfumes<br \/>\nVolume: 20ml<br \/>\nGender: Female<br \/>\nSuitable Age: All ages<br \/>\nLongevity: 8 \u2013 12 hours<br \/>\nSillage: Within a radius of about 1 meter<br \/>\nFragrance Group: Floral and woody notes.<br \/>\nSignature Scent: Signature scent of oud wood, jasmine, vanilla, seaweed, aloeswood, tea leaves, musk, white wood, wildflowers, and spicy fragrance.<br \/>\nLong-lasting scent, lasts 8-12 hours on the skin, 1-4 days on clothes.<br \/>\n100% natural essential oils, alcohol-free, non-irritating to the skin.<br \/>\nJust a small drop is enough to keep you smelling good all day long.<\/p>\n<hr>\n<p>Tinh D\u1ea7u Th\u01a1m Dubai H\u00e0ng Tr\u0103m Lo\u1ea1i<\/p>\n<p>Tinh d\u1ea7u n\u01b0\u1edbc hoa Dubai Safari l\u00e0 m\u1ed9t s\u1ea3n ph\u1ea9m n\u1ed5i ti\u1ebfng th\u01a1m l\u00e2u mang th\u01b0\u01a1ng hi\u1ec7u c\u1ee7a Khadlaj Perfumes \u0111\u01b0\u1ee3c xu\u1ea5t x\u1ee9 t\u1eeb UAE. Mang m\u1ed9t m\u00f9i h\u01b0\u01a1ng v\u1edbi phong c\u00e1ch nh\u1eb9 nh\u00e0ng, tao nh\u00e3, thanh l\u1ecbch. Ph\u00f9 h\u1ee3p v\u1edbi nh\u1eefng c\u00f4 n\u00e0ng c\u00f4ng s\u1edf, gi\u00e1o vi\u00ean..  <\/p>\n<p>Phong c\u00e1ch: Nh\u1eb9 nh\u00e0ng, Tinh T\u1ebf, Thanh L\u1ecbch.<br \/>\nXu\u1ea5t x\u1ee9: UAE<br \/>\nNh\u00e3n hi\u1ec7u: Khadlaj Perfumes<br \/>\nDung t\u00edch: 20ml<br \/>\nGi\u1edbi t\u00ednh: N\u1eef<br \/>\n\u0110\u1ed9 tu\u1ed5i ph\u00f9 h\u1ee3p: M\u1ecdi \u0111\u1ed9 tu\u1ed5i<br \/>\n\u0110\u1ed9 l\u01b0u h\u01b0\u01a1ng: 8 \u2013 12h<br \/>\n\u0110\u1ed9 t\u1ecfa h\u01b0\u01a1ng: G\u1ea7n b\u00e1n k\u00ednh 1 m\u00e9t<br \/>\nNh\u00f3m h\u01b0\u01a1ng: H\u01b0\u01a1ng hoa c\u1ecf, h\u01b0\u01a1ng g\u1ed7.<br \/>\nH\u01b0\u01a1ng \u0111\u1eb7c tr\u01b0ng: H\u01b0\u01a1ng th\u01a1m \u0111\u1eb7c tr\u01b0ng c\u1ee7a g\u1ed7 tr\u1ea7m h\u01b0\u01a1ng, hoa nh\u00e0i, vani, rong bi\u1ec3n, ho\u00e0ng lang, l\u00e1 tr\u00e0, x\u1ea1 h\u01b0\u01a1ng, g\u1ed7 tr\u1eafng, hoa d\u1ea1i v\u00e0 h\u01b0\u01a1ng cay.<br \/>\n\u0110\u1ed9 l\u01b0u h\u01b0\u01a1ng c\u1ef1c l\u00e2u 8-12 gi\u1edd tr\u00ean da, 1-4 ng\u00e0y tr\u00ean qu\u1ea7n \u00e1o.<br \/>\nTh\u00e0nh ph\u1ea7n 100% tinh d\u1ea7u t\u1ef1 nhi\u00ean, kh\u00f4ng c\u1ed3n, kh\u00f4ng g\u00e2y k\u00edch \u1ee9ng cho da.<br \/>\nM\u1ed7i l\u1ea7n d\u00f9ng ch\u1ec9 c\u1ea7n ch\u1ea5m 1 gi\u1ecdt nh\u1ecf l\u00e0 \u0111\u1ee7 \u0111\u1ec3 b\u1ea1n th\u01a1m l\u00e2u c\u1ea3 ng\u00e0y.<\/p>\n","protected":false},"excerpt":{"rendered":"<p>Dubai Safari perfume oil is a renowned long-lasting fragrance product bearing the brand of Khadlaj Perfumes, originating from the UAE. It carries a scent with a gentle, sophisticated, and elegant style. Suitable for office ladies, teachers, and beyond. Style: Gentle, Refined, Elegant. Origin: UAE Brand: Khadlaj Perfumes Volume: 20ml Gender: Female Suitable Age: All ages [&hellip;]<\/p>\n","protected":false},"featured_media":2531,"comment_status":"open","ping_status":"closed","template":"","meta":{"ocean_post_layout":"","ocean_both_sidebars_style":"","ocean_both_sidebars_content_width":0,"ocean_both_sidebars_sidebars_width":0,"ocean_sidebar":"0","ocean_second_sidebar":"0","ocean_disable_margins":"enable","ocean_add_body_class":"","ocean_shortcode_before_top_bar":"","ocean_shortcode_after_top_bar":"","ocean_shortcode_before_header":"","ocean_shortcode_after_header":"","ocean_has_shortcode":"","ocean_shortcode_after_title":"","ocean_shortcode_before_footer_widgets":"","ocean_shortcode_after_footer_widgets":"","ocean_shortcode_before_footer_bottom":"","ocean_shortcode_after_footer_bottom":"","ocean_display_top_bar":"default","ocean_display_header":"default","ocean_header_style":"","ocean_center_header_left_menu":"0","ocean_custom_header_template":"0","ocean_custom_logo":0,"ocean_custom_retina_logo":0,"ocean_custom_logo_max_width":0,"ocean_custom_logo_tablet_max_width":0,"ocean_custom_logo_mobile_max_width":0,"ocean_custom_logo_max_height":0,"ocean_custom_logo_tablet_max_height":0,"ocean_custom_logo_mobile_max_height":0,"ocean_header_custom_menu":"0","ocean_menu_typo_font_family":"0","ocean_menu_typo_font_subset":"","ocean_menu_typo_font_size":0,"ocean_menu_typo_font_size_tablet":0,"ocean_menu_typo_font_size_mobile":0,"ocean_menu_typo_font_size_unit":"px","ocean_menu_typo_font_weight":"","ocean_menu_typo_font_weight_tablet":"","ocean_menu_typo_font_weight_mobile":"","ocean_menu_typo_transform":"","ocean_menu_typo_transform_tablet":"","ocean_menu_typo_transform_mobile":"","ocean_menu_typo_line_height":0,"ocean_menu_typo_line_height_tablet":0,"ocean_menu_typo_line_height_mobile":0,"ocean_menu_typo_line_height_unit":"","ocean_menu_typo_spacing":0,"ocean_menu_typo_spacing_tablet":0,"ocean_menu_typo_spacing_mobile":0,"ocean_menu_typo_spacing_unit":"","ocean_menu_link_color":"","ocean_menu_link_color_hover":"","ocean_menu_link_color_active":"","ocean_menu_link_background":"","ocean_menu_link_hover_background":"","ocean_menu_link_active_background":"","ocean_menu_social_links_bg":"","ocean_menu_social_hover_links_bg":"","ocean_menu_social_links_color":"","ocean_menu_social_hover_links_color":"","ocean_disable_title":"default","ocean_disable_heading":"default","ocean_post_title":"","ocean_post_subheading":"","ocean_post_title_style":"","ocean_post_title_background_color":"","ocean_post_title_background":0,"ocean_post_title_bg_image_position":"","ocean_post_title_bg_image_attachment":"","ocean_post_title_bg_image_repeat":"","ocean_post_title_bg_image_size":"","ocean_post_title_height":0,"ocean_post_title_bg_overlay":0.5,"ocean_post_title_bg_overlay_color":"","ocean_disable_breadcrumbs":"default","ocean_breadcrumbs_color":"","ocean_breadcrumbs_separator_color":"","ocean_breadcrumbs_links_color":"","ocean_breadcrumbs_links_hover_color":"","ocean_display_footer_widgets":"default","ocean_display_footer_bottom":"default","ocean_custom_footer_template":"0"},"product_cat":[74],"product_tag":[],"class_list":{"0":"post-3179","1":"product","2":"type-product","3":"status-publish","4":"has-post-thumbnail","6":"product_cat-dau-thom-dubai-en","8":"entry","9":"has-media","11":"first","12":"instock","13":"shipping-taxable","14":"purchasable","15":"product-type-simple","16":"has-product-nav","17":"col","18":"span_1_of_4","19":"owp-content-center","20":"owp-thumbs-layout-horizontal","21":"owp-btn-normal","22":"owp-tabs-layout-horizontal","23":"has-no-thumbnails"},"_links":{"self":[{"href":"https:\/\/tantuquynh.com\/en\/wp-json\/wp\/v2\/product\/3179","targetHints":{"allow":["GET"]}}],"collection":[{"href":"https:\/\/tantuquynh.com\/en\/wp-json\/wp\/v2\/product"}],"about":[{"href":"https:\/\/tantuquynh.com\/en\/wp-json\/wp\/v2\/types\/product"}],"replies":[{"embeddable":true,"href":"https:\/\/tantuquynh.com\/en\/wp-json\/wp\/v2\/comments?post=3179"}],"wp:featuredmedia":[{"embeddable":true,"href":"https:\/\/tantuquynh.com\/en\/wp-json\/wp\/v2\/media\/2531"}],"wp:attachment":[{"href":"https:\/\/tantuquynh.com\/en\/wp-json\/wp\/v2\/media?parent=3179"}],"wp:term":[{"taxonomy":"product_cat","embeddable":true,"href":"https:\/\/tantuquynh.com\/en\/wp-json\/wp\/v2\/product_cat?post=3179"},{"taxonomy":"product_tag","embeddable":true,"href":"https:\/\/tantuquynh.com\/en\/wp-json\/wp\/v2\/product_tag?post=3179"}],"curies":[{"name":"wp","href":"https:\/\/api.w.org\/{rel}","templated":true}]}}