{"id":3176,"date":"2023-07-13T21:52:24","date_gmt":"2023-07-13T21:52:24","guid":{"rendered":"https:\/\/tantuquynh.com\/product\/dubai-perfume-oil-1-alluring-scent-from-the-orient-order-by-phone-only-714-612-7309"},"modified":"2024-06-10T07:13:24","modified_gmt":"2024-06-10T07:13:24","slug":"dubai-perfume-oil-1-alluring-scent-from-the-orient-order-by-phone-only-714-612-7309","status":"publish","type":"product","link":"https:\/\/tantuquynh.com\/en\/product\/dubai-perfume-oil-1-alluring-scent-from-the-orient-order-by-phone-only-714-612-7309","title":{"rendered":"Dubai Perfume Oil 1 &#8211; Alluring Scent from the Orient &#8211; Order By Phone Only 714-612-7309"},"content":{"rendered":"<h4 data-sourcepos=\"1:1-1:60\">Dubai Perfume Oil 1 \u2013 Alluring Scent from the Orient<\/h4>\n<p data-sourcepos=\"3:1-3:238\"><strong>Dubai Perfume Oil 1<\/strong> is a premium perfume produced in Dubai, known for its luxurious and sophisticated fragrances. This perfume carries a rich, alluring scent, blending with a hint of mystery and mystique from the Orient. <\/p>\n<ul data-sourcepos=\"7:1-15:0\">\n<li data-sourcepos=\"13:1-13:41\">Style: Luxurious, Alluring, Mysterious<\/li>\n<li data-sourcepos=\"14:1-15:0\">Suitable for both men and women<\/li>\n<\/ul>\n<p><strong>Note:<\/strong> Order by phone only<\/p>\n<p data-sourcepos=\"28:1-28:12\"><strong>Contact:<\/strong> 714-612-7309<\/p>\n<hr>\n<p>Tinh D\u1ea7u Th\u01a1m Dubai 1 \u2013 M\u00f9i h\u01b0\u01a1ng quy\u1ebfn r\u0169 t\u1eeb ph\u01b0\u01a1ng \u0110\u00f4ng<\/p>\n<p>Tinh D\u1ea7u Th\u01a1m Dubai 1 l\u00e0 m\u1ed9t lo\u1ea1i n\u01b0\u1edbc hoa cao c\u1ea5p \u0111\u01b0\u1ee3c s\u1ea3n xu\u1ea5t t\u1ea1i Dubai, n\u01a1i n\u1ed5i ti\u1ebfng v\u1edbi nh\u1eefng lo\u1ea1i n\u01b0\u1edbc hoa sang tr\u1ecdng v\u00e0 qu\u00fd ph\u00e1i. N\u01b0\u1edbc hoa n\u00e0y mang h\u01b0\u01a1ng th\u01a1m n\u1ed3ng n\u00e0n, quy\u1ebfn r\u0169, pha l\u1eabn ch\u00fat b\u00ed \u1ea9n v\u00e0 huy\u1ec1n b\u00ed c\u1ee7a ph\u01b0\u01a1ng \u0110\u00f4ng. <\/p>\n<p>Phong c\u00e1ch: sang tr\u1ecdng, quy\u1ebfn r\u0169, b\u00ed \u1ea9n<br \/>\nTh\u00edch h\u1ee3p s\u1eed d\u1ee5ng cho c\u1ea3 nam v\u00e0 n\u1eef<\/p>\n<p>L\u01b0u \u00fd: S\u1ea3n ph\u1ea9m ch\u1ec9 b\u00e1n qua \u0111i\u1ec7n tho\u1ea1i.<\/p>\n<p>Li\u00ean h\u1ec7: 714-612-7309<\/p>\n","protected":false},"excerpt":{"rendered":"<p>Dubai Perfume Oil 1 \u2013 Alluring Scent from the Orient Dubai Perfume Oil 1 is a premium perfume produced in Dubai, known for its luxurious and sophisticated fragrances. This perfume carries a rich, alluring scent, blending with a hint of mystery and mystique from the Orient. Style: Luxurious, Alluring, Mysterious Suitable for both men and [&hellip;]<\/p>\n","protected":false},"featured_media":2925,"comment_status":"closed","ping_status":"closed","template":"","meta":{"ocean_post_layout":"","ocean_both_sidebars_style":"","ocean_both_sidebars_content_width":0,"ocean_both_sidebars_sidebars_width":0,"ocean_sidebar":"0","ocean_second_sidebar":"0","ocean_disable_margins":"enable","ocean_add_body_class":"","ocean_shortcode_before_top_bar":"","ocean_shortcode_after_top_bar":"","ocean_shortcode_before_header":"","ocean_shortcode_after_header":"","ocean_has_shortcode":"","ocean_shortcode_after_title":"","ocean_shortcode_before_footer_widgets":"","ocean_shortcode_after_footer_widgets":"","ocean_shortcode_before_footer_bottom":"","ocean_shortcode_after_footer_bottom":"","ocean_display_top_bar":"default","ocean_display_header":"default","ocean_header_style":"","ocean_center_header_left_menu":"0","ocean_custom_header_template":"0","ocean_custom_logo":0,"ocean_custom_retina_logo":0,"ocean_custom_logo_max_width":0,"ocean_custom_logo_tablet_max_width":0,"ocean_custom_logo_mobile_max_width":0,"ocean_custom_logo_max_height":0,"ocean_custom_logo_tablet_max_height":0,"ocean_custom_logo_mobile_max_height":0,"ocean_header_custom_menu":"0","ocean_menu_typo_font_family":"0","ocean_menu_typo_font_subset":"","ocean_menu_typo_font_size":0,"ocean_menu_typo_font_size_tablet":0,"ocean_menu_typo_font_size_mobile":0,"ocean_menu_typo_font_size_unit":"px","ocean_menu_typo_font_weight":"","ocean_menu_typo_font_weight_tablet":"","ocean_menu_typo_font_weight_mobile":"","ocean_menu_typo_transform":"","ocean_menu_typo_transform_tablet":"","ocean_menu_typo_transform_mobile":"","ocean_menu_typo_line_height":0,"ocean_menu_typo_line_height_tablet":0,"ocean_menu_typo_line_height_mobile":0,"ocean_menu_typo_line_height_unit":"","ocean_menu_typo_spacing":0,"ocean_menu_typo_spacing_tablet":0,"ocean_menu_typo_spacing_mobile":0,"ocean_menu_typo_spacing_unit":"","ocean_menu_link_color":"","ocean_menu_link_color_hover":"","ocean_menu_link_color_active":"","ocean_menu_link_background":"","ocean_menu_link_hover_background":"","ocean_menu_link_active_background":"","ocean_menu_social_links_bg":"","ocean_menu_social_hover_links_bg":"","ocean_menu_social_links_color":"","ocean_menu_social_hover_links_color":"","ocean_disable_title":"default","ocean_disable_heading":"default","ocean_post_title":"","ocean_post_subheading":"","ocean_post_title_style":"","ocean_post_title_background_color":"","ocean_post_title_background":0,"ocean_post_title_bg_image_position":"","ocean_post_title_bg_image_attachment":"","ocean_post_title_bg_image_repeat":"","ocean_post_title_bg_image_size":"","ocean_post_title_height":0,"ocean_post_title_bg_overlay":0.5,"ocean_post_title_bg_overlay_color":"","ocean_disable_breadcrumbs":"default","ocean_breadcrumbs_color":"","ocean_breadcrumbs_separator_color":"","ocean_breadcrumbs_links_color":"","ocean_breadcrumbs_links_hover_color":"","ocean_display_footer_widgets":"default","ocean_display_footer_bottom":"default","ocean_custom_footer_template":"0"},"product_cat":[74],"product_tag":[],"class_list":{"0":"post-3176","1":"product","2":"type-product","3":"status-publish","4":"has-post-thumbnail","6":"product_cat-dau-thom-dubai-en","8":"entry","9":"has-media","11":"first","12":"instock","13":"shipping-taxable","14":"purchasable","15":"product-type-simple","16":"has-product-nav","17":"col","18":"span_1_of_4","19":"owp-content-center","20":"owp-thumbs-layout-horizontal","21":"owp-btn-normal","22":"owp-tabs-layout-horizontal","23":"has-no-thumbnails"},"_links":{"self":[{"href":"https:\/\/tantuquynh.com\/en\/wp-json\/wp\/v2\/product\/3176","targetHints":{"allow":["GET"]}}],"collection":[{"href":"https:\/\/tantuquynh.com\/en\/wp-json\/wp\/v2\/product"}],"about":[{"href":"https:\/\/tantuquynh.com\/en\/wp-json\/wp\/v2\/types\/product"}],"replies":[{"embeddable":true,"href":"https:\/\/tantuquynh.com\/en\/wp-json\/wp\/v2\/comments?post=3176"}],"wp:featuredmedia":[{"embeddable":true,"href":"https:\/\/tantuquynh.com\/en\/wp-json\/wp\/v2\/media\/2925"}],"wp:attachment":[{"href":"https:\/\/tantuquynh.com\/en\/wp-json\/wp\/v2\/media?parent=3176"}],"wp:term":[{"taxonomy":"product_cat","embeddable":true,"href":"https:\/\/tantuquynh.com\/en\/wp-json\/wp\/v2\/product_cat?post=3176"},{"taxonomy":"product_tag","embeddable":true,"href":"https:\/\/tantuquynh.com\/en\/wp-json\/wp\/v2\/product_tag?post=3176"}],"curies":[{"name":"wp","href":"https:\/\/api.w.org\/{rel}","templated":true}]}}