{"id":3175,"date":"2022-10-18T03:56:54","date_gmt":"2022-10-18T03:56:54","guid":{"rendered":"https:\/\/tantuquynh.com\/product\/dubai-perfume-oil-order-by-phone-only-714-612-7309"},"modified":"2024-06-10T07:13:28","modified_gmt":"2024-06-10T07:13:28","slug":"dubai-perfume-oil-order-by-phone-only-714-612-7309","status":"publish","type":"product","link":"https:\/\/tantuquynh.com\/en\/product\/dubai-perfume-oil-order-by-phone-only-714-612-7309","title":{"rendered":"Dubai Perfume Oil &#8211; Order By Phone Only 714-612-7309"},"content":{"rendered":"<p>Hareem Al Sultan Silver is a premium domestic Dubai fragrance oil, known as the Queen of Roses, and is a product of Khalis Dubai. It is a Floral Fruity Gourmand perfume for women with three layers of sweet and captivating scents.<\/p>\n<p>Style: Gentle, Elegant, Sophisticated.<br \/>\nOrigin: UAE<br \/>\nBrand: Khadlaj Perfumes<br \/>\nVolume: 35ml<br \/>\nGender: Female<br \/>\nSuitable Age: All ages<br \/>\nLongevity: 8 \u2013 12 hours<br \/>\nSillage: Within a radius of about 1 meter<br \/>\nMade from 100% rare natural essential oils, alcohol-free, non-irritating to the skin<br \/>\nJust a small drop is enough to keep you smelling good all day long.<br \/>\nTOP 1 best-selling fragrance oil in Dubai.<br \/>\nFragrance Family:<br \/>\n&#8211; Top notes: bergamot, tangerine, apple, blackcurrant, and sweet, romantic honey.<br \/>\n&#8211; Middle notes: orchid, orchid, lily, freesia, and jasmine bring a gentle allure.<br \/>\n&#8211; Base notes: Amber, musk, vanilla, patchouli, and sandalwood are enchanting.<\/p>\n<hr>\n<p>Tinh D\u1ea7u Th\u01a1m Dubai \u2013 Hareem Al Sultan Silver (Order By Phone Only 714-612-7309)<\/p>\n<p>Tinh d\u1ea7u Dubai n\u1ed9i \u0111\u1ecba cao c\u1ea5p Hareem Al Sultan (Silver) \u0111\u01b0\u1ee3c m\u1ec7nh danh l\u00e0 N\u1eef ho\u00e0ng H\u1ed3ng, l\u00e0 m\u1ed9t s\u1ea3n ph\u1ea9m c\u1ee7a Khalis Dubai l\u00e0 lo\u1ea1i n\u01b0\u1edbc hoa Floral Fruity Gourmand d\u00e0nh cho n\u1eef v\u1edbi 3 t\u1ea7ng h\u01b0\u01a1ng ng\u1ecdt ng\u00e0o v\u00e0 l\u00f4i cu\u1ed1n. <\/p>\n<p>Phong c\u00e1ch: Nh\u1eb9 nh\u00e0ng, Tinh T\u1ebf, Thanh L\u1ecbch.<br \/>\nXu\u1ea5t x\u1ee9: UAE<br \/>\nNh\u00e3n hi\u1ec7u: Khadlaj Perfumes<br \/>\nDung t\u00edch: 35ml<br \/>\nGi\u1edbi t\u00ednh: N\u1eef<br \/>\n\u0110\u1ed9 tu\u1ed5i ph\u00f9 h\u1ee3p: M\u1ecdi \u0111\u1ed9 tu\u1ed5i<br \/>\n\u0110\u1ed9 l\u01b0u h\u01b0\u01a1ng: 8 \u2013 12h<br \/>\n\u0110\u1ed9 t\u1ecfa h\u01b0\u01a1ng: G\u1ea7n b\u00e1n k\u00ednh 1 m\u00e9t<br \/>\nTh\u00e0nh ph\u1ea7n 100% tinh d\u1ea7u t\u1ef1 nhi\u00ean qu\u00fd hi\u1ebfm, kh\u00f4ng c\u1ed3n, kh\u00f4ng g\u00e2y k\u00edch \u1ee9ng cho da<br \/>\nM\u1ed7i l\u1ea7n d\u00f9ng ch\u1ec9 c\u1ea7n ch\u1ea5m 1 gi\u1ecdt nh\u1ecf l\u00e0 \u0111\u1ee7 \u0111\u1ec3 b\u1ea1n th\u01a1m l\u00e2u c\u1ea3 ng\u00e0y.<br \/>\nTOP 1 tinh d\u1ea7u n\u01b0\u1edbc hoa \u0111\u01b0\u1ee3c b\u00e1n ch\u1ea1y nh\u1ea5t t\u1ea1i Dubai.<br \/>\nNh\u00f3m h\u01b0\u01a1ng:<br \/>\n&#8211; H\u01b0\u01a1ng \u0111\u1ea7u: cam bergamot, tangerine, t\u00e1o, nho \u0111en v\u00e0 m\u1eadt ong th\u1eadt ng\u1ecdt ng\u00e0o v\u00e0 l\u00e3ng m\u1ea1n.<br \/>\n&#8211; H\u01b0\u01a1ng gi\u1eefa: hoa m\u1ed9c lan, hoa phong lan, hoa hu\u1ec7 lan, freesia v\u00e0 hoa nh\u00e0i mang \u0111\u1ebfn s\u1ef1 nh\u1eb9 nh\u00e0ng quy\u1ebfn r\u0169.<br \/>\n&#8211; H\u01b0\u01a1ng cu\u1ed1i: Amber, ho\u1eafc h\u01b0\u01a1ng, vani, x\u1ea1 h\u01b0\u01a1ng v\u00e0 g\u1ed7 \u0111\u00e0n h\u01b0\u01a1ng \u0111\u1ea7y l\u00f4i cu\u1ed1n<\/p>\n","protected":false},"excerpt":{"rendered":"<p>Hareem Al Sultan Silver is a premium domestic Dubai fragrance oil, known as the Queen of Roses, and is a product of Khalis Dubai. It is a Floral Fruity Gourmand perfume for women with three layers of sweet and captivating scents. Style: Gentle, Elegant, Sophisticated. Origin: UAE Brand: Khadlaj Perfumes Volume: 35ml Gender: Female Suitable [&hellip;]<\/p>\n","protected":false},"featured_media":2532,"comment_status":"open","ping_status":"closed","template":"","meta":{"ocean_post_layout":"","ocean_both_sidebars_style":"","ocean_both_sidebars_content_width":0,"ocean_both_sidebars_sidebars_width":0,"ocean_sidebar":"0","ocean_second_sidebar":"0","ocean_disable_margins":"enable","ocean_add_body_class":"","ocean_shortcode_before_top_bar":"","ocean_shortcode_after_top_bar":"","ocean_shortcode_before_header":"","ocean_shortcode_after_header":"","ocean_has_shortcode":"","ocean_shortcode_after_title":"","ocean_shortcode_before_footer_widgets":"","ocean_shortcode_after_footer_widgets":"","ocean_shortcode_before_footer_bottom":"","ocean_shortcode_after_footer_bottom":"","ocean_display_top_bar":"default","ocean_display_header":"default","ocean_header_style":"","ocean_center_header_left_menu":"0","ocean_custom_header_template":"0","ocean_custom_logo":0,"ocean_custom_retina_logo":0,"ocean_custom_logo_max_width":0,"ocean_custom_logo_tablet_max_width":0,"ocean_custom_logo_mobile_max_width":0,"ocean_custom_logo_max_height":0,"ocean_custom_logo_tablet_max_height":0,"ocean_custom_logo_mobile_max_height":0,"ocean_header_custom_menu":"0","ocean_menu_typo_font_family":"0","ocean_menu_typo_font_subset":"","ocean_menu_typo_font_size":0,"ocean_menu_typo_font_size_tablet":0,"ocean_menu_typo_font_size_mobile":0,"ocean_menu_typo_font_size_unit":"px","ocean_menu_typo_font_weight":"","ocean_menu_typo_font_weight_tablet":"","ocean_menu_typo_font_weight_mobile":"","ocean_menu_typo_transform":"","ocean_menu_typo_transform_tablet":"","ocean_menu_typo_transform_mobile":"","ocean_menu_typo_line_height":0,"ocean_menu_typo_line_height_tablet":0,"ocean_menu_typo_line_height_mobile":0,"ocean_menu_typo_line_height_unit":"","ocean_menu_typo_spacing":0,"ocean_menu_typo_spacing_tablet":0,"ocean_menu_typo_spacing_mobile":0,"ocean_menu_typo_spacing_unit":"","ocean_menu_link_color":"","ocean_menu_link_color_hover":"","ocean_menu_link_color_active":"","ocean_menu_link_background":"","ocean_menu_link_hover_background":"","ocean_menu_link_active_background":"","ocean_menu_social_links_bg":"","ocean_menu_social_hover_links_bg":"","ocean_menu_social_links_color":"","ocean_menu_social_hover_links_color":"","ocean_disable_title":"default","ocean_disable_heading":"default","ocean_post_title":"","ocean_post_subheading":"","ocean_post_title_style":"","ocean_post_title_background_color":"","ocean_post_title_background":0,"ocean_post_title_bg_image_position":"","ocean_post_title_bg_image_attachment":"","ocean_post_title_bg_image_repeat":"","ocean_post_title_bg_image_size":"","ocean_post_title_height":0,"ocean_post_title_bg_overlay":0.5,"ocean_post_title_bg_overlay_color":"","ocean_disable_breadcrumbs":"default","ocean_breadcrumbs_color":"","ocean_breadcrumbs_separator_color":"","ocean_breadcrumbs_links_color":"","ocean_breadcrumbs_links_hover_color":"","ocean_display_footer_widgets":"default","ocean_display_footer_bottom":"default","ocean_custom_footer_template":"0"},"product_cat":[74],"product_tag":[],"class_list":{"0":"post-3175","1":"product","2":"type-product","3":"status-publish","4":"has-post-thumbnail","6":"product_cat-dau-thom-dubai-en","8":"entry","9":"has-media","11":"first","12":"instock","13":"shipping-taxable","14":"purchasable","15":"product-type-simple","16":"has-product-nav","17":"col","18":"span_1_of_4","19":"owp-content-center","20":"owp-thumbs-layout-horizontal","21":"owp-btn-normal","22":"owp-tabs-layout-horizontal","23":"has-no-thumbnails"},"_links":{"self":[{"href":"https:\/\/tantuquynh.com\/en\/wp-json\/wp\/v2\/product\/3175","targetHints":{"allow":["GET"]}}],"collection":[{"href":"https:\/\/tantuquynh.com\/en\/wp-json\/wp\/v2\/product"}],"about":[{"href":"https:\/\/tantuquynh.com\/en\/wp-json\/wp\/v2\/types\/product"}],"replies":[{"embeddable":true,"href":"https:\/\/tantuquynh.com\/en\/wp-json\/wp\/v2\/comments?post=3175"}],"wp:featuredmedia":[{"embeddable":true,"href":"https:\/\/tantuquynh.com\/en\/wp-json\/wp\/v2\/media\/2532"}],"wp:attachment":[{"href":"https:\/\/tantuquynh.com\/en\/wp-json\/wp\/v2\/media?parent=3175"}],"wp:term":[{"taxonomy":"product_cat","embeddable":true,"href":"https:\/\/tantuquynh.com\/en\/wp-json\/wp\/v2\/product_cat?post=3175"},{"taxonomy":"product_tag","embeddable":true,"href":"https:\/\/tantuquynh.com\/en\/wp-json\/wp\/v2\/product_tag?post=3175"}],"curies":[{"name":"wp","href":"https:\/\/api.w.org\/{rel}","templated":true}]}}