{"id":3172,"date":"2023-11-28T19:27:43","date_gmt":"2023-11-28T19:27:43","guid":{"rendered":"https:\/\/tantuquynh.com\/product\/peppermint-essential-oil-peppermint-medicated-oil"},"modified":"2025-05-30T04:57:36","modified_gmt":"2025-05-30T04:57:36","slug":"peppermint-essential-oil-peppermint-medicated-oil","status":"publish","type":"product","link":"https:\/\/tantuquynh.com\/en\/product\/peppermint-essential-oil-peppermint-medicated-oil","title":{"rendered":"Peppermint Essential Oil &#8211; Peppermint Medicated Oil"},"content":{"rendered":"<p>Tan Tu Quynh Company is pleased to introduce our 100% peppermint essential oil medicated oil with a capacity of 15ml.<\/p>\n<p>Peppermint essential oil is a companion for all ages, with its refreshing scent and pleasant fragrance \u2013 helping to relieve headaches, dizziness, motion sickness, insect bites, stomach pain, diarrhea, colds, catching colds, disinfecting wounds, reducing unpleasant odors in the surroundings, helping to relax, etc. Please visit our website at <a href=\"http:\/\/www.tantuquynh.com\/\" target=\"_blank\" rel=\"noopener\" data-saferedirecturl=\"https:\/\/www.google.com\/url?q=http:\/\/Www.tantuquynh.com&amp;source=gmail&amp;ust=1701279391339000&amp;usg=AOvVaw3Pj25JRFXBoroqGoQZNBdA\">www.tantuquynh.com<\/a> or call TTQ at 714-612-7309 to order: 1 bottle for $20, 6 bottles for $84.99, and 12 bottles for $139.99.<\/p>\n<hr>\n<p>D\u1ea7u Gi\u00f3 Tinh D\u1ea7u B\u1ea1c H\u00e0 Peppermint Essential Oil<\/p>\n<p>C\u00f4ng ty T\u00e2n T\u00fa Qu\u1ef3nh xin gi\u1edbi thi\u1ec7u D\u1ea7u gi\u00f3 tinh d\u1ea7u b\u1ea1c h\u00e0 Peppermint 100% c\u1ee7a ch\u00fang t\u00f4i v\u1edbi dung l\u01b0\u1ee3ng 15ml.<\/p>\n<p>Tinh d\u1ea7u b\u1ea1c h\u00e0 l\u00e0 b\u1ea1n \u0111\u1ed3ng h\u00e0nh c\u1ee7a m\u1ecdi l\u1ee9a tu\u1ed5i , th\u01a1m ng\u00e1t, m\u00f9i h\u01b0\u01a1ng tuy\u1ec7t d\u1ec5 ch\u1ecbu \u2013 gi\u00fap ch\u1ed1ng nh\u1ee9c \u0111\u1ea7u, ch\u00f3ng m\u1eb7t, say t\u00e0u xe, c\u00f4n tr\u00f9ng c\u1eafn, \u0111au b\u1ee5ng, ti\u00eau ch\u1ea3y, c\u1ea3m c\u00fam, tr\u00fang gi\u00f3, s\u00e1t tr\u00f9ng v\u1ebft th\u01b0\u01a1ng, l\u00e0m gi\u1ea3m m\u00f9i h\u00f4i kh\u00f3 ch\u1ecbu xung quanh, gi\u00fap relax v.v,\u2026 xin v\u00e0o website <a href=\"http:\/\/www.tantuquynh.com\">Www.tantuquynh.com<\/a> ho\u1eb7c g\u1ecdi TTQ 714-612-7309 \u0111\u1ec3 Oder gi\u00e1 1 chai $20, 6 chai $84.99 v\u00e0 12 chai $139.99.<\/p>\n","protected":false},"excerpt":{"rendered":"<p>Tan Tu Quynh Company is pleased to introduce our 100% peppermint essential oil medicated oil with a capacity of 15ml. Peppermint essential oil is a companion for all ages, with its refreshing scent and pleasant fragrance \u2013 helping to relieve headaches, dizziness, motion sickness, insect bites, stomach pain, diarrhea, colds, catching colds, disinfecting wounds, reducing [&hellip;]<\/p>\n","protected":false},"featured_media":3037,"comment_status":"closed","ping_status":"closed","template":"","meta":{"ocean_post_layout":"","ocean_both_sidebars_style":"","ocean_both_sidebars_content_width":0,"ocean_both_sidebars_sidebars_width":0,"ocean_sidebar":"0","ocean_second_sidebar":"0","ocean_disable_margins":"enable","ocean_add_body_class":"","ocean_shortcode_before_top_bar":"","ocean_shortcode_after_top_bar":"","ocean_shortcode_before_header":"","ocean_shortcode_after_header":"","ocean_has_shortcode":"","ocean_shortcode_after_title":"","ocean_shortcode_before_footer_widgets":"","ocean_shortcode_after_footer_widgets":"","ocean_shortcode_before_footer_bottom":"","ocean_shortcode_after_footer_bottom":"","ocean_display_top_bar":"default","ocean_display_header":"default","ocean_header_style":"","ocean_center_header_left_menu":"0","ocean_custom_header_template":"0","ocean_custom_logo":0,"ocean_custom_retina_logo":0,"ocean_custom_logo_max_width":0,"ocean_custom_logo_tablet_max_width":0,"ocean_custom_logo_mobile_max_width":0,"ocean_custom_logo_max_height":0,"ocean_custom_logo_tablet_max_height":0,"ocean_custom_logo_mobile_max_height":0,"ocean_header_custom_menu":"0","ocean_menu_typo_font_family":"0","ocean_menu_typo_font_subset":"","ocean_menu_typo_font_size":0,"ocean_menu_typo_font_size_tablet":0,"ocean_menu_typo_font_size_mobile":0,"ocean_menu_typo_font_size_unit":"px","ocean_menu_typo_font_weight":"","ocean_menu_typo_font_weight_tablet":"","ocean_menu_typo_font_weight_mobile":"","ocean_menu_typo_transform":"","ocean_menu_typo_transform_tablet":"","ocean_menu_typo_transform_mobile":"","ocean_menu_typo_line_height":0,"ocean_menu_typo_line_height_tablet":0,"ocean_menu_typo_line_height_mobile":0,"ocean_menu_typo_line_height_unit":"","ocean_menu_typo_spacing":0,"ocean_menu_typo_spacing_tablet":0,"ocean_menu_typo_spacing_mobile":0,"ocean_menu_typo_spacing_unit":"","ocean_menu_link_color":"","ocean_menu_link_color_hover":"","ocean_menu_link_color_active":"","ocean_menu_link_background":"","ocean_menu_link_hover_background":"","ocean_menu_link_active_background":"","ocean_menu_social_links_bg":"","ocean_menu_social_hover_links_bg":"","ocean_menu_social_links_color":"","ocean_menu_social_hover_links_color":"","ocean_disable_title":"default","ocean_disable_heading":"default","ocean_post_title":"","ocean_post_subheading":"","ocean_post_title_style":"","ocean_post_title_background_color":"","ocean_post_title_background":0,"ocean_post_title_bg_image_position":"","ocean_post_title_bg_image_attachment":"","ocean_post_title_bg_image_repeat":"","ocean_post_title_bg_image_size":"","ocean_post_title_height":0,"ocean_post_title_bg_overlay":0.5,"ocean_post_title_bg_overlay_color":"","ocean_disable_breadcrumbs":"default","ocean_breadcrumbs_color":"","ocean_breadcrumbs_separator_color":"","ocean_breadcrumbs_links_color":"","ocean_breadcrumbs_links_hover_color":"","ocean_display_footer_widgets":"default","ocean_display_footer_bottom":"default","ocean_custom_footer_template":"0"},"product_cat":[72],"product_tag":[],"class_list":{"0":"post-3172","1":"product","2":"type-product","3":"status-publish","4":"has-post-thumbnail","6":"product_cat-dau-thom-en","8":"entry","9":"has-media","11":"first","12":"outofstock","13":"shipping-taxable","14":"purchasable","15":"product-type-variable","16":"has-product-nav","17":"col","18":"span_1_of_4","19":"owp-content-center","20":"owp-thumbs-layout-horizontal","21":"owp-btn-normal","22":"owp-tabs-layout-horizontal","23":"has-no-thumbnails"},"_links":{"self":[{"href":"https:\/\/tantuquynh.com\/en\/wp-json\/wp\/v2\/product\/3172","targetHints":{"allow":["GET"]}}],"collection":[{"href":"https:\/\/tantuquynh.com\/en\/wp-json\/wp\/v2\/product"}],"about":[{"href":"https:\/\/tantuquynh.com\/en\/wp-json\/wp\/v2\/types\/product"}],"replies":[{"embeddable":true,"href":"https:\/\/tantuquynh.com\/en\/wp-json\/wp\/v2\/comments?post=3172"}],"wp:featuredmedia":[{"embeddable":true,"href":"https:\/\/tantuquynh.com\/en\/wp-json\/wp\/v2\/media\/3037"}],"wp:attachment":[{"href":"https:\/\/tantuquynh.com\/en\/wp-json\/wp\/v2\/media?parent=3172"}],"wp:term":[{"taxonomy":"product_cat","embeddable":true,"href":"https:\/\/tantuquynh.com\/en\/wp-json\/wp\/v2\/product_cat?post=3172"},{"taxonomy":"product_tag","embeddable":true,"href":"https:\/\/tantuquynh.com\/en\/wp-json\/wp\/v2\/product_tag?post=3172"}],"curies":[{"name":"wp","href":"https:\/\/api.w.org\/{rel}","templated":true}]}}