{"id":3168,"date":"2022-10-18T03:56:51","date_gmt":"2022-10-18T03:56:51","guid":{"rendered":"https:\/\/tantuquynh.com\/product\/herbal-tea-ni-anti-allergy-for-food-chemical-nasal-inflammation-chemical-allergy-from-nail-industry"},"modified":"2024-06-10T08:34:26","modified_gmt":"2024-06-10T08:34:26","slug":"herbal-tea-ni-anti-allergy-for-food-chemical-nasal-inflammation-chemical-allergy-from-nail-industry","status":"publish","type":"product","link":"https:\/\/tantuquynh.com\/en\/product\/herbal-tea-ni-anti-allergy-for-food-chemical-nasal-inflammation-chemical-allergy-from-nail-industry","title":{"rendered":"Herbal Tea NI &#8211; Anti-Allergy for Food, Chemical, Nasal Inflammation, Chemical Allergy from Nail Industry"},"content":{"rendered":"<p>Brand: Generic<br \/>\nPackaging: Bag<br \/>\nFlavor: Herbal tea \u2013 Nasal health<br \/>\nUnit: 1.00 Bag<br \/>\nProduct: Herbal remedy for nasal issues<br \/>\nFor best results, use boiling water, steep for 15 minutes until it cools down to drinkable temperature.<br \/>\nMade in USA<br \/>\nSoothes nasal irritations.<br \/>\nEnhances nasal health.<\/p>\n<p>Note:<br \/>\nWe aim to provide you with the most accurate product information. The origin of production, suppliers, and the information you see here have not been verified by us. To obtain this product, you must agree to our disclaimer.  <\/p>\n<hr>\n<p>Tr\u00e0 Th\u1ea3o M\u1ed9c NI Ch\u1ed1ng D\u1ecb \u1ee9Ng Ng\u1ee9a V\u00ec Th\u1ee9c \u0102n, H\u00f3a Ch\u1ea5t, Vi\u00eam M\u0169i, D\u1ecb \u1ee9Ng M\u0169i V\u00ec H\u00f3a Ch\u1ea5t C\u1ee7a Ng\u00e0nh Nail<\/p>\n<p>Th\u01b0\u01a1ng hi\u1ec7u: Generic<br \/>\nD\u1ea1ng \u0111\u00f3ng g\u00f3i: T\u00fai<br \/>\nH\u01b0\u01a1ng v\u1ecb: Tr\u00e0 th\u1ea3o m\u1ed9c \u2013 B\u1ea3o v\u1ec7 s\u1ee9c kh\u1ecfe m\u0169i<br \/>\n\u0110\u01a1n v\u1ecb: 1.00 G\u00f3i<br \/>\nS\u1ea3n ph\u1ea9m: th\u1ea3o d\u01b0\u1ee3c d\u00e0nh cho c\u00e1c v\u1ea5n \u0111\u1ec1 v\u1ec1 m\u0169i<br \/>\n\u0110\u1ec3 c\u00f3 k\u1ebft qu\u1ea3 t\u1ed1t nh\u1ea5t, d\u00f9ng n\u01b0\u1edbc s\u00f4i, \u0111\u1ec3 trong 15 ph\u00fat \u0111\u1ebfn khi ngu\u1ed9i c\u00f3 th\u1ec3 u\u1ed1ng \u0111\u01b0\u1ee3c.<br \/>\nS\u1ea3n ph\u1ea9m c\u1ee7a M\u1ef9<br \/>\nL\u00e0m d\u1ecbu c\u00e1c k\u00edch \u1ee9ng \u1edf m\u0169i.<br \/>\nT\u0103ng c\u01b0\u1eddng s\u1ee9c kh\u1ecfe m\u0169i.<\/p>\n<p>L\u01b0u \u00fd:<br \/>\nCh\u00fang t\u00f4i mong mu\u1ed1n cung c\u1ea5p cho b\u1ea1n th\u00f4ng tin s\u1ea3n ph\u1ea9m ch\u00ednh x\u00e1c nh\u1ea5t. Ngu\u1ed3n g\u1ed1c s\u1ea3n xu\u1ea5t, nh\u00e0 cung c\u1ea5p va nh\u1eefng th\u00f4ng tin b\u1ea1n th\u1ea5y \u1edf \u0111\u00e2y v\u00e0 ch\u00fang t\u00f4i ch\u01b0a x\u00e1c minh \u0111i\u1ec1u \u0111\u00f3. \u0110\u1ec3 c\u00f3 \u0111\u01b0\u1ee3c s\u1ea3n ph\u1ea9m n\u00e0y, b\u1ea1n c\u1ea7n ph\u1ea3i \u0111\u1ed3ng \u00fd v\u1edbi Disclaimer c\u1ee7a ch\u00fang t\u00f4i.  <\/p>\n","protected":false},"excerpt":{"rendered":"<p>Brand: Generic Packaging: Bag Flavor: Herbal tea \u2013 Nasal health Unit: 1.00 Bag Product: Herbal remedy for nasal issues For best results, use boiling water, steep for 15 minutes until it cools down to drinkable temperature. Made in USA Soothes nasal irritations. Enhances nasal health. Note: We aim to provide you with the most accurate [&hellip;]<\/p>\n","protected":false},"featured_media":2502,"comment_status":"open","ping_status":"closed","template":"","meta":{"ocean_post_layout":"","ocean_both_sidebars_style":"","ocean_both_sidebars_content_width":0,"ocean_both_sidebars_sidebars_width":0,"ocean_sidebar":"0","ocean_second_sidebar":"0","ocean_disable_margins":"enable","ocean_add_body_class":"","ocean_shortcode_before_top_bar":"","ocean_shortcode_after_top_bar":"","ocean_shortcode_before_header":"","ocean_shortcode_after_header":"","ocean_has_shortcode":"","ocean_shortcode_after_title":"","ocean_shortcode_before_footer_widgets":"","ocean_shortcode_after_footer_widgets":"","ocean_shortcode_before_footer_bottom":"","ocean_shortcode_after_footer_bottom":"","ocean_display_top_bar":"default","ocean_display_header":"default","ocean_header_style":"","ocean_center_header_left_menu":"0","ocean_custom_header_template":"0","ocean_custom_logo":0,"ocean_custom_retina_logo":0,"ocean_custom_logo_max_width":0,"ocean_custom_logo_tablet_max_width":0,"ocean_custom_logo_mobile_max_width":0,"ocean_custom_logo_max_height":0,"ocean_custom_logo_tablet_max_height":0,"ocean_custom_logo_mobile_max_height":0,"ocean_header_custom_menu":"0","ocean_menu_typo_font_family":"0","ocean_menu_typo_font_subset":"","ocean_menu_typo_font_size":0,"ocean_menu_typo_font_size_tablet":0,"ocean_menu_typo_font_size_mobile":0,"ocean_menu_typo_font_size_unit":"px","ocean_menu_typo_font_weight":"","ocean_menu_typo_font_weight_tablet":"","ocean_menu_typo_font_weight_mobile":"","ocean_menu_typo_transform":"","ocean_menu_typo_transform_tablet":"","ocean_menu_typo_transform_mobile":"","ocean_menu_typo_line_height":0,"ocean_menu_typo_line_height_tablet":0,"ocean_menu_typo_line_height_mobile":0,"ocean_menu_typo_line_height_unit":"","ocean_menu_typo_spacing":0,"ocean_menu_typo_spacing_tablet":0,"ocean_menu_typo_spacing_mobile":0,"ocean_menu_typo_spacing_unit":"","ocean_menu_link_color":"","ocean_menu_link_color_hover":"","ocean_menu_link_color_active":"","ocean_menu_link_background":"","ocean_menu_link_hover_background":"","ocean_menu_link_active_background":"","ocean_menu_social_links_bg":"","ocean_menu_social_hover_links_bg":"","ocean_menu_social_links_color":"","ocean_menu_social_hover_links_color":"","ocean_disable_title":"default","ocean_disable_heading":"default","ocean_post_title":"","ocean_post_subheading":"","ocean_post_title_style":"","ocean_post_title_background_color":"","ocean_post_title_background":0,"ocean_post_title_bg_image_position":"","ocean_post_title_bg_image_attachment":"","ocean_post_title_bg_image_repeat":"","ocean_post_title_bg_image_size":"","ocean_post_title_height":0,"ocean_post_title_bg_overlay":0.5,"ocean_post_title_bg_overlay_color":"","ocean_disable_breadcrumbs":"default","ocean_breadcrumbs_color":"","ocean_breadcrumbs_separator_color":"","ocean_breadcrumbs_links_color":"","ocean_breadcrumbs_links_hover_color":"","ocean_display_footer_widgets":"default","ocean_display_footer_bottom":"default","ocean_custom_footer_template":"0"},"product_cat":[71],"product_tag":[],"class_list":{"0":"post-3168","1":"product","2":"type-product","3":"status-publish","4":"has-post-thumbnail","6":"product_cat-tra-en","8":"entry","9":"has-media","11":"first","12":"instock","13":"shipping-taxable","14":"purchasable","15":"product-type-simple","16":"has-product-nav","17":"col","18":"span_1_of_4","19":"owp-content-center","20":"owp-thumbs-layout-horizontal","21":"owp-btn-normal","22":"owp-tabs-layout-horizontal","23":"has-no-thumbnails"},"_links":{"self":[{"href":"https:\/\/tantuquynh.com\/en\/wp-json\/wp\/v2\/product\/3168","targetHints":{"allow":["GET"]}}],"collection":[{"href":"https:\/\/tantuquynh.com\/en\/wp-json\/wp\/v2\/product"}],"about":[{"href":"https:\/\/tantuquynh.com\/en\/wp-json\/wp\/v2\/types\/product"}],"replies":[{"embeddable":true,"href":"https:\/\/tantuquynh.com\/en\/wp-json\/wp\/v2\/comments?post=3168"}],"wp:featuredmedia":[{"embeddable":true,"href":"https:\/\/tantuquynh.com\/en\/wp-json\/wp\/v2\/media\/2502"}],"wp:attachment":[{"href":"https:\/\/tantuquynh.com\/en\/wp-json\/wp\/v2\/media?parent=3168"}],"wp:term":[{"taxonomy":"product_cat","embeddable":true,"href":"https:\/\/tantuquynh.com\/en\/wp-json\/wp\/v2\/product_cat?post=3168"},{"taxonomy":"product_tag","embeddable":true,"href":"https:\/\/tantuquynh.com\/en\/wp-json\/wp\/v2\/product_tag?post=3168"}],"curies":[{"name":"wp","href":"https:\/\/api.w.org\/{rel}","templated":true}]}}