{"id":3165,"date":"2023-02-28T08:31:56","date_gmt":"2023-02-28T08:31:56","guid":{"rendered":"https:\/\/tantuquynh.com\/product\/combo-2-packs-soothing-bp-herb-tea-blood-pressure-support-tea"},"modified":"2024-06-10T08:33:50","modified_gmt":"2024-06-10T08:33:50","slug":"combo-2-packs-soothing-bp-herb-tea-blood-pressure-support-tea","status":"publish","type":"product","link":"https:\/\/tantuquynh.com\/en\/product\/combo-2-packs-soothing-bp-herb-tea-blood-pressure-support-tea","title":{"rendered":"Combo 2 Packs Soothing BP Herb Tea &#8211; Blood Pressure Support Tea"},"content":{"rendered":"<p><strong>$75 + shipping<\/strong><\/p>\n<p><strong>Soothing BP Herb Tea \u2013 Blood Pressure Support Tea<\/strong><\/p>\n<p data-sourcepos=\"3:1-3:14\"><strong>C\u00f4ng d\u1ee5ng<\/strong>:<\/p>\n<ul data-sourcepos=\"5:1-10:0\">\n<li data-sourcepos=\"5:1-5:22\">Supports reducing blood pressure<\/li>\n<li data-sourcepos=\"6:1-6:34\">Helps effectively control blood pressure<\/li>\n<li data-sourcepos=\"7:1-7:38\">Assists in preventing cardiovascular complications<\/li>\n<li data-sourcepos=\"8:1-8:30\">Enhances heart health<\/li>\n<li data-sourcepos=\"9:1-10:0\">Calms the nerves, reduces stress<\/li>\n<\/ul>\n<p data-sourcepos=\"18:1-18:17\"><strong>Usage<\/strong>:<\/p>\n<ul data-sourcepos=\"20:1-22:0\">\n<li data-sourcepos=\"20:1-20:56\">Put 1 tea bag into 200ml of boiling water, steep for 5-10 minutes.<\/li>\n<li data-sourcepos=\"21:1-22:0\">Drink 2-3 times a day, after meals.<\/li>\n<\/ul>\n<p data-sourcepos=\"23:1-23:22\"><strong>Suitable for<\/strong>:<\/p>\n<ul data-sourcepos=\"25:1-28:0\">\n<li data-sourcepos=\"25:1-25:23\">Individuals with high blood pressure<\/li>\n<li data-sourcepos=\"26:1-26:40\">Individuals at high risk of cardiovascular disease<\/li>\n<li data-sourcepos=\"27:1-28:0\">Those who want to control blood pressure<\/li>\n<\/ul>\n<hr>\n<p><strong>$75 + shipping<\/strong><\/p>\n<p><strong>Soothing BP Herb Tea \u2013 Tr\u00e0 H\u1ea1 Huy\u1ebft \u00c1p<\/strong><\/p>\n<p><strong>C\u00f4ng d\u1ee5ng:<\/strong><\/p>\n<p>&#8211; H\u1ed7 tr\u1ee3 gi\u1ea3m huy\u1ebft \u00e1p<br \/>\n&#8211; Gi\u00fap ki\u1ec3m so\u00e1t huy\u1ebft \u00e1p hi\u1ec7u qu\u1ea3<br \/>\n&#8211; H\u1ed7 tr\u1ee3 ng\u0103n ng\u1eeba bi\u1ebfn ch\u1ee9ng tim m\u1ea1ch<br \/>\n&#8211; T\u0103ng c\u01b0\u1eddng s\u1ee9c kh\u1ecfe tim m\u1ea1ch<br \/>\n&#8211; An th\u1ea7n, gi\u1ea3m c\u0103ng th\u1eb3ng<\/p>\n<p><strong>C\u00f4ng d\u1ee5ng:<\/strong><\/p>\n<p>Cho 1 g\u00f3i tr\u00e0 v\u00e0o 200ml n\u01b0\u1edbc s\u00f4i, h\u00e3m trong 5-10 ph\u00fat.<br \/>\nU\u1ed1ng ng\u00e0y 2-3 l\u1ea7n, sau b\u1eefa \u0103n.<\/p>\n<p><strong>\u0110\u1ed1i t\u01b0\u1ee3ng s\u1eed d\u1ee5ng:<\/strong><\/p>\n<p>&#8211; Ng\u01b0\u1eddi b\u1ecb huy\u1ebft \u00e1p cao<br \/>\n&#8211; Ng\u01b0\u1eddi c\u00f3 nguy c\u01a1 cao m\u1eafc b\u1ec7nh tim m\u1ea1ch<br \/>\n&#8211; Ng\u01b0\u1eddi mu\u1ed1n ki\u1ec3m so\u00e1t huy\u1ebft \u00e1p<\/p>\n","protected":false},"excerpt":{"rendered":"<p>$75 + shipping Soothing BP Herb Tea \u2013 Blood Pressure Support Tea C\u00f4ng d\u1ee5ng: Supports reducing blood pressure Helps effectively control blood pressure Assists in preventing cardiovascular complications Enhances heart health Calms the nerves, reduces stress Usage: Put 1 tea bag into 200ml of boiling water, steep for 5-10 minutes. Drink 2-3 times a day, [&hellip;]<\/p>\n","protected":false},"featured_media":2805,"comment_status":"open","ping_status":"closed","template":"","meta":{"ocean_post_layout":"","ocean_both_sidebars_style":"","ocean_both_sidebars_content_width":0,"ocean_both_sidebars_sidebars_width":0,"ocean_sidebar":"0","ocean_second_sidebar":"0","ocean_disable_margins":"enable","ocean_add_body_class":"","ocean_shortcode_before_top_bar":"","ocean_shortcode_after_top_bar":"","ocean_shortcode_before_header":"","ocean_shortcode_after_header":"","ocean_has_shortcode":"","ocean_shortcode_after_title":"","ocean_shortcode_before_footer_widgets":"","ocean_shortcode_after_footer_widgets":"","ocean_shortcode_before_footer_bottom":"","ocean_shortcode_after_footer_bottom":"","ocean_display_top_bar":"default","ocean_display_header":"default","ocean_header_style":"","ocean_center_header_left_menu":"0","ocean_custom_header_template":"0","ocean_custom_logo":0,"ocean_custom_retina_logo":0,"ocean_custom_logo_max_width":0,"ocean_custom_logo_tablet_max_width":0,"ocean_custom_logo_mobile_max_width":0,"ocean_custom_logo_max_height":0,"ocean_custom_logo_tablet_max_height":0,"ocean_custom_logo_mobile_max_height":0,"ocean_header_custom_menu":"0","ocean_menu_typo_font_family":"0","ocean_menu_typo_font_subset":"","ocean_menu_typo_font_size":0,"ocean_menu_typo_font_size_tablet":0,"ocean_menu_typo_font_size_mobile":0,"ocean_menu_typo_font_size_unit":"px","ocean_menu_typo_font_weight":"","ocean_menu_typo_font_weight_tablet":"","ocean_menu_typo_font_weight_mobile":"","ocean_menu_typo_transform":"","ocean_menu_typo_transform_tablet":"","ocean_menu_typo_transform_mobile":"","ocean_menu_typo_line_height":0,"ocean_menu_typo_line_height_tablet":0,"ocean_menu_typo_line_height_mobile":0,"ocean_menu_typo_line_height_unit":"","ocean_menu_typo_spacing":0,"ocean_menu_typo_spacing_tablet":0,"ocean_menu_typo_spacing_mobile":0,"ocean_menu_typo_spacing_unit":"","ocean_menu_link_color":"","ocean_menu_link_color_hover":"","ocean_menu_link_color_active":"","ocean_menu_link_background":"","ocean_menu_link_hover_background":"","ocean_menu_link_active_background":"","ocean_menu_social_links_bg":"","ocean_menu_social_hover_links_bg":"","ocean_menu_social_links_color":"","ocean_menu_social_hover_links_color":"","ocean_disable_title":"default","ocean_disable_heading":"default","ocean_post_title":"","ocean_post_subheading":"","ocean_post_title_style":"","ocean_post_title_background_color":"","ocean_post_title_background":0,"ocean_post_title_bg_image_position":"","ocean_post_title_bg_image_attachment":"","ocean_post_title_bg_image_repeat":"","ocean_post_title_bg_image_size":"","ocean_post_title_height":0,"ocean_post_title_bg_overlay":0.5,"ocean_post_title_bg_overlay_color":"","ocean_disable_breadcrumbs":"default","ocean_breadcrumbs_color":"","ocean_breadcrumbs_separator_color":"","ocean_breadcrumbs_links_color":"","ocean_breadcrumbs_links_hover_color":"","ocean_display_footer_widgets":"default","ocean_display_footer_bottom":"default","ocean_custom_footer_template":"0"},"product_cat":[71],"product_tag":[],"class_list":{"0":"post-3165","1":"product","2":"type-product","3":"status-publish","4":"has-post-thumbnail","6":"product_cat-tra-en","8":"entry","9":"has-media","11":"first","12":"instock","13":"shipping-taxable","14":"purchasable","15":"product-type-simple","16":"has-product-nav","17":"col","18":"span_1_of_4","19":"owp-content-center","20":"owp-thumbs-layout-horizontal","21":"owp-btn-normal","22":"owp-tabs-layout-horizontal","23":"has-no-thumbnails"},"_links":{"self":[{"href":"https:\/\/tantuquynh.com\/en\/wp-json\/wp\/v2\/product\/3165","targetHints":{"allow":["GET"]}}],"collection":[{"href":"https:\/\/tantuquynh.com\/en\/wp-json\/wp\/v2\/product"}],"about":[{"href":"https:\/\/tantuquynh.com\/en\/wp-json\/wp\/v2\/types\/product"}],"replies":[{"embeddable":true,"href":"https:\/\/tantuquynh.com\/en\/wp-json\/wp\/v2\/comments?post=3165"}],"wp:featuredmedia":[{"embeddable":true,"href":"https:\/\/tantuquynh.com\/en\/wp-json\/wp\/v2\/media\/2805"}],"wp:attachment":[{"href":"https:\/\/tantuquynh.com\/en\/wp-json\/wp\/v2\/media?parent=3165"}],"wp:term":[{"taxonomy":"product_cat","embeddable":true,"href":"https:\/\/tantuquynh.com\/en\/wp-json\/wp\/v2\/product_cat?post=3165"},{"taxonomy":"product_tag","embeddable":true,"href":"https:\/\/tantuquynh.com\/en\/wp-json\/wp\/v2\/product_tag?post=3165"}],"curies":[{"name":"wp","href":"https:\/\/api.w.org\/{rel}","templated":true}]}}