{"id":3162,"date":"2023-02-28T15:53:25","date_gmt":"2023-02-28T15:53:25","guid":{"rendered":"https:\/\/tantuquynh.com\/product\/combo-2-packs-herbal-tea-mh-support-for-women-in-the-pre-menopausal-stage"},"modified":"2024-06-10T08:32:34","modified_gmt":"2024-06-10T08:32:34","slug":"combo-2-packs-herbal-tea-mh-support-for-women-in-the-pre-menopausal-stage","status":"publish","type":"product","link":"https:\/\/tantuquynh.com\/en\/product\/combo-2-packs-herbal-tea-mh-support-for-women-in-the-pre-menopausal-stage","title":{"rendered":"Combo 2 Packs Herbal Tea MH &#8211; Support For Women In The Pre-menopausal Stage"},"content":{"rendered":"<p>Specifications: 1 pack contains 20 sachets<\/p>\n<p>Herbal Tea MH<br \/>\nSupports overall health for women in the pre-menopausal stage<\/p>\n<p>Usage instructions: Put 1 tea bag into a cup with 250ml (8 oz) of boiling water, steep for 15 minutes, and let it cool before drinking.<\/p>\n<p>Notes:<br \/>\nFor special cases such as underlying medical conditions, pregnancy, breastfeeding, or when using specialized medication, consult a doctor before use.<\/p>\n<p>Warning: This product is not a medicine and does not substitute for medical treatment.<\/p>\n<hr>\n<p>Quy c\u00e1ch: 1 bao 20 g\u00f3i<\/p>\n<p>Tr\u00e0 Th\u1ea3o D\u01b0\u1ee3c MH<br \/>\nH\u1ed7 tr\u1ee3 t\u0103ng c\u01b0\u1eddng s\u1ee9c kh\u1ecfe cho ph\u1ee5 n\u1eef giai \u0111o\u1ea1n ti\u1ec1n m\u00e3n kinh<\/p>\n<p>H\u01b0\u1edbng d\u1eabn s\u1eed d\u1ee5ng: Cho 1 g\u00f3i tr\u00e0 v\u00e0o ly v\u1edbi 250ml (8 oz) n\u01b0\u1edbc s\u00f4i, ng\u00e2m trong v\u00f2ng 15 ph\u00fat v\u00e0 \u0111\u1ec3 ngu\u1ed9i khi u\u1ed1ng.<\/p>\n<p>L\u01b0u \u00fd:<br \/>\nC\u00e1c tr\u01b0\u1eddng h\u1ee3p \u0111\u1eb7c bi\u1ec7t nh\u01b0 c\u00f3 b\u1ec7nh n\u1ec1n, \u0111ang mang thai v\u00e0 cho con b\u00fa, ho\u1eb7c \u0111ang d\u00f9ng thu\u1ed1c \u0111\u1eb7c tr\u1ecb, n\u00ean tham kh\u1ea3o \u00fd ki\u1ebfn b\u00e1c s\u0129 tr\u01b0\u1edbc khi d\u00f9ng.<\/p>\n<p>Khuy\u1ebfn c\u00e1o: S\u1ea3n ph\u1ea9m n\u00e0y kh\u00f4ng ph\u1ea3i l\u00e0 thu\u1ed1c v\u00e0 kh\u00f4ng c\u00f3 t\u00e1c d\u1ee5ng thay th\u1ebf thu\u1ed1c ch\u1eefa b\u1ec7nh.<\/p>\n","protected":false},"excerpt":{"rendered":"<p>Specifications: 1 pack contains 20 sachets Herbal Tea MH Supports overall health for women in the pre-menopausal stage Usage instructions: Put 1 tea bag into a cup with 250ml (8 oz) of boiling water, steep for 15 minutes, and let it cool before drinking. Notes: For special cases such as underlying medical conditions, pregnancy, breastfeeding, [&hellip;]<\/p>\n","protected":false},"featured_media":2724,"comment_status":"closed","ping_status":"closed","template":"","meta":{"ocean_post_layout":"","ocean_both_sidebars_style":"","ocean_both_sidebars_content_width":0,"ocean_both_sidebars_sidebars_width":0,"ocean_sidebar":"0","ocean_second_sidebar":"0","ocean_disable_margins":"enable","ocean_add_body_class":"","ocean_shortcode_before_top_bar":"","ocean_shortcode_after_top_bar":"","ocean_shortcode_before_header":"","ocean_shortcode_after_header":"","ocean_has_shortcode":"","ocean_shortcode_after_title":"","ocean_shortcode_before_footer_widgets":"","ocean_shortcode_after_footer_widgets":"","ocean_shortcode_before_footer_bottom":"","ocean_shortcode_after_footer_bottom":"","ocean_display_top_bar":"default","ocean_display_header":"default","ocean_header_style":"","ocean_center_header_left_menu":"0","ocean_custom_header_template":"0","ocean_custom_logo":0,"ocean_custom_retina_logo":0,"ocean_custom_logo_max_width":0,"ocean_custom_logo_tablet_max_width":0,"ocean_custom_logo_mobile_max_width":0,"ocean_custom_logo_max_height":0,"ocean_custom_logo_tablet_max_height":0,"ocean_custom_logo_mobile_max_height":0,"ocean_header_custom_menu":"0","ocean_menu_typo_font_family":"0","ocean_menu_typo_font_subset":"","ocean_menu_typo_font_size":0,"ocean_menu_typo_font_size_tablet":0,"ocean_menu_typo_font_size_mobile":0,"ocean_menu_typo_font_size_unit":"px","ocean_menu_typo_font_weight":"","ocean_menu_typo_font_weight_tablet":"","ocean_menu_typo_font_weight_mobile":"","ocean_menu_typo_transform":"","ocean_menu_typo_transform_tablet":"","ocean_menu_typo_transform_mobile":"","ocean_menu_typo_line_height":0,"ocean_menu_typo_line_height_tablet":0,"ocean_menu_typo_line_height_mobile":0,"ocean_menu_typo_line_height_unit":"","ocean_menu_typo_spacing":0,"ocean_menu_typo_spacing_tablet":0,"ocean_menu_typo_spacing_mobile":0,"ocean_menu_typo_spacing_unit":"","ocean_menu_link_color":"","ocean_menu_link_color_hover":"","ocean_menu_link_color_active":"","ocean_menu_link_background":"","ocean_menu_link_hover_background":"","ocean_menu_link_active_background":"","ocean_menu_social_links_bg":"","ocean_menu_social_hover_links_bg":"","ocean_menu_social_links_color":"","ocean_menu_social_hover_links_color":"","ocean_disable_title":"default","ocean_disable_heading":"default","ocean_post_title":"","ocean_post_subheading":"","ocean_post_title_style":"","ocean_post_title_background_color":"","ocean_post_title_background":0,"ocean_post_title_bg_image_position":"","ocean_post_title_bg_image_attachment":"","ocean_post_title_bg_image_repeat":"","ocean_post_title_bg_image_size":"","ocean_post_title_height":0,"ocean_post_title_bg_overlay":0.5,"ocean_post_title_bg_overlay_color":"","ocean_disable_breadcrumbs":"default","ocean_breadcrumbs_color":"","ocean_breadcrumbs_separator_color":"","ocean_breadcrumbs_links_color":"","ocean_breadcrumbs_links_hover_color":"","ocean_display_footer_widgets":"default","ocean_display_footer_bottom":"default","ocean_custom_footer_template":"0"},"product_cat":[71],"product_tag":[],"class_list":{"0":"post-3162","1":"product","2":"type-product","3":"status-publish","4":"has-post-thumbnail","6":"product_cat-tra-en","8":"entry","9":"has-media","11":"first","12":"instock","13":"shipping-taxable","14":"purchasable","15":"product-type-simple","16":"has-product-nav","17":"col","18":"span_1_of_4","19":"owp-content-center","20":"owp-thumbs-layout-horizontal","21":"owp-btn-normal","22":"owp-tabs-layout-horizontal","23":"has-no-thumbnails"},"_links":{"self":[{"href":"https:\/\/tantuquynh.com\/en\/wp-json\/wp\/v2\/product\/3162","targetHints":{"allow":["GET"]}}],"collection":[{"href":"https:\/\/tantuquynh.com\/en\/wp-json\/wp\/v2\/product"}],"about":[{"href":"https:\/\/tantuquynh.com\/en\/wp-json\/wp\/v2\/types\/product"}],"replies":[{"embeddable":true,"href":"https:\/\/tantuquynh.com\/en\/wp-json\/wp\/v2\/comments?post=3162"}],"wp:featuredmedia":[{"embeddable":true,"href":"https:\/\/tantuquynh.com\/en\/wp-json\/wp\/v2\/media\/2724"}],"wp:attachment":[{"href":"https:\/\/tantuquynh.com\/en\/wp-json\/wp\/v2\/media?parent=3162"}],"wp:term":[{"taxonomy":"product_cat","embeddable":true,"href":"https:\/\/tantuquynh.com\/en\/wp-json\/wp\/v2\/product_cat?post=3162"},{"taxonomy":"product_tag","embeddable":true,"href":"https:\/\/tantuquynh.com\/en\/wp-json\/wp\/v2\/product_tag?post=3162"}],"curies":[{"name":"wp","href":"https:\/\/api.w.org\/{rel}","templated":true}]}}