{"id":3161,"date":"2023-02-28T16:27:07","date_gmt":"2023-02-28T16:27:07","guid":{"rendered":"https:\/\/tantuquynh.com\/product\/combo-2-packs-herbal-tea-ep-support-for-men-with-prostate-gland"},"modified":"2024-06-10T08:32:45","modified_gmt":"2024-06-10T08:32:45","slug":"combo-2-packs-herbal-tea-ep-support-for-men-with-prostate-gland","status":"publish","type":"product","link":"https:\/\/tantuquynh.com\/en\/product\/combo-2-packs-herbal-tea-ep-support-for-men-with-prostate-gland","title":{"rendered":"Combo 2 Packs Herbal Tea EP &#8211; Support For Men with Prostate Gland"},"content":{"rendered":"<p>Herbal Tea EP<br \/>\nSpecially supports the prostate gland for men.<\/p>\n<p>Usage instructions: Put 1 tea bag into a cup with 250ml (8 oz) of boiling water, steep for 15 minutes, and let it cool before drinking.<\/p>\n<p>Note: This product may reduce PSA levels. I ntended for adult men who are healthy. Consult a doctor when using in conjunction with other specialized products.<\/p>\n<p>Warning: This product is not a medicine and does not substitute for medical treatment.<\/p>\n<hr>\n<p>Tr\u00e0 Th\u1ea3o D\u01b0\u1ee3c EP<br \/>\n\u0110\u1eb7c bi\u1ec7t h\u1ed7 tr\u1ee3 tuy\u1ebfn ti\u1ec1n li\u1ec7t cho nam gi\u1edbi<\/p>\n<p>H\u01b0\u1edbng d\u1eabn s\u1eed d\u1ee5ng: Cho 1 g\u00f3i tr\u00e0 v\u00e0o ly v\u1edbi 250ml (8 oz) n\u01b0\u1edbc s\u00f4i, ng\u00e2m trong v\u00f2ng 15 ph\u00fat v\u00e0 \u0111\u1ec3 ngu\u1ed9i khi u\u1ed1ng.<\/p>\n<p>L\u01b0u \u00fd: S\u1ea3n ph\u1ea9m n\u00e0y c\u00f3 th\u1ec3 l\u00e0m gi\u1ea3m n\u1ed3ng \u0111\u1ed9 PSA. D\u00e0nh ri\u00eang cho nam gi\u1edbi tr\u01b0\u1edfng th\u00e0nh v\u00e0 kh\u1ecfe m\u1ea1nh. Tham kh\u1ea3o \u00fd ki\u1ebfn c\u1ee7a b\u00e1c s\u0129 khi s\u1eed d\u1ee5ng k\u1ebft h\u1ee3p v\u1edbi c\u00e1c s\u1ea3n ph\u1ea9m \u0111\u1eb7c tr\u1ecb kh\u00e1c.<\/p>\n<p>Khuy\u1ebfn c\u00e1o: S\u1ea3n ph\u1ea9m n\u00e0y kh\u00f4ng ph\u1ea3i l\u00e0 thu\u1ed1c v\u00e0 kh\u00f4ng c\u00f3 t\u00e1c d\u1ee5ng thay th\u1ebf thu\u1ed1c ch\u1eefa b\u1ec7nh.<\/p>\n","protected":false},"excerpt":{"rendered":"<p>Herbal Tea EP Specially supports the prostate gland for men. Usage instructions: Put 1 tea bag into a cup with 250ml (8 oz) of boiling water, steep for 15 minutes, and let it cool before drinking. Note: This product may reduce PSA levels. I ntended for adult men who are healthy. Consult a doctor when [&hellip;]<\/p>\n","protected":false},"featured_media":2727,"comment_status":"closed","ping_status":"closed","template":"","meta":{"ocean_post_layout":"","ocean_both_sidebars_style":"","ocean_both_sidebars_content_width":0,"ocean_both_sidebars_sidebars_width":0,"ocean_sidebar":"0","ocean_second_sidebar":"0","ocean_disable_margins":"enable","ocean_add_body_class":"","ocean_shortcode_before_top_bar":"","ocean_shortcode_after_top_bar":"","ocean_shortcode_before_header":"","ocean_shortcode_after_header":"","ocean_has_shortcode":"","ocean_shortcode_after_title":"","ocean_shortcode_before_footer_widgets":"","ocean_shortcode_after_footer_widgets":"","ocean_shortcode_before_footer_bottom":"","ocean_shortcode_after_footer_bottom":"","ocean_display_top_bar":"default","ocean_display_header":"default","ocean_header_style":"","ocean_center_header_left_menu":"0","ocean_custom_header_template":"0","ocean_custom_logo":0,"ocean_custom_retina_logo":0,"ocean_custom_logo_max_width":0,"ocean_custom_logo_tablet_max_width":0,"ocean_custom_logo_mobile_max_width":0,"ocean_custom_logo_max_height":0,"ocean_custom_logo_tablet_max_height":0,"ocean_custom_logo_mobile_max_height":0,"ocean_header_custom_menu":"0","ocean_menu_typo_font_family":"0","ocean_menu_typo_font_subset":"","ocean_menu_typo_font_size":0,"ocean_menu_typo_font_size_tablet":0,"ocean_menu_typo_font_size_mobile":0,"ocean_menu_typo_font_size_unit":"px","ocean_menu_typo_font_weight":"","ocean_menu_typo_font_weight_tablet":"","ocean_menu_typo_font_weight_mobile":"","ocean_menu_typo_transform":"","ocean_menu_typo_transform_tablet":"","ocean_menu_typo_transform_mobile":"","ocean_menu_typo_line_height":0,"ocean_menu_typo_line_height_tablet":0,"ocean_menu_typo_line_height_mobile":0,"ocean_menu_typo_line_height_unit":"","ocean_menu_typo_spacing":0,"ocean_menu_typo_spacing_tablet":0,"ocean_menu_typo_spacing_mobile":0,"ocean_menu_typo_spacing_unit":"","ocean_menu_link_color":"","ocean_menu_link_color_hover":"","ocean_menu_link_color_active":"","ocean_menu_link_background":"","ocean_menu_link_hover_background":"","ocean_menu_link_active_background":"","ocean_menu_social_links_bg":"","ocean_menu_social_hover_links_bg":"","ocean_menu_social_links_color":"","ocean_menu_social_hover_links_color":"","ocean_disable_title":"default","ocean_disable_heading":"default","ocean_post_title":"","ocean_post_subheading":"","ocean_post_title_style":"","ocean_post_title_background_color":"","ocean_post_title_background":0,"ocean_post_title_bg_image_position":"","ocean_post_title_bg_image_attachment":"","ocean_post_title_bg_image_repeat":"","ocean_post_title_bg_image_size":"","ocean_post_title_height":0,"ocean_post_title_bg_overlay":0.5,"ocean_post_title_bg_overlay_color":"","ocean_disable_breadcrumbs":"default","ocean_breadcrumbs_color":"","ocean_breadcrumbs_separator_color":"","ocean_breadcrumbs_links_color":"","ocean_breadcrumbs_links_hover_color":"","ocean_display_footer_widgets":"default","ocean_display_footer_bottom":"default","ocean_custom_footer_template":"0"},"product_cat":[71],"product_tag":[],"class_list":{"0":"post-3161","1":"product","2":"type-product","3":"status-publish","4":"has-post-thumbnail","6":"product_cat-tra-en","8":"entry","9":"has-media","11":"first","12":"instock","13":"shipping-taxable","14":"purchasable","15":"product-type-simple","16":"has-product-nav","17":"col","18":"span_1_of_4","19":"owp-content-center","20":"owp-thumbs-layout-horizontal","21":"owp-btn-normal","22":"owp-tabs-layout-horizontal","23":"has-no-thumbnails"},"_links":{"self":[{"href":"https:\/\/tantuquynh.com\/en\/wp-json\/wp\/v2\/product\/3161","targetHints":{"allow":["GET"]}}],"collection":[{"href":"https:\/\/tantuquynh.com\/en\/wp-json\/wp\/v2\/product"}],"about":[{"href":"https:\/\/tantuquynh.com\/en\/wp-json\/wp\/v2\/types\/product"}],"replies":[{"embeddable":true,"href":"https:\/\/tantuquynh.com\/en\/wp-json\/wp\/v2\/comments?post=3161"}],"wp:featuredmedia":[{"embeddable":true,"href":"https:\/\/tantuquynh.com\/en\/wp-json\/wp\/v2\/media\/2727"}],"wp:attachment":[{"href":"https:\/\/tantuquynh.com\/en\/wp-json\/wp\/v2\/media?parent=3161"}],"wp:term":[{"taxonomy":"product_cat","embeddable":true,"href":"https:\/\/tantuquynh.com\/en\/wp-json\/wp\/v2\/product_cat?post=3161"},{"taxonomy":"product_tag","embeddable":true,"href":"https:\/\/tantuquynh.com\/en\/wp-json\/wp\/v2\/product_tag?post=3161"}],"curies":[{"name":"wp","href":"https:\/\/api.w.org\/{rel}","templated":true}]}}