{"id":3160,"date":"2023-03-01T04:53:22","date_gmt":"2023-03-01T04:53:22","guid":{"rendered":"https:\/\/tantuquynh.com\/product\/lung-supplement-korean-torachi-cough-relief"},"modified":"2024-06-10T07:15:53","modified_gmt":"2024-06-10T07:15:53","slug":"lung-supplement-korean-torachi-cough-relief","status":"publish","type":"product","link":"https:\/\/tantuquynh.com\/en\/product\/lung-supplement-korean-torachi-cough-relief","title":{"rendered":"Lung Supplement &#8211; Korean Torachi Cough Relief"},"content":{"rendered":"<p>$250\/box \u2013 4 bottles<br \/>\nThis special product helps effectively reduce symptoms related to the respiratory tract.<br \/>\nSpecifications: Each box contains 4 bottles, each bottle weighing 240g.<\/p>\n<p>Benefits:<br \/>\n&#8211; Antibacterial and anti-inflammatory for the lungs.<br \/>\n&#8211; Reduces respiratory symptoms of the common cold such as sore throat, runny nose, and difficulty breathing.<br \/>\n&#8211; Protects the bronchial mucosa.<br \/>\n&#8211; Lung protection \u2013 Prevents lung damage from smoking, environmental pollution, and dust.<br \/>\n&#8211; Suitable for people with chronic cough, bronchitis, asthma<br \/>\n&#8211; Especially recommended for smokers.<br \/>\n&#8211; Excellent for those with weak lungs, detoxifying harmful substances for the lungs, helping the lungs become healthy and return to normal.<\/p>\n<hr>\n<p><strong>Thu\u1ed1c B\u1ed5 Ph\u1ed5i &#8211; Gi\u1ea3m Ho H\u00e0n Qu\u1ed1c Torachi<\/strong><br \/>\n$250\/ h\u1ed9p \u2013 4 l\u1ecd<br \/>\nL\u00e0 s\u1ea3n ph\u1ea9m \u0111\u1eb7c bi\u1ec7t gi\u00fap gi\u1ea3m tri\u1ec7u ch\u1ee9ng v\u1ec1 \u0111\u01b0\u1eddng h\u00f4 h\u1ea5p hi\u1ec7u qu\u1ea3 cao.<br \/>\nQuy c\u00e1ch: 1 h\u1ed9p g\u1ed3m 4 l\u1ecd, m\u1ed7i l\u1ecd 240g.<\/p>\n<p><strong>C\u00f4ng d\u1ee5ng:<\/strong><br \/>\n&#8211; Kh\u00e1ng khu\u1ea9n v\u00e0 ch\u1ed1ng vi\u00eam cho ph\u1ed5i.<br \/>\n&#8211; Gi\u1ea3m c\u00e1c tri\u1ec7u ch\u1ee9ng h\u00f4 h\u1ea5p c\u1ee7a c\u1ea3m l\u1ea1nh nh\u01b0 \u0111au h\u1ecdng, s\u1ed5 m\u0169i, kh\u00f3 th\u1edf.<br \/>\n&#8211; B\u1ea3o v\u1ec7 ni\u00eam m\u1ea1c ph\u1ebf qu\u1ea3n.<br \/>\n&#8211; B\u1ea3o v\u1ec7 ph\u1ed5i \u2013 Ng\u0103n ng\u1eeba t\u1ed5n th\u01b0\u01a1ng ph\u1ed5i do h\u00fat thu\u1ed1c l\u00e1, do m\u00f4i tr\u01b0\u1eddng l\u00e0m vi\u1ec7c b\u1ee5i b\u1ea9n<br \/>\n&#8211; Nh\u1eefng ng\u01b0\u1eddi b\u1ecb ho m\u00e3n t\u00ednh, vi\u00eam ph\u1ebf qu\u1ea3n, hen suy\u1ec5n<br \/>\n&#8211; V\u00e0 \u0111\u1eb7c bi\u1ec7t nh\u1eefng ai h\u00fat thu\u1ed1c l\u00e1 th\u00ec n\u00ean d\u00f9ng<br \/>\n&#8211; R\u1ea5t t\u1ed1t cho nh\u1eefng ng\u01b0\u1eddi ph\u1ed5i k\u00e9m, thanh l\u1ecdc c\u00e1c ch\u1ea5t c\u00f3 h\u1ea1i cho ph\u1ed5i, gi\u00fap ph\u1ed5i kho\u1ebb m\u1ea1nh, tr\u1edf l\u1ea1i tr\u1ea1ng th\u00e1i b\u00ecnh th\u01b0\u1eddng<\/p>\n","protected":false},"excerpt":{"rendered":"<p>$250\/box \u2013 4 bottles This special product helps effectively reduce symptoms related to the respiratory tract. Specifications: Each box contains 4 bottles, each bottle weighing 240g. Benefits: &#8211; Antibacterial and anti-inflammatory for the lungs. &#8211; Reduces respiratory symptoms of the common cold such as sore throat, runny nose, and difficulty breathing. &#8211; Protects the bronchial [&hellip;]<\/p>\n","protected":false},"featured_media":2810,"comment_status":"closed","ping_status":"closed","template":"","meta":{"ocean_post_layout":"","ocean_both_sidebars_style":"","ocean_both_sidebars_content_width":0,"ocean_both_sidebars_sidebars_width":0,"ocean_sidebar":"0","ocean_second_sidebar":"0","ocean_disable_margins":"enable","ocean_add_body_class":"","ocean_shortcode_before_top_bar":"","ocean_shortcode_after_top_bar":"","ocean_shortcode_before_header":"","ocean_shortcode_after_header":"","ocean_has_shortcode":"","ocean_shortcode_after_title":"","ocean_shortcode_before_footer_widgets":"","ocean_shortcode_after_footer_widgets":"","ocean_shortcode_before_footer_bottom":"","ocean_shortcode_after_footer_bottom":"","ocean_display_top_bar":"default","ocean_display_header":"default","ocean_header_style":"","ocean_center_header_left_menu":"0","ocean_custom_header_template":"0","ocean_custom_logo":0,"ocean_custom_retina_logo":0,"ocean_custom_logo_max_width":0,"ocean_custom_logo_tablet_max_width":0,"ocean_custom_logo_mobile_max_width":0,"ocean_custom_logo_max_height":0,"ocean_custom_logo_tablet_max_height":0,"ocean_custom_logo_mobile_max_height":0,"ocean_header_custom_menu":"0","ocean_menu_typo_font_family":"0","ocean_menu_typo_font_subset":"","ocean_menu_typo_font_size":0,"ocean_menu_typo_font_size_tablet":0,"ocean_menu_typo_font_size_mobile":0,"ocean_menu_typo_font_size_unit":"px","ocean_menu_typo_font_weight":"","ocean_menu_typo_font_weight_tablet":"","ocean_menu_typo_font_weight_mobile":"","ocean_menu_typo_transform":"","ocean_menu_typo_transform_tablet":"","ocean_menu_typo_transform_mobile":"","ocean_menu_typo_line_height":0,"ocean_menu_typo_line_height_tablet":0,"ocean_menu_typo_line_height_mobile":0,"ocean_menu_typo_line_height_unit":"","ocean_menu_typo_spacing":0,"ocean_menu_typo_spacing_tablet":0,"ocean_menu_typo_spacing_mobile":0,"ocean_menu_typo_spacing_unit":"","ocean_menu_link_color":"","ocean_menu_link_color_hover":"","ocean_menu_link_color_active":"","ocean_menu_link_background":"","ocean_menu_link_hover_background":"","ocean_menu_link_active_background":"","ocean_menu_social_links_bg":"","ocean_menu_social_hover_links_bg":"","ocean_menu_social_links_color":"","ocean_menu_social_hover_links_color":"","ocean_disable_title":"default","ocean_disable_heading":"default","ocean_post_title":"","ocean_post_subheading":"","ocean_post_title_style":"","ocean_post_title_background_color":"","ocean_post_title_background":0,"ocean_post_title_bg_image_position":"","ocean_post_title_bg_image_attachment":"","ocean_post_title_bg_image_repeat":"","ocean_post_title_bg_image_size":"","ocean_post_title_height":0,"ocean_post_title_bg_overlay":0.5,"ocean_post_title_bg_overlay_color":"","ocean_disable_breadcrumbs":"default","ocean_breadcrumbs_color":"","ocean_breadcrumbs_separator_color":"","ocean_breadcrumbs_links_color":"","ocean_breadcrumbs_links_hover_color":"","ocean_display_footer_widgets":"default","ocean_display_footer_bottom":"default","ocean_custom_footer_template":"0"},"product_cat":[70],"product_tag":[],"class_list":{"0":"post-3160","1":"product","2":"type-product","3":"status-publish","4":"has-post-thumbnail","6":"product_cat-duoc-thao-han-quoc-en","8":"entry","9":"has-media","11":"first","12":"instock","13":"shipping-taxable","14":"purchasable","15":"product-type-simple","16":"has-product-nav","17":"col","18":"span_1_of_4","19":"owp-content-center","20":"owp-thumbs-layout-horizontal","21":"owp-btn-normal","22":"owp-tabs-layout-horizontal","23":"has-no-thumbnails"},"_links":{"self":[{"href":"https:\/\/tantuquynh.com\/en\/wp-json\/wp\/v2\/product\/3160","targetHints":{"allow":["GET"]}}],"collection":[{"href":"https:\/\/tantuquynh.com\/en\/wp-json\/wp\/v2\/product"}],"about":[{"href":"https:\/\/tantuquynh.com\/en\/wp-json\/wp\/v2\/types\/product"}],"replies":[{"embeddable":true,"href":"https:\/\/tantuquynh.com\/en\/wp-json\/wp\/v2\/comments?post=3160"}],"wp:featuredmedia":[{"embeddable":true,"href":"https:\/\/tantuquynh.com\/en\/wp-json\/wp\/v2\/media\/2810"}],"wp:attachment":[{"href":"https:\/\/tantuquynh.com\/en\/wp-json\/wp\/v2\/media?parent=3160"}],"wp:term":[{"taxonomy":"product_cat","embeddable":true,"href":"https:\/\/tantuquynh.com\/en\/wp-json\/wp\/v2\/product_cat?post=3160"},{"taxonomy":"product_tag","embeddable":true,"href":"https:\/\/tantuquynh.com\/en\/wp-json\/wp\/v2\/product_tag?post=3160"}],"curies":[{"name":"wp","href":"https:\/\/api.w.org\/{rel}","templated":true}]}}