{"id":3148,"date":"2022-10-18T03:56:51","date_gmt":"2022-10-18T03:56:51","guid":{"rendered":"https:\/\/tantuquynh.com\/product\/beaumax-purifying-blemish-booster"},"modified":"2024-06-10T08:27:56","modified_gmt":"2024-06-10T08:27:56","slug":"beaumax-purifying-blemish-booster","status":"publish","type":"product","link":"https:\/\/tantuquynh.com\/en\/product\/beaumax-purifying-blemish-booster","title":{"rendered":"BEAUMAX Purifying Blemish Booster"},"content":{"rendered":"<p>BEAUMAX Purifying Blemish Booster. With 3 essential components to control acne including alcohol-free serum, willow herb, copper peptide, and Cica (Centella) effectively treats acne. Can be used on individual pimples or applied to the entire face. The product helps maintain a blemish-free complexion, reduces inflammation, fights bacteria, and promotes quick wound healing.  <\/p>\n<p>Contains 100% certified pure therapeutic-grade essential oils<\/p>\n<p>How to use: Apply directly to affected areas, multiple times if necessary. Can be used on the entire face after toner application to maintain effectiveness.<\/p>\n<p>Main Ingredients: DI.Water, Hamamelis Virginiana Water*, Copper tripeptide-1, PhytoGlycerin, Glyceryl Caprylate, Butylene Glycol, Niacinamide, Caprylyl glycol, Betaine, Sodium Lactate, Ethylhexylglycerin, Pentylene Glycol, Polyacrylate crosspolymer-6, Glyceryl Stearate, PolyGluceryl 10-Laurate, Poly Glyceryl0-Myristate, Hydrogenated Ethylhexyl Olivate, Tocopherol, phytosqualene, Allantoin, Glycyrrhiza Glabra- (Licorice) extract*, Tripeptide-29, Dipotassium glycyrrhizate, Hydroxy Ethyl Cellulose, Xantan Gum, Salix Alba (Willow) bark extract*, Magnolia Officinalis Bark Extract*, Echinacea Angustifolia Extract, Echinacea Angustifolia Extract*, Centella Asiatica (Gotu Kola) extract*, Adenosine, Hyaluronic Acid, Lavandula angustifolia(Lavender)Oil*, Citrus Paradisi (Grapefruit) Seed Oil*, Melaleuca Alternafolia (Tea Tree) Leaf Oil*, Pelargonium graveolens(Geranium) Oil*, Anthemis nobilis (Chamomile-Roman) Oil* * Organic<\/p>\n<hr>\n<p>BEAUMAX Purifying Blemish Booster. V\u1edbi 3 th\u00e0nh ph\u1ea7n thi\u1ebft y\u1ebfu \u0111\u1ec3 ki\u1ec3m so\u00e1t m\u1ee5n bao g\u1ed3m serum kh\u00f4ng ch\u1ee9a c\u1ed3n, c\u00e2y ph\u1ec9, peptide \u0111\u1ed3ng v\u00e0 Cica (Centella) c\u00f3 t\u00e1c d\u1ee5ng tr\u1ecb m\u1ee5n hi\u1ec7u qu\u1ea3. C\u00f3 th\u1ec3 d\u00f9ng tr\u00ean n\u1ed1t m\u1ee5n ho\u1eb7c s\u1eed d\u1ee5ng to\u00e0n m\u1eb7t. S\u1ea3n ph\u1ea9m gi\u00fap duy tr\u00ec l\u00e0n da s\u1ea1ch m\u1ee5n, ch\u1ed1ng vi\u00eam, ch\u1ed1ng vi khu\u1ea9n v\u00e0 ch\u1eefa l\u00e0nh v\u1ebft th\u01b0\u01a1ng nhanh ch\u00f3ng.  <\/p>\n<p>Ch\u1ee9a 100% tinh d\u1ea7u tr\u1ecb li\u1ec7u tinh khi\u1ebft \u0111\u00e3 \u0111\u01b0\u1ee3c ch\u1ee9ng nh\u1eadn<\/p>\n<p>C\u00e1ch s\u1eed d\u1ee5ng: Thoa tr\u1ef1c ti\u1ebfp l\u00ean v\u00f9ng b\u1ecb m\u1ee5n, nhi\u1ec1u l\u1ea7n n\u1ebfu c\u1ea7n thi\u1ebft. C\u00f3 th\u1ec3 d\u00f9ng cho to\u00e0n b\u1ed9 khu\u00f4n m\u1eb7t sau b\u01b0\u1edbc toner \u0111\u1ec3 duy tr\u00ec hi\u1ec7u qu\u1ea3. <\/p>\n<p>Main Ingredients: DI.Water, Hamamelis Virginiana Water*, Copper tripeptide-1, PhytoGlycerin, Glyceryl Caprylate, Butylene Glycol, Niacinamide, Caprylyl glycol, Betaine, Sodium Lactate, Ethylhexylglycerin, Pentylene Glycol, Polyacrylate crosspolymer-6, Glyceryl Stearate, PolyGluceryl 10-Laurate, Poly Glyceryl0-Myristate, Hydrogenated Ethylhexyl Olivate, Tocopherol, phytosqualene, Allantoin, Glycyrrhiza Glabra- (Licorice) extract*, Tripeptide-29, Dipotassium glycyrrhizate, Hydroxy Ethyl Cellulose, Xantan Gum, Salix Alba (Willow) bark extract*, Magnolia Officinalis Bark Extract*, Echinacea Angustifolia Extract, Echinacea Angustifolia Extract*, Centella Asiatica (Gotu Kola) extract*, Adenosine, Hyaluronic Acid, Lavandula angustifolia(Lavender)Oil*, Citrus Paradisi (Grapefruit) Seed Oil*, Melaleuca Alternafolia (Tea Tree) Leaf Oil*, Pelargonium graveolens(Geranium) Oil*, Anthemis nobilis (Chamomile-Roman) Oil* * Organic<\/p>\n","protected":false},"excerpt":{"rendered":"<p>BEAUMAX Purifying Blemish Booster. With 3 essential components to control acne including alcohol-free serum, willow herb, copper peptide, and Cica (Centella) effectively treats acne. Can be used on individual pimples or applied to the entire face. The product helps maintain a blemish-free complexion, reduces inflammation, fights bacteria, and promotes quick wound healing. Contains 100% certified [&hellip;]<\/p>\n","protected":false},"featured_media":2515,"comment_status":"open","ping_status":"closed","template":"","meta":{"ocean_post_layout":"","ocean_both_sidebars_style":"","ocean_both_sidebars_content_width":0,"ocean_both_sidebars_sidebars_width":0,"ocean_sidebar":"0","ocean_second_sidebar":"0","ocean_disable_margins":"enable","ocean_add_body_class":"","ocean_shortcode_before_top_bar":"","ocean_shortcode_after_top_bar":"","ocean_shortcode_before_header":"","ocean_shortcode_after_header":"","ocean_has_shortcode":"","ocean_shortcode_after_title":"","ocean_shortcode_before_footer_widgets":"","ocean_shortcode_after_footer_widgets":"","ocean_shortcode_before_footer_bottom":"","ocean_shortcode_after_footer_bottom":"","ocean_display_top_bar":"default","ocean_display_header":"default","ocean_header_style":"","ocean_center_header_left_menu":"0","ocean_custom_header_template":"0","ocean_custom_logo":0,"ocean_custom_retina_logo":0,"ocean_custom_logo_max_width":0,"ocean_custom_logo_tablet_max_width":0,"ocean_custom_logo_mobile_max_width":0,"ocean_custom_logo_max_height":0,"ocean_custom_logo_tablet_max_height":0,"ocean_custom_logo_mobile_max_height":0,"ocean_header_custom_menu":"0","ocean_menu_typo_font_family":"0","ocean_menu_typo_font_subset":"","ocean_menu_typo_font_size":0,"ocean_menu_typo_font_size_tablet":0,"ocean_menu_typo_font_size_mobile":0,"ocean_menu_typo_font_size_unit":"px","ocean_menu_typo_font_weight":"","ocean_menu_typo_font_weight_tablet":"","ocean_menu_typo_font_weight_mobile":"","ocean_menu_typo_transform":"","ocean_menu_typo_transform_tablet":"","ocean_menu_typo_transform_mobile":"","ocean_menu_typo_line_height":0,"ocean_menu_typo_line_height_tablet":0,"ocean_menu_typo_line_height_mobile":0,"ocean_menu_typo_line_height_unit":"","ocean_menu_typo_spacing":0,"ocean_menu_typo_spacing_tablet":0,"ocean_menu_typo_spacing_mobile":0,"ocean_menu_typo_spacing_unit":"","ocean_menu_link_color":"","ocean_menu_link_color_hover":"","ocean_menu_link_color_active":"","ocean_menu_link_background":"","ocean_menu_link_hover_background":"","ocean_menu_link_active_background":"","ocean_menu_social_links_bg":"","ocean_menu_social_hover_links_bg":"","ocean_menu_social_links_color":"","ocean_menu_social_hover_links_color":"","ocean_disable_title":"default","ocean_disable_heading":"default","ocean_post_title":"","ocean_post_subheading":"","ocean_post_title_style":"","ocean_post_title_background_color":"","ocean_post_title_background":0,"ocean_post_title_bg_image_position":"","ocean_post_title_bg_image_attachment":"","ocean_post_title_bg_image_repeat":"","ocean_post_title_bg_image_size":"","ocean_post_title_height":0,"ocean_post_title_bg_overlay":0.5,"ocean_post_title_bg_overlay_color":"","ocean_disable_breadcrumbs":"default","ocean_breadcrumbs_color":"","ocean_breadcrumbs_separator_color":"","ocean_breadcrumbs_links_color":"","ocean_breadcrumbs_links_hover_color":"","ocean_display_footer_widgets":"default","ocean_display_footer_bottom":"default","ocean_custom_footer_template":"0"},"product_cat":[68],"product_tag":[],"class_list":{"0":"post-3148","1":"product","2":"type-product","3":"status-publish","4":"has-post-thumbnail","6":"product_cat-thao-duoc-en","8":"entry","9":"has-media","11":"first","12":"instock","13":"shipping-taxable","14":"purchasable","15":"product-type-simple","16":"has-product-nav","17":"col","18":"span_1_of_4","19":"owp-content-center","20":"owp-thumbs-layout-horizontal","21":"owp-btn-normal","22":"owp-tabs-layout-horizontal","23":"has-no-thumbnails"},"_links":{"self":[{"href":"https:\/\/tantuquynh.com\/en\/wp-json\/wp\/v2\/product\/3148","targetHints":{"allow":["GET"]}}],"collection":[{"href":"https:\/\/tantuquynh.com\/en\/wp-json\/wp\/v2\/product"}],"about":[{"href":"https:\/\/tantuquynh.com\/en\/wp-json\/wp\/v2\/types\/product"}],"replies":[{"embeddable":true,"href":"https:\/\/tantuquynh.com\/en\/wp-json\/wp\/v2\/comments?post=3148"}],"wp:featuredmedia":[{"embeddable":true,"href":"https:\/\/tantuquynh.com\/en\/wp-json\/wp\/v2\/media\/2515"}],"wp:attachment":[{"href":"https:\/\/tantuquynh.com\/en\/wp-json\/wp\/v2\/media?parent=3148"}],"wp:term":[{"taxonomy":"product_cat","embeddable":true,"href":"https:\/\/tantuquynh.com\/en\/wp-json\/wp\/v2\/product_cat?post=3148"},{"taxonomy":"product_tag","embeddable":true,"href":"https:\/\/tantuquynh.com\/en\/wp-json\/wp\/v2\/product_tag?post=3148"}],"curies":[{"name":"wp","href":"https:\/\/api.w.org\/{rel}","templated":true}]}}