{"id":3147,"date":"2023-02-28T08:31:56","date_gmt":"2023-02-28T08:31:56","guid":{"rendered":"https:\/\/tantuquynh.com\/product\/beaumax-ultra-calming-booster-herbal-treatment-for-cystic-acne-pustules-skin-allergies"},"modified":"2024-06-10T08:27:32","modified_gmt":"2024-06-10T08:27:32","slug":"beaumax-ultra-calming-booster-herbal-treatment-for-cystic-acne-pustules-skin-allergies","status":"publish","type":"product","link":"https:\/\/tantuquynh.com\/en\/product\/beaumax-ultra-calming-booster-herbal-treatment-for-cystic-acne-pustules-skin-allergies","title":{"rendered":"Beaumax Ultra Calming Booster &#8211; Herbal Treatment for Cystic Acne, Pustules, Skin Allergies"},"content":{"rendered":"<p>$50 per bottle + $7 shipping fee<br \/>\nVolume: 54ml\/1.8fl.oz.<br \/>\nExternal skin care at home may not be sufficient without supplementing nutrients from within. With our Collagen Peptides product and natural herbal extracts, capable of deeply penetrating the skin layers. The action of Collagen Peptides nutrient molecules is supplemented into the dermis, helping you achieve a youthful, smooth, and firm skin. Suitable for all skin types.<br \/>\n100% pure Collagen Peptides extract. Premium Aroma therapeutic oils.<br \/>\nInstructions: After toner application, pump 1-2 times onto face and neck. Follow with your favorite moisturizer. Works more effectively with our Ultra Calming Toner.<br \/>\nIngredients: D.I. Water, Lavandula Angustifolia (Lavender) Flower Water, Hamamelis Virginiana (Witch Hazel) Water, Glycerin, Sodium Hyaluronate, Polyglutamic Acid, (D)Panthenol, Beta-Glucan, Camellia Sinensis Leaf Extract, Centella Asiatica Extract, Glycyrrhiza Glabra (Licorice) Root Extract, Caprylyl Glycol, Ethylhexylglycerin, Polyglyceryl 10-Laurate, Polyglyceryl 10 Myristate, Chamomille Recutita (Matricaria) Flower Extract, Allantoin, Dipotassium Glycyrrhizate, Acrylates C10-30 Alkyl Acrylate Crosspolymer, Lavandula Angustifolia (Lavender) Oil, Fusanus Spicatus Wood oil, Citrus Aurantium Amara (Bitter Orange) Flower Oil, Anthemis Nobilis Flower Oil, Chamomile Recutita (Matricaria) Flower Oil<\/p>\n<hr>\n<p>D\u01b0\u1ee3c Th\u1ea3o Tr\u1ecb M\u1ee5n B\u1ecdc, M\u1ee5n M\u1ee7, D\u1ecb \u1ee8ng Da Beaumax<br \/>\n$50\/ chai + $7 shipping fee<br \/>\nDung t\u00edch: 54ml\/1.8fl.oz.<br \/>\nCh\u0103m s\u00f3c da t\u1eeb b\u00ean ngo\u00e0i ch\u01b0a th\u1eadt s\u1ef1 \u0111\u1ee7 n\u1ebfu b\u1ea1n kh\u00f4ng b\u1ed5 sung d\u01b0\u1ee1ng ch\u1ea5t t\u1eeb b\u00ean trong. V\u1edbi s\u1ea3n ph\u1ea9m Collagen Peptides v\u00e0 c\u00e1c chi\u1ebft xu\u1ea5t th\u1ea3o d\u01b0\u1ee3c t\u1eeb thi\u00ean nhi\u00ean c\u1ee7a ch\u00fang t\u00f4i, c\u00f3 kh\u1ea3 n\u0103ng th\u1ea9m th\u1ea5u s\u00e2u \u0111\u1ebfn c\u00e1c t\u1ea7ng bi\u1ec3u b\u00ec da. T\u00e1c \u0111\u1ed9ng c\u1ee7a ph\u00e2n t\u1eed d\u01b0\u1ee1ng ch\u1ea5t Collagen Peptides \u0111\u01b0\u1ee3c b\u1ed5 sung v\u00e0o l\u1edbp h\u1ea1 b\u00ec, gi\u00fap b\u1ea1n c\u00f3 m\u1ed9t l\u00e0n da tr\u1ebb trung, m\u1ecbn m\u00e0ng v\u00e0 s\u0103n ch\u1eafc h\u01a1n. S\u1ea3n ph\u1ea9m th\u00edch h\u1ee3p cho m\u1ecdi lo\u1ea1i da. Chi\u1ebft xu\u1ea5t 100% Collagen Peptides tinh khi\u1ebft. Tinh d\u1ea7u tr\u1ecb li\u1ec7u Aroma cao c\u1ea5p.   <\/p>\n<p>H\u01b0\u1edbng d\u1eabn s\u1eed d\u1ee5ng: Sau b\u01b0\u1edbc toner, thoa 1-2 l\u1ea7n b\u01a1m l\u00ean m\u1eb7t v\u00e0 c\u1ed5. Sau \u0111\u00f3 s\u1eed d\u1ee5ng kem d\u01b0\u1ee1ng y\u00eau th\u00edch c\u1ee7a b\u1ea1n. S\u1ea3n ph\u1ea9m ho\u1ea1t \u0111\u1ed9ng hi\u1ec7u qu\u1ea3 h\u01a1n v\u1edbi Ultra Calming Toner c\u1ee7a ch\u00fang t\u00f4i.<\/p>\n<p>Th\u00e0nh ph\u1ea7n: D.I. Water, Lavandula Angustifolia (Lavender) Flower Water, Hamamelis Virginiana (Witch Hazel) Water, Glyceryn,Sodium Hyaluronate, Polyglutamic Acid ,(D)Panthenol, Beta-Glucan, Camellia Sinensis Leaf Extract, Centella Asiatica Extract, Glycyrrhiza Glabra (Licorice) Root Extract, Caprylyl Glycol, Ethylhexylglycerin , Polyglyceryl 10-Laurate, Polyglyceryl 10 Myristate, Chamomille Recutita (Matricaria) Flower Extract, Allantoin, Dipotassium Glycyrrhizate, Acrylates C10-30 Alkyl Acrylate Crosspolymer, Lavandula Angustifolia (Lavender) Oil , Fusanus Spicatus Wood oil, Citrus Aurantium Amara (Bitter Orange) Flower Oil , Anthemis Nobilis Flower Oil, Chamomile Recutita (Matricaria) Flower Oil<\/p>\n","protected":false},"excerpt":{"rendered":"<p>$50 per bottle + $7 shipping fee Volume: 54ml\/1.8fl.oz. External skin care at home may not be sufficient without supplementing nutrients from within. With our Collagen Peptides product and natural herbal extracts, capable of deeply penetrating the skin layers. The action of Collagen Peptides nutrient molecules is supplemented into the dermis, helping you achieve a [&hellip;]<\/p>\n","protected":false},"featured_media":2801,"comment_status":"open","ping_status":"closed","template":"","meta":{"ocean_post_layout":"","ocean_both_sidebars_style":"","ocean_both_sidebars_content_width":0,"ocean_both_sidebars_sidebars_width":0,"ocean_sidebar":"0","ocean_second_sidebar":"0","ocean_disable_margins":"enable","ocean_add_body_class":"","ocean_shortcode_before_top_bar":"","ocean_shortcode_after_top_bar":"","ocean_shortcode_before_header":"","ocean_shortcode_after_header":"","ocean_has_shortcode":"","ocean_shortcode_after_title":"","ocean_shortcode_before_footer_widgets":"","ocean_shortcode_after_footer_widgets":"","ocean_shortcode_before_footer_bottom":"","ocean_shortcode_after_footer_bottom":"","ocean_display_top_bar":"default","ocean_display_header":"default","ocean_header_style":"","ocean_center_header_left_menu":"0","ocean_custom_header_template":"0","ocean_custom_logo":0,"ocean_custom_retina_logo":0,"ocean_custom_logo_max_width":0,"ocean_custom_logo_tablet_max_width":0,"ocean_custom_logo_mobile_max_width":0,"ocean_custom_logo_max_height":0,"ocean_custom_logo_tablet_max_height":0,"ocean_custom_logo_mobile_max_height":0,"ocean_header_custom_menu":"0","ocean_menu_typo_font_family":"0","ocean_menu_typo_font_subset":"","ocean_menu_typo_font_size":0,"ocean_menu_typo_font_size_tablet":0,"ocean_menu_typo_font_size_mobile":0,"ocean_menu_typo_font_size_unit":"px","ocean_menu_typo_font_weight":"","ocean_menu_typo_font_weight_tablet":"","ocean_menu_typo_font_weight_mobile":"","ocean_menu_typo_transform":"","ocean_menu_typo_transform_tablet":"","ocean_menu_typo_transform_mobile":"","ocean_menu_typo_line_height":0,"ocean_menu_typo_line_height_tablet":0,"ocean_menu_typo_line_height_mobile":0,"ocean_menu_typo_line_height_unit":"","ocean_menu_typo_spacing":0,"ocean_menu_typo_spacing_tablet":0,"ocean_menu_typo_spacing_mobile":0,"ocean_menu_typo_spacing_unit":"","ocean_menu_link_color":"","ocean_menu_link_color_hover":"","ocean_menu_link_color_active":"","ocean_menu_link_background":"","ocean_menu_link_hover_background":"","ocean_menu_link_active_background":"","ocean_menu_social_links_bg":"","ocean_menu_social_hover_links_bg":"","ocean_menu_social_links_color":"","ocean_menu_social_hover_links_color":"","ocean_disable_title":"default","ocean_disable_heading":"default","ocean_post_title":"","ocean_post_subheading":"","ocean_post_title_style":"","ocean_post_title_background_color":"","ocean_post_title_background":0,"ocean_post_title_bg_image_position":"","ocean_post_title_bg_image_attachment":"","ocean_post_title_bg_image_repeat":"","ocean_post_title_bg_image_size":"","ocean_post_title_height":0,"ocean_post_title_bg_overlay":0.5,"ocean_post_title_bg_overlay_color":"","ocean_disable_breadcrumbs":"default","ocean_breadcrumbs_color":"","ocean_breadcrumbs_separator_color":"","ocean_breadcrumbs_links_color":"","ocean_breadcrumbs_links_hover_color":"","ocean_display_footer_widgets":"default","ocean_display_footer_bottom":"default","ocean_custom_footer_template":"0"},"product_cat":[68],"product_tag":[],"class_list":{"0":"post-3147","1":"product","2":"type-product","3":"status-publish","4":"has-post-thumbnail","6":"product_cat-thao-duoc-en","8":"entry","9":"has-media","11":"first","12":"instock","13":"shipping-taxable","14":"purchasable","15":"product-type-simple","16":"has-product-nav","17":"col","18":"span_1_of_4","19":"owp-content-center","20":"owp-thumbs-layout-horizontal","21":"owp-btn-normal","22":"owp-tabs-layout-horizontal","23":"has-no-thumbnails"},"_links":{"self":[{"href":"https:\/\/tantuquynh.com\/en\/wp-json\/wp\/v2\/product\/3147","targetHints":{"allow":["GET"]}}],"collection":[{"href":"https:\/\/tantuquynh.com\/en\/wp-json\/wp\/v2\/product"}],"about":[{"href":"https:\/\/tantuquynh.com\/en\/wp-json\/wp\/v2\/types\/product"}],"replies":[{"embeddable":true,"href":"https:\/\/tantuquynh.com\/en\/wp-json\/wp\/v2\/comments?post=3147"}],"wp:featuredmedia":[{"embeddable":true,"href":"https:\/\/tantuquynh.com\/en\/wp-json\/wp\/v2\/media\/2801"}],"wp:attachment":[{"href":"https:\/\/tantuquynh.com\/en\/wp-json\/wp\/v2\/media?parent=3147"}],"wp:term":[{"taxonomy":"product_cat","embeddable":true,"href":"https:\/\/tantuquynh.com\/en\/wp-json\/wp\/v2\/product_cat?post=3147"},{"taxonomy":"product_tag","embeddable":true,"href":"https:\/\/tantuquynh.com\/en\/wp-json\/wp\/v2\/product_tag?post=3147"}],"curies":[{"name":"wp","href":"https:\/\/api.w.org\/{rel}","templated":true}]}}