{"id":3146,"date":"2023-03-07T21:06:52","date_gmt":"2023-03-07T21:06:52","guid":{"rendered":"https:\/\/tantuquynh.com\/product\/korean-bellflower-herbal-remedy"},"modified":"2024-06-10T08:25:27","modified_gmt":"2024-06-10T08:25:27","slug":"korean-bellflower-herbal-remedy","status":"publish","type":"product","link":"https:\/\/tantuquynh.com\/en\/product\/korean-bellflower-herbal-remedy","title":{"rendered":"Korean Bellflower Herbal Remedy"},"content":{"rendered":"<h4 data-sourcepos=\"1:1-1:80\">Korean Bellflower Herbal Remedy \u2013 Effective and Safe Cough Relief<\/h4>\n<p data-sourcepos=\"3:1-3:14\"><strong>Benefits:<\/strong><\/p>\n<ul data-sourcepos=\"5:1-9:0\">\n<li data-sourcepos=\"5:1-5:56\">Effectively reduces cough, clears phlegm, and aids expectoration, facilitating easier breathing.<\/li>\n<li data-sourcepos=\"6:1-6:48\">Soothes the throat, reduces soreness, and relieves hoarseness.<\/li>\n<li data-sourcepos=\"7:1-7:58\">Boosts immunity, helps prevent colds, flu, and cough.<\/li>\n<\/ul>\n<p><span class=\"citation-0 citation-end-0\">This product<\/span> is not a medication and does not substitute for medicinal treatment.<\/p>\n<hr>\n<h4><strong>D\u01b0\u1ee3c Th\u1ea3o Ho Hoa Chu\u00f4ng H\u00e0n Qu\u1ed1c \u2013 Gi\u1ea3m Ho Hi\u1ec7u Qu\u1ea3, An To\u00e0n<\/strong><\/h4>\n<p><strong>C\u00f4ng d\u1ee5ng:<\/strong><\/p>\n<ul>\n<li>Gi\u1ea3m ho hi\u1ec7u qu\u1ea3, long \u0111\u1eddm, ti\u00eau \u0111\u00e0m, gi\u00fap d\u1ec5 th\u1edf.<\/li>\n<li>L\u00e0m d\u1ecbu c\u1ed5 h\u1ecdng, gi\u1ea3m \u0111au r\u00e1t, kh\u1ea3n ti\u1ebfng.<\/li>\n<li>T\u0103ng c\u01b0\u1eddng s\u1ee9c \u0111\u1ec1 kh\u00e1ng, ph\u00f2ng ng\u1eeba ho gi\u00f3, c\u1ea3m c\u00fam.<\/li>\n<\/ul>\n<p>S\u1ea3n ph\u1ea9m n\u00e0y kh\u00f4ng ph\u1ea3i l\u00e0 thu\u1ed1c v\u00e0 kh\u00f4ng c\u00f3 t\u00e1c d\u1ee5ng thay th\u1ebf thu\u1ed1c ch\u1eefa b\u1ec7nh.<\/p>\n","protected":false},"excerpt":{"rendered":"<p>Korean Bellflower Herbal Remedy \u2013 Effective and Safe Cough Relief Benefits: Effectively reduces cough, clears phlegm, and aids expectoration, facilitating easier breathing. Soothes the throat, reduces soreness, and relieves hoarseness. Boosts immunity, helps prevent colds, flu, and cough. This product is not a medication and does not substitute for medicinal treatment. D\u01b0\u1ee3c Th\u1ea3o Ho Hoa [&hellip;]<\/p>\n","protected":false},"featured_media":2829,"comment_status":"closed","ping_status":"closed","template":"","meta":{"ocean_post_layout":"","ocean_both_sidebars_style":"","ocean_both_sidebars_content_width":0,"ocean_both_sidebars_sidebars_width":0,"ocean_sidebar":"0","ocean_second_sidebar":"0","ocean_disable_margins":"enable","ocean_add_body_class":"","ocean_shortcode_before_top_bar":"","ocean_shortcode_after_top_bar":"","ocean_shortcode_before_header":"","ocean_shortcode_after_header":"","ocean_has_shortcode":"","ocean_shortcode_after_title":"","ocean_shortcode_before_footer_widgets":"","ocean_shortcode_after_footer_widgets":"","ocean_shortcode_before_footer_bottom":"","ocean_shortcode_after_footer_bottom":"","ocean_display_top_bar":"default","ocean_display_header":"default","ocean_header_style":"","ocean_center_header_left_menu":"0","ocean_custom_header_template":"0","ocean_custom_logo":0,"ocean_custom_retina_logo":0,"ocean_custom_logo_max_width":0,"ocean_custom_logo_tablet_max_width":0,"ocean_custom_logo_mobile_max_width":0,"ocean_custom_logo_max_height":0,"ocean_custom_logo_tablet_max_height":0,"ocean_custom_logo_mobile_max_height":0,"ocean_header_custom_menu":"0","ocean_menu_typo_font_family":"0","ocean_menu_typo_font_subset":"","ocean_menu_typo_font_size":0,"ocean_menu_typo_font_size_tablet":0,"ocean_menu_typo_font_size_mobile":0,"ocean_menu_typo_font_size_unit":"px","ocean_menu_typo_font_weight":"","ocean_menu_typo_font_weight_tablet":"","ocean_menu_typo_font_weight_mobile":"","ocean_menu_typo_transform":"","ocean_menu_typo_transform_tablet":"","ocean_menu_typo_transform_mobile":"","ocean_menu_typo_line_height":0,"ocean_menu_typo_line_height_tablet":0,"ocean_menu_typo_line_height_mobile":0,"ocean_menu_typo_line_height_unit":"","ocean_menu_typo_spacing":0,"ocean_menu_typo_spacing_tablet":0,"ocean_menu_typo_spacing_mobile":0,"ocean_menu_typo_spacing_unit":"","ocean_menu_link_color":"","ocean_menu_link_color_hover":"","ocean_menu_link_color_active":"","ocean_menu_link_background":"","ocean_menu_link_hover_background":"","ocean_menu_link_active_background":"","ocean_menu_social_links_bg":"","ocean_menu_social_hover_links_bg":"","ocean_menu_social_links_color":"","ocean_menu_social_hover_links_color":"","ocean_disable_title":"default","ocean_disable_heading":"default","ocean_post_title":"","ocean_post_subheading":"","ocean_post_title_style":"","ocean_post_title_background_color":"","ocean_post_title_background":0,"ocean_post_title_bg_image_position":"","ocean_post_title_bg_image_attachment":"","ocean_post_title_bg_image_repeat":"","ocean_post_title_bg_image_size":"","ocean_post_title_height":0,"ocean_post_title_bg_overlay":0.5,"ocean_post_title_bg_overlay_color":"","ocean_disable_breadcrumbs":"default","ocean_breadcrumbs_color":"","ocean_breadcrumbs_separator_color":"","ocean_breadcrumbs_links_color":"","ocean_breadcrumbs_links_hover_color":"","ocean_display_footer_widgets":"default","ocean_display_footer_bottom":"default","ocean_custom_footer_template":"0"},"product_cat":[68],"product_tag":[],"class_list":{"0":"post-3146","1":"product","2":"type-product","3":"status-publish","4":"has-post-thumbnail","6":"product_cat-thao-duoc-en","8":"entry","9":"has-media","11":"first","12":"instock","13":"shipping-taxable","14":"purchasable","15":"product-type-simple","16":"has-product-nav","17":"col","18":"span_1_of_4","19":"owp-content-center","20":"owp-thumbs-layout-horizontal","21":"owp-btn-normal","22":"owp-tabs-layout-horizontal","23":"has-no-thumbnails"},"_links":{"self":[{"href":"https:\/\/tantuquynh.com\/en\/wp-json\/wp\/v2\/product\/3146","targetHints":{"allow":["GET"]}}],"collection":[{"href":"https:\/\/tantuquynh.com\/en\/wp-json\/wp\/v2\/product"}],"about":[{"href":"https:\/\/tantuquynh.com\/en\/wp-json\/wp\/v2\/types\/product"}],"replies":[{"embeddable":true,"href":"https:\/\/tantuquynh.com\/en\/wp-json\/wp\/v2\/comments?post=3146"}],"wp:featuredmedia":[{"embeddable":true,"href":"https:\/\/tantuquynh.com\/en\/wp-json\/wp\/v2\/media\/2829"}],"wp:attachment":[{"href":"https:\/\/tantuquynh.com\/en\/wp-json\/wp\/v2\/media?parent=3146"}],"wp:term":[{"taxonomy":"product_cat","embeddable":true,"href":"https:\/\/tantuquynh.com\/en\/wp-json\/wp\/v2\/product_cat?post=3146"},{"taxonomy":"product_tag","embeddable":true,"href":"https:\/\/tantuquynh.com\/en\/wp-json\/wp\/v2\/product_tag?post=3146"}],"curies":[{"name":"wp","href":"https:\/\/api.w.org\/{rel}","templated":true}]}}