{"id":3145,"date":"2023-05-15T16:44:59","date_gmt":"2023-05-15T16:44:59","guid":{"rendered":"https:\/\/tantuquynh.com\/product\/herbal-longevity-capsules-199-99-box-of-60-capsules"},"modified":"2024-06-10T08:25:19","modified_gmt":"2024-06-10T08:25:19","slug":"herbal-longevity-capsules-199-99-box-of-60-capsules","status":"publish","type":"product","link":"https:\/\/tantuquynh.com\/en\/product\/herbal-longevity-capsules-199-99-box-of-60-capsules","title":{"rendered":"Herbal Longevity Capsules &#8211; $199.99\/Box of 60 Capsules"},"content":{"rendered":"<h3>Herbal Longevity Capsules &#8211; $199.99\/Box of 60 Capsules<\/h3>\n<p>Benefits of N M N Longevity Capsules: Activates Cellular Respiratory System, Awakens Dormant Cells:<\/p>\n<p>1\/ Promotes Better Health \u2013 Longer Life<\/p>\n<p>Delay Premature Aging!<\/p>\n<p>Helps Extend Lifespan!<\/p>\n<p>2\/ Enhances Memory, Sharpens Mind!<\/p>\n<p>3\/ Helps Women Stay Beautiful Longer \u2013 Men Stay Energetic!<\/p>\n<p>4\/ Assists Those with Diabetes, High Blood Pressure, High Cholesterol, Joint Pain to Quickly Restore Perfect Health!<\/p>\n<p>5\/ Helps Prevent Rapid Weight Gain \u2013 Obesity<\/p>\n<p>The product of N M N Molecular Biology Technology will free you from the constraints of aging laws!<\/p>\n<p>You no longer worry about old age and weakness \u2013 aging will come very slowly, but on the contrary, it will always help you rejuvenate from inside out EVERY DAY !!!<\/p>\n<hr>\n<p>D\u01b0\u1ee3c Th\u1ea3o C\u1ea3i L\u00e3o Ho\u00e0n \u0110\u1ed3ng \u2013 $199.99\/ H\u1ed9p 60 Vi\u00ean<\/p>\n<p>C\u00f4ng d\u1ee5ng c\u1ee7a Vi\u00ean Tr\u01b0\u1eddng Th\u1ecd N M N: k\u00edch ho\u1ea1t H\u1ec7 Th\u1ed1ng H\u00f4 H\u1ea5p c\u1ee7a T\u1ebf B\u00e0o, \u0111\u00e1nh th\u1ee9c c\u00e1c T\u1ebf B\u00e0o \u0111ang ng\u1ee7 qu\u00ean:<\/p>\n<p>1. Gi\u00fap S\u1ed1ng Kh\u1ecfe H\u01a1n \u2013 S\u1ed1ng Th\u1ecd H\u01a1n<\/p>\n<p>Kh\u00f4ng B\u1ecb Gi\u00e0 L\u00e3o Ho\u00e1 S\u1edbm !<\/p>\n<p>Gi\u00fap K\u00e9o D\u00e0i Tu\u1ed5i Th\u1ecd!<\/p>\n<p>2. Gi\u00fap T\u0103ng C\u01b0\u1eddng Tr\u00ed Nh\u1edb, Minh M\u1eabn h\u01a1n!<\/p>\n<p>3. Gi\u00fap Ph\u1ee5 N\u1eef xinh\u0110\u1eb9p D\u00e0i L\u00e2u \u2013 Nam gi\u1edbi tr\u00e0n \u0111\u1ea7y Sinh L\u1ef1c!<\/p>\n<p>4. Gi\u00fap nh\u1eefng ng\u01b0\u1eddi \u0111ang b\u1ecb Ti\u1ec3u \u0111\u01b0\u1eddng, Cao M\u00e1u, Cao M\u1ee1, \u0110au nh\u1ee9c X\u01b0\u01a1ng Kh\u1edbp NHANH CH\u00d3NG PH\u1ee4C H\u1ed2I S\u1ee8C KH\u1eceE M\u1ef8 M\u00c3N!<\/p>\n<p>5. Gi\u00fap NG\u0102N CH\u1eb6N NGUY C\u01a0 T\u0102NG C\u00c2N NHANH \u2013 G\u00c2Y B\u00c9O PH\u00cc<\/p>\n<p>S\u1ea3n ph\u1ea9m c\u1ee7a C\u00f4ng ngh\u1ec7 Sinh H\u1ecdc Ph\u00e2n T\u1eed N M N s\u1ebd gi\u00fap b\u1ea1n tho\u00e1t kh\u1ecfi nh\u1eefng r\u00e0ng bu\u1ed9c c\u1ee7a quy lu\u1eadt v\u1ec1 tu\u1ed5i t\u00e1c !<\/p>\n<p>B\u1ea1n kh\u00f4ng c\u00f2n lo s\u1ee3 v\u1ec1 tu\u1ed5i gi\u00e0 s\u1ee9c y\u1ebfu \u2013 s\u1ef1 l\u00e3o h\u00f3a s\u1ebd \u0111\u1ebfn r\u1ea5t nhanh m\u00e0 ng\u01b0\u1ee3c l\u1ea1i s\u1ebd lu\u00f4n gi\u00fap b\u1ea1n \u0111\u01b0\u1ee3c tr\u1ebb h\u00f3a t\u1eeb trong ra ngo\u00e0i T\u1eeaNG NG\u00c0Y !!!<\/p>\n","protected":false},"excerpt":{"rendered":"<p>Herbal Longevity Capsules &#8211; $199.99\/Box of 60 Capsules Benefits of N M N Longevity Capsules: Activates Cellular Respiratory System, Awakens Dormant Cells: 1\/ Promotes Better Health \u2013 Longer Life Delay Premature Aging! Helps Extend Lifespan! 2\/ Enhances Memory, Sharpens Mind! 3\/ Helps Women Stay Beautiful Longer \u2013 Men Stay Energetic! 4\/ Assists Those with Diabetes, [&hellip;]<\/p>\n","protected":false},"featured_media":2896,"comment_status":"closed","ping_status":"closed","template":"","meta":{"ocean_post_layout":"","ocean_both_sidebars_style":"","ocean_both_sidebars_content_width":0,"ocean_both_sidebars_sidebars_width":0,"ocean_sidebar":"0","ocean_second_sidebar":"0","ocean_disable_margins":"enable","ocean_add_body_class":"","ocean_shortcode_before_top_bar":"","ocean_shortcode_after_top_bar":"","ocean_shortcode_before_header":"","ocean_shortcode_after_header":"","ocean_has_shortcode":"","ocean_shortcode_after_title":"","ocean_shortcode_before_footer_widgets":"","ocean_shortcode_after_footer_widgets":"","ocean_shortcode_before_footer_bottom":"","ocean_shortcode_after_footer_bottom":"","ocean_display_top_bar":"default","ocean_display_header":"default","ocean_header_style":"","ocean_center_header_left_menu":"0","ocean_custom_header_template":"0","ocean_custom_logo":0,"ocean_custom_retina_logo":0,"ocean_custom_logo_max_width":0,"ocean_custom_logo_tablet_max_width":0,"ocean_custom_logo_mobile_max_width":0,"ocean_custom_logo_max_height":0,"ocean_custom_logo_tablet_max_height":0,"ocean_custom_logo_mobile_max_height":0,"ocean_header_custom_menu":"0","ocean_menu_typo_font_family":"0","ocean_menu_typo_font_subset":"","ocean_menu_typo_font_size":0,"ocean_menu_typo_font_size_tablet":0,"ocean_menu_typo_font_size_mobile":0,"ocean_menu_typo_font_size_unit":"px","ocean_menu_typo_font_weight":"","ocean_menu_typo_font_weight_tablet":"","ocean_menu_typo_font_weight_mobile":"","ocean_menu_typo_transform":"","ocean_menu_typo_transform_tablet":"","ocean_menu_typo_transform_mobile":"","ocean_menu_typo_line_height":0,"ocean_menu_typo_line_height_tablet":0,"ocean_menu_typo_line_height_mobile":0,"ocean_menu_typo_line_height_unit":"","ocean_menu_typo_spacing":0,"ocean_menu_typo_spacing_tablet":0,"ocean_menu_typo_spacing_mobile":0,"ocean_menu_typo_spacing_unit":"","ocean_menu_link_color":"","ocean_menu_link_color_hover":"","ocean_menu_link_color_active":"","ocean_menu_link_background":"","ocean_menu_link_hover_background":"","ocean_menu_link_active_background":"","ocean_menu_social_links_bg":"","ocean_menu_social_hover_links_bg":"","ocean_menu_social_links_color":"","ocean_menu_social_hover_links_color":"","ocean_disable_title":"default","ocean_disable_heading":"default","ocean_post_title":"","ocean_post_subheading":"","ocean_post_title_style":"","ocean_post_title_background_color":"","ocean_post_title_background":0,"ocean_post_title_bg_image_position":"","ocean_post_title_bg_image_attachment":"","ocean_post_title_bg_image_repeat":"","ocean_post_title_bg_image_size":"","ocean_post_title_height":0,"ocean_post_title_bg_overlay":0.5,"ocean_post_title_bg_overlay_color":"","ocean_disable_breadcrumbs":"default","ocean_breadcrumbs_color":"","ocean_breadcrumbs_separator_color":"","ocean_breadcrumbs_links_color":"","ocean_breadcrumbs_links_hover_color":"","ocean_display_footer_widgets":"default","ocean_display_footer_bottom":"default","ocean_custom_footer_template":"0"},"product_cat":[68],"product_tag":[],"class_list":{"0":"post-3145","1":"product","2":"type-product","3":"status-publish","4":"has-post-thumbnail","6":"product_cat-thao-duoc-en","8":"entry","9":"has-media","11":"first","12":"instock","13":"shipping-taxable","14":"purchasable","15":"product-type-simple","16":"has-product-nav","17":"col","18":"span_1_of_4","19":"owp-content-center","20":"owp-thumbs-layout-horizontal","21":"owp-btn-normal","22":"owp-tabs-layout-horizontal","23":"has-no-thumbnails"},"_links":{"self":[{"href":"https:\/\/tantuquynh.com\/en\/wp-json\/wp\/v2\/product\/3145","targetHints":{"allow":["GET"]}}],"collection":[{"href":"https:\/\/tantuquynh.com\/en\/wp-json\/wp\/v2\/product"}],"about":[{"href":"https:\/\/tantuquynh.com\/en\/wp-json\/wp\/v2\/types\/product"}],"replies":[{"embeddable":true,"href":"https:\/\/tantuquynh.com\/en\/wp-json\/wp\/v2\/comments?post=3145"}],"wp:featuredmedia":[{"embeddable":true,"href":"https:\/\/tantuquynh.com\/en\/wp-json\/wp\/v2\/media\/2896"}],"wp:attachment":[{"href":"https:\/\/tantuquynh.com\/en\/wp-json\/wp\/v2\/media?parent=3145"}],"wp:term":[{"taxonomy":"product_cat","embeddable":true,"href":"https:\/\/tantuquynh.com\/en\/wp-json\/wp\/v2\/product_cat?post=3145"},{"taxonomy":"product_tag","embeddable":true,"href":"https:\/\/tantuquynh.com\/en\/wp-json\/wp\/v2\/product_tag?post=3145"}],"curies":[{"name":"wp","href":"https:\/\/api.w.org\/{rel}","templated":true}]}}