{"id":3144,"date":"2023-03-07T21:04:35","date_gmt":"2023-03-07T21:04:35","guid":{"rendered":"https:\/\/tantuquynh.com\/product\/korean-herbal-eye-supplement-2-boxes-120"},"modified":"2024-06-10T08:25:33","modified_gmt":"2024-06-10T08:25:33","slug":"korean-herbal-eye-supplement-2-boxes-120","status":"publish","type":"product","link":"https:\/\/tantuquynh.com\/en\/product\/korean-herbal-eye-supplement-2-boxes-120","title":{"rendered":"Korean Herbal Eye Supplement &#8211; 2 Boxes $120"},"content":{"rendered":"<h4 data-sourcepos=\"1:1-1:72\">Korean Herbal Eye Supplement \u2013 Supports Vision Clarity, Enhances Eyesight \u2013 2 Boxes \u2013 $120<\/h4>\n<p data-sourcepos=\"3:1-3:14\"><strong>Benefits:<\/strong><\/p>\n<ul data-sourcepos=\"5:1-9:0\">\n<li data-sourcepos=\"5:1-5:129\">Supports the treatment of eye conditions such as eye fatigue, dry eyes, nearsightedness, farsightedness, astigmatism, cataracts, and macular degeneration.<\/li>\n<li data-sourcepos=\"6:1-6:40\">Promotes clear vision, enhances eyesight.<\/li>\n<li data-sourcepos=\"7:1-7:51\">Reduces the risk of age-related eye diseases.<\/li>\n<li data-sourcepos=\"8:1-9:0\">Promotes healthy, bright, and sharp eyes.<\/li>\n<\/ul>\n<hr>\n<p><strong>D\u01b0\u1ee3c Th\u1ea3o B\u1ed5 M\u1eaft H\u00e0n Qu\u1ed1c \u2013 H\u1ed7 Tr\u1ee3 S\u00e1ng M\u1eaft, T\u0103ng C\u01b0\u1eddng Th\u1ecb L\u1ef1c \u2013 2 H\u1ed9p \u2013 $120<\/strong><\/p>\n<p><strong>C\u00f4ng d\u1ee5ng:<\/strong><\/p>\n<p>H\u1ed7 tr\u1ee3 \u0111i\u1ec1u tr\u1ecb c\u00e1c b\u1ec7nh v\u1ec1 m\u1eaft nh\u01b0: m\u1ecfi m\u1eaft, kh\u00f4 m\u1eaft, c\u1eadn th\u1ecb, vi\u1ec5n th\u1ecb, lo\u1ea1n th\u1ecb, \u0111\u1ee5c th\u1ee7y tinh th\u1ec3, tho\u00e1i h\u00f3a \u0111i\u1ec3m v\u00e0ng. Gi\u00fap s\u00e1ng m\u1eaft, t\u0103ng c\u01b0\u1eddng th\u1ecb l\u1ef1c. Gi\u1ea3m nguy c\u01a1 m\u1eafc c\u00e1c b\u1ec7nh v\u1ec1 m\u1eaft do tu\u1ed5i t\u00e1c. L\u00e0m cho m\u1eaft kh\u1ecfe m\u1ea1nh, s\u00e1ng r\u00f5 v\u00e0 tinh anh.<\/p>\n","protected":false},"excerpt":{"rendered":"<p>Korean Herbal Eye Supplement \u2013 Supports Vision Clarity, Enhances Eyesight \u2013 2 Boxes \u2013 $120 Benefits: Supports the treatment of eye conditions such as eye fatigue, dry eyes, nearsightedness, farsightedness, astigmatism, cataracts, and macular degeneration. Promotes clear vision, enhances eyesight. Reduces the risk of age-related eye diseases. Promotes healthy, bright, and sharp eyes. D\u01b0\u1ee3c Th\u1ea3o [&hellip;]<\/p>\n","protected":false},"featured_media":2828,"comment_status":"closed","ping_status":"closed","template":"","meta":{"ocean_post_layout":"","ocean_both_sidebars_style":"","ocean_both_sidebars_content_width":0,"ocean_both_sidebars_sidebars_width":0,"ocean_sidebar":"0","ocean_second_sidebar":"0","ocean_disable_margins":"enable","ocean_add_body_class":"","ocean_shortcode_before_top_bar":"","ocean_shortcode_after_top_bar":"","ocean_shortcode_before_header":"","ocean_shortcode_after_header":"","ocean_has_shortcode":"","ocean_shortcode_after_title":"","ocean_shortcode_before_footer_widgets":"","ocean_shortcode_after_footer_widgets":"","ocean_shortcode_before_footer_bottom":"","ocean_shortcode_after_footer_bottom":"","ocean_display_top_bar":"default","ocean_display_header":"default","ocean_header_style":"","ocean_center_header_left_menu":"0","ocean_custom_header_template":"0","ocean_custom_logo":0,"ocean_custom_retina_logo":0,"ocean_custom_logo_max_width":0,"ocean_custom_logo_tablet_max_width":0,"ocean_custom_logo_mobile_max_width":0,"ocean_custom_logo_max_height":0,"ocean_custom_logo_tablet_max_height":0,"ocean_custom_logo_mobile_max_height":0,"ocean_header_custom_menu":"0","ocean_menu_typo_font_family":"0","ocean_menu_typo_font_subset":"","ocean_menu_typo_font_size":0,"ocean_menu_typo_font_size_tablet":0,"ocean_menu_typo_font_size_mobile":0,"ocean_menu_typo_font_size_unit":"px","ocean_menu_typo_font_weight":"","ocean_menu_typo_font_weight_tablet":"","ocean_menu_typo_font_weight_mobile":"","ocean_menu_typo_transform":"","ocean_menu_typo_transform_tablet":"","ocean_menu_typo_transform_mobile":"","ocean_menu_typo_line_height":0,"ocean_menu_typo_line_height_tablet":0,"ocean_menu_typo_line_height_mobile":0,"ocean_menu_typo_line_height_unit":"","ocean_menu_typo_spacing":0,"ocean_menu_typo_spacing_tablet":0,"ocean_menu_typo_spacing_mobile":0,"ocean_menu_typo_spacing_unit":"","ocean_menu_link_color":"","ocean_menu_link_color_hover":"","ocean_menu_link_color_active":"","ocean_menu_link_background":"","ocean_menu_link_hover_background":"","ocean_menu_link_active_background":"","ocean_menu_social_links_bg":"","ocean_menu_social_hover_links_bg":"","ocean_menu_social_links_color":"","ocean_menu_social_hover_links_color":"","ocean_disable_title":"default","ocean_disable_heading":"default","ocean_post_title":"","ocean_post_subheading":"","ocean_post_title_style":"","ocean_post_title_background_color":"","ocean_post_title_background":0,"ocean_post_title_bg_image_position":"","ocean_post_title_bg_image_attachment":"","ocean_post_title_bg_image_repeat":"","ocean_post_title_bg_image_size":"","ocean_post_title_height":0,"ocean_post_title_bg_overlay":0.5,"ocean_post_title_bg_overlay_color":"","ocean_disable_breadcrumbs":"default","ocean_breadcrumbs_color":"","ocean_breadcrumbs_separator_color":"","ocean_breadcrumbs_links_color":"","ocean_breadcrumbs_links_hover_color":"","ocean_display_footer_widgets":"default","ocean_display_footer_bottom":"default","ocean_custom_footer_template":"0"},"product_cat":[68],"product_tag":[],"class_list":{"0":"post-3144","1":"product","2":"type-product","3":"status-publish","4":"has-post-thumbnail","6":"product_cat-thao-duoc-en","8":"entry","9":"has-media","11":"first","12":"instock","13":"shipping-taxable","14":"purchasable","15":"product-type-simple","16":"has-product-nav","17":"col","18":"span_1_of_4","19":"owp-content-center","20":"owp-thumbs-layout-horizontal","21":"owp-btn-normal","22":"owp-tabs-layout-horizontal","23":"has-no-thumbnails"},"_links":{"self":[{"href":"https:\/\/tantuquynh.com\/en\/wp-json\/wp\/v2\/product\/3144","targetHints":{"allow":["GET"]}}],"collection":[{"href":"https:\/\/tantuquynh.com\/en\/wp-json\/wp\/v2\/product"}],"about":[{"href":"https:\/\/tantuquynh.com\/en\/wp-json\/wp\/v2\/types\/product"}],"replies":[{"embeddable":true,"href":"https:\/\/tantuquynh.com\/en\/wp-json\/wp\/v2\/comments?post=3144"}],"wp:featuredmedia":[{"embeddable":true,"href":"https:\/\/tantuquynh.com\/en\/wp-json\/wp\/v2\/media\/2828"}],"wp:attachment":[{"href":"https:\/\/tantuquynh.com\/en\/wp-json\/wp\/v2\/media?parent=3144"}],"wp:term":[{"taxonomy":"product_cat","embeddable":true,"href":"https:\/\/tantuquynh.com\/en\/wp-json\/wp\/v2\/product_cat?post=3144"},{"taxonomy":"product_tag","embeddable":true,"href":"https:\/\/tantuquynh.com\/en\/wp-json\/wp\/v2\/product_tag?post=3144"}],"curies":[{"name":"wp","href":"https:\/\/api.w.org\/{rel}","templated":true}]}}