{"id":3143,"date":"2023-02-28T08:31:56","date_gmt":"2023-02-28T08:31:56","guid":{"rendered":"https:\/\/tantuquynh.com\/product\/antiphlamine-korean-massage-oil-3-bottles-59-99"},"modified":"2025-05-30T05:01:17","modified_gmt":"2025-05-30T05:01:17","slug":"antiphlamine-korean-massage-oil-3-bottles-59-99","status":"publish","type":"product","link":"https:\/\/tantuquynh.com\/en\/product\/antiphlamine-korean-massage-oil-3-bottles-59-99","title":{"rendered":"Antiphlamine Korean Massage Oil &#8211; 3 Bottles $59.99"},"content":{"rendered":"<p>$22\/ bottle<br \/>\nSpecifications: 100ml per box<br \/>\nOrigin: South Korea<br \/>\nManufacturer: YuHan Co., South Korea<br \/>\nFunction: Relieve Muscle Pain, Fatigue, Numbness, and Tingling in Hands and Feet<\/p>\n<p>South Korean Antiphlamine Hot Massage Oil is a creamy white oil with a fresh peppermint scent that provides a comfortable feeling when used. Antiphlamine hot oil is also very effective in massaging and treating mild pain and inflammation, treating sprains or injuries from excessive movement, suitable for people with sports injuries, bruises, sprains, joint dislocations, muscle fatigue, treating itchy skin, redness due to insect bites, and itching.<br \/>\nSouth Korean hot massage oil is effective in immediately treating various pain and inflammation symptoms such as:<\/p>\n<p>&#8211; Bone inflammation, muscle pain, joint pain, numbness, and fatigue in hands and feet.<br \/>\n&#8211; Bone inflammation, muscle pain, joint pain, numbness, and fatigue in hands and feet.<br \/>\n&#8211; South Korean hot oil is especially effective for common injuries such as sprains, dislocations of the ankle\u2026 commonly encountered during excessive movement.<br \/>\n&#8211; Skin inflammation, red rashes due to insect bites.<\/p>\n<p>Advantages of Antiphlamine Hot Oil:<br \/>\n&#8211; When using the product, there is no burning sensation or redness on the skin, it feels cool, and the effect gradually penetrates the affected area. The product is suitable for all ages.<br \/>\n&#8211; Antiphlamine hot massage oil from South Korea is packaged in plastic bottles and comes with a massage tool attached to the bottle, making it convenient to use.<\/p>\n<p>USAGE INSTRUCTIONS:<br \/>\n&#8211; Massage the oil onto the affected area and use the accompanying massage tool to massage for about 5 \u2013 10 minutes for best results.<br \/>\n&#8211; Antiphlamine hot massage oil \u2013 an essential medicine in our family medicine cabinet to protect the health of the whole family.<br \/>\n&#8211; Antiphlamine hot massage oil is manufactured according to South Korean standards (KGMP).<\/p>\n<p>CAUTION:<\/p>\n<p>&#8211; Do not apply to open wounds, scratches, eye areas, avoid children\u2019s reach.<br \/>\n&#8211; When using the massage tool, do not press too hard.<br \/>\n&#8211; Be cautious when using for children under 12 years old (adults should apply and use a small amount).<br \/>\n&#8211; Store in a cool, dry place, away from direct sunlight, always keep the lid tightly closed after use.<\/p>\n<hr>\n<p>$22\/ chai<br \/>\nQuy c\u00e1ch: H\u1ed9p 100ml<br \/>\nXu\u1ea5t x\u1ee9: H\u00e0n Qu\u1ed1c<br \/>\nH\u00e3ng SX: YuHan Co H\u00e0n Qu\u1ed1c<br \/>\nC\u00f4ng d\u1ee5ng: Gi\u1ea3m C\u00e1c Tri\u1ec7u Ch\u1ee9ng \u0110au C\u01a1, Nh\u1ee9c M\u1ecfi, T\u00ea Bu\u1ed1t Ch\u00e2n Tay<\/p>\n<p>D\u1ea7u n\u00f3ng xoa b\u00f3p Antiphlamine H\u00e0n Qu\u1ed1c c\u00f3 d\u1ea1ng kem, m\u00e0u tr\u1eafng s\u1eefa v\u1edbi m\u00f9i th\u01a1m b\u1ea1c h\u00e0 t\u01b0\u01a1i m\u00e1t mang l\u1ea1i c\u1ea3m gi\u00e1c d\u1ec5 ch\u1ecbu khi s\u1eed d\u1ee5ng. D\u1ea7u n\u00f3ng Antiphlamine c\u00f2n r\u1ea5t hi\u1ec7u nghi\u1ec7m trong vi\u1ec7c d\u00f9ng xoa b\u00f3p c\u00f3 t\u00e1c d\u1ee5ng trong \u0111i\u1ec1u tr\u1ecb \u0111au nh\u1ee9c v\u00e0 vi\u00eam nhi\u1ec5m nh\u1eb9, ch\u1eefa tr\u1ecb bong g\u00e2n hay ch\u1ea5n th\u01b0\u01a1ng khi v\u1eadn \u0111\u1ed9ng nhi\u1ec1u, t\u1ed1t cho ng\u01b0\u1eddi b\u1ecb ch\u1ea5n th\u01b0\u01a1ng sau khi ch\u01a1i th\u1ec3 thao, b\u1ea7m t\u00edm, bong g\u00e2n, tr\u1eadt tr\u1eb9o kh\u1edbp, \u0111au m\u1ecfi c\u01a1 b\u1eafp, ch\u1eefa tr\u1ecb ch\u1ee9ng vi\u00eam ng\u1ee9a da, n\u1ed5i m\u1ea9n \u0111\u1ecf do c\u00f4n tr\u00f9ng c\u1eafn, m\u1ea9n ng\u1ee9a.<\/p>\n<p>D\u1ea7u n\u00f3ng xoa b\u00f3p H\u00e0n Qu\u1ed1c c\u00f3 t\u00e1c d\u1ee5ng \u0111i\u1ec1u tr\u1ecb h\u1eefu hi\u1ec7u c\u00e1c ch\u1ee9ng \u0111au nh\u1ee9c v\u00e0 vi\u00eam nhi\u1ec5m nh\u1eb9 ngay l\u1eadp t\u1ee9c nh\u01b0:<\/p>\n<p>&#8211; Vi\u00eam x\u01b0\u01a1ng, \u0111au c\u01a1, \u0111au kh\u1edbp, t\u00ea bu\u1ed1t v\u00e0 nh\u1ee9c m\u1ecfi ch\u00e2n tay.<br \/>\n&#8211; \u0110au c\u1ed5, m\u1ecfi vai g\u00e1y, \u0111au l\u01b0ng, \u0111au \u0111\u1ea7u do \u1edf ngo\u00e0i tr\u1eddi l\u00e2u trong th\u1eddi ti\u1ebft l\u1ea1nh.<br \/>\n&#8211; D\u1ea7u n\u00f3ng H\u00e0n Qu\u1ed1c \u0111\u1eb7c bi\u1ec7t h\u1eefu hi\u1ec7u v\u1edbi c\u00e1c ch\u1ea5n th\u01b0\u01a1ng bong g\u00e2n, tr\u1eadt m\u1eaft c\u00e1 ch\u00e2n\u2026 th\u01b0\u1eddng g\u1eb7p ph\u1ea3i khi v\u1eadn \u0111\u1ed9ng nhi\u1ec1u.<br \/>\n&#8211; C\u00e1c ch\u1ee9ng vi\u00eam ng\u1ee9a da, n\u1ed5i m\u1ea9n \u0111\u1ecf do c\u00f4n tr\u00f9ng c\u1eafn.<\/p>\n<p>\u01afU \u0110I\u1ec2M c\u1ee7a D\u1ea7u n\u00f3ng Antiphlamine:<br \/>\n&#8211; Khi d\u00f9ng s\u1ea3n ph\u1ea9m kh\u00f4ng b\u1ecb n\u00f3ng r\u00e1t v\u00e0 \u1eedng \u0111\u1ecf v\u00f9ng da, c\u00f3 c\u1ea3m gi\u00e1c m\u00e1t v\u00e0 t\u00e1c d\u1ee5ng t\u1eeb t\u1eeb v\u00e0o v\u00f9ng b\u1ecb th\u01b0\u01a1ng. S\u1ea3n ph\u1ea9m ph\u00f9 h\u1ee3p cho m\u1ecdi l\u1ee9a tu\u1ed5i.<br \/>\n&#8211; S\u1ea3n ph\u1ea9m d\u1ea7u xoa b\u00f3p Antiphlamine H\u00e0n Qu\u1ed1c \u0111\u01b0\u1ee3c \u0111\u00f3ng g\u00f3i trong chai nh\u1ef1a \u0111\u1ed3ng th\u1eddi \u0111i k\u00e8m theo d\u1ee5ng c\u1ee5 massage \u0111\u01b0\u1ee3c g\u1eafn v\u00e0o chai, r\u1ea5t thu\u1eadn ti\u1ec7n khi s\u1eed d\u1ee5ng.<\/p>\n<p>H\u01af\u1edaNG D\u1eaaN S\u1eec D\u1ee4NG:<br \/>\n&#8211; Xoa d\u1ea7u l\u00ean v\u00f9ng c\u01a1 th\u1ec3 b\u1ecb \u1ea3nh h\u01b0\u1edfng r\u1ed3i massage b\u1eb1ng d\u1ee5ng c\u1ee5 \u0111\u00ednh k\u00e8m kho\u1ea3ng 5 \u2013 10 ph\u00fat s\u1ebd cho hi\u1ec7u qu\u1ea3 t\u1ed1t nh\u1ea5t.<br \/>\n&#8211; D\u1ea7u xoa b\u00f3p Antiphlamine \u2013 d\u01b0\u1ee3c ph\u1ea9m kh\u00f4ng th\u1ec3 thi\u1ebfu trong t\u1ee7 thu\u1ed1c gia \u0111\u00ecnh ch\u00fang ta \u0111\u1ec3 b\u1ea3o v\u1ec7 s\u1ee9c kh\u1ecfe c\u1ea3 nh\u00e0.<br \/>\n&#8211; D\u1ea7u n\u00f3ng xoa b\u00f3p Antiphlamine \u0111\u01b0\u1ee3c s\u1ea3n xu\u1ea5t theo ti\u00eau chu\u1ea9n c\u1ee7a H\u00e0n Qu\u1ed1c (KGMP)<\/p>\n<p>CH\u00da \u00dd:<\/p>\n<p>&#8211; Kh\u00f4ng b\u00f4i l\u00ean v\u1ebft th\u01b0\u01a1ng h\u1edf, tr\u1ea7y x\u01b0\u1edbc, v\u00f9ng m\u1eaft, tr\u00e1nh t\u1ea7m tay tr\u1ebb em<br \/>\n&#8211; Khi s\u1eed d\u1ee5ng d\u1ee5ng c\u1ee5 m\u00e1t xa l\u01b0u \u00fd kh\u00f4ng \u1ea5n qu\u00e1 m\u1ea1nh tay<br \/>\n&#8211; L\u01b0u \u00fd khi d\u00f9ng cho tr\u1ebb d\u01b0\u1edbi 12 tu\u1ed5i (ng\u01b0\u1eddi l\u1edbn b\u00f4i gi\u00fap v\u00e0 l\u01b0\u1ee3ng d\u00f9ng \u00edt \u0111i)<br \/>\n&#8211; B\u1ea3o qu\u1ea3n n\u01a1i kh\u00f4 r\u00e1o tho\u00e1ng m\u00e1t, tr\u00e1nh \u00e1nh n\u1eafng tr\u1ef1c ti\u1ebfp, lu\u00f4n gi\u1eef n\u1eafp \u0111\u00f3ng k\u00edn sau khi s\u1eed d\u1ee5ng<\/p>\n","protected":false},"excerpt":{"rendered":"<p>$22\/ bottle Specifications: 100ml per box Origin: South Korea Manufacturer: YuHan Co., South Korea Function: Relieve Muscle Pain, Fatigue, Numbness, and Tingling in Hands and Feet South Korean Antiphlamine Hot Massage Oil is a creamy white oil with a fresh peppermint scent that provides a comfortable feeling when used. Antiphlamine hot oil is also very [&hellip;]<\/p>\n","protected":false},"featured_media":2798,"comment_status":"open","ping_status":"closed","template":"","meta":{"ocean_post_layout":"","ocean_both_sidebars_style":"","ocean_both_sidebars_content_width":0,"ocean_both_sidebars_sidebars_width":0,"ocean_sidebar":"0","ocean_second_sidebar":"0","ocean_disable_margins":"enable","ocean_add_body_class":"","ocean_shortcode_before_top_bar":"","ocean_shortcode_after_top_bar":"","ocean_shortcode_before_header":"","ocean_shortcode_after_header":"","ocean_has_shortcode":"","ocean_shortcode_after_title":"","ocean_shortcode_before_footer_widgets":"","ocean_shortcode_after_footer_widgets":"","ocean_shortcode_before_footer_bottom":"","ocean_shortcode_after_footer_bottom":"","ocean_display_top_bar":"default","ocean_display_header":"default","ocean_header_style":"","ocean_center_header_left_menu":"0","ocean_custom_header_template":"0","ocean_custom_logo":0,"ocean_custom_retina_logo":0,"ocean_custom_logo_max_width":0,"ocean_custom_logo_tablet_max_width":0,"ocean_custom_logo_mobile_max_width":0,"ocean_custom_logo_max_height":0,"ocean_custom_logo_tablet_max_height":0,"ocean_custom_logo_mobile_max_height":0,"ocean_header_custom_menu":"0","ocean_menu_typo_font_family":"0","ocean_menu_typo_font_subset":"","ocean_menu_typo_font_size":0,"ocean_menu_typo_font_size_tablet":0,"ocean_menu_typo_font_size_mobile":0,"ocean_menu_typo_font_size_unit":"px","ocean_menu_typo_font_weight":"","ocean_menu_typo_font_weight_tablet":"","ocean_menu_typo_font_weight_mobile":"","ocean_menu_typo_transform":"","ocean_menu_typo_transform_tablet":"","ocean_menu_typo_transform_mobile":"","ocean_menu_typo_line_height":0,"ocean_menu_typo_line_height_tablet":0,"ocean_menu_typo_line_height_mobile":0,"ocean_menu_typo_line_height_unit":"","ocean_menu_typo_spacing":0,"ocean_menu_typo_spacing_tablet":0,"ocean_menu_typo_spacing_mobile":0,"ocean_menu_typo_spacing_unit":"","ocean_menu_link_color":"","ocean_menu_link_color_hover":"","ocean_menu_link_color_active":"","ocean_menu_link_background":"","ocean_menu_link_hover_background":"","ocean_menu_link_active_background":"","ocean_menu_social_links_bg":"","ocean_menu_social_hover_links_bg":"","ocean_menu_social_links_color":"","ocean_menu_social_hover_links_color":"","ocean_disable_title":"default","ocean_disable_heading":"default","ocean_post_title":"","ocean_post_subheading":"","ocean_post_title_style":"","ocean_post_title_background_color":"","ocean_post_title_background":0,"ocean_post_title_bg_image_position":"","ocean_post_title_bg_image_attachment":"","ocean_post_title_bg_image_repeat":"","ocean_post_title_bg_image_size":"","ocean_post_title_height":0,"ocean_post_title_bg_overlay":0.5,"ocean_post_title_bg_overlay_color":"","ocean_disable_breadcrumbs":"default","ocean_breadcrumbs_color":"","ocean_breadcrumbs_separator_color":"","ocean_breadcrumbs_links_color":"","ocean_breadcrumbs_links_hover_color":"","ocean_display_footer_widgets":"default","ocean_display_footer_bottom":"default","ocean_custom_footer_template":"0"},"product_cat":[68],"product_tag":[],"class_list":{"0":"post-3143","1":"product","2":"type-product","3":"status-publish","4":"has-post-thumbnail","6":"product_cat-thao-duoc-en","8":"entry","9":"has-media","11":"first","12":"outofstock","13":"shipping-taxable","14":"purchasable","15":"product-type-simple","16":"has-product-nav","17":"col","18":"span_1_of_4","19":"owp-content-center","20":"owp-thumbs-layout-horizontal","21":"owp-btn-normal","22":"owp-tabs-layout-horizontal","23":"has-no-thumbnails"},"_links":{"self":[{"href":"https:\/\/tantuquynh.com\/en\/wp-json\/wp\/v2\/product\/3143","targetHints":{"allow":["GET"]}}],"collection":[{"href":"https:\/\/tantuquynh.com\/en\/wp-json\/wp\/v2\/product"}],"about":[{"href":"https:\/\/tantuquynh.com\/en\/wp-json\/wp\/v2\/types\/product"}],"replies":[{"embeddable":true,"href":"https:\/\/tantuquynh.com\/en\/wp-json\/wp\/v2\/comments?post=3143"}],"wp:featuredmedia":[{"embeddable":true,"href":"https:\/\/tantuquynh.com\/en\/wp-json\/wp\/v2\/media\/2798"}],"wp:attachment":[{"href":"https:\/\/tantuquynh.com\/en\/wp-json\/wp\/v2\/media?parent=3143"}],"wp:term":[{"taxonomy":"product_cat","embeddable":true,"href":"https:\/\/tantuquynh.com\/en\/wp-json\/wp\/v2\/product_cat?post=3143"},{"taxonomy":"product_tag","embeddable":true,"href":"https:\/\/tantuquynh.com\/en\/wp-json\/wp\/v2\/product_tag?post=3143"}],"curies":[{"name":"wp","href":"https:\/\/api.w.org\/{rel}","templated":true}]}}