{"id":3142,"date":"2023-02-28T08:31:56","date_gmt":"2023-02-28T08:31:56","guid":{"rendered":"https:\/\/tantuquynh.com\/product\/nvive-song-ngu-essential-hot-oil-13ml-12-bottles-79-99"},"modified":"2024-10-18T03:33:03","modified_gmt":"2024-10-18T03:33:03","slug":"nvive-song-ngu-essential-hot-oil-13ml-12-bottles-79-99","status":"publish","type":"product","link":"https:\/\/tantuquynh.com\/en\/product\/nvive-song-ngu-essential-hot-oil-13ml-12-bottles-79-99","title":{"rendered":"N&#8217;Vive Song Ngu Essential Hot Oil (13ml) 12 Bottles $79.99"},"content":{"rendered":"<p>$9 \/bottle<br \/>\nSong Ng\u01b0 Hot Oil is a combination of peppermint oil and eucalyptus oil extracted to produce a remedy that effectively reduces pain in the body, especially in treating headaches.<br \/>\nSong Ng\u01b0 Oil has a pleasant scent that helps create a sense of comfort and relaxation for your mind and body.<br \/>\nTreats conditions such as:<br \/>\n+ Muscle pain, joint pain<br \/>\n+ Motion sickness, indigestion<br \/>\n+ Dissipates bruises<br \/>\n+ Relieves fatigue<br \/>\n+ Alleviates headaches<br \/>\n+ Treats coughs, colds<\/p>\n<p>Song Ng\u01b0 Hot Oil is an oil refined from herbs such as peppermint leaves (mint), eucalyptus leaves, Salicylates, and Menthol Chrystals. With a new technique and formula for pain relief, users will experience rapid effectiveness.<br \/>\nD\u1ea7u n\u00f3ng Song Ng\u01b0 \u0111\u1eb7c bi\u1ec7t c\u00f3 th\u1ec3 th\u1ea5m qua l\u00e0n da, kh\u00f4ng nh\u01b0 c\u00e1c lo\u1ea1i d\u1ea7u kh\u00e1c ch\u1ec9 n\u1eb1m \u1edf tr\u00ean m\u1eb7t da, l\u00e0m rung t\u1ea1o s\u1ee9c \u0111\u1ea9y c\u00e1c ch\u1ed7 b\u1ecb t\u1eafc ngh\u1ebdn, l\u00e0m l\u01b0u th\u00f4ng huy\u1ebft m\u1ea1ch. The ingredients in Song Ng\u01b0 Hot Oil all have their own properties, providing comfort and relief for users.<\/p>\n<p>Peppermint oil cools areas of pain for a long time. Eucalyptus oil fights swelling, inflammation, reduces joint pain, and signs of colds. Methyl Salicylates, found in aspirin, relieve pain.<br \/>\nSong Ng\u01b0 Hot Oil is used on the skin and joints to relieve pain, especially in the elderly, who may experience body stiffness, fatigue, headaches, dizziness, especially when feeling nauseous, using this oil will yield immediate results.<\/p>\n<p>CAUTION:<br \/>\nIf swallowed or comes into direct contact with the eyes, nose, or mouth, Song Ng\u01b0 Essential Oil can cause significant adverse effects with a large dose. These side effects include kidney damage and can lead to death.  People with gastroesophageal reflux disease (GERD) should take special precautions when using this oil, as it can exacerbate GERD symptoms. Please keep out of reach of children.<\/p>\n<hr>\n<p>$9\/ chai<br \/>\nD\u00e2\u0300u no\u0301ng Song Ng\u01b0 la\u0300 s\u01b0\u0323 k\u00ea\u0301t h\u01a1\u0323p cu\u0309a tinh d\u00e2\u0300u ba\u0323c ha\u0300 va\u0300 tinh d\u00e2\u0300u khuynh di\u00ea\u0323p tap ra ph\u01b0\u01a1ng thu\u00f4\u0301c giu\u0301p gia\u0309m d\u00e2u hi\u00ea\u0323u qua\u0309 tr\u00ean c\u01a1 th\u00ea\u0309, \u0111\u0103\u0323c bi\u00ea\u0323t la\u0300 ch\u01b0\u0303a b\u00ea\u0323nh \u0111au \u0111\u00e2\u0300u.<br \/>\nD\u00e2\u0300u Song Ng\u01b0 co\u0301 mu\u0300i h\u01b0\u01a1ng d\u00ea\u0303 chi\u0323u giu\u0301p ta\u0323o ca\u0309m gia\u0301c thoa\u0309i ma\u0301i, th\u01b0 gia\u0303n cho tri\u0301 o\u0301c va\u0300 c\u01a1 th\u00ea\u0309 ba\u0323n.<br \/>\nTri\u0323 ca\u0301c ch\u01b0\u0301ng:<br \/>\n+ \u0110au c\u01a1 b\u0103\u0301p, th\u00e2\u0301p kh\u01a1\u0301p<br \/>\n+ Say ta\u0300u xe, \u0103n kho\u0301 ti\u00eau<br \/>\n+ Tan ca\u0301c v\u00ea\u0301t b\u00e2\u0300m<br \/>\n+ Tri\u0323 nh\u01b0\u0301c mo\u0309i<br \/>\n+ Tri\u0323 nh\u01b0\u0301c \u0111\u00e2\u0300u<br \/>\n+ Tri\u0323 ho, ca\u0309m cu\u0301m<\/p>\n<p>D\u1ea7u n\u00f3ng Song Ng\u01b0 l\u00e0 d\u1ea1ng d\u1ea7u tinh luy\u1ec7n t\u1eeb nh\u1eefng d\u01b0\u1ee3c th\u1ea3o, nh\u01b0 l\u00e1 the m\u00f9i b\u1ea1c h\u00e0 (mint), l\u00e1 khuynh di\u1ec7p, Salicylates v\u00e0 Menthol Chrystals n\u00ean v\u1edbi k\u1ef9 thu\u1eadt v\u00e0 c\u00f4ng th\u1ee9c m\u1edbi tr\u1ecb gi\u1ea3m \u0111au, ng\u01b0\u1eddi d\u00f9ng s\u1ebd th\u1ea5y hi\u1ec7u nghi\u1ec7m mau ch\u00f3ng. With a new technique and formula for pain relief, users will experience rapid effectiveness.<br \/>\nSong Ng\u01b0 Hot Oil can penetrate through the skin, unlike other oils that only sit on the surface of the skin, creating a pushing force on blocked areas, promoting blood circulation. Because the body experiences pain due to blockages,<br \/>\nC\u00e1c th\u00e0nh ph\u1ea7n trong d\u1ea7u n\u00f3ng Song Ng\u01b0 \u0111\u1ec1u c\u00f3 nh\u1eefng \u0111\u1eb7c t\u00ednh ri\u00eang, gi\u00fap \u0111em l\u1ea1i s\u1ef1 s\u1ea3ng kho\u00e1i v\u00e0 d\u1ec5 ch\u1ecbu cho ng\u01b0\u1eddi d\u00f9ng.<br \/>\nCh\u1ea5t d\u1ea7u peppermint gi\u00fap l\u00e0m m\u00e1t l\u00e2u n\u01a1i b\u1ecb \u0111au nh\u1ee9c. Ch\u1ea5t d\u1ea7u khuynh di\u1ec7p \u0111\u1ec3 ch\u1ed1ng s\u01b0ng, vi\u00eam, gi\u1ea3m \u0111au \u0111au kh\u1edbp v\u00e0 c\u00e1c d\u1ea5u hi\u1ec7u c\u1ea3m l\u1ea1nh. Ch\u1ea5t Methyl Salicylates, c\u00f3 trong asperine \u0111\u1ec3 ch\u1ed1ng \u0111au nh\u1ee9c.<br \/>\nD\u1ea7u n\u00f3ng Song Ng\u01b0 \u0111\u01b0\u1ee3c d\u00f9ng ngo\u00e0i da v\u00e0 c\u00e1c kh\u1edbp x\u01b0\u01a1ng \u0111\u1ec3 gi\u1ea3m \u0111au nh\u1ee9c, nh\u1ea5t l\u00e0 nh\u1eefng ng\u01b0\u1eddi l\u1edbn tu\u1ed5i, bu\u1ed5i s\u00e1ng th\u1ea5y c\u01a1 th\u1ec3 r\u00e3 r\u1eddi, thi\u1ebfu n\u0103ng l\u1ef1c, nh\u1ee9c \u0111\u1ea7u, ch\u00f3ng m\u1eb7t, nh\u1ea5t l\u00e0 nh\u1eefng khi th\u1ea5y bu\u1ed3n n\u00f4n, d\u00f9ng d\u1ea7u n\u00e0y s\u1ebd th\u1ea5y hi\u1ec7u qu\u1ea3 ngay.<\/p>\n<p>CH\u00da \u00dd:<br \/>\nN\u1ebfu nu\u1ed1t ho\u1eb7c ti\u1ebfp x\u00fac tr\u1ef1c ti\u1ebfp Tinh D\u1ea7u Song Ng\u01b0 qua m\u1eaft, m\u0169i, ho\u1eb7c mi\u1ec7ng, n\u00f3 c\u00f3 th\u1ec3 mang l\u1ea1i c\u00e1c t\u00e1c d\u1ee5ng ph\u1ee5 \u0111\u00e1ng k\u1ec3 n\u1ebfu ti\u1ebfp x\u00fac v\u1edbi m\u1ed9t li\u1ec1u l\u01b0\u1ee3ng l\u1edbn. C\u00e1c t\u00e1c d\u1ee5ng ph\u1ee5 n\u00e0y bao g\u1ed3m h\u1ecfng th\u1eadn v\u00e0 c\u00f3 th\u1ec3 \u0111\u01b0a \u0111\u1ebfn t\u1eed vong.  Nh\u1eefng ng\u01b0\u1eddi b\u1ecb b\u1ec7nh tr\u00e0o ng\u01b0\u1ee3c d\u1ea1 d\u00e0y th\u1ef1c qu\u1ea3n (GERD) n\u00ean \u0111\u1eb7c bi\u1ec7t \u0111\u1ec1 ph\u00f2ng khi d\u00f9ng d\u1ea7u n\u00e0y, v\u00ec n\u00f3 c\u00f3 th\u1ec3 l\u00e0m t\u0103ng c\u00e1c tri\u1ec7u ch\u1ee9ng tr\u00e0o ng\u01b0\u1ee3c. Xin nh\u1edb \u0111\u1ec3 xa t\u1ea7m v\u1edbi c\u1ee7a tr\u1ebb em.<\/p>\n","protected":false},"excerpt":{"rendered":"<p>$9 \/bottle Song Ng\u01b0 Hot Oil is a combination of peppermint oil and eucalyptus oil extracted to produce a remedy that effectively reduces pain in the body, especially in treating headaches. Song Ng\u01b0 Oil has a pleasant scent that helps create a sense of comfort and relaxation for your mind and body. Treats conditions such [&hellip;]<\/p>\n","protected":false},"featured_media":2799,"comment_status":"open","ping_status":"closed","template":"","meta":{"ocean_post_layout":"","ocean_both_sidebars_style":"","ocean_both_sidebars_content_width":0,"ocean_both_sidebars_sidebars_width":0,"ocean_sidebar":"0","ocean_second_sidebar":"0","ocean_disable_margins":"enable","ocean_add_body_class":"","ocean_shortcode_before_top_bar":"","ocean_shortcode_after_top_bar":"","ocean_shortcode_before_header":"","ocean_shortcode_after_header":"","ocean_has_shortcode":"","ocean_shortcode_after_title":"","ocean_shortcode_before_footer_widgets":"","ocean_shortcode_after_footer_widgets":"","ocean_shortcode_before_footer_bottom":"","ocean_shortcode_after_footer_bottom":"","ocean_display_top_bar":"default","ocean_display_header":"default","ocean_header_style":"","ocean_center_header_left_menu":"0","ocean_custom_header_template":"0","ocean_custom_logo":0,"ocean_custom_retina_logo":0,"ocean_custom_logo_max_width":0,"ocean_custom_logo_tablet_max_width":0,"ocean_custom_logo_mobile_max_width":0,"ocean_custom_logo_max_height":0,"ocean_custom_logo_tablet_max_height":0,"ocean_custom_logo_mobile_max_height":0,"ocean_header_custom_menu":"0","ocean_menu_typo_font_family":"0","ocean_menu_typo_font_subset":"","ocean_menu_typo_font_size":0,"ocean_menu_typo_font_size_tablet":0,"ocean_menu_typo_font_size_mobile":0,"ocean_menu_typo_font_size_unit":"px","ocean_menu_typo_font_weight":"","ocean_menu_typo_font_weight_tablet":"","ocean_menu_typo_font_weight_mobile":"","ocean_menu_typo_transform":"","ocean_menu_typo_transform_tablet":"","ocean_menu_typo_transform_mobile":"","ocean_menu_typo_line_height":0,"ocean_menu_typo_line_height_tablet":0,"ocean_menu_typo_line_height_mobile":0,"ocean_menu_typo_line_height_unit":"","ocean_menu_typo_spacing":0,"ocean_menu_typo_spacing_tablet":0,"ocean_menu_typo_spacing_mobile":0,"ocean_menu_typo_spacing_unit":"","ocean_menu_link_color":"","ocean_menu_link_color_hover":"","ocean_menu_link_color_active":"","ocean_menu_link_background":"","ocean_menu_link_hover_background":"","ocean_menu_link_active_background":"","ocean_menu_social_links_bg":"","ocean_menu_social_hover_links_bg":"","ocean_menu_social_links_color":"","ocean_menu_social_hover_links_color":"","ocean_disable_title":"default","ocean_disable_heading":"default","ocean_post_title":"","ocean_post_subheading":"","ocean_post_title_style":"","ocean_post_title_background_color":"","ocean_post_title_background":0,"ocean_post_title_bg_image_position":"","ocean_post_title_bg_image_attachment":"","ocean_post_title_bg_image_repeat":"","ocean_post_title_bg_image_size":"","ocean_post_title_height":0,"ocean_post_title_bg_overlay":0.5,"ocean_post_title_bg_overlay_color":"","ocean_disable_breadcrumbs":"default","ocean_breadcrumbs_color":"","ocean_breadcrumbs_separator_color":"","ocean_breadcrumbs_links_color":"","ocean_breadcrumbs_links_hover_color":"","ocean_display_footer_widgets":"default","ocean_display_footer_bottom":"default","ocean_custom_footer_template":"0"},"product_cat":[68],"product_tag":[],"class_list":{"0":"post-3142","1":"product","2":"type-product","3":"status-publish","4":"has-post-thumbnail","6":"product_cat-thao-duoc-en","8":"entry","9":"has-media","11":"first","12":"instock","13":"shipping-taxable","14":"purchasable","15":"product-type-simple","16":"has-product-nav","17":"col","18":"span_1_of_4","19":"owp-content-center","20":"owp-thumbs-layout-horizontal","21":"owp-btn-normal","22":"owp-tabs-layout-horizontal","23":"has-no-thumbnails"},"_links":{"self":[{"href":"https:\/\/tantuquynh.com\/en\/wp-json\/wp\/v2\/product\/3142","targetHints":{"allow":["GET"]}}],"collection":[{"href":"https:\/\/tantuquynh.com\/en\/wp-json\/wp\/v2\/product"}],"about":[{"href":"https:\/\/tantuquynh.com\/en\/wp-json\/wp\/v2\/types\/product"}],"replies":[{"embeddable":true,"href":"https:\/\/tantuquynh.com\/en\/wp-json\/wp\/v2\/comments?post=3142"}],"wp:featuredmedia":[{"embeddable":true,"href":"https:\/\/tantuquynh.com\/en\/wp-json\/wp\/v2\/media\/2799"}],"wp:attachment":[{"href":"https:\/\/tantuquynh.com\/en\/wp-json\/wp\/v2\/media?parent=3142"}],"wp:term":[{"taxonomy":"product_cat","embeddable":true,"href":"https:\/\/tantuquynh.com\/en\/wp-json\/wp\/v2\/product_cat?post=3142"},{"taxonomy":"product_tag","embeddable":true,"href":"https:\/\/tantuquynh.com\/en\/wp-json\/wp\/v2\/product_tag?post=3142"}],"curies":[{"name":"wp","href":"https:\/\/api.w.org\/{rel}","templated":true}]}}