{"id":3141,"date":"2023-03-07T20:49:21","date_gmt":"2023-03-07T20:49:21","guid":{"rendered":"https:\/\/tantuquynh.com\/product\/herbal-fusion-shampoo-6-bottles-99-99"},"modified":"2024-06-10T08:26:08","modified_gmt":"2024-06-10T08:26:08","slug":"herbal-fusion-shampoo-6-bottles-99-99","status":"publish","type":"product","link":"https:\/\/tantuquynh.com\/en\/product\/herbal-fusion-shampoo-6-bottles-99-99","title":{"rendered":"Herbal Fusion Shampoo &#8211; 6 Bottles $99.99"},"content":{"rendered":"<p>Herbal Fusion Shampoo \u2013 6 Bottles $99.99. Volume: 360ml\/12 fl.oz.<br \/>\nManufactured in the USA.<br \/>\nThe completely natural shampoo cleanses the scalp from oil, environmental pollutants, with natural oils and minerals penetrating the hair to remove dandruff and scalp itchiness, and nourishing the follicles to help prevent hair loss.<br \/>\nThe shampoo is made from Chumket (Boket) Beans \u2013 the scientific name for the boket genus. Chumket shampoo is an ideal source of Saponin, a natural foaming agent used for centuries as a cleansing agent. Combining the exclusive blend of organic plant extracts, the completely natural shampoo cleanses the scalp from oil, environmental pollutants, with natural oils and minerals penetrating the hair to remove dandruff and scalp itchiness, and nourishing the follicles to help prevent hair loss.<br \/>\nSpecially designed for heavy dandruff, treating wax flakes, or scalp itchiness.<br \/>\nPromotes healthy, smooth hair, minimizing hair loss and graying.<br \/>\nDeeply cleanses and maintains a healthy scalp.<br \/>\nChumket shampoo helps retain the natural color and fragrance of the hair.<\/p>\n<hr>\n<p>D\u1ea7u G\u1ed9i Ch\u00f9m K\u1ebft 6 Chai $99.99<br \/>\nDung t\u00edch: 360ml\/ 12 fl.oz.<br \/>\nS\u1ea3n xu\u1ea5t t\u1ea1i Hoa K\u1ef3.<br \/>\nD\u1ea7u g\u1ed9i \u0111\u1ea7u ho\u00e0n to\u00e0n t\u1ef1 nhi\u00ean l\u00e0m s\u1ea1ch da \u0111\u1ea7u t\u00f3c d\u1ea7u, \u00f4 nhi\u1ec5m m\u00f4i tr\u01b0\u1eddng, v\u1edbi tinh d\u1ea7u thi\u00ean nhi\u00ean v\u00e0 kho\u00e1ng ch\u1ea5t ng\u1ea5m v\u00e0o t\u00f3c gi\u00fap lo\u1ea1i b\u1ecf g\u00e0u v\u00e0 ng\u1ee9a da \u0111\u1ea7u v\u00e0 nu\u00f4i d\u01b0\u1ee1ng nang \u0111\u1ec3 gi\u00fap ng\u0103n ng\u1eeba r\u1ee5ng t\u00f3c.<br \/>\nD\u1ea7u g\u1ed9i \u0111\u01b0\u1ee3c l\u00e0m t\u1eeb Chumket (Boket) Bean \u2013 t\u00ean khoa h\u1ecdc chi b\u1ed3 k\u1ebft. D\u1ea7u g\u1ed9i Chumket l\u00e0 m\u1ed9t ngu\u1ed3n l\u00fd t\u01b0\u1edfng c\u1ee7a Saponin, l\u00e0 m\u1ed9t ch\u1ea5t t\u1ea1o b\u1ecdt t\u1ef1 nhi\u00ean v\u00e0 \u0111\u01b0\u1ee3c s\u1eed d\u1ee5ng trong nhi\u1ec1u th\u1ebf k\u1ef7 nh\u01b0 m\u1ed9t ch\u1ea5t l\u00e0m s\u1ea1ch. K\u1ebft h\u1ee3p s\u1ef1 pha tr\u1ed9n \u0111\u1ed9c quy\u1ec1n c\u1ee7a c\u00e1c ch\u1ea5t chi\u1ebft xu\u1ea5t t\u1eeb th\u1ef1c v\u1eadt h\u1eefu c\u01a1, d\u1ea7u g\u1ed9i \u0111\u1ea7u ho\u00e0n to\u00e0n t\u1ef1 nhi\u00ean l\u00e0m s\u1ea1ch da \u0111\u1ea7u t\u00f3c d\u1ea7u, \u00f4 nhi\u1ec5m m\u00f4i tr\u01b0\u1eddng, v\u1edbi tinh d\u1ea7u thi\u00ean nhi\u00ean v\u00e0 kho\u00e1ng ch\u1ea5t ng\u1ea5m v\u00e0o t\u00f3c gi\u00fap lo\u1ea1i b\u1ecf g\u00e0u v\u00e0 ng\u1ee9a da \u0111\u1ea7u v\u00e0 nu\u00f4i d\u01b0\u1ee1ng nang \u0111\u1ec3 gi\u00fap ng\u0103n ng\u1eeba r\u1ee5ng t\u00f3c.<br \/>\nChuy\u00ean cho t\u00f3c b\u1ecb g\u00e0u n\u1eb7ng, tr\u1ecb \u0111\u01b0\u1ee3c v\u1ea3y n\u1ebfn ho\u1eb7c ng\u1ee9a da \u0111\u1ea7u.<br \/>\nPromoteGi\u00fap t\u00f3c kho\u1ebb, m\u01b0\u1ee3t, gi\u1ea3m thi\u1ec3u r\u1ee5ng v\u00e0 b\u1ea1c t\u00f3c.s healthy, smooth hair, minimizing hair loss and graying.<br \/>\nS\u1ea1ch s\u00e2u v\u00e0 gi\u1eef da \u0111\u1ea7u lu\u00f4n kho\u1ebb m\u1ea1nh.<br \/>\nD\u1ea7u g\u1ed9i \u0111\u1ea7u Chumket gi\u00fap gi\u1eef m\u00e0u s\u1eafc v\u00e0 h\u01b0\u01a1ng th\u01a1m c\u1ee7a t\u00f3c m\u1ed9t c\u00e1ch t\u1ef1 nhi\u00ean.<\/p>\n","protected":false},"excerpt":{"rendered":"<p>Herbal Fusion Shampoo \u2013 6 Bottles $99.99. Volume: 360ml\/12 fl.oz. Manufactured in the USA. The completely natural shampoo cleanses the scalp from oil, environmental pollutants, with natural oils and minerals penetrating the hair to remove dandruff and scalp itchiness, and nourishing the follicles to help prevent hair loss. The shampoo is made from Chumket (Boket) [&hellip;]<\/p>\n","protected":false},"featured_media":2822,"comment_status":"closed","ping_status":"closed","template":"","meta":{"ocean_post_layout":"","ocean_both_sidebars_style":"","ocean_both_sidebars_content_width":0,"ocean_both_sidebars_sidebars_width":0,"ocean_sidebar":"0","ocean_second_sidebar":"0","ocean_disable_margins":"enable","ocean_add_body_class":"","ocean_shortcode_before_top_bar":"","ocean_shortcode_after_top_bar":"","ocean_shortcode_before_header":"","ocean_shortcode_after_header":"","ocean_has_shortcode":"","ocean_shortcode_after_title":"","ocean_shortcode_before_footer_widgets":"","ocean_shortcode_after_footer_widgets":"","ocean_shortcode_before_footer_bottom":"","ocean_shortcode_after_footer_bottom":"","ocean_display_top_bar":"default","ocean_display_header":"default","ocean_header_style":"","ocean_center_header_left_menu":"0","ocean_custom_header_template":"0","ocean_custom_logo":0,"ocean_custom_retina_logo":0,"ocean_custom_logo_max_width":0,"ocean_custom_logo_tablet_max_width":0,"ocean_custom_logo_mobile_max_width":0,"ocean_custom_logo_max_height":0,"ocean_custom_logo_tablet_max_height":0,"ocean_custom_logo_mobile_max_height":0,"ocean_header_custom_menu":"0","ocean_menu_typo_font_family":"0","ocean_menu_typo_font_subset":"","ocean_menu_typo_font_size":0,"ocean_menu_typo_font_size_tablet":0,"ocean_menu_typo_font_size_mobile":0,"ocean_menu_typo_font_size_unit":"px","ocean_menu_typo_font_weight":"","ocean_menu_typo_font_weight_tablet":"","ocean_menu_typo_font_weight_mobile":"","ocean_menu_typo_transform":"","ocean_menu_typo_transform_tablet":"","ocean_menu_typo_transform_mobile":"","ocean_menu_typo_line_height":0,"ocean_menu_typo_line_height_tablet":0,"ocean_menu_typo_line_height_mobile":0,"ocean_menu_typo_line_height_unit":"","ocean_menu_typo_spacing":0,"ocean_menu_typo_spacing_tablet":0,"ocean_menu_typo_spacing_mobile":0,"ocean_menu_typo_spacing_unit":"","ocean_menu_link_color":"","ocean_menu_link_color_hover":"","ocean_menu_link_color_active":"","ocean_menu_link_background":"","ocean_menu_link_hover_background":"","ocean_menu_link_active_background":"","ocean_menu_social_links_bg":"","ocean_menu_social_hover_links_bg":"","ocean_menu_social_links_color":"","ocean_menu_social_hover_links_color":"","ocean_disable_title":"default","ocean_disable_heading":"default","ocean_post_title":"","ocean_post_subheading":"","ocean_post_title_style":"","ocean_post_title_background_color":"","ocean_post_title_background":0,"ocean_post_title_bg_image_position":"","ocean_post_title_bg_image_attachment":"","ocean_post_title_bg_image_repeat":"","ocean_post_title_bg_image_size":"","ocean_post_title_height":0,"ocean_post_title_bg_overlay":0.5,"ocean_post_title_bg_overlay_color":"","ocean_disable_breadcrumbs":"default","ocean_breadcrumbs_color":"","ocean_breadcrumbs_separator_color":"","ocean_breadcrumbs_links_color":"","ocean_breadcrumbs_links_hover_color":"","ocean_display_footer_widgets":"default","ocean_display_footer_bottom":"default","ocean_custom_footer_template":"0"},"product_cat":[68],"product_tag":[],"class_list":{"0":"post-3141","1":"product","2":"type-product","3":"status-publish","4":"has-post-thumbnail","6":"product_cat-thao-duoc-en","8":"entry","9":"has-media","11":"first","12":"instock","13":"shipping-taxable","14":"purchasable","15":"product-type-simple","16":"has-product-nav","17":"col","18":"span_1_of_4","19":"owp-content-center","20":"owp-thumbs-layout-horizontal","21":"owp-btn-normal","22":"owp-tabs-layout-horizontal","23":"has-no-thumbnails"},"_links":{"self":[{"href":"https:\/\/tantuquynh.com\/en\/wp-json\/wp\/v2\/product\/3141","targetHints":{"allow":["GET"]}}],"collection":[{"href":"https:\/\/tantuquynh.com\/en\/wp-json\/wp\/v2\/product"}],"about":[{"href":"https:\/\/tantuquynh.com\/en\/wp-json\/wp\/v2\/types\/product"}],"replies":[{"embeddable":true,"href":"https:\/\/tantuquynh.com\/en\/wp-json\/wp\/v2\/comments?post=3141"}],"wp:featuredmedia":[{"embeddable":true,"href":"https:\/\/tantuquynh.com\/en\/wp-json\/wp\/v2\/media\/2822"}],"wp:attachment":[{"href":"https:\/\/tantuquynh.com\/en\/wp-json\/wp\/v2\/media?parent=3141"}],"wp:term":[{"taxonomy":"product_cat","embeddable":true,"href":"https:\/\/tantuquynh.com\/en\/wp-json\/wp\/v2\/product_cat?post=3141"},{"taxonomy":"product_tag","embeddable":true,"href":"https:\/\/tantuquynh.com\/en\/wp-json\/wp\/v2\/product_tag?post=3141"}],"curies":[{"name":"wp","href":"https:\/\/api.w.org\/{rel}","templated":true}]}}