{"id":3137,"date":"2022-10-18T03:56:51","date_gmt":"2022-10-18T03:56:51","guid":{"rendered":"https:\/\/tantuquynh.com\/product\/rhino-nano-oil-12-bottles-79-99"},"modified":"2024-06-10T08:27:48","modified_gmt":"2024-06-10T08:27:48","slug":"rhino-nano-oil-12-bottles-79-99","status":"publish","type":"product","link":"https:\/\/tantuquynh.com\/en\/product\/rhino-nano-oil-12-bottles-79-99","title":{"rendered":"Rhino Nano Oil &#8211; 12 Bottles $79.99"},"content":{"rendered":"<p>Advantages of Rhino Nano Oil:<\/p>\n<p>Extracted from natural herbal essential oils, certified USDA Organic oils. Nano technology oil production, making oil molecules extremely small.<\/p>\n<p>Each bottle contains 10 ml of pure herbal essential oil.<br \/>\nDelicately natural fragrance, does not affect those nearby.<br \/>\nConfidence in use on airplanes, in meetings, on ships, and in vehicles. Elegant, exquisite design, with the iconic image of a two-horned Rhino.<\/p>\n<p>Benefits:<\/p>\n<p>Quick absorption, long-lasting warmth, deep penetration.<br \/>\nHelps relieve pain.<br \/>\nReduces stress, provides an immediate refreshing feeling upon inhalation.<br \/>\nUsed topically, for massage, heating, warmth without feeling cold after massage.<br \/>\nApplied to the soles of the feet, helps warm the feet.<br \/>\nApplied to areas of pain, discomfort, or fatigue.<br \/>\nPrevents motion sickness or discomfort during travel.<\/p>\n<hr>\n<p>\u01afu \u0110i\u1ec3m c\u1ee7a D\u1ea7u Rhino Nano:<\/p>\n<p>Chi\u1ebft xu\u1ea5t t\u1eeb tinh d\u1ea7u d\u01b0\u1ee3c th\u1ea3o thi\u00ean nhi\u00ean, c\u00e1c tinh d\u1ea7u c\u00f3 ch\u1ee9ng nh\u1eadn USDA Organic. C\u00f4ng ngh\u1ec7 s\u1ea3n xu\u1ea5t tinh d\u1ea7u theo c\u00f4ng ngh\u1ec7 Nano, l\u00e0m cho ph\u1ea9n t\u1eed d\u1ea7u si\u00eau nh\u1ecf.<\/p>\n<p>M\u1ed7i chai d\u1ea7u ch\u1ee9a tinh d\u1ea7u d\u01b0\u1ee3c th\u1ea3o nguy\u00ean ch\u1ea5t 10 ml.<\/p>\n<p>M\u00f9i th\u01a1m thi\u00ean nhi\u00ean nh\u1eb9 nh\u00e0ng, kh\u00f4ng l\u00e0m \u1ea3nh h\u01b0\u1edfng ng\u01b0\u1eddi b\u00ean c\u1ea1nh.<\/p>\n<p>T\u1ef1 tin khi s\u1eed d\u1ee5ng tr\u00ean m\u00e1y bay, ph\u00f2ng h\u1ecdp, t\u00e0u, xe. Ki\u1ec3u d\u00e1ng sang tr\u1ecdng, tinh x\u1ea3o, bi\u1ec3u t\u01b0\u1ee3ng con T\u00ea Gi\u00e1c 2 s\u1eebng.<\/p>\n<p>C\u00f4ng d\u1ee5ng:<\/p>\n<p>Gi\u00fap th\u1ea5m nhanh, n\u00f3ng l\u00e2u, th\u1ea5m s\u00e2u.<\/p>\n<p>Gi\u00fap gi\u1ea3m \u0111au.<\/p>\n<p>Gi\u1ea3m Stress, tinh th\u1ea7n s\u1ea3ng kho\u00e1i ngay l\u1ea7n \u0111\u1ea7u h\u00edt v\u00e0o.<\/p>\n<p>D\u00f9ng thoa ngo\u00e0i da, c\u1ea1o gi\u00f3, l\u00e0m n\u00f3ng, \u1ea5m kh\u00f4ng c\u00f3 c\u1ea3m gi\u00e1c l\u1ea1nh sau khi c\u1ea1o gi\u00f3.<\/p>\n<p>Thoa l\u00f2ng b\u00e0n ch\u00e2n, gi\u00fap \u1ea5m b\u00e0n ch\u00e2n.<\/p>\n<p>Thoa n\u01a1i \u0111au, nh\u1ee9c, m\u1ecfi. Ch\u1ed1ng say s\u00f3ng, hay t\u00e0u xe.<\/p>\n","protected":false},"excerpt":{"rendered":"<p>Advantages of Rhino Nano Oil: Extracted from natural herbal essential oils, certified USDA Organic oils. Nano technology oil production, making oil molecules extremely small. Each bottle contains 10 ml of pure herbal essential oil. Delicately natural fragrance, does not affect those nearby. Confidence in use on airplanes, in meetings, on ships, and in vehicles. Elegant, [&hellip;]<\/p>\n","protected":false},"featured_media":2500,"comment_status":"open","ping_status":"closed","template":"","meta":{"ocean_post_layout":"","ocean_both_sidebars_style":"","ocean_both_sidebars_content_width":0,"ocean_both_sidebars_sidebars_width":0,"ocean_sidebar":"0","ocean_second_sidebar":"0","ocean_disable_margins":"enable","ocean_add_body_class":"","ocean_shortcode_before_top_bar":"","ocean_shortcode_after_top_bar":"","ocean_shortcode_before_header":"","ocean_shortcode_after_header":"","ocean_has_shortcode":"","ocean_shortcode_after_title":"","ocean_shortcode_before_footer_widgets":"","ocean_shortcode_after_footer_widgets":"","ocean_shortcode_before_footer_bottom":"","ocean_shortcode_after_footer_bottom":"","ocean_display_top_bar":"default","ocean_display_header":"default","ocean_header_style":"","ocean_center_header_left_menu":"0","ocean_custom_header_template":"0","ocean_custom_logo":0,"ocean_custom_retina_logo":0,"ocean_custom_logo_max_width":0,"ocean_custom_logo_tablet_max_width":0,"ocean_custom_logo_mobile_max_width":0,"ocean_custom_logo_max_height":0,"ocean_custom_logo_tablet_max_height":0,"ocean_custom_logo_mobile_max_height":0,"ocean_header_custom_menu":"0","ocean_menu_typo_font_family":"0","ocean_menu_typo_font_subset":"","ocean_menu_typo_font_size":0,"ocean_menu_typo_font_size_tablet":0,"ocean_menu_typo_font_size_mobile":0,"ocean_menu_typo_font_size_unit":"px","ocean_menu_typo_font_weight":"","ocean_menu_typo_font_weight_tablet":"","ocean_menu_typo_font_weight_mobile":"","ocean_menu_typo_transform":"","ocean_menu_typo_transform_tablet":"","ocean_menu_typo_transform_mobile":"","ocean_menu_typo_line_height":0,"ocean_menu_typo_line_height_tablet":0,"ocean_menu_typo_line_height_mobile":0,"ocean_menu_typo_line_height_unit":"","ocean_menu_typo_spacing":0,"ocean_menu_typo_spacing_tablet":0,"ocean_menu_typo_spacing_mobile":0,"ocean_menu_typo_spacing_unit":"","ocean_menu_link_color":"","ocean_menu_link_color_hover":"","ocean_menu_link_color_active":"","ocean_menu_link_background":"","ocean_menu_link_hover_background":"","ocean_menu_link_active_background":"","ocean_menu_social_links_bg":"","ocean_menu_social_hover_links_bg":"","ocean_menu_social_links_color":"","ocean_menu_social_hover_links_color":"","ocean_disable_title":"default","ocean_disable_heading":"default","ocean_post_title":"","ocean_post_subheading":"","ocean_post_title_style":"","ocean_post_title_background_color":"","ocean_post_title_background":0,"ocean_post_title_bg_image_position":"","ocean_post_title_bg_image_attachment":"","ocean_post_title_bg_image_repeat":"","ocean_post_title_bg_image_size":"","ocean_post_title_height":0,"ocean_post_title_bg_overlay":0.5,"ocean_post_title_bg_overlay_color":"","ocean_disable_breadcrumbs":"default","ocean_breadcrumbs_color":"","ocean_breadcrumbs_separator_color":"","ocean_breadcrumbs_links_color":"","ocean_breadcrumbs_links_hover_color":"","ocean_display_footer_widgets":"default","ocean_display_footer_bottom":"default","ocean_custom_footer_template":"0"},"product_cat":[68],"product_tag":[],"class_list":{"0":"post-3137","1":"product","2":"type-product","3":"status-publish","4":"has-post-thumbnail","6":"product_cat-thao-duoc-en","8":"entry","9":"has-media","11":"first","12":"instock","13":"shipping-taxable","14":"purchasable","15":"product-type-simple","16":"has-product-nav","17":"col","18":"span_1_of_4","19":"owp-content-center","20":"owp-thumbs-layout-horizontal","21":"owp-btn-normal","22":"owp-tabs-layout-horizontal","23":"has-no-thumbnails"},"_links":{"self":[{"href":"https:\/\/tantuquynh.com\/en\/wp-json\/wp\/v2\/product\/3137","targetHints":{"allow":["GET"]}}],"collection":[{"href":"https:\/\/tantuquynh.com\/en\/wp-json\/wp\/v2\/product"}],"about":[{"href":"https:\/\/tantuquynh.com\/en\/wp-json\/wp\/v2\/types\/product"}],"replies":[{"embeddable":true,"href":"https:\/\/tantuquynh.com\/en\/wp-json\/wp\/v2\/comments?post=3137"}],"wp:featuredmedia":[{"embeddable":true,"href":"https:\/\/tantuquynh.com\/en\/wp-json\/wp\/v2\/media\/2500"}],"wp:attachment":[{"href":"https:\/\/tantuquynh.com\/en\/wp-json\/wp\/v2\/media?parent=3137"}],"wp:term":[{"taxonomy":"product_cat","embeddable":true,"href":"https:\/\/tantuquynh.com\/en\/wp-json\/wp\/v2\/product_cat?post=3137"},{"taxonomy":"product_tag","embeddable":true,"href":"https:\/\/tantuquynh.com\/en\/wp-json\/wp\/v2\/product_tag?post=3137"}],"curies":[{"name":"wp","href":"https:\/\/api.w.org\/{rel}","templated":true}]}}