{"id":3134,"date":"2022-10-18T03:56:51","date_gmt":"2022-10-18T03:56:51","guid":{"rendered":"https:\/\/tantuquynh.com\/product\/pityriasis-rosea-tinea-versicolor-scabies-and-psoriasis-treatment-cream-1-pack-4-bottles-100"},"modified":"2024-06-10T08:28:42","modified_gmt":"2024-06-10T08:28:42","slug":"pityriasis-rosea-tinea-versicolor-scabies-and-psoriasis-treatment-cream-1-pack-4-bottles-100","status":"publish","type":"product","link":"https:\/\/tantuquynh.com\/en\/product\/pityriasis-rosea-tinea-versicolor-scabies-and-psoriasis-treatment-cream-1-pack-4-bottles-100","title":{"rendered":"Pityriasis Rosea, Tinea Versicolor, Scabies, and Psoriasis Treatment Cream &#8211; 1 Pack 4 Bottles $100"},"content":{"rendered":"<h2 data-sourcepos=\"1:1-1:89\">Korean Skin Conditions Treatment Medicine \u2013 Effective Solution for Dermatological Issues<\/h2>\n<p data-sourcepos=\"3:1-3:14\"><strong>Benefits:<\/strong><\/p>\n<ul data-sourcepos=\"5:1-9:0\">\n<li data-sourcepos=\"5:1-5:73\">Effectively treats dermatological conditions such as eczema, dermatitis, scabies, and psoriasis.<\/li>\n<li data-sourcepos=\"6:1-6:61\">Quickly reduces symptoms such as itching, irritation, and skin peeling.<\/li>\n<li data-sourcepos=\"7:1-7:53\">Heals skin lesions and prevents recurrence.<\/li>\n<\/ul>\n<hr>\n<p><strong>Thu\u1ed1c Tr\u1ecb D\u1eddi Leo, L\u00e1c, Gh\u1ebb, V\u1ea9y N\u1ebfn Korea \u2013 Gi\u1ea3i Ph\u00e1p Hi\u1ec7u Qu\u1ea3 Cho C\u00e1c V\u1ea5n \u0110\u1ec1 Da Li\u1ec5u<\/strong><\/p>\n<p><strong>C\u00f4ng d\u1ee5ng:<\/strong><\/p>\n<ul>\n<li>\u0110i\u1ec1u tr\u1ecb hi\u1ec7u qu\u1ea3 c\u00e1c b\u1ec7nh da li\u1ec5u nh\u01b0: d\u1eddi leo, l\u00e1c, gh\u1ebb, v\u1ea9y n\u1ebfn.<\/li>\n<li>Gi\u1ea3m nhanh c\u00e1c tri\u1ec7u ch\u1ee9ng nh\u01b0 ng\u1ee9a, r\u00e1t, bong tr\u00f3c da.<\/li>\n<li>L\u00e0m l\u00e0nh c\u00e1c t\u1ed5n th\u01b0\u01a1ng da, ng\u0103n ng\u1eeba t\u00e1i ph\u00e1t.<\/li>\n<\/ul>\n","protected":false},"excerpt":{"rendered":"<p>Korean Skin Conditions Treatment Medicine \u2013 Effective Solution for Dermatological Issues Benefits: Effectively treats dermatological conditions such as eczema, dermatitis, scabies, and psoriasis. Quickly reduces symptoms such as itching, irritation, and skin peeling. Heals skin lesions and prevents recurrence. Thu\u1ed1c Tr\u1ecb D\u1eddi Leo, L\u00e1c, Gh\u1ebb, V\u1ea9y N\u1ebfn Korea \u2013 Gi\u1ea3i Ph\u00e1p Hi\u1ec7u Qu\u1ea3 Cho C\u00e1c [&hellip;]<\/p>\n","protected":false},"featured_media":2517,"comment_status":"open","ping_status":"closed","template":"","meta":{"ocean_post_layout":"","ocean_both_sidebars_style":"","ocean_both_sidebars_content_width":0,"ocean_both_sidebars_sidebars_width":0,"ocean_sidebar":"0","ocean_second_sidebar":"0","ocean_disable_margins":"enable","ocean_add_body_class":"","ocean_shortcode_before_top_bar":"","ocean_shortcode_after_top_bar":"","ocean_shortcode_before_header":"","ocean_shortcode_after_header":"","ocean_has_shortcode":"","ocean_shortcode_after_title":"","ocean_shortcode_before_footer_widgets":"","ocean_shortcode_after_footer_widgets":"","ocean_shortcode_before_footer_bottom":"","ocean_shortcode_after_footer_bottom":"","ocean_display_top_bar":"default","ocean_display_header":"default","ocean_header_style":"","ocean_center_header_left_menu":"0","ocean_custom_header_template":"0","ocean_custom_logo":0,"ocean_custom_retina_logo":0,"ocean_custom_logo_max_width":0,"ocean_custom_logo_tablet_max_width":0,"ocean_custom_logo_mobile_max_width":0,"ocean_custom_logo_max_height":0,"ocean_custom_logo_tablet_max_height":0,"ocean_custom_logo_mobile_max_height":0,"ocean_header_custom_menu":"0","ocean_menu_typo_font_family":"0","ocean_menu_typo_font_subset":"","ocean_menu_typo_font_size":0,"ocean_menu_typo_font_size_tablet":0,"ocean_menu_typo_font_size_mobile":0,"ocean_menu_typo_font_size_unit":"px","ocean_menu_typo_font_weight":"","ocean_menu_typo_font_weight_tablet":"","ocean_menu_typo_font_weight_mobile":"","ocean_menu_typo_transform":"","ocean_menu_typo_transform_tablet":"","ocean_menu_typo_transform_mobile":"","ocean_menu_typo_line_height":0,"ocean_menu_typo_line_height_tablet":0,"ocean_menu_typo_line_height_mobile":0,"ocean_menu_typo_line_height_unit":"","ocean_menu_typo_spacing":0,"ocean_menu_typo_spacing_tablet":0,"ocean_menu_typo_spacing_mobile":0,"ocean_menu_typo_spacing_unit":"","ocean_menu_link_color":"","ocean_menu_link_color_hover":"","ocean_menu_link_color_active":"","ocean_menu_link_background":"","ocean_menu_link_hover_background":"","ocean_menu_link_active_background":"","ocean_menu_social_links_bg":"","ocean_menu_social_hover_links_bg":"","ocean_menu_social_links_color":"","ocean_menu_social_hover_links_color":"","ocean_disable_title":"default","ocean_disable_heading":"default","ocean_post_title":"","ocean_post_subheading":"","ocean_post_title_style":"","ocean_post_title_background_color":"","ocean_post_title_background":0,"ocean_post_title_bg_image_position":"","ocean_post_title_bg_image_attachment":"","ocean_post_title_bg_image_repeat":"","ocean_post_title_bg_image_size":"","ocean_post_title_height":0,"ocean_post_title_bg_overlay":0.5,"ocean_post_title_bg_overlay_color":"","ocean_disable_breadcrumbs":"default","ocean_breadcrumbs_color":"","ocean_breadcrumbs_separator_color":"","ocean_breadcrumbs_links_color":"","ocean_breadcrumbs_links_hover_color":"","ocean_display_footer_widgets":"default","ocean_display_footer_bottom":"default","ocean_custom_footer_template":"0"},"product_cat":[66],"product_tag":[],"class_list":{"0":"post-3134","1":"product","2":"type-product","3":"status-publish","4":"has-post-thumbnail","6":"product_cat-thuoc-en","8":"entry","9":"has-media","11":"first","12":"instock","13":"shipping-taxable","14":"purchasable","15":"product-type-simple","16":"has-product-nav","17":"col","18":"span_1_of_4","19":"owp-content-center","20":"owp-thumbs-layout-horizontal","21":"owp-btn-normal","22":"owp-tabs-layout-horizontal","23":"has-no-thumbnails"},"_links":{"self":[{"href":"https:\/\/tantuquynh.com\/en\/wp-json\/wp\/v2\/product\/3134","targetHints":{"allow":["GET"]}}],"collection":[{"href":"https:\/\/tantuquynh.com\/en\/wp-json\/wp\/v2\/product"}],"about":[{"href":"https:\/\/tantuquynh.com\/en\/wp-json\/wp\/v2\/types\/product"}],"replies":[{"embeddable":true,"href":"https:\/\/tantuquynh.com\/en\/wp-json\/wp\/v2\/comments?post=3134"}],"wp:featuredmedia":[{"embeddable":true,"href":"https:\/\/tantuquynh.com\/en\/wp-json\/wp\/v2\/media\/2517"}],"wp:attachment":[{"href":"https:\/\/tantuquynh.com\/en\/wp-json\/wp\/v2\/media?parent=3134"}],"wp:term":[{"taxonomy":"product_cat","embeddable":true,"href":"https:\/\/tantuquynh.com\/en\/wp-json\/wp\/v2\/product_cat?post=3134"},{"taxonomy":"product_tag","embeddable":true,"href":"https:\/\/tantuquynh.com\/en\/wp-json\/wp\/v2\/product_tag?post=3134"}],"curies":[{"name":"wp","href":"https:\/\/api.w.org\/{rel}","templated":true}]}}