{"id":3133,"date":"2022-10-18T03:56:54","date_gmt":"2022-10-18T03:56:54","guid":{"rendered":"https:\/\/tantuquynh.com\/product\/mystique-hair-color-5-dark-brown-black-light-brown"},"modified":"2026-03-27T06:57:44","modified_gmt":"2026-03-27T06:57:44","slug":"mystique-hair-color-5-dark-brown-black-light-brown","status":"publish","type":"product","link":"https:\/\/tantuquynh.com\/en\/product\/mystique-hair-color-5-dark-brown-black-light-brown","title":{"rendered":"Mystique Hair Color 5 &#8211; Dark Brown\/Black\/Light Brown"},"content":{"rendered":"<h5><strong><span style=\"font-size: 25px;\"> Mystique 5 Hair Dye \u2013 Brown Made in Korea Dark Brown \/ Black \/ Light Brown and many other colors, please call <\/span><\/strong><strong><span style=\"font-size: 25px;\">714-612-7309<\/span><\/strong><\/h5>\n<p>Formulated with a blend of natural herbal extracts: Noni from Morinda fruit and Argan oil, Mystique 5 evenly dyes gray hair, nourishing and softening the hair strands. After one wash, the color can last for 30 days. It causes less damage to the hair compared to traditional hair dyes and is easy to apply at home without staining the scalp.<\/p>\n<p>Available in 4 colors: Black, Dark Brown, Medium Light Brown, and Cappuccino<\/p>\n<p><span style=\"font-weight: bold;\"> USAGE INSTRUCTIONS: <\/span><br \/>\nStep 1: Cut open the packet horizontally (each packet contains 2 compartments: shampoo and dye), squeeze out all contents into a bowl. Wear gloves and mix thoroughly.<\/p>\n<p>Step 2: Clean, dry hair. Apply the dye to the roots and hair strands. Massage evenly for 5 minutes. (For long or thick hair, use 2 packets. For short or thin hair, use 1 packet.)<\/p>\n<p>Step 3: Wrap hair and leave on for 20-30 minutes. Rinse with cold water until clean (Do not use additional shampoo. For women, you can use conditioner on the hair ends). Use once a month for touch-ups when gray roots appear.<\/p>\n<hr \/>\n<p><strong>Thu\u1ed1c nhu\u1ed9m t\u00f3c Mystique 5 \u2013 Brown Made in Korea Dark Brown \/ Black \/ Light Brown v\u00e0 nhi\u1ec1u m\u00e0u kh\u00e1c, xin g\u1ecdi 714-612-7309<\/strong><\/p>\n<p>V\u1edbi chi\u1ebft xu\u1ea5t h\u1ed7n h\u1ee3p t\u1eeb c\u00e1c lo\u1ea1i th\u1ea3o d\u01b0\u1ee3c thi\u00ean nhi\u00ean: Noni t\u1eeb tr\u00e1i Nh\u00e0u, d\u1ea7u Argan gi\u00fap nhu\u1ed9m ch\u00e2n t\u00f3c b\u1ea1c \u0111\u1ec1u m\u00e0u v\u1edbi th\u00e2n t\u00f3c; v\u00e0 nu\u00f4i d\u01b0\u1ee1ng l\u00e0m cho t\u00f3c kho\u1ebb m\u1ec1m m\u1ea1i. Sau 1 l\u1ea7n g\u1ed9i, c\u00f3 th\u1ec3 gi\u1eef m\u00e0u trong 30 ng\u00e0y. \u0110\u1ee1 h\u01b0 t\u00f3c h\u01a1n thu\u1ed1c nhu\u1ed9m v\u00e0 d\u1ec3 d\u00e0ng nhu\u1ed9m t\u00f3c b\u1ea1c \u1edf nh\u00e0 kh\u00f4ng d\u00ednh m\u00e0u v\u00e0o da \u0111\u1ea7u.<\/p>\n<p>C\u00f3 4 m\u00e0u: Black, Dark Brown, Medium Light Brown v\u00e0 Cappuccino<\/p>\n<p><strong>H\u01af\u1edaNG D\u1eaaN S\u1eec D\u1ee4NG:<\/strong><\/p>\n<p>B\u01b0\u1edbc 1: C\u1eaft ngang mi\u1ec7ng g\u00f3i (1 g\u00f3i c\u00f3 2 ng\u0103n: 1 ng\u0103n d\u1ea7u g\u1ed9i, 1 ng\u0103n d\u1ea7u nhu\u1ed9m) n\u1eb7n h\u1ebft d\u1ea7u ra t\u00f4\/ch\u00e9n. \u0110eo bao tay v\u00e0o tr\u1ed9n \u0111\u1ec1u.<\/p>\n<p>B\u01b0\u1edbc 2: T\u00f3c s\u1ea1ch, kh\u00f4. B\u00f4i d\u1ea7u l\u00ean ch\u00e2n t\u00f3c v\u00e0 s\u1ee3i t\u00f3c. Xoa b\u00f3p \u0111\u1ec1u 5 ph\u00fat. (T\u00f3c nhi\u1ec1u, d\u00e0i, N\u1eef: 2 g\u00f3i. T\u00f3c \u00edt, nam: 1 g\u00f3i)<\/p>\n<p>B\u01b0\u1edbc 3: Qu\u1ea5n \u1ee7 20-30 ph\u00fat. X\u1ea3 l\u1ea1i n\u01b0\u1edbc l\u1ea1nh cho s\u1ea1ch (Kh\u00f4ng d\u00f9ng d\u1ea7u g\u1ed9i th\u00eam. N\u1eef: c\u00f3 th\u1ec3 d\u00f9ng th\u00eam d\u1ea7u x\u1ea3 \u1edf ch\u00e2n t\u00f3c). 1 th\u00e1ng g\u1ed9i 1 l\u1ea7n khi ra t\u00f3c b\u1ea1c<\/p>\n","protected":false},"excerpt":{"rendered":"<p>$80\/2 Box<\/p>\n","protected":false},"featured_media":2529,"comment_status":"open","ping_status":"closed","template":"","meta":{"ocean_post_layout":"","ocean_both_sidebars_style":"","ocean_both_sidebars_content_width":0,"ocean_both_sidebars_sidebars_width":0,"ocean_sidebar":"0","ocean_second_sidebar":"0","ocean_disable_margins":"enable","ocean_add_body_class":"","ocean_shortcode_before_top_bar":"","ocean_shortcode_after_top_bar":"","ocean_shortcode_before_header":"","ocean_shortcode_after_header":"","ocean_has_shortcode":"","ocean_shortcode_after_title":"","ocean_shortcode_before_footer_widgets":"","ocean_shortcode_after_footer_widgets":"","ocean_shortcode_before_footer_bottom":"","ocean_shortcode_after_footer_bottom":"","ocean_display_top_bar":"default","ocean_display_header":"default","ocean_header_style":"","ocean_center_header_left_menu":"0","ocean_custom_header_template":"0","ocean_custom_logo":0,"ocean_custom_retina_logo":0,"ocean_custom_logo_max_width":0,"ocean_custom_logo_tablet_max_width":0,"ocean_custom_logo_mobile_max_width":0,"ocean_custom_logo_max_height":0,"ocean_custom_logo_tablet_max_height":0,"ocean_custom_logo_mobile_max_height":0,"ocean_header_custom_menu":"0","ocean_menu_typo_font_family":"0","ocean_menu_typo_font_subset":"","ocean_menu_typo_font_size":0,"ocean_menu_typo_font_size_tablet":0,"ocean_menu_typo_font_size_mobile":0,"ocean_menu_typo_font_size_unit":"px","ocean_menu_typo_font_weight":"","ocean_menu_typo_font_weight_tablet":"","ocean_menu_typo_font_weight_mobile":"","ocean_menu_typo_transform":"","ocean_menu_typo_transform_tablet":"","ocean_menu_typo_transform_mobile":"","ocean_menu_typo_line_height":0,"ocean_menu_typo_line_height_tablet":0,"ocean_menu_typo_line_height_mobile":0,"ocean_menu_typo_line_height_unit":"","ocean_menu_typo_spacing":0,"ocean_menu_typo_spacing_tablet":0,"ocean_menu_typo_spacing_mobile":0,"ocean_menu_typo_spacing_unit":"","ocean_menu_link_color":"","ocean_menu_link_color_hover":"","ocean_menu_link_color_active":"","ocean_menu_link_background":"","ocean_menu_link_hover_background":"","ocean_menu_link_active_background":"","ocean_menu_social_links_bg":"","ocean_menu_social_hover_links_bg":"","ocean_menu_social_links_color":"","ocean_menu_social_hover_links_color":"","ocean_disable_title":"default","ocean_disable_heading":"default","ocean_post_title":"","ocean_post_subheading":"","ocean_post_title_style":"","ocean_post_title_background_color":"","ocean_post_title_background":0,"ocean_post_title_bg_image_position":"","ocean_post_title_bg_image_attachment":"","ocean_post_title_bg_image_repeat":"","ocean_post_title_bg_image_size":"","ocean_post_title_height":0,"ocean_post_title_bg_overlay":0.5,"ocean_post_title_bg_overlay_color":"","ocean_disable_breadcrumbs":"default","ocean_breadcrumbs_color":"","ocean_breadcrumbs_separator_color":"","ocean_breadcrumbs_links_color":"","ocean_breadcrumbs_links_hover_color":"","ocean_display_footer_widgets":"default","ocean_display_footer_bottom":"default","ocean_custom_footer_template":"0"},"product_cat":[66,67],"product_tag":[],"class_list":{"0":"post-3133","1":"product","2":"type-product","3":"status-publish","4":"has-post-thumbnail","6":"product_cat-thuoc-en","7":"product_cat-thuoc-nhuom-toc-en","9":"entry","10":"has-media","12":"first","13":"instock","14":"shipping-taxable","15":"purchasable","16":"product-type-simple","17":"has-product-nav","18":"col","19":"span_1_of_4","20":"owp-content-center","21":"owp-thumbs-layout-horizontal","22":"owp-btn-normal","23":"owp-tabs-layout-horizontal","24":"has-no-thumbnails"},"_links":{"self":[{"href":"https:\/\/tantuquynh.com\/en\/wp-json\/wp\/v2\/product\/3133","targetHints":{"allow":["GET"]}}],"collection":[{"href":"https:\/\/tantuquynh.com\/en\/wp-json\/wp\/v2\/product"}],"about":[{"href":"https:\/\/tantuquynh.com\/en\/wp-json\/wp\/v2\/types\/product"}],"replies":[{"embeddable":true,"href":"https:\/\/tantuquynh.com\/en\/wp-json\/wp\/v2\/comments?post=3133"}],"wp:featuredmedia":[{"embeddable":true,"href":"https:\/\/tantuquynh.com\/en\/wp-json\/wp\/v2\/media\/2529"}],"wp:attachment":[{"href":"https:\/\/tantuquynh.com\/en\/wp-json\/wp\/v2\/media?parent=3133"}],"wp:term":[{"taxonomy":"product_cat","embeddable":true,"href":"https:\/\/tantuquynh.com\/en\/wp-json\/wp\/v2\/product_cat?post=3133"},{"taxonomy":"product_tag","embeddable":true,"href":"https:\/\/tantuquynh.com\/en\/wp-json\/wp\/v2\/product_tag?post=3133"}],"curies":[{"name":"wp","href":"https:\/\/api.w.org\/{rel}","templated":true}]}}