{"id":3128,"date":"2022-10-18T03:56:54","date_gmt":"2022-10-18T03:56:54","guid":{"rendered":"https:\/\/tantuquynh.com\/product\/healthy-liver-2"},"modified":"2024-06-10T08:42:48","modified_gmt":"2024-06-10T08:42:48","slug":"healthy-liver-2","status":"publish","type":"product","link":"https:\/\/tantuquynh.com\/en\/product\/healthy-liver-2","title":{"rendered":"Healthy Liver 2"},"content":{"rendered":"<p>Benefits: Helps detoxify and cool the liver, protects liver cells, supports enhanced liver function in cases of allergies, itching, hives, and jaundice.<\/p>\n<p>User demographics: Suitable for individuals with poor digestion, itching, hives, elevated liver enzymes, fatty liver, hepatitis, cirrhosis due to decreased liver function. Also for those who consume excessive alcohol harmful to the liver. <\/p>\n<p>Note: This product is not a medicine and does not substitute for medical treatment.<\/p>\n<hr>\n<p>C\u00f4ng d\u1ee5ng: Gi\u00fap thanh nhi\u1ec7t gi\u1ea3i \u0111\u1ed9c, b\u1ea3o v\u1ec7 t\u1ebf b\u00e0o gan, h\u1ed7 tr\u1ee3 l\u00e0m t\u0103ng c\u01b0\u1eddng ch\u1ee9c n\u0103ng gan trong c\u00e1c tr\u01b0\u1eddng h\u1ee3p d\u1ecb \u1ee9ng, m\u1ea9n ng\u1ee9a, n\u1ed5i m\u1ec1 \u0111ay, v\u00e0ng da.<\/p>\n<p>\u0110\u1ed1i t\u01b0\u1ee3ng s\u1eed d\u1ee5ng: d\u00f9ng cho ng\u01b0\u1eddi \u0103n u\u1ed1ng k\u00e9m ti\u00eau, m\u1ea9n ng\u1ee9a, n\u1ed5i m\u1ec1 \u0111ay, ng\u01b0\u1eddi men gan t\u0103ng cao, gan nhi\u1ec5m m\u1ee1, vi\u00eam gan, x\u01a1 gan do suy gi\u1ea3m ch\u1ee9c n\u0103ng gan. Ng\u01b0\u1eddi u\u1ed1ng nhi\u1ec1u bia r\u01b0\u1ee3u c\u00f3 h\u1ea1i cho gan. <\/p>\n<p>L\u01b0u \u00fd: S\u1ea3n ph\u1ea9m kh\u00f4ng ph\u1ea3i l\u00e0 thu\u1ed1c, kh\u00f4ng c\u00f3 t\u00e1c d\u1ee5ng thay th\u1ebf thu\u1ed1c ch\u1eefa b\u1ec7nh.<\/p>\n","protected":false},"excerpt":{"rendered":"<p>Benefits: Helps detoxify and cool the liver, protects liver cells, supports enhanced liver function in cases of allergies, itching, hives, and jaundice. User demographics: Suitable for individuals with poor digestion, itching, hives, elevated liver enzymes, fatty liver, hepatitis, cirrhosis due to decreased liver function. Also for those who consume excessive alcohol harmful to the liver. [&hellip;]<\/p>\n","protected":false},"featured_media":2527,"comment_status":"open","ping_status":"closed","template":"","meta":{"ocean_post_layout":"","ocean_both_sidebars_style":"","ocean_both_sidebars_content_width":0,"ocean_both_sidebars_sidebars_width":0,"ocean_sidebar":"0","ocean_second_sidebar":"0","ocean_disable_margins":"enable","ocean_add_body_class":"","ocean_shortcode_before_top_bar":"","ocean_shortcode_after_top_bar":"","ocean_shortcode_before_header":"","ocean_shortcode_after_header":"","ocean_has_shortcode":"","ocean_shortcode_after_title":"","ocean_shortcode_before_footer_widgets":"","ocean_shortcode_after_footer_widgets":"","ocean_shortcode_before_footer_bottom":"","ocean_shortcode_after_footer_bottom":"","ocean_display_top_bar":"default","ocean_display_header":"default","ocean_header_style":"","ocean_center_header_left_menu":"0","ocean_custom_header_template":"0","ocean_custom_logo":0,"ocean_custom_retina_logo":0,"ocean_custom_logo_max_width":0,"ocean_custom_logo_tablet_max_width":0,"ocean_custom_logo_mobile_max_width":0,"ocean_custom_logo_max_height":0,"ocean_custom_logo_tablet_max_height":0,"ocean_custom_logo_mobile_max_height":0,"ocean_header_custom_menu":"0","ocean_menu_typo_font_family":"0","ocean_menu_typo_font_subset":"","ocean_menu_typo_font_size":0,"ocean_menu_typo_font_size_tablet":0,"ocean_menu_typo_font_size_mobile":0,"ocean_menu_typo_font_size_unit":"px","ocean_menu_typo_font_weight":"","ocean_menu_typo_font_weight_tablet":"","ocean_menu_typo_font_weight_mobile":"","ocean_menu_typo_transform":"","ocean_menu_typo_transform_tablet":"","ocean_menu_typo_transform_mobile":"","ocean_menu_typo_line_height":0,"ocean_menu_typo_line_height_tablet":0,"ocean_menu_typo_line_height_mobile":0,"ocean_menu_typo_line_height_unit":"","ocean_menu_typo_spacing":0,"ocean_menu_typo_spacing_tablet":0,"ocean_menu_typo_spacing_mobile":0,"ocean_menu_typo_spacing_unit":"","ocean_menu_link_color":"","ocean_menu_link_color_hover":"","ocean_menu_link_color_active":"","ocean_menu_link_background":"","ocean_menu_link_hover_background":"","ocean_menu_link_active_background":"","ocean_menu_social_links_bg":"","ocean_menu_social_hover_links_bg":"","ocean_menu_social_links_color":"","ocean_menu_social_hover_links_color":"","ocean_disable_title":"default","ocean_disable_heading":"default","ocean_post_title":"","ocean_post_subheading":"","ocean_post_title_style":"","ocean_post_title_background_color":"","ocean_post_title_background":0,"ocean_post_title_bg_image_position":"","ocean_post_title_bg_image_attachment":"","ocean_post_title_bg_image_repeat":"","ocean_post_title_bg_image_size":"","ocean_post_title_height":0,"ocean_post_title_bg_overlay":0.5,"ocean_post_title_bg_overlay_color":"","ocean_disable_breadcrumbs":"default","ocean_breadcrumbs_color":"","ocean_breadcrumbs_separator_color":"","ocean_breadcrumbs_links_color":"","ocean_breadcrumbs_links_hover_color":"","ocean_display_footer_widgets":"default","ocean_display_footer_bottom":"default","ocean_custom_footer_template":"0"},"product_cat":[66],"product_tag":[],"class_list":{"0":"post-3128","1":"product","2":"type-product","3":"status-publish","4":"has-post-thumbnail","6":"product_cat-thuoc-en","8":"entry","9":"has-media","11":"first","12":"instock","13":"shipping-taxable","14":"purchasable","15":"product-type-simple","16":"has-product-nav","17":"col","18":"span_1_of_4","19":"owp-content-center","20":"owp-thumbs-layout-horizontal","21":"owp-btn-normal","22":"owp-tabs-layout-horizontal","23":"has-no-thumbnails"},"_links":{"self":[{"href":"https:\/\/tantuquynh.com\/en\/wp-json\/wp\/v2\/product\/3128","targetHints":{"allow":["GET"]}}],"collection":[{"href":"https:\/\/tantuquynh.com\/en\/wp-json\/wp\/v2\/product"}],"about":[{"href":"https:\/\/tantuquynh.com\/en\/wp-json\/wp\/v2\/types\/product"}],"replies":[{"embeddable":true,"href":"https:\/\/tantuquynh.com\/en\/wp-json\/wp\/v2\/comments?post=3128"}],"wp:featuredmedia":[{"embeddable":true,"href":"https:\/\/tantuquynh.com\/en\/wp-json\/wp\/v2\/media\/2527"}],"wp:attachment":[{"href":"https:\/\/tantuquynh.com\/en\/wp-json\/wp\/v2\/media?parent=3128"}],"wp:term":[{"taxonomy":"product_cat","embeddable":true,"href":"https:\/\/tantuquynh.com\/en\/wp-json\/wp\/v2\/product_cat?post=3128"},{"taxonomy":"product_tag","embeddable":true,"href":"https:\/\/tantuquynh.com\/en\/wp-json\/wp\/v2\/product_tag?post=3128"}],"curies":[{"name":"wp","href":"https:\/\/api.w.org\/{rel}","templated":true}]}}