{"id":3121,"date":"2022-10-18T03:56:53","date_gmt":"2022-10-18T03:56:53","guid":{"rendered":"https:\/\/tantuquynh.com\/product\/queen-ginseng-for-women"},"modified":"2024-06-10T08:16:03","modified_gmt":"2024-06-10T08:16:03","slug":"queen-ginseng-for-women","status":"publish","type":"product","link":"https:\/\/tantuquynh.com\/en\/product\/queen-ginseng-for-women","title":{"rendered":"Queen Ginseng for Women"},"content":{"rendered":"<p>Korean Ginseng Extract for Women<\/p>\n<p>Net weight: 300ml (10ml * 30ea)<\/p>\n<p>Ingredients: Purified water, Korean red ginseng extract (Ginsenoside content 70mg\/g, solid content 60% or more, SOUTH KOREA), Liquid allulose, Cranberry extract, Schisandra fruit extract, Pomegranate extract, Polygonum cuspidatum root extract, Vitamin C<\/p>\n<p>Keep out of reach of children. Store in a cool, dry place.<\/p>\n<hr>\n<p>Chi\u1ebft xu\u1ea5t nh\u00e2n s\u00e2m H\u00e0n Qu\u1ed1c d\u00e0nh cho ph\u1ee5 n\u1eef<\/p>\n<p>Kh\u1ed1i l\u01b0\u1ee3ng t\u1ecbnh: 300ml (10ml * 30ea)<\/p>\n<p>Th\u00e0nh ph\u1ea7n: N\u01b0\u1edbc tinh khi\u1ebft, Chi\u1ebft xu\u1ea5t h\u1ed3ng s\u00e2m H\u00e0n Qu\u1ed1c (Th\u00e0nh ph\u1ea7n h\u1ed3ng s\u00e2m 70mg \/ g, h\u00e0m l\u01b0\u1ee3ng r\u1eafn 60% tr\u1edf l\u00ean, H\u00c0N QU\u1ed0C), Allulose l\u1ecfng, Chi\u1ebft xu\u1ea5t qu\u1ea3 h\u1ed3ng, Chi\u1ebft xu\u1ea5t qu\u1ea3 Schisandra, Chi\u1ebft xu\u1ea5t Pomegrannate, Chi\u1ebft xu\u1ea5t r\u1ec5 c\u00e2y s\u1eafn d\u00e2y, Vitamin C<\/p>\n<p>\u0110\u1ec3 xa t\u1ea7m tay tr\u1ebb em. B\u1ea3o qu\u1ea3n n\u01a1i kh\u00f4 r\u00e1o v\u00e0 tho\u00e1ng m\u00e1t.<\/p>\n","protected":false},"excerpt":{"rendered":"<p>Korean Ginseng Extract for Women Net weight: 300ml (10ml * 30ea) Ingredients: Purified water, Korean red ginseng extract (Ginsenoside content 70mg\/g, solid content 60% or more, SOUTH KOREA), Liquid allulose, Cranberry extract, Schisandra fruit extract, Pomegranate extract, Polygonum cuspidatum root extract, Vitamin C Keep out of reach of children. Store in a cool, dry place. [&hellip;]<\/p>\n","protected":false},"featured_media":2492,"comment_status":"open","ping_status":"closed","template":"","meta":{"ocean_post_layout":"","ocean_both_sidebars_style":"","ocean_both_sidebars_content_width":0,"ocean_both_sidebars_sidebars_width":0,"ocean_sidebar":"0","ocean_second_sidebar":"0","ocean_disable_margins":"enable","ocean_add_body_class":"","ocean_shortcode_before_top_bar":"","ocean_shortcode_after_top_bar":"","ocean_shortcode_before_header":"","ocean_shortcode_after_header":"","ocean_has_shortcode":"","ocean_shortcode_after_title":"","ocean_shortcode_before_footer_widgets":"","ocean_shortcode_after_footer_widgets":"","ocean_shortcode_before_footer_bottom":"","ocean_shortcode_after_footer_bottom":"","ocean_display_top_bar":"default","ocean_display_header":"default","ocean_header_style":"","ocean_center_header_left_menu":"0","ocean_custom_header_template":"0","ocean_custom_logo":0,"ocean_custom_retina_logo":0,"ocean_custom_logo_max_width":0,"ocean_custom_logo_tablet_max_width":0,"ocean_custom_logo_mobile_max_width":0,"ocean_custom_logo_max_height":0,"ocean_custom_logo_tablet_max_height":0,"ocean_custom_logo_mobile_max_height":0,"ocean_header_custom_menu":"0","ocean_menu_typo_font_family":"0","ocean_menu_typo_font_subset":"","ocean_menu_typo_font_size":0,"ocean_menu_typo_font_size_tablet":0,"ocean_menu_typo_font_size_mobile":0,"ocean_menu_typo_font_size_unit":"px","ocean_menu_typo_font_weight":"","ocean_menu_typo_font_weight_tablet":"","ocean_menu_typo_font_weight_mobile":"","ocean_menu_typo_transform":"","ocean_menu_typo_transform_tablet":"","ocean_menu_typo_transform_mobile":"","ocean_menu_typo_line_height":0,"ocean_menu_typo_line_height_tablet":0,"ocean_menu_typo_line_height_mobile":0,"ocean_menu_typo_line_height_unit":"","ocean_menu_typo_spacing":0,"ocean_menu_typo_spacing_tablet":0,"ocean_menu_typo_spacing_mobile":0,"ocean_menu_typo_spacing_unit":"","ocean_menu_link_color":"","ocean_menu_link_color_hover":"","ocean_menu_link_color_active":"","ocean_menu_link_background":"","ocean_menu_link_hover_background":"","ocean_menu_link_active_background":"","ocean_menu_social_links_bg":"","ocean_menu_social_hover_links_bg":"","ocean_menu_social_links_color":"","ocean_menu_social_hover_links_color":"","ocean_disable_title":"default","ocean_disable_heading":"default","ocean_post_title":"","ocean_post_subheading":"","ocean_post_title_style":"","ocean_post_title_background_color":"","ocean_post_title_background":0,"ocean_post_title_bg_image_position":"","ocean_post_title_bg_image_attachment":"","ocean_post_title_bg_image_repeat":"","ocean_post_title_bg_image_size":"","ocean_post_title_height":0,"ocean_post_title_bg_overlay":0.5,"ocean_post_title_bg_overlay_color":"","ocean_disable_breadcrumbs":"default","ocean_breadcrumbs_color":"","ocean_breadcrumbs_separator_color":"","ocean_breadcrumbs_links_color":"","ocean_breadcrumbs_links_hover_color":"","ocean_display_footer_widgets":"default","ocean_display_footer_bottom":"default","ocean_custom_footer_template":"0"},"product_cat":[61],"product_tag":[],"class_list":{"0":"post-3121","1":"product","2":"type-product","3":"status-publish","4":"has-post-thumbnail","6":"product_cat-nhan-sam-en","8":"entry","9":"has-media","11":"first","12":"instock","13":"shipping-taxable","14":"purchasable","15":"product-type-simple","16":"has-product-nav","17":"col","18":"span_1_of_4","19":"owp-content-center","20":"owp-thumbs-layout-horizontal","21":"owp-btn-normal","22":"owp-tabs-layout-horizontal","23":"has-no-thumbnails"},"_links":{"self":[{"href":"https:\/\/tantuquynh.com\/en\/wp-json\/wp\/v2\/product\/3121","targetHints":{"allow":["GET"]}}],"collection":[{"href":"https:\/\/tantuquynh.com\/en\/wp-json\/wp\/v2\/product"}],"about":[{"href":"https:\/\/tantuquynh.com\/en\/wp-json\/wp\/v2\/types\/product"}],"replies":[{"embeddable":true,"href":"https:\/\/tantuquynh.com\/en\/wp-json\/wp\/v2\/comments?post=3121"}],"wp:featuredmedia":[{"embeddable":true,"href":"https:\/\/tantuquynh.com\/en\/wp-json\/wp\/v2\/media\/2492"}],"wp:attachment":[{"href":"https:\/\/tantuquynh.com\/en\/wp-json\/wp\/v2\/media?parent=3121"}],"wp:term":[{"taxonomy":"product_cat","embeddable":true,"href":"https:\/\/tantuquynh.com\/en\/wp-json\/wp\/v2\/product_cat?post=3121"},{"taxonomy":"product_tag","embeddable":true,"href":"https:\/\/tantuquynh.com\/en\/wp-json\/wp\/v2\/product_tag?post=3121"}],"curies":[{"name":"wp","href":"https:\/\/api.w.org\/{rel}","templated":true}]}}