{"id":3118,"date":"2022-10-18T03:56:53","date_gmt":"2022-10-18T03:56:53","guid":{"rendered":"https:\/\/tantuquynh.com\/product\/korean-black-ginseng-with-black-lingzhi-mushroom"},"modified":"2024-06-10T08:15:44","modified_gmt":"2024-06-10T08:15:44","slug":"korean-black-ginseng-with-black-lingzhi-mushroom","status":"publish","type":"product","link":"https:\/\/tantuquynh.com\/en\/product\/korean-black-ginseng-with-black-lingzhi-mushroom","title":{"rendered":"Korean Black Ginseng with Black Lingzhi Mushroom"},"content":{"rendered":"<p>Korean Black Ginseng and Reishi Mushroom Extract, Aged 6 Years<\/p>\n<p>\u25a0 Product Name: 6-Year-Old Black Reishi Mushroom Extract<br \/>\n\u25a0 Type: Ginseng, Red Ginseng Drink<br \/>\n\u25a0 Net Weight: 480g (240g x 2 bottles)<\/p>\n<p>\u25a0 Ingredients: Concentrated Black Ginseng (Korea) [solid content 10%] [h\u00e0m l\u01b0\u1ee3ng ch\u1ea5t r\u1eafn 10%] 0.2%, Reishi Mushroom 2%, Concentrated Red Ginseng (Korea) [solid content 6%, Saponin 6.3mg\/g] 80%, Leonurus sibiricus extract 1.2%, Grapefruit seed extract 0.1%, Cornus fruit 0.2%, Sodium Carboxymethylcellulose 0.1%, Xanthan Gum 0.1%, Concentrated Plant Mixture 16% [Jujube 2%, Cinnamon (Vietnam) 2%, Hovenia dulcis 2%, Galangal 2%, Licorice 2% (Uzbekistan), Chinese Angelica 2%, Artemisia 4%, Rehmannia 0.5%, Herb flavor 0.15%, Thistle 2%, Citric Acid 0.1%, Red Ginseng Extract 30% (Red Ginseng Extract 30%, Honey 3%, Liquid Fructose 60%, White Sugar 7%), Purified Water])<\/p>\n<p>\u25a0 Directions for Use: Adults may take 3g once a day with hot or cold water or consume directly.<\/p>\n<p>\u25a0 Caution: Be careful not to cut or injure your hands or sniff when opening. Do not use a microwave or heat directly. For those who have frequent urination, allergies, are pregnant or breastfeeding, have chronic illnesses, or are under medical treatment, please check the ingredients before use.  <\/p>\n<p>DISTRIBUTED BY: SAITBYULL SYNTHESIS PRODUCT CO.<br \/>\nSALES COMPANY: JU YOUNG Produced by: Kaesong Hongsam Farm<br \/>\nProduced by: Kaesong Hongsam Farm<\/p>\n<p>Made in: South Korea<\/p>\n<hr>\n<p>N\u1ea5m linh chi \u0111en s\u00e2m 6 n\u0103m tu\u1ed5i H\u00e0n Qu\u1ed1c c\u00f4 \u0111\u1eb7c<\/p>\n<p>\u25a0 T\u00ean s\u1ea3n ph\u1ea9m: Tinh ch\u1ea5t n\u1ea5m linh chi \u0111en 6 n\u0103m tu\u1ed5i<\/p>\n<p>\u25a0 Lo\u1ea1i: Nh\u00e2n s\u00e2m, Th\u1ee9c u\u1ed1ng nh\u00e2n s\u00e2m \u0111\u1ecf<\/p>\n<p>\u25a0 Kh\u1ed1i l\u01b0\u1ee3ng t\u1ecbnh: 480g (240g x 2 chai)<\/p>\n<p>\u25a0 Th\u00e0nh ph\u1ea7n: H\u1eafc s\u00e2m c\u00f4 \u0111\u1eb7c (H\u00e0n Qu\u1ed1c) [h\u00e0m l\u01b0\u1ee3ng ch\u1ea5t r\u1eafn 10%] [solid content 10%] 0,2%, n\u1ea5m linh chi 2%, c\u00f4 \u0111\u1eb7c h\u1ed3ng s\u00e2m (H\u00e0n Qu\u1ed1c) [h\u00e0m l\u01b0\u1ee3ng ch\u1ea5t r\u1eafn 6%, Saponin 6,3mg \/ g] 80%, ph\u1ea7n \u0111\u1ea7u Leonurus sibiricus 1,2% , Chi\u1ebft xu\u1ea5t h\u1ea1t b\u01b0\u1edfi 0,1%, Qu\u1ea3 ng\u00f4 \u0111\u1ed3ng 0,2%, Carboxyme-thylcellulose natri 0,1%, Xanthan gum 0,1 $, H\u1ed7n h\u1ee3p th\u1ef1c v\u1eadt c\u00f4 \u0111\u1eb7c 16% [t\u00e1o t\u00e0u 2%, Qu\u1ebf (Vi\u1ec7t Nam) 2%, Qu\u1ea3 Hovenia 2%, C\u00e2y dong ri\u1ec1ng 2%, Licorice 2% (Uzbekistan), Chinese Angelic root 2%, Artemisia 4%, Rehmannia 0,5%, Herb flavour 0,15%, Gai gai 2%, Citric acid 0,1%, Red Ginseng extract 30% (Red Ginseng extract 30%, m\u1eadt ong 3%, Fructose l\u1ecfng 60%, suger tr\u1eafng 7%), N\u01b0\u1edbc tinh khi\u1ebft])<\/p>\n<p>\u25a0 H\u01b0\u1edbng d\u1eabn s\u1eed d\u1ee5ng: Ng\u01b0\u1eddi l\u1edbn c\u00f3 th\u1ec3 d\u00f9ng 3g m\u1ed9t l\u1ea7n m\u1ed7i ng\u00e0y v\u1edbi n\u01b0\u1edbc n\u00f3ng ho\u1eb7c l\u1ea1nh ho\u1eb7c d\u00f9ng tr\u1ef1c ti\u1ebfp.<\/p>\n<p>\u25a0 Th\u1eadn tr\u1ecdng: C\u1ea9n th\u1eadn \u0111\u1ec3 kh\u00f4ng l\u00e0m t\u1ed5n th\u01b0\u01a1ng tay ho\u1eb7c ng\u1eedi khi m\u1edf n\u1eafp. Kh\u00f4ng s\u1eed d\u1ee5ng l\u00f2 vi s\u00f3ng ho\u1eb7c h\u00e2m n\u00f3ng tr\u1ef1c ti\u1ebfp. \u0110\u1ed1i v\u1edbi nh\u1eefng ng\u01b0\u1eddi b\u1ecb ti\u1ec3u d\u1eaft, d\u1ecb \u1ee9ng, \u0111ang mang thai ho\u1eb7c cho con b\u00fa, b\u1ecb b\u1ec7nh m\u00e3n t\u00ednh ho\u1eb7c \u0111ang \u0111i\u1ec1u tr\u1ecb, vui l\u00f2ng ki\u1ec3m tra th\u00e0nh ph\u1ea7n tr\u01b0\u1edbc khi d\u00f9ng.  <\/p>\n<p>\u0110\u01af\u1ee2C PH\u00c2N PH\u1ed0I B\u1edeI: SAITBYULL SYNTHESIS PRODUCT CO. C\u00d4NG TY B\u00c1N H\u00c0NG: JU YOUNG. S\u1ea3n xu\u1ea5t b\u1edfi: Kaesong Hongsam Farm <\/p>\n<p>S\u1ea3n xu\u1ea5t: S\u1ea3n xu\u1ea5t t\u1ea1i H\u00e0n Qu\u1ed1c<\/p>\n","protected":false},"excerpt":{"rendered":"<p>Korean Black Ginseng and Reishi Mushroom Extract, Aged 6 Years \u25a0 Product Name: 6-Year-Old Black Reishi Mushroom Extract \u25a0 Type: Ginseng, Red Ginseng Drink \u25a0 Net Weight: 480g (240g x 2 bottles) \u25a0 Ingredients: Concentrated Black Ginseng (Korea) [solid content 10%] [h\u00e0m l\u01b0\u1ee3ng ch\u1ea5t r\u1eafn 10%] 0.2%, Reishi Mushroom 2%, Concentrated Red Ginseng (Korea) [solid [&hellip;]<\/p>\n","protected":false},"featured_media":2495,"comment_status":"open","ping_status":"closed","template":"","meta":{"ocean_post_layout":"","ocean_both_sidebars_style":"","ocean_both_sidebars_content_width":0,"ocean_both_sidebars_sidebars_width":0,"ocean_sidebar":"0","ocean_second_sidebar":"0","ocean_disable_margins":"enable","ocean_add_body_class":"","ocean_shortcode_before_top_bar":"","ocean_shortcode_after_top_bar":"","ocean_shortcode_before_header":"","ocean_shortcode_after_header":"","ocean_has_shortcode":"","ocean_shortcode_after_title":"","ocean_shortcode_before_footer_widgets":"","ocean_shortcode_after_footer_widgets":"","ocean_shortcode_before_footer_bottom":"","ocean_shortcode_after_footer_bottom":"","ocean_display_top_bar":"default","ocean_display_header":"default","ocean_header_style":"","ocean_center_header_left_menu":"0","ocean_custom_header_template":"0","ocean_custom_logo":0,"ocean_custom_retina_logo":0,"ocean_custom_logo_max_width":0,"ocean_custom_logo_tablet_max_width":0,"ocean_custom_logo_mobile_max_width":0,"ocean_custom_logo_max_height":0,"ocean_custom_logo_tablet_max_height":0,"ocean_custom_logo_mobile_max_height":0,"ocean_header_custom_menu":"0","ocean_menu_typo_font_family":"0","ocean_menu_typo_font_subset":"","ocean_menu_typo_font_size":0,"ocean_menu_typo_font_size_tablet":0,"ocean_menu_typo_font_size_mobile":0,"ocean_menu_typo_font_size_unit":"px","ocean_menu_typo_font_weight":"","ocean_menu_typo_font_weight_tablet":"","ocean_menu_typo_font_weight_mobile":"","ocean_menu_typo_transform":"","ocean_menu_typo_transform_tablet":"","ocean_menu_typo_transform_mobile":"","ocean_menu_typo_line_height":0,"ocean_menu_typo_line_height_tablet":0,"ocean_menu_typo_line_height_mobile":0,"ocean_menu_typo_line_height_unit":"","ocean_menu_typo_spacing":0,"ocean_menu_typo_spacing_tablet":0,"ocean_menu_typo_spacing_mobile":0,"ocean_menu_typo_spacing_unit":"","ocean_menu_link_color":"","ocean_menu_link_color_hover":"","ocean_menu_link_color_active":"","ocean_menu_link_background":"","ocean_menu_link_hover_background":"","ocean_menu_link_active_background":"","ocean_menu_social_links_bg":"","ocean_menu_social_hover_links_bg":"","ocean_menu_social_links_color":"","ocean_menu_social_hover_links_color":"","ocean_disable_title":"default","ocean_disable_heading":"default","ocean_post_title":"","ocean_post_subheading":"","ocean_post_title_style":"","ocean_post_title_background_color":"","ocean_post_title_background":0,"ocean_post_title_bg_image_position":"","ocean_post_title_bg_image_attachment":"","ocean_post_title_bg_image_repeat":"","ocean_post_title_bg_image_size":"","ocean_post_title_height":0,"ocean_post_title_bg_overlay":0.5,"ocean_post_title_bg_overlay_color":"","ocean_disable_breadcrumbs":"default","ocean_breadcrumbs_color":"","ocean_breadcrumbs_separator_color":"","ocean_breadcrumbs_links_color":"","ocean_breadcrumbs_links_hover_color":"","ocean_display_footer_widgets":"default","ocean_display_footer_bottom":"default","ocean_custom_footer_template":"0"},"product_cat":[61],"product_tag":[],"class_list":{"0":"post-3118","1":"product","2":"type-product","3":"status-publish","4":"has-post-thumbnail","6":"product_cat-nhan-sam-en","8":"entry","9":"has-media","11":"first","12":"instock","13":"shipping-taxable","14":"purchasable","15":"product-type-simple","16":"has-product-nav","17":"col","18":"span_1_of_4","19":"owp-content-center","20":"owp-thumbs-layout-horizontal","21":"owp-btn-normal","22":"owp-tabs-layout-horizontal","23":"has-no-thumbnails"},"_links":{"self":[{"href":"https:\/\/tantuquynh.com\/en\/wp-json\/wp\/v2\/product\/3118","targetHints":{"allow":["GET"]}}],"collection":[{"href":"https:\/\/tantuquynh.com\/en\/wp-json\/wp\/v2\/product"}],"about":[{"href":"https:\/\/tantuquynh.com\/en\/wp-json\/wp\/v2\/types\/product"}],"replies":[{"embeddable":true,"href":"https:\/\/tantuquynh.com\/en\/wp-json\/wp\/v2\/comments?post=3118"}],"wp:featuredmedia":[{"embeddable":true,"href":"https:\/\/tantuquynh.com\/en\/wp-json\/wp\/v2\/media\/2495"}],"wp:attachment":[{"href":"https:\/\/tantuquynh.com\/en\/wp-json\/wp\/v2\/media?parent=3118"}],"wp:term":[{"taxonomy":"product_cat","embeddable":true,"href":"https:\/\/tantuquynh.com\/en\/wp-json\/wp\/v2\/product_cat?post=3118"},{"taxonomy":"product_tag","embeddable":true,"href":"https:\/\/tantuquynh.com\/en\/wp-json\/wp\/v2\/product_tag?post=3118"}],"curies":[{"name":"wp","href":"https:\/\/api.w.org\/{rel}","templated":true}]}}