{"id":3116,"date":"2022-10-18T03:56:53","date_gmt":"2022-10-18T03:56:53","guid":{"rendered":"https:\/\/tantuquynh.com\/product\/korean-black-ginseng-powder"},"modified":"2024-06-10T08:15:32","modified_gmt":"2024-06-10T08:15:32","slug":"korean-black-ginseng-powder","status":"publish","type":"product","link":"https:\/\/tantuquynh.com\/en\/product\/korean-black-ginseng-powder","title":{"rendered":"Korean Black Ginseng Powder"},"content":{"rendered":"<p>[L\u1ee3i \u00edch c\u1ee7a nh\u00e2n s\u00e2m \u0111en]<\/p>\n<p>\u2022 Utilizing advanced processing techniques, it undergoes nine rounds of steaming and drying.<br \/>\n\u2022 Made from 100% fresh ginseng to produce a high-quality concentrated black ginseng extract.<br \/>\n\u2022 Fresh ginseng, aged 4 to 6 years, is processed through steaming and drying to achieve a high concentration of ginseng liquid.<br \/>\nWhat are the effects of black ginseng?<br \/>\n\u2022 The nine rounds of steaming and drying help eliminate toxins and create new bioactive compounds.<br \/>\n\u2022 Black ginseng contains the highest amount of saponins compared to other types of ginseng, such as fresh or white ginseng.<br \/>\n\u2022 It boosts the immune system.<br \/>\n\u2022 It helps improve body composition.<br \/>\n\u2022 Its composition remains unchanged, so it has a long shelf life.<br \/>\n\u2022 It accelerates the activity of enzymes and lowers cholesterol.<br \/>\n\u2022 It improves concentration and endurance, supports better vision.<br \/>\n\u2022 Contains RG3 and ginsenosides that help fight and prevent cancer.<br \/>\n\u2022 Supports digestion.<\/p>\n<p>[C\u00e1ch s\u1eed d\u1ee5ng]<\/p>\n<p>\u2022 Take three times a day. 1g per use or an adequate amount.<br \/>\n\u2022 Avoid direct sunlight and moisture, and store in a cool place. After opening, close the lid and keep refrigerated. <\/p>\n<p>[C\u00e1c bi\u1ec7n ph\u00e1p ph\u00f2ng ng\u1eeba]<\/p>\n<p>\u2022 If you are on a diet or have allergic reactions, please check the ingredients.<\/p>\n<hr>\n<p>[Benefits of Black Ginseng]<\/p>\n<ul class=\"sc-eXAmlR ktnhKv\">\n<li>V\u1edbi ph\u01b0\u01a1ng ph\u00e1p x\u1eed l\u00fd ti\u00ean ti\u1ebfn, 9 l\u1ea7n h\u1ea5p v\u00e0 kh\u1eed n\u01b0\u1edbc.<\/li>\n<li>100% nh\u00e2n s\u00e2m t\u01b0\u01a1i \u0111\u1ec3 s\u1ea3n xu\u1ea5t cao h\u1eafc s\u00e2m c\u00f4 \u0111\u1eb7c ch\u1ea5t l\u01b0\u1ee3ng.<\/li>\n<li>Nh\u00e2n s\u00e2m t\u01b0\u01a1i t\u1eeb 4 \u0111\u1ebfn 6 n\u0103m tu\u1ed5i \u0111\u01b0\u1ee3c s\u1ea3n xu\u1ea5t b\u1eb1ng qu\u00e1 tr\u00ecnh h\u1ea5p v\u00e0 kh\u1eed n\u01b0\u1edbc v\u00e0 n\u1ed3ng \u0111\u1ed9 cao c\u1ee7a ch\u1ea5t l\u1ecfng nh\u00e2n s\u00e2m l\u00e0<\/li>\n<\/ul>\n<p>Hi\u1ec7u qu\u1ea3 c\u1ee7a nh\u00e2n s\u00e2m \u0111en l\u00e0 g\u00ec?<\/p>\n<ul class=\"sc-eXAmlR ktnhKv\">\n<li>Tr\u1ea3i qua 9 l\u1ea7n h\u1ea5p v\u00e0 kh\u1eed n\u01b0\u1edbc gi\u00fap lo\u1ea1i b\u1ecf \u0111\u1ed9c t\u1ed1 v\u00e0 t\u1ea1o ra c\u00e1c ho\u1ea1t ch\u1ea5t sinh h\u1ecdc m\u1edbi.<\/li>\n<li>Nh\u00e2n s\u00e2m \u0111en c\u00f3 l\u01b0\u1ee3ng saponin l\u1edbn nh\u1ea5t so v\u1edbi c\u00e1c lo\u1ea1i nh\u00e2n s\u00e2m kh\u00e1c nh\u01b0 nh\u00e2n s\u00e2m t\u01b0\u01a1i hay nh\u00e2n s\u00e2m tr\u1eafng.<\/li>\n<li>N\u00f3 t\u0103ng c\u01b0\u1eddng h\u1ec7 mi\u1ec5n d\u1ecbch.<\/li>\n<li>N\u00f3 gi\u00fap c\u1ea3i thi\u1ec7n c\u1ea5u t\u1ea1o c\u01a1 th\u1ec3.<\/li>\n<li>Th\u00e0nh ph\u1ea7n kh\u00f4ng b\u1ecb thay \u0111\u1ed5i n\u00ean c\u00f3 th\u1ec3 gi\u1eef \u0111\u01b0\u1ee3c l\u00e2u.<\/li>\n<li>\u0110\u1ea9y nhanh ho\u1ea1t \u0111\u1ed9ng c\u1ee7a enzym v\u00e0 gi\u1ea3m cholesterol.<\/li>\n<li>C\u1ea3i thi\u1ec7n kh\u1ea3 n\u0103ng t\u1eadp trung v\u00e0 s\u1ee9c b\u1ec1n, h\u1ed7 tr\u1ee3 s\u00e1ng m\u1eaft<\/li>\n<li>C\u00f3 RG3 v\u00e0 ginsenoside gi\u00fap ch\u1ed1ng ung th\u01b0 v\u00e0 ng\u0103n ng\u1eeba ung th\u01b0.<\/li>\n<li>H\u1ed7 tr\u1ee3 ti\u00eau h\u00f3a.<\/li>\n<\/ul>\n<p>[How to Use]<\/p>\n<ul class=\"sc-eXAmlR ktnhKv\">\n<li>U\u1ed1ng 3 l\u1ea7n m\u1ed7i ng\u00e0y. 1g cho m\u1ed7i l\u1ea7n s\u1eed d\u1ee5ng ho\u1eb7c l\u01b0\u1ee3ng v\u1eeba \u0111\u1ee7. <\/li>\n<li>Tr\u00e1nh \u00e1nh s\u00e1ng m\u1eb7t tr\u1eddi tr\u1ef1c ti\u1ebfp v\u00e0 h\u01a1i \u1ea9m v\u00e0 \u0111\u1ec3 \u1edf n\u01a1i m\u00e1t m\u1ebb. Sau khi m\u1edf, \u0111\u00f3ng n\u1eafp v\u00e0 \u0111\u1ec3 n\u01a1i l\u1ea1nh. <\/li>\n<\/ul>\n<p>[Precautions]<\/p>\n<ul class=\"sc-eXAmlR ktnhKv\">\n<li>Trong tr\u01b0\u1eddng h\u1ee3p \u0103n ki\u00eang ho\u1eb7c c\u01a1 \u0111\u1ecba d\u1ecb \u1ee9ng, vui l\u00f2ng ki\u1ec3m tra th\u00e0nh ph\u1ea7n.<\/li>\n<\/ul>\n","protected":false},"excerpt":{"rendered":"<p>[L\u1ee3i \u00edch c\u1ee7a nh\u00e2n s\u00e2m \u0111en] \u2022 Utilizing advanced processing techniques, it undergoes nine rounds of steaming and drying. \u2022 Made from 100% fresh ginseng to produce a high-quality concentrated black ginseng extract. \u2022 Fresh ginseng, aged 4 to 6 years, is processed through steaming and drying to achieve a high concentration of ginseng liquid. [&hellip;]<\/p>\n","protected":false},"featured_media":2521,"comment_status":"open","ping_status":"closed","template":"","meta":{"ocean_post_layout":"","ocean_both_sidebars_style":"","ocean_both_sidebars_content_width":0,"ocean_both_sidebars_sidebars_width":0,"ocean_sidebar":"0","ocean_second_sidebar":"0","ocean_disable_margins":"enable","ocean_add_body_class":"","ocean_shortcode_before_top_bar":"","ocean_shortcode_after_top_bar":"","ocean_shortcode_before_header":"","ocean_shortcode_after_header":"","ocean_has_shortcode":"","ocean_shortcode_after_title":"","ocean_shortcode_before_footer_widgets":"","ocean_shortcode_after_footer_widgets":"","ocean_shortcode_before_footer_bottom":"","ocean_shortcode_after_footer_bottom":"","ocean_display_top_bar":"default","ocean_display_header":"default","ocean_header_style":"","ocean_center_header_left_menu":"0","ocean_custom_header_template":"0","ocean_custom_logo":0,"ocean_custom_retina_logo":0,"ocean_custom_logo_max_width":0,"ocean_custom_logo_tablet_max_width":0,"ocean_custom_logo_mobile_max_width":0,"ocean_custom_logo_max_height":0,"ocean_custom_logo_tablet_max_height":0,"ocean_custom_logo_mobile_max_height":0,"ocean_header_custom_menu":"0","ocean_menu_typo_font_family":"0","ocean_menu_typo_font_subset":"","ocean_menu_typo_font_size":0,"ocean_menu_typo_font_size_tablet":0,"ocean_menu_typo_font_size_mobile":0,"ocean_menu_typo_font_size_unit":"px","ocean_menu_typo_font_weight":"","ocean_menu_typo_font_weight_tablet":"","ocean_menu_typo_font_weight_mobile":"","ocean_menu_typo_transform":"","ocean_menu_typo_transform_tablet":"","ocean_menu_typo_transform_mobile":"","ocean_menu_typo_line_height":0,"ocean_menu_typo_line_height_tablet":0,"ocean_menu_typo_line_height_mobile":0,"ocean_menu_typo_line_height_unit":"","ocean_menu_typo_spacing":0,"ocean_menu_typo_spacing_tablet":0,"ocean_menu_typo_spacing_mobile":0,"ocean_menu_typo_spacing_unit":"","ocean_menu_link_color":"","ocean_menu_link_color_hover":"","ocean_menu_link_color_active":"","ocean_menu_link_background":"","ocean_menu_link_hover_background":"","ocean_menu_link_active_background":"","ocean_menu_social_links_bg":"","ocean_menu_social_hover_links_bg":"","ocean_menu_social_links_color":"","ocean_menu_social_hover_links_color":"","ocean_disable_title":"default","ocean_disable_heading":"default","ocean_post_title":"","ocean_post_subheading":"","ocean_post_title_style":"","ocean_post_title_background_color":"","ocean_post_title_background":0,"ocean_post_title_bg_image_position":"","ocean_post_title_bg_image_attachment":"","ocean_post_title_bg_image_repeat":"","ocean_post_title_bg_image_size":"","ocean_post_title_height":0,"ocean_post_title_bg_overlay":0.5,"ocean_post_title_bg_overlay_color":"","ocean_disable_breadcrumbs":"default","ocean_breadcrumbs_color":"","ocean_breadcrumbs_separator_color":"","ocean_breadcrumbs_links_color":"","ocean_breadcrumbs_links_hover_color":"","ocean_display_footer_widgets":"default","ocean_display_footer_bottom":"default","ocean_custom_footer_template":"0"},"product_cat":[61],"product_tag":[],"class_list":{"0":"post-3116","1":"product","2":"type-product","3":"status-publish","4":"has-post-thumbnail","6":"product_cat-nhan-sam-en","8":"entry","9":"has-media","11":"first","12":"instock","13":"shipping-taxable","14":"purchasable","15":"product-type-simple","16":"has-product-nav","17":"col","18":"span_1_of_4","19":"owp-content-center","20":"owp-thumbs-layout-horizontal","21":"owp-btn-normal","22":"owp-tabs-layout-horizontal","23":"has-no-thumbnails"},"_links":{"self":[{"href":"https:\/\/tantuquynh.com\/en\/wp-json\/wp\/v2\/product\/3116","targetHints":{"allow":["GET"]}}],"collection":[{"href":"https:\/\/tantuquynh.com\/en\/wp-json\/wp\/v2\/product"}],"about":[{"href":"https:\/\/tantuquynh.com\/en\/wp-json\/wp\/v2\/types\/product"}],"replies":[{"embeddable":true,"href":"https:\/\/tantuquynh.com\/en\/wp-json\/wp\/v2\/comments?post=3116"}],"wp:featuredmedia":[{"embeddable":true,"href":"https:\/\/tantuquynh.com\/en\/wp-json\/wp\/v2\/media\/2521"}],"wp:attachment":[{"href":"https:\/\/tantuquynh.com\/en\/wp-json\/wp\/v2\/media?parent=3116"}],"wp:term":[{"taxonomy":"product_cat","embeddable":true,"href":"https:\/\/tantuquynh.com\/en\/wp-json\/wp\/v2\/product_cat?post=3116"},{"taxonomy":"product_tag","embeddable":true,"href":"https:\/\/tantuquynh.com\/en\/wp-json\/wp\/v2\/product_tag?post=3116"}],"curies":[{"name":"wp","href":"https:\/\/api.w.org\/{rel}","templated":true}]}}