{"id":3115,"date":"2022-10-18T03:56:53","date_gmt":"2022-10-18T03:56:53","guid":{"rendered":"https:\/\/tantuquynh.com\/product\/royal-black-ginseng"},"modified":"2024-06-10T08:15:24","modified_gmt":"2024-06-10T08:15:24","slug":"royal-black-ginseng","status":"publish","type":"product","link":"https:\/\/tantuquynh.com\/en\/product\/royal-black-ginseng","title":{"rendered":"Royal Black Ginseng"},"content":{"rendered":"<p>Black Ginseng Royal (1Kg Concentrate)<br \/>\nThe Royal 6-year-old Black Ginseng is the finest product made from the concentrated essence of black and red ginseng. This product is a health supplement produced in a Good Manufacturing Practice (GMP) facility, where strict hygiene and quality control standards are enforced.<\/p>\n<p>Product Name: Black Ginseng Royal. Type of Food: Health functional food [red ginseng product]<br \/>\n [s\u1ea3n ph\u1ea9m h\u1ed3ng s\u00e2m]<br \/>\nPackaging Specification: 1000g (250g \u00d7 4 bottles) \/ 250g (250g * 1 bottle)<\/p>\n<p>It may help improve immune function, alleviate fatigue, enhance memory, increase blood flow by inhibiting platelet aggregation, and provide antioxidant benefits.<\/p>\n<p>Ingredients: Concentrated black ginseng (6 years old, domestic, total ginsenosides Rg1, Rb1, and Rg3 6mg\/g, solid content 60% or more) 5%, concentrated red ginseng (6 years old, domestic, total ginsenosides Rg1, Rb1, and Rg3 6mg\/g, solid content 60% or more) 5%, concentrated licorice, mixed concentrated plant extract [solid content 60%, mugwort ginseng (domestic), angelica (domestic), rhubarb, white peony, rehmannia, lingzhi mushroom, baekbokryeong, cortex phellodendri, morinda root, cheongung, licorice], concentrated lingzhi, dextrin, concentrated ginseng fruit<\/p>\n<p>Manufacturer and Production Location: Korean Ginseng Natural Co., Ltd. \/ 736 Yongcheon-ro, Chubu-myeon, Geumsan-gun, Chungcheongnam-do<\/p>\n<p>Dosage: Twice a day, 5g each time \/ 10g total: 4.8mg\/day of ginsenoside Rg1 + Rb1 + Rg3<\/p>\n<p>Precautions for Consumption:<br \/>\n1. Do not consume if the packaging is deformed, damaged, or if the content inside has changed.<br \/>\n2. If you have a specific constitution or allergic constitution, please consult the consumer advisory center before use.<br \/>\n3. Be cautious when taking medication (diabetes medication, blood thinners).<\/p>\n<p>Storage:<br \/>\n&#8211; Store in a cool place, avoiding direct sunlight, high temperatures, and humidity.<br \/>\n&#8211; It may spoil after opening, so please use it immediately after opening the lid.<\/p>\n<hr>\n<p>H\u1eafc Nh\u00e2n S\u00e2m Royal (1Kg Cao C\u1ed1t)<\/p>\n<p>Cao s\u00e2m \u0111en Ho\u00e0ng Gia 6 n\u0103m tu\u1ed5i l\u00e0 s\u1ea3n ph\u1ea9m t\u1ed1t nh\u1ea5t \u0111\u01b0\u1ee3c ch\u1ebf bi\u1ebfn t\u1eeb tinh ch\u1ea5t c\u00f4 \u0111\u1eb7c c\u1ee7a h\u1eafc s\u00e2m v\u00e0 h\u1ed3ng s\u00e2m. S\u1ea3n ph\u1ea9m n\u00e0y l\u00e0 th\u1ef1c ph\u1ea9m ch\u1ee9c n\u0103ng t\u1ed1t cho s\u1ee9c kh\u1ecfe \u0111\u01b0\u1ee3c s\u1ea3n xu\u1ea5t t\u1ea1i c\u01a1 s\u1edf s\u1ea3n xu\u1ea5t t\u1ed1t (GMP), n\u01a1i \u00e1p d\u1ee5ng c\u00e1c ti\u00eau chu\u1ea9n v\u1ec7 sinh v\u00e0 ki\u1ec3m tra ch\u1ea5t l\u01b0\u1ee3ng nghi\u00eam ng\u1eb7t. <\/p>\n<p>T\u00ean s\u1ea3n ph\u1ea9m: Black Ginseng Royal. Lo\u1ea1i th\u1ef1c ph\u1ea9m: Th\u1ef1c ph\u1ea9m ch\u1ee9c n\u0103ng s\u1ee9c kh\u1ecfe [s\u1ea3n ph\u1ea9m h\u1ed3ng s\u00e2m] [red ginseng product] Quy c\u00e1ch \u0111\u00f3ng g\u00f3i: 1000g (250g \u00d7 4 chai) \/ 250g (250g * 1 chai)<\/p>\n<p>N\u00f3 c\u00f3 th\u1ec3 gi\u00fap c\u1ea3i thi\u1ec7n kh\u1ea3 n\u0103ng mi\u1ec5n d\u1ecbch, c\u1ea3i thi\u1ec7n t\u00ecnh tr\u1ea1ng m\u1ec7t m\u1ecfi, c\u1ea3i thi\u1ec7n tr\u00ed nh\u1edb, l\u01b0u l\u01b0\u1ee3ng m\u00e1u b\u1eb1ng c\u00e1ch \u1ee9c ch\u1ebf k\u1ebft t\u1eadp ti\u1ec3u c\u1ea7u v\u00e0 ch\u1ed1ng oxy h\u00f3a.<\/p>\n<p>Th\u00e0nh ph\u1ea7n: C\u00f4 \u0111\u1eb7c nh\u00e2n s\u00e2m \u0111en (6 n\u0103m tu\u1ed5i, trong n\u01b0\u1edbc, t\u1ed5ng ginsenosides Rg1, Rb1 v\u00e0 Rg3 6mg \/ g, ch\u1ea5t r\u1eafn 60% tr\u1edf l\u00ean) 5%, h\u1ed3ng s\u00e2m c\u00f4 \u0111\u1eb7c(6 n\u0103m tu\u1ed5i, trong n\u01b0\u1edbc, t\u1ed5ng ginsenosides Rg1, Rb1 v\u00e0 Rg3 6mg \/ g \/ g, h\u00e0m l\u01b0\u1ee3ng r\u1eafn 60% tr\u1edf l\u00ean) 5%, cam th\u1ea3o c\u00f4 \u0111\u1eb7c, h\u1ed7n h\u1ee3p c\u00f4 \u0111\u1eb7c th\u1ef1c v\u1eadt [h\u00e0m l\u01b0\u1ee3ng r\u1eafn 60%, nh\u00e2n s\u00e2m ng\u1ea3i c\u1ee9u (n\u1ed9i \u0111\u1ecba), b\u1ea1ch ch\u1ec9 (n\u1ed9i \u0111\u1ecba), c\u1ee7 n\u00e2u, m\u1eabu \u0111\u01a1n tr\u1eafng, sukjihwang, n\u1ea5m linh chi, baekbokryeong , h\u1ea1 b\u00ec, ba k\u00edch, cheongung, cam th\u1ea3o)], linh chi c\u00f4 \u0111\u1eb7c, dextrin, qu\u1ea3 nh\u00e2n s\u00e2m c\u00f4 \u0111\u1eb7c<\/p>\n<p>T\u00ean doanh nghi\u1ec7p v\u00e0 \u0111\u1ecba \u0111i\u1ec3m s\u1ea3n xu\u1ea5t: Korean Ginseng Natural Co., Ltd. \/ 736 Yongcheon-ro, Chubu-myeon, Geumsan-gun, Chungcheongnam-do <\/p>\n<p>L\u01b0\u1ee3ng d\u00f9ng: Hai l\u1ea7n m\u1ed9t ng\u00e0y, m\u1ed7i l\u1ea7n 5g \/ m\u1ed7i 10g t\u1ed5ng: 4,8mg \/ ng\u00e0y ginsenoside Rg1 + Rb1 + Rg3<\/p>\n<p>C\u00e1c bi\u1ec7n ph\u00e1p ph\u00f2ng ng\u1eeba khi nu\u1ed1t ph\u1ea3i:<\/p>\n<ol class=\"sc-jtskMo duSvYM\">\n<li>Kh\u00f4ng u\u1ed1ng n\u1ebfu bao b\u00ec b\u1ecb bi\u1ebfn d\u1ea1ng, h\u01b0 h\u1ecfng, ho\u1eb7c n\u1ebfu n\u1ed9i dung b\u00ean trong b\u1ecb thay \u0111\u1ed5i.<\/li>\n<li>N\u1ebfu b\u1ea1n c\u00f3 c\u01a1 \u0111\u1ecba c\u1ee5 th\u1ec3 ho\u1eb7c c\u01a1 \u0111\u1ecba d\u1ecb \u1ee9ng, vui l\u00f2ng h\u1ecfi t\u1ea1i Trung t\u00e2m t\u01b0 v\u1ea5n ng\u01b0\u1eddi ti\u00eau d\u00f9ng tr\u01b0\u1edbc khi s\u1eed d\u1ee5ng.<\/li>\n<li>C\u1ea9n th\u1eadn khi d\u00f9ng thu\u1ed1c (thu\u1ed1c ti\u1ec3u \u0111\u01b0\u1eddng, thu\u1ed1c \u0111\u00f4ng m\u00e1u).<\/li>\n<\/ol>\n<p>B\u1ea3o qu\u1ea3n:<\/p>\n<ul class=\"sc-eXAmlR ktnhKv\">\n<li>B\u1ea3o qu\u1ea3n n\u01a1i tho\u00e1ng m\u00e1t, tr\u00e1nh \u00e1nh n\u1eafng tr\u1ef1c ti\u1ebfp v\u00e0 nhi\u1ec7t \u0111\u1ed9, \u0111\u1ed9 \u1ea9m cao.<\/li>\n<li>Sau khi m\u1edf, n\u00f3 c\u00f3 th\u1ec3 b\u1ecb h\u01b0 h\u1ecfng, v\u00ec v\u1eady h\u00e3y s\u1eed d\u1ee5ng sau khi m\u1edf n\u1eafp.<\/li>\n<\/ul>\n","protected":false},"excerpt":{"rendered":"<p>Black Ginseng Royal (1Kg Concentrate) The Royal 6-year-old Black Ginseng is the finest product made from the concentrated essence of black and red ginseng. This product is a health supplement produced in a Good Manufacturing Practice (GMP) facility, where strict hygiene and quality control standards are enforced. Product Name: Black Ginseng Royal. Type of Food: [&hellip;]<\/p>\n","protected":false},"featured_media":2487,"comment_status":"open","ping_status":"closed","template":"","meta":{"ocean_post_layout":"","ocean_both_sidebars_style":"","ocean_both_sidebars_content_width":0,"ocean_both_sidebars_sidebars_width":0,"ocean_sidebar":"0","ocean_second_sidebar":"0","ocean_disable_margins":"enable","ocean_add_body_class":"","ocean_shortcode_before_top_bar":"","ocean_shortcode_after_top_bar":"","ocean_shortcode_before_header":"","ocean_shortcode_after_header":"","ocean_has_shortcode":"","ocean_shortcode_after_title":"","ocean_shortcode_before_footer_widgets":"","ocean_shortcode_after_footer_widgets":"","ocean_shortcode_before_footer_bottom":"","ocean_shortcode_after_footer_bottom":"","ocean_display_top_bar":"default","ocean_display_header":"default","ocean_header_style":"","ocean_center_header_left_menu":"0","ocean_custom_header_template":"0","ocean_custom_logo":0,"ocean_custom_retina_logo":0,"ocean_custom_logo_max_width":0,"ocean_custom_logo_tablet_max_width":0,"ocean_custom_logo_mobile_max_width":0,"ocean_custom_logo_max_height":0,"ocean_custom_logo_tablet_max_height":0,"ocean_custom_logo_mobile_max_height":0,"ocean_header_custom_menu":"0","ocean_menu_typo_font_family":"0","ocean_menu_typo_font_subset":"","ocean_menu_typo_font_size":0,"ocean_menu_typo_font_size_tablet":0,"ocean_menu_typo_font_size_mobile":0,"ocean_menu_typo_font_size_unit":"px","ocean_menu_typo_font_weight":"","ocean_menu_typo_font_weight_tablet":"","ocean_menu_typo_font_weight_mobile":"","ocean_menu_typo_transform":"","ocean_menu_typo_transform_tablet":"","ocean_menu_typo_transform_mobile":"","ocean_menu_typo_line_height":0,"ocean_menu_typo_line_height_tablet":0,"ocean_menu_typo_line_height_mobile":0,"ocean_menu_typo_line_height_unit":"","ocean_menu_typo_spacing":0,"ocean_menu_typo_spacing_tablet":0,"ocean_menu_typo_spacing_mobile":0,"ocean_menu_typo_spacing_unit":"","ocean_menu_link_color":"","ocean_menu_link_color_hover":"","ocean_menu_link_color_active":"","ocean_menu_link_background":"","ocean_menu_link_hover_background":"","ocean_menu_link_active_background":"","ocean_menu_social_links_bg":"","ocean_menu_social_hover_links_bg":"","ocean_menu_social_links_color":"","ocean_menu_social_hover_links_color":"","ocean_disable_title":"default","ocean_disable_heading":"default","ocean_post_title":"","ocean_post_subheading":"","ocean_post_title_style":"","ocean_post_title_background_color":"","ocean_post_title_background":0,"ocean_post_title_bg_image_position":"","ocean_post_title_bg_image_attachment":"","ocean_post_title_bg_image_repeat":"","ocean_post_title_bg_image_size":"","ocean_post_title_height":0,"ocean_post_title_bg_overlay":0.5,"ocean_post_title_bg_overlay_color":"","ocean_disable_breadcrumbs":"default","ocean_breadcrumbs_color":"","ocean_breadcrumbs_separator_color":"","ocean_breadcrumbs_links_color":"","ocean_breadcrumbs_links_hover_color":"","ocean_display_footer_widgets":"default","ocean_display_footer_bottom":"default","ocean_custom_footer_template":"0"},"product_cat":[61],"product_tag":[],"class_list":{"0":"post-3115","1":"product","2":"type-product","3":"status-publish","4":"has-post-thumbnail","6":"product_cat-nhan-sam-en","8":"entry","9":"has-media","11":"first","12":"instock","13":"shipping-taxable","14":"purchasable","15":"product-type-simple","16":"has-product-nav","17":"col","18":"span_1_of_4","19":"owp-content-center","20":"owp-thumbs-layout-horizontal","21":"owp-btn-normal","22":"owp-tabs-layout-horizontal","23":"has-no-thumbnails"},"_links":{"self":[{"href":"https:\/\/tantuquynh.com\/en\/wp-json\/wp\/v2\/product\/3115","targetHints":{"allow":["GET"]}}],"collection":[{"href":"https:\/\/tantuquynh.com\/en\/wp-json\/wp\/v2\/product"}],"about":[{"href":"https:\/\/tantuquynh.com\/en\/wp-json\/wp\/v2\/types\/product"}],"replies":[{"embeddable":true,"href":"https:\/\/tantuquynh.com\/en\/wp-json\/wp\/v2\/comments?post=3115"}],"wp:featuredmedia":[{"embeddable":true,"href":"https:\/\/tantuquynh.com\/en\/wp-json\/wp\/v2\/media\/2487"}],"wp:attachment":[{"href":"https:\/\/tantuquynh.com\/en\/wp-json\/wp\/v2\/media?parent=3115"}],"wp:term":[{"taxonomy":"product_cat","embeddable":true,"href":"https:\/\/tantuquynh.com\/en\/wp-json\/wp\/v2\/product_cat?post=3115"},{"taxonomy":"product_tag","embeddable":true,"href":"https:\/\/tantuquynh.com\/en\/wp-json\/wp\/v2\/product_tag?post=3115"}],"curies":[{"name":"wp","href":"https:\/\/api.w.org\/{rel}","templated":true}]}}