{"id":3113,"date":"2022-10-18T03:56:53","date_gmt":"2022-10-18T03:56:53","guid":{"rendered":"https:\/\/tantuquynh.com\/product\/korean-dried-black-ginseng-root"},"modified":"2024-06-10T08:15:00","modified_gmt":"2024-06-10T08:15:00","slug":"korean-dried-black-ginseng-root","status":"publish","type":"product","link":"https:\/\/tantuquynh.com\/en\/product\/korean-dried-black-ginseng-root","title":{"rendered":"Korean Dried Black Ginseng Root"},"content":{"rendered":"<p>Premium full Korean ginseng root with superior ginsenoside!<\/p>\n<p>A high-quality product line for diabetics, high blood pressure, and high cholesterol, inhibiting the growth of abnormal cells.<\/p>\n<p>Ingredients: 100% Whole Korean ginseng root undergoes continuous processing &#8220;9 steams &#8211; 9 dries&#8221; resulting in a dark black color, with ginsenoside content 10 times higher than traditional red ginseng.<\/p>\n<p>Directions for use: Sliced dried Korean ginseng root, consume directly up to 3 grams per day. Alternatively, simmer with warm water, drink, and eat the sliced ginseng root.<\/p>\n<p>Note: For individuals with low blood pressure or unstable blood pressure, it is recommended to consume a small dose and take it after eating. Individuals with high blood pressure and diabetes should consume it separately from the time of taking blood pressure\/diabetes medication. Pregnant and lactating women should avoid use.  <\/p>\n<p>This product is not a medication and cannot substitute for medical treatment.<\/p>\n<p>________<\/p>\n<p>H\u1eafc s\u00e2m nguy\u00ean c\u1ee7 cao c\u1ea5p v\u1edbi h\u00e0m l\u01b0\u1ee3ng ginsenoside v\u01b0\u1ee3t tr\u1ed9i!<\/p>\n<p>D\u00f2ng s\u1ea3n ph\u1ea9m ch\u1ea5t l\u01b0\u1ee3ng cao d\u00e0nh cho ng\u01b0\u1eddi ti\u1ec3u \u0111\u01b0\u1eddng, huy\u1ebft \u00e1p v\u00e0 m\u1ee1 m\u00e1u cao, ng\u0103n ch\u1eb7n ph\u00e1t tri\u1ec3n t\u1ebf b\u00e0o l\u1ea1.<\/p>\n<p>Th\u00e0nh ph\u1ea7n: 100% H\u1eafc s\u00e2m nguy\u00ean c\u1ee7 tr\u1ea3i qua qu\u00e1 tr\u00ecnh ch\u1ebf bi\u1ebfn li\u00ean t\u1ee5c \u201c9 l\u1ea7n h\u1ea5p \u2013 9 l\u1ea7n s\u1ea5p\u201d c\u00f3 m\u00e0u \u0111en tuy\u1ec1n, v\u00e0 h\u00e0m l\u01b0\u1ee3ng ginsenoside g\u1ea5p 10 l\u1ea7n so v\u1edbi h\u1ed3ng s\u00e2m truy\u1ec1n th\u1ed1ng.<\/p>\n<p>H\u01b0\u1edbng d\u1eabn s\u1eed d\u1ee5ng H\u1eafc s\u00e2m c\u1ee7 kh\u00f4 th\u00e1i l\u00e1t, \u0103n tr\u1ef1c ti\u1ebfp t\u1ed1i \u0111a m\u1ed7i ng\u00e0y 3gram. Ho\u1eb7c \u0111un v\u00e0 h\u00e3m v\u1edbi n\u01b0\u1edbc \u1ea5m, u\u1ed1ng v\u00e0 \u0103n c\u1ea3 b\u00e3 l\u00e1t h\u1eafc s\u00e2m. <\/p>\n<p>L\u01b0u \u00fd: \u0110\u1ed1i v\u1edbi ng\u01b0\u1eddi huy\u1ebft \u00e1p th\u1ea5p ho\u1eb7c huy\u1ebft \u00e1p kh\u00f4ng \u1ed5n \u0111\u1ecbnh, n\u00ean u\u1ed1ng li\u1ec1u l\u01b0\u1ee3ng nh\u1ecf v\u00e0 d\u00f9ng sau khi \u0103n no. Ng\u01b0\u1eddi huy\u1ebft \u00e1p cao v\u00e0 ti\u1ec3u \u0111\u01b0\u1eddng u\u1ed1ng c\u00e1ch xa th\u1eddi gian u\u1ed1ng thu\u1ed1c huy\u1ebft \u00e1p\/ti\u1ec3u \u0111\u01b0\u1eddng. Ph\u1ee5 n\u1eef c\u00f3 thai v\u00e0 \u0111ang cho con b\u00fa kh\u00f4ng n\u00ean s\u1eed d\u1ee5ng.  <\/p>\n<p>S\u1ea3n ph\u1ea9m kh\u00f4ng ph\u1ea3i l\u00e0 thu\u1ed1c, kh\u00f4ng th\u1ec3 thay th\u1ebf thu\u1ed1c ch\u1eefa b\u1ec7nh.<\/p>\n","protected":false},"excerpt":{"rendered":"<p>Premium full Korean ginseng root with superior ginsenoside! A high-quality product line for diabetics, high blood pressure, and high cholesterol, inhibiting the growth of abnormal cells. Ingredients: 100% Whole Korean ginseng root undergoes continuous processing &#8220;9 steams &#8211; 9 dries&#8221; resulting in a dark black color, with ginsenoside content 10 times higher than traditional red [&hellip;]<\/p>\n","protected":false},"featured_media":2493,"comment_status":"open","ping_status":"closed","template":"","meta":{"ocean_post_layout":"","ocean_both_sidebars_style":"","ocean_both_sidebars_content_width":0,"ocean_both_sidebars_sidebars_width":0,"ocean_sidebar":"0","ocean_second_sidebar":"0","ocean_disable_margins":"enable","ocean_add_body_class":"","ocean_shortcode_before_top_bar":"","ocean_shortcode_after_top_bar":"","ocean_shortcode_before_header":"","ocean_shortcode_after_header":"","ocean_has_shortcode":"","ocean_shortcode_after_title":"","ocean_shortcode_before_footer_widgets":"","ocean_shortcode_after_footer_widgets":"","ocean_shortcode_before_footer_bottom":"","ocean_shortcode_after_footer_bottom":"","ocean_display_top_bar":"default","ocean_display_header":"default","ocean_header_style":"","ocean_center_header_left_menu":"0","ocean_custom_header_template":"0","ocean_custom_logo":0,"ocean_custom_retina_logo":0,"ocean_custom_logo_max_width":0,"ocean_custom_logo_tablet_max_width":0,"ocean_custom_logo_mobile_max_width":0,"ocean_custom_logo_max_height":0,"ocean_custom_logo_tablet_max_height":0,"ocean_custom_logo_mobile_max_height":0,"ocean_header_custom_menu":"0","ocean_menu_typo_font_family":"0","ocean_menu_typo_font_subset":"","ocean_menu_typo_font_size":0,"ocean_menu_typo_font_size_tablet":0,"ocean_menu_typo_font_size_mobile":0,"ocean_menu_typo_font_size_unit":"px","ocean_menu_typo_font_weight":"","ocean_menu_typo_font_weight_tablet":"","ocean_menu_typo_font_weight_mobile":"","ocean_menu_typo_transform":"","ocean_menu_typo_transform_tablet":"","ocean_menu_typo_transform_mobile":"","ocean_menu_typo_line_height":0,"ocean_menu_typo_line_height_tablet":0,"ocean_menu_typo_line_height_mobile":0,"ocean_menu_typo_line_height_unit":"","ocean_menu_typo_spacing":0,"ocean_menu_typo_spacing_tablet":0,"ocean_menu_typo_spacing_mobile":0,"ocean_menu_typo_spacing_unit":"","ocean_menu_link_color":"","ocean_menu_link_color_hover":"","ocean_menu_link_color_active":"","ocean_menu_link_background":"","ocean_menu_link_hover_background":"","ocean_menu_link_active_background":"","ocean_menu_social_links_bg":"","ocean_menu_social_hover_links_bg":"","ocean_menu_social_links_color":"","ocean_menu_social_hover_links_color":"","ocean_disable_title":"default","ocean_disable_heading":"default","ocean_post_title":"","ocean_post_subheading":"","ocean_post_title_style":"","ocean_post_title_background_color":"","ocean_post_title_background":0,"ocean_post_title_bg_image_position":"","ocean_post_title_bg_image_attachment":"","ocean_post_title_bg_image_repeat":"","ocean_post_title_bg_image_size":"","ocean_post_title_height":0,"ocean_post_title_bg_overlay":0.5,"ocean_post_title_bg_overlay_color":"","ocean_disable_breadcrumbs":"default","ocean_breadcrumbs_color":"","ocean_breadcrumbs_separator_color":"","ocean_breadcrumbs_links_color":"","ocean_breadcrumbs_links_hover_color":"","ocean_display_footer_widgets":"default","ocean_display_footer_bottom":"default","ocean_custom_footer_template":"0"},"product_cat":[61],"product_tag":[],"class_list":{"0":"post-3113","1":"product","2":"type-product","3":"status-publish","4":"has-post-thumbnail","6":"product_cat-nhan-sam-en","8":"entry","9":"has-media","11":"first","12":"instock","13":"shipping-taxable","14":"purchasable","15":"product-type-simple","16":"has-product-nav","17":"col","18":"span_1_of_4","19":"owp-content-center","20":"owp-thumbs-layout-horizontal","21":"owp-btn-normal","22":"owp-tabs-layout-horizontal","23":"has-no-thumbnails"},"_links":{"self":[{"href":"https:\/\/tantuquynh.com\/en\/wp-json\/wp\/v2\/product\/3113","targetHints":{"allow":["GET"]}}],"collection":[{"href":"https:\/\/tantuquynh.com\/en\/wp-json\/wp\/v2\/product"}],"about":[{"href":"https:\/\/tantuquynh.com\/en\/wp-json\/wp\/v2\/types\/product"}],"replies":[{"embeddable":true,"href":"https:\/\/tantuquynh.com\/en\/wp-json\/wp\/v2\/comments?post=3113"}],"wp:featuredmedia":[{"embeddable":true,"href":"https:\/\/tantuquynh.com\/en\/wp-json\/wp\/v2\/media\/2493"}],"wp:attachment":[{"href":"https:\/\/tantuquynh.com\/en\/wp-json\/wp\/v2\/media?parent=3113"}],"wp:term":[{"taxonomy":"product_cat","embeddable":true,"href":"https:\/\/tantuquynh.com\/en\/wp-json\/wp\/v2\/product_cat?post=3113"},{"taxonomy":"product_tag","embeddable":true,"href":"https:\/\/tantuquynh.com\/en\/wp-json\/wp\/v2\/product_tag?post=3113"}],"curies":[{"name":"wp","href":"https:\/\/api.w.org\/{rel}","templated":true}]}}