{"id":3112,"date":"2023-02-18T02:59:05","date_gmt":"2023-02-18T02:59:05","guid":{"rendered":"https:\/\/tantuquynh.com\/product\/samsung-korean-black-ginseng-extract"},"modified":"2025-05-30T09:30:49","modified_gmt":"2025-05-30T09:30:49","slug":"samsung-korean-black-ginseng-extract","status":"publish","type":"product","link":"https:\/\/tantuquynh.com\/en\/product\/samsung-korean-black-ginseng-extract","title":{"rendered":"Samsung Korean Black Ginseng Extract"},"content":{"rendered":"<p>Specifications: 1 box contains 4 bottles (250g\/8.81oz per bottle)<\/p>\n<p>BENEFITS OF KOREAN SAMSUNG GINSENG EXTRACT<\/p>\n<p>Directly addressing the health benefits of Korean ginseng, the first consideration is the functions derived from its valuable components called ginsenosides, specifically:<\/p>\n<p>&#8211; Korean ginseng protects liver function.<\/p>\n<p>&#8211; Korean ginseng effectively aids in alcohol metabolism, detoxifies the liver, restores liver function, liver enzymes, and simultaneously prevents liver-related diseases such as hepatitis, fatty liver, liver enzyme deficiency, cirrhosis, etc.<\/p>\n<p>&#8211; Anti-cancer effects of Korean ginseng: Saponins are considered a compound with renowned anti-cancer properties. When absorbed into the body, saponins inhibit the growth and movement of cancer cells and gradually eliminate them. <\/p>\n<p>&#8211; Korean ginseng supports diabetes treatment: Inside Korean ginseng root contains a component called DPG3-2, which facilitates insulin secretion, resulting in more effective diabetes prevention. Furthermore, because 100% pure Korean ginseng root is free from sugar or sweeteners, it is the most suitable for diabetic patients. <\/p>\n<p>&#8211; The cosmetic benefits of Korean ginseng for women: For women, health and beauty are top priorities. Korean ginseng has been chosen to maintain youthfulness and skin beauty due to its high antioxidant content, enhancing blood circulation under the skin, resulting in a more radiant and smoother complexion. It helps reduce skin imperfections such as acne, freckles, dark spots, etc.<\/p>\n<p>&#8211; Korean ginseng is beneficial for premenopausal women: In addition to using Korean ginseng for beauty purposes, according to ginseng experts, during the processing of Korean ginseng, \u201cyin\u201d is added, making it very beneficial for women who are new to or in the premenopausal stage, with signs such as feeling hot, mood swings, etc.<\/p>\n<p>&#8211; Korean ginseng enhances vitality for men: The main ingredient Saponin Rd inside Korean ginseng has positive effects on enhancing vitality for men, improving conditions such as erectile dysfunction, decreased libido, etc.<\/p>\n<p>&#8211; Effects of Korean ginseng in lowering cholesterol, boosting immunity: Using Korean ginseng moderately and regularly will promote protein synthesis in the body, thereby reducing cholesterol levels in the blood.<\/p>\n<p>&#8211; Korean ginseng helps regulate stable blood pressure and prevent common adult diseases: blood sugar, blood pressure disorders, etc. Not only that, the immune system created by the influence of Korean ginseng also helps enhance disease resistance, making viruses less prevalent. <\/p>\n<p>&#8211; Korean ginseng improves concentration and memory: Saponin Rg2 in Korean ginseng promotes recovery and enhances memory by promoting blood circulation to the brain. In addition, bone marrow cells are also stimulated to function and soothe nerve pain, brain cells help improve concentration and memory of situations better.<\/p>\n<p>&#8211; Using Korean ginseng provides energy for the body: Korean ginseng is considered a rich energy food source that quickly restores energy to the body, dispelling feelings of fatigue\u2026<\/p>\n<p>_______<\/p>\n<p>Quy c\u00e1ch: 1 h\u1ed9p 4 chai (250g (8.81oz)\/ chai)<\/p>\n<p>T\u00c1C D\u1ee4NG C\u1ee6A H\u1eaeC S\u00c2M SAMSUNG H\u00c0N QU\u1ed0C<\/p>\n<p>Khi nh\u1eafc tr\u1ef1c ti\u1ebfp c\u00f4ng d\u1ee5ng h\u1eafc s\u00e2m \u0111em l\u1ea1i cho vi\u1ec7c ch\u0103m s\u00f3c s\u1ee9c kh\u1ecfe con ng\u01b0\u1eddi, \u0111\u1ea7u ti\u00ean ph\u1ea3i k\u1ec3 \u0111\u1ebfn c\u00e1c ch\u1ee9c n\u0103ng t\u1eeb c\u00e1c th\u00e0nh ph\u1ea7n qu\u00fd ginsenoside c\u00f3 trong h\u1eafc s\u00e2m, c\u1ee5 th\u1ec3 l\u00e0:<\/p>\n<ul>\n<li>H\u1eafc s\u00e2m c\u00f3 t\u00e1c d\u1ee5ng b\u1ea3o v\u1ec7 ch\u1ee9c n\u0103ng gan<\/li>\n<li>H\u1eafc s\u00e2m h\u00e0n qu\u1ed1c c\u00f3 t\u00e1c d\u1ee5ng hi\u1ec7u qu\u1ea3 trong vi\u1ec7c gi\u1ea3i r\u01b0\u1ee3u, th\u1ea3i \u0111\u1ed9c gan, kh\u00f4i ph\u1ee5c ch\u1ee9c n\u0103ng gan, men gan v\u00e0 c\u00f9ng l\u00fac ph\u00f2ng ng\u1eeba c\u00e1c b\u1ec7nh \u1ea3nh h\u01b0\u1edfng t\u1edbi gan nh\u01b0: vi\u00eam gan, gan nhi\u1ec5m m\u1ee1, suy gi\u1ea3m men gan, x\u01a1 gan,&#8230;<\/li>\n<li>T\u00e1c d\u1ee5ng c\u1ee7a h\u1eafc s\u00e2m ph\u00f2ng ch\u1ed1ng ung th\u01b0: Saponin \u0111\u01b0\u1ee3c coi l\u00e0 h\u1ee3p ch\u1ea5t t\u1ed5ng h\u1ee3p nh\u1eefng ch\u1ea5t c\u00f3 kh\u1ea3 n\u0103ng t\u00e1c \u0111\u1ed9ng, ch\u1ed1ng ung th\u01b0 (UT) n\u1ed5i ti\u1ebfng. Saponin khi \u0111\u01b0\u1ee3c h\u1ea5p th\u1ee5 v\u00e0o c\u01a1 th\u1ec3 s\u1ebd l\u00e0m \u1ee9c ch\u1ebf s\u1ef1 t\u0103ng tr\u01b0\u1edfng, di chuy\u1ec3n c\u1ee7a c\u00e1c t\u1ebf b\u00e0o UT v\u00e0 lo\u1ea1i b\u1ecf d\u1ea7n c\u00e1c t\u1ebf b\u00e0o UT. <\/li>\n<li>H\u1eafc s\u00e2m t\u00e1c d\u1ee5ng h\u1ed7 tr\u1ee3 b\u1ec7nh ti\u1ec3u \u0111\u01b0\u1eddng: B\u00ean trong c\u1ee7 h\u1eafc s\u00e2m c\u00f3 ch\u1ee9a th\u00e0nh ph\u1ea7n g\u1ecdi l\u00e0 DPG3-2 gi\u00fap b\u00e0i ti\u1ebft In-su-lin \u0111\u01b0\u1ee3c d\u1ec5 d\u00e0ng h\u01a1n, \u0111em l\u1ea1i hi\u1ec7u qu\u1ea3 t\u00edch c\u1ef1c h\u01a1n trong ch\u1ee7 \u0111\u1ed9ng ph\u00f2ng tr\u00e1nh b\u1ec7nh ti\u1ec3u \u0111\u01b0\u1eddng. Ngo\u00e0i ra, v\u00ec h\u1eafc s\u00e2m nguy\u00ean c\u1ee7 100% kh\u00f4ng l\u1eabn v\u1edbi \u0111\u01b0\u1eddng hay ch\u1ea5t t\u1ea1o ng\u1ecdt n\u00ean ph\u00f9 h\u1ee3p d\u00f9ng cho c\u00e1c tr\u01b0\u1eddng h\u1ee3p b\u1ec7nh ti\u1ec3u \u0111\u01b0\u1eddng t\u1ed1t nh\u1ea5t. <\/li>\n<li>C\u00f4ng d\u1ee5ng h\u1eafc s\u00e2m trong l\u00e0m \u0111\u1eb9p cho ph\u1ee5 n\u1eef: \u0110\u1ed1i v\u1edbi ph\u1ee5 n\u1eef, s\u1ee9c kh\u1ecfe \u2013 s\u1eafc \u0111\u1eb9p l\u00e0 \u01b0u ti\u00ean h\u00e0ng \u0111\u1ea7u. H\u1eafc s\u00e2m \u0111\u00e3 \u0111\u01b0\u1ee3c ch\u1ecdn \u0111\u1ec3 duy tr\u00ec n\u00e9t thanh xu\u00e2n v\u00e0 l\u00e0m \u0111\u1eb9p da b\u1edfi trong \u0111\u00f3 ch\u1ee9a nhi\u1ec1u ch\u1ea5t ch\u1ed1ng o-xy h\u00f3a, gia t\u0103ng tu\u1ea7n ho\u00e0n m\u00e1u d\u01b0\u1edbi da n\u00ean l\u00e0n da s\u1ebd tr\u1edf n\u00ean h\u1ed3ng h\u00e0o, tr\u1eafng m\u1ecbn h\u01a1n r\u1ea5t nhi\u1ec1u. H\u1ea1n ch\u1ebf b\u1edbt c\u00e1c khuy\u1ebft \u0111i\u1ec3m tr\u00ean da: m\u1ee5n, t\u00e0n nhang, s\u1ea1m n\u00e1m,\u2026  <\/li>\n<li>H\u1eafc s\u00e2m c\u00f3 c\u00f4ng d\u1ee5ng t\u1ed1t \u0111\u1ed1i v\u1edbi ph\u1ee5 n\u1eef ti\u1ec1n m\u00e3n kinh: Ngo\u00e0i l\u00e0m \u0111\u1eb9p b\u1eb1ng h\u1eafc s\u00e2m, theo c\u00e1c chuy\u00ean gia s\u00e2m chia s\u1ebb trong qu\u00e1 tr\u00ecnh ch\u1ebf bi\u1ebfn h\u1eafc s\u00e2m \u0111\u00e3 \u0111\u01b0\u1ee3c b\u1ed5 sung th\u00eam \u201c\u00e2m kh\u00ed\u201d v\u00ec v\u1eady r\u1ea5t t\u1ed1t cho ph\u1ee5 n\u1eef m\u1edbi ho\u1eb7c \u0111ang trong giai \u0111o\u1ea1n ti\u1ec1n m\u00e3n kinh, d\u1ea5u hi\u1ec7u nh\u1eadn bi\u1ebft: th\u01b0\u1eddng b\u1ecb n\u00f3ng trong ng\u01b0\u1eddi, d\u1ec5 thay \u0111\u1ed5i t\u00ednh kh\u00ed b\u1ea5t th\u01b0\u1eddng,\u2026<\/li>\n<li>H\u1eafc s\u00e2m gi\u00fap t\u0103ng c\u01b0\u1eddng sinh l\u1ef1c cho nam gi\u1edbi: Th\u00e0nh ph\u1ea7n ch\u1ee7 \u0111\u1ea1o Saponin Rd c\u00f3 b\u00ean trong h\u1eafc s\u00e2m c\u00f3 t\u00e1c d\u1ee5ng t\u00edch c\u1ef1c v\u1edbi vi\u1ec7c t\u0103ng c\u01b0\u1eddng sinh l\u1ef1c cho ph\u00e1i m\u1ea1nh, c\u1ea3i thi\u1ec7n nh\u1eefng tr\u01b0\u1eddng h\u1ee3p nh\u01b0 YSL, ham mu\u1ed1n gi\u1ea3m s\u00fat,\u2026<\/li>\n<li>T\u00e1c d\u1ee5ng h\u1eafc s\u00e2m gi\u1ea3m cholesterol, n\u00e2ng cao h\u1ec7 mi\u1ec5n d\u1ecbch S\u1eed d\u1ee5ng h\u1eafc s\u00e2m \u0111i\u1ec1u \u0111\u1ed9, th\u01b0\u1eddng xuy\u00ean s\u1ebd ng\u01b0\u1eddi d\u00f9ng gi\u00fap th\u00fac \u0111\u1ea9y qu\u00e1 tr\u00ecnh t\u1ed5ng h\u1ee3p pro-te-in c\u1ee7a c\u01a1 th\u1ec3, t\u1eeb \u0111\u00f3 gi\u1ea3m l\u01b0\u1ee3ng cholesterol trong m\u00e1u.<\/li>\n<li>H\u1ed7 tr\u1ee3 \u0111i\u1ec1u h\u00f2a huy\u1ebft \u00e1p \u1ed5n \u0111\u1ecbnh v\u00e0 ng\u0103n ng\u1eeba \u0111\u01b0\u1ee3c c\u00e1c b\u1ec7nh th\u01b0\u1eddng g\u1eb7p \u1edf ng\u01b0\u1eddi tr\u01b0\u1edfng th\u00e0nh: \u0111\u01b0\u1eddng huy\u1ebft, lo\u1ea1n huy\u1ebft \u00e1p,\u2026 Kh\u00f4ng ch\u1ec9 v\u1eady h\u1ec7 mi\u1ec5n d\u1ecbch \u0111\u01b0\u1ee3c t\u1ea1o n\u00ean do h\u1eafc s\u00e2m t\u00e1c \u0111\u1ed9ng c\u00f2n gi\u00fap t\u0103ng c\u01b0\u1eddng kh\u00e1ng b\u1ec7nh, virut tr\u1edf n\u00ean v\u01b0\u1ee3t tr\u1ed9i h\u01a1n. <\/li>\n<li>H\u1eafc s\u00e2m c\u00f3 c\u00f4ng d\u1ee5ng c\u1ea3i thi\u1ec7n kh\u1ea3 n\u0103ng t\u1eadp trung, ghi nh\u1edb: Ch\u1ea5t saponin Rg2 c\u00f3 trong h\u1eafc s\u00e2m th\u00fac \u0111\u1ea9y h\u1ed3i ph\u1ee5c v\u00e0 t\u0103ng c\u01b0\u1eddng tr\u00ed nh\u1edb nh\u1edd t\u00e1c \u0111\u1ed9ng l\u00e0m m\u00e1u l\u01b0u th\u00f4ng l\u00ean n\u00e3o. Song song v\u1edbi \u0111\u00f3, t\u1ebf b\u00e0o t\u1ee7y c\u0169ng \u0111\u01b0\u1ee3c k\u00edch th\u00edch ho\u1ea1t \u0111\u1ed9ng v\u00e0 l\u00e0m d\u1ecbu c\u00e1c c\u01a1n \u0111au c\u1ee7a d\u00e2y th\u1ea7n kinh, t\u1ebf b\u00e0o n\u00e3o gi\u00fap c\u1ea3i thi\u1ec7n kh\u1ea3 n\u0103ng t\u1eadp trung l\u00e0m vi\u1ec7c, ghi nh\u1edb t\u00ecnh hu\u1ed1ng t\u1ed1t h\u01a1n. <\/li>\n<li>D\u00f9ng h\u1eafc s\u00e2m gi\u00fap cung c\u1ea5p n\u0103ng l\u01b0\u1ee3ng cho c\u01a1 th\u1ec3: H\u1eafc s\u00e2m \u0111\u01b0\u1ee3c \u0111\u00e1nh gi\u00e1 l\u00e0 ngu\u1ed3n th\u1ef1c ph\u1ea9m cung c\u1ea5p n\u0103ng l\u01b0\u1ee3ng d\u1ed3i d\u00e0o gi\u00fap ph\u1ee5c h\u1ed3i s\u1ee9c l\u1ef1c cho c\u01a1 th\u1ec3 nhanh ch\u00f3ng, \u0111\u00e1nh bay c\u1ea3m gi\u00e1c m\u1ec7t m\u1ecfi\u2026<\/li>\n<\/ul>\n","protected":false},"excerpt":{"rendered":"<p>Specifications: 1 box contains 4 bottles (250g\/8.81oz per bottle) BENEFITS OF KOREAN SAMSUNG GINSENG EXTRACT Directly addressing the health benefits of Korean ginseng, the first consideration is the functions derived from its valuable components called ginsenosides, specifically: &#8211; Korean ginseng protects liver function. &#8211; Korean ginseng effectively aids in alcohol metabolism, detoxifies the liver, restores [&hellip;]<\/p>\n","protected":false},"featured_media":2715,"comment_status":"closed","ping_status":"closed","template":"","meta":{"ocean_post_layout":"","ocean_both_sidebars_style":"","ocean_both_sidebars_content_width":0,"ocean_both_sidebars_sidebars_width":0,"ocean_sidebar":"0","ocean_second_sidebar":"0","ocean_disable_margins":"enable","ocean_add_body_class":"","ocean_shortcode_before_top_bar":"","ocean_shortcode_after_top_bar":"","ocean_shortcode_before_header":"","ocean_shortcode_after_header":"","ocean_has_shortcode":"","ocean_shortcode_after_title":"","ocean_shortcode_before_footer_widgets":"","ocean_shortcode_after_footer_widgets":"","ocean_shortcode_before_footer_bottom":"","ocean_shortcode_after_footer_bottom":"","ocean_display_top_bar":"default","ocean_display_header":"default","ocean_header_style":"","ocean_center_header_left_menu":"0","ocean_custom_header_template":"0","ocean_custom_logo":0,"ocean_custom_retina_logo":0,"ocean_custom_logo_max_width":0,"ocean_custom_logo_tablet_max_width":0,"ocean_custom_logo_mobile_max_width":0,"ocean_custom_logo_max_height":0,"ocean_custom_logo_tablet_max_height":0,"ocean_custom_logo_mobile_max_height":0,"ocean_header_custom_menu":"0","ocean_menu_typo_font_family":"0","ocean_menu_typo_font_subset":"","ocean_menu_typo_font_size":0,"ocean_menu_typo_font_size_tablet":0,"ocean_menu_typo_font_size_mobile":0,"ocean_menu_typo_font_size_unit":"px","ocean_menu_typo_font_weight":"","ocean_menu_typo_font_weight_tablet":"","ocean_menu_typo_font_weight_mobile":"","ocean_menu_typo_transform":"","ocean_menu_typo_transform_tablet":"","ocean_menu_typo_transform_mobile":"","ocean_menu_typo_line_height":0,"ocean_menu_typo_line_height_tablet":0,"ocean_menu_typo_line_height_mobile":0,"ocean_menu_typo_line_height_unit":"","ocean_menu_typo_spacing":0,"ocean_menu_typo_spacing_tablet":0,"ocean_menu_typo_spacing_mobile":0,"ocean_menu_typo_spacing_unit":"","ocean_menu_link_color":"","ocean_menu_link_color_hover":"","ocean_menu_link_color_active":"","ocean_menu_link_background":"","ocean_menu_link_hover_background":"","ocean_menu_link_active_background":"","ocean_menu_social_links_bg":"","ocean_menu_social_hover_links_bg":"","ocean_menu_social_links_color":"","ocean_menu_social_hover_links_color":"","ocean_disable_title":"default","ocean_disable_heading":"default","ocean_post_title":"","ocean_post_subheading":"","ocean_post_title_style":"","ocean_post_title_background_color":"","ocean_post_title_background":0,"ocean_post_title_bg_image_position":"","ocean_post_title_bg_image_attachment":"","ocean_post_title_bg_image_repeat":"","ocean_post_title_bg_image_size":"","ocean_post_title_height":0,"ocean_post_title_bg_overlay":0.5,"ocean_post_title_bg_overlay_color":"","ocean_disable_breadcrumbs":"default","ocean_breadcrumbs_color":"","ocean_breadcrumbs_separator_color":"","ocean_breadcrumbs_links_color":"","ocean_breadcrumbs_links_hover_color":"","ocean_display_footer_widgets":"default","ocean_display_footer_bottom":"default","ocean_custom_footer_template":"0"},"product_cat":[61],"product_tag":[],"class_list":{"0":"post-3112","1":"product","2":"type-product","3":"status-publish","4":"has-post-thumbnail","6":"product_cat-nhan-sam-en","8":"entry","9":"has-media","11":"first","12":"outofstock","13":"shipping-taxable","14":"purchasable","15":"product-type-simple","16":"has-product-nav","17":"col","18":"span_1_of_4","19":"owp-content-center","20":"owp-thumbs-layout-horizontal","21":"owp-btn-normal","22":"owp-tabs-layout-horizontal","23":"has-no-thumbnails"},"_links":{"self":[{"href":"https:\/\/tantuquynh.com\/en\/wp-json\/wp\/v2\/product\/3112","targetHints":{"allow":["GET"]}}],"collection":[{"href":"https:\/\/tantuquynh.com\/en\/wp-json\/wp\/v2\/product"}],"about":[{"href":"https:\/\/tantuquynh.com\/en\/wp-json\/wp\/v2\/types\/product"}],"replies":[{"embeddable":true,"href":"https:\/\/tantuquynh.com\/en\/wp-json\/wp\/v2\/comments?post=3112"}],"wp:featuredmedia":[{"embeddable":true,"href":"https:\/\/tantuquynh.com\/en\/wp-json\/wp\/v2\/media\/2715"}],"wp:attachment":[{"href":"https:\/\/tantuquynh.com\/en\/wp-json\/wp\/v2\/media?parent=3112"}],"wp:term":[{"taxonomy":"product_cat","embeddable":true,"href":"https:\/\/tantuquynh.com\/en\/wp-json\/wp\/v2\/product_cat?post=3112"},{"taxonomy":"product_tag","embeddable":true,"href":"https:\/\/tantuquynh.com\/en\/wp-json\/wp\/v2\/product_tag?post=3112"}],"curies":[{"name":"wp","href":"https:\/\/api.w.org\/{rel}","templated":true}]}}