{"id":3097,"date":"2023-02-28T17:09:06","date_gmt":"2023-02-28T17:09:06","guid":{"rendered":"https:\/\/tantuquynh.com\/product\/100-pure-korean-black-ginseng-extract-trang-thanh-lan"},"modified":"2026-04-15T09:07:54","modified_gmt":"2026-04-15T09:07:54","slug":"100-pure-korean-black-ginseng-extract-trang-thanh-lan","status":"publish","type":"product","link":"https:\/\/tantuquynh.com\/en\/product\/100-pure-korean-black-ginseng-extract-trang-thanh-lan","title":{"rendered":"100% Pure Korean Black Ginseng Extract (Trang Thanh Lan)"},"content":{"rendered":"<p>Black ginseng is produced through a repeated process of steaming and drying ten times to remove the unique bitter taste of red ginseng roots and create a new effective health ingredient. It contains 10% extract from Korean black ginseng.<\/p>\n<p><span style=\"font-weight: bold;\"> Net weight: <\/span> 150g (50g * 3ea)<\/p>\n<p><span style=\"font-weight: bold;\">Ingredients:<\/span> 100% Korean black ginseng extract (Black ginseng content: 80mg; Ginseng ratio: Main root 70%, Fine root 30%)<\/p>\n<p><span style=\"font-weight: bold;\">Directions: <\/span> Take 3g each time, daily or consume with hot\/cold water.<\/p>\n<p>Keep out of reach of children. Store in a cool and dry place<\/p>\n<p>_______<\/p>\n<p>Nh\u00e2n s\u00e2m \u0111en \u0111\u01b0\u1ee3c s\u1ea3n xu\u1ea5t b\u1edfi qu\u00e1 tr\u00ecnh h\u1ea5p v\u00e0 s\u1ea5y kh\u00f4 l\u1eb7p \u0111i l\u1eb7p l\u1ea1i ch\u00edn l\u1ea7n \u0111\u1ec3 l\u1ecdc s\u1ea1ch v\u1ecb \u0111\u1eafng \u0111\u1ed9c \u0111\u00e1o c\u1ee7a c\u1ee7 s\u00e2m \u0111\u1ecf v\u00e0 t\u1ea1o ra m\u1ed9t th\u00e0nh ph\u1ea7n hi\u1ec7u qu\u1ea3 m\u1edbi t\u1ed1t cho s\u1ee9c kh\u1ecfe. Ch\u1ee9a 10% chi\u1ebft xu\u1ea5t t\u1eeb nh\u00e2n s\u00e2m \u0111en H\u00e0n Qu\u1ed1c.<\/p>\n<p><strong>Kh\u1ed1i l\u01b0\u1ee3ng t\u1ecbnh:<\/strong> 150g (50g * 3ea)<\/p>\n<p><strong>Th\u00e0nh ph\u1ea7n:<\/strong> Chi\u1ebft xu\u1ea5t Nh\u00e2n s\u00e2m \u0111en H\u00e0n Qu\u1ed1c 100% (Th\u00e0nh ph\u1ea7n nh\u00e2n s\u00e2m \u0111en 80mg; Nh\u00e2n s\u00e2m retio: R\u1ec5 ch\u00ednh 70%, R\u1ec5 tinh 30%)<\/p>\n<p><strong>Ch\u1ec9 d\u1eabn:<\/strong> U\u1ed1ng 3g\/l\u1ea7n m\u1ed7i ng\u00e0y ho\u1eb7c u\u1ed1ng v\u1edbi n\u01b0\u1edbc n\u00f3ng \/ l\u1ea1nh<\/p>\n<p>\u0110\u1ec3 xa t\u1ea7m tay tr\u1ebb em. B\u1ea3o qu\u1ea3n trong \u0111i\u1ec1u ki\u1ec7n m\u00e1t v\u00e0 kh\u00f4.<\/p>\n","protected":false},"excerpt":{"rendered":"<p>Black ginseng is produced through a repeated process of steaming and drying ten times to remove the unique bitter taste of red ginseng roots and create a new effective health ingredient. It contains 10% extract from Korean black ginseng. Net weight: 150g (50g * 3ea) Ingredients: 100% Korean black ginseng extract (Black ginseng content: 80mg; [&hellip;]<\/p>\n","protected":false},"featured_media":4612,"comment_status":"closed","ping_status":"closed","template":"","meta":{"ocean_post_layout":"","ocean_both_sidebars_style":"","ocean_both_sidebars_content_width":0,"ocean_both_sidebars_sidebars_width":0,"ocean_sidebar":"0","ocean_second_sidebar":"0","ocean_disable_margins":"enable","ocean_add_body_class":"","ocean_shortcode_before_top_bar":"","ocean_shortcode_after_top_bar":"","ocean_shortcode_before_header":"","ocean_shortcode_after_header":"","ocean_has_shortcode":"","ocean_shortcode_after_title":"","ocean_shortcode_before_footer_widgets":"","ocean_shortcode_after_footer_widgets":"","ocean_shortcode_before_footer_bottom":"","ocean_shortcode_after_footer_bottom":"","ocean_display_top_bar":"default","ocean_display_header":"default","ocean_header_style":"","ocean_center_header_left_menu":"0","ocean_custom_header_template":"0","ocean_custom_logo":0,"ocean_custom_retina_logo":0,"ocean_custom_logo_max_width":0,"ocean_custom_logo_tablet_max_width":0,"ocean_custom_logo_mobile_max_width":0,"ocean_custom_logo_max_height":0,"ocean_custom_logo_tablet_max_height":0,"ocean_custom_logo_mobile_max_height":0,"ocean_header_custom_menu":"0","ocean_menu_typo_font_family":"0","ocean_menu_typo_font_subset":"","ocean_menu_typo_font_size":0,"ocean_menu_typo_font_size_tablet":0,"ocean_menu_typo_font_size_mobile":0,"ocean_menu_typo_font_size_unit":"px","ocean_menu_typo_font_weight":"","ocean_menu_typo_font_weight_tablet":"","ocean_menu_typo_font_weight_mobile":"","ocean_menu_typo_transform":"","ocean_menu_typo_transform_tablet":"","ocean_menu_typo_transform_mobile":"","ocean_menu_typo_line_height":0,"ocean_menu_typo_line_height_tablet":0,"ocean_menu_typo_line_height_mobile":0,"ocean_menu_typo_line_height_unit":"","ocean_menu_typo_spacing":0,"ocean_menu_typo_spacing_tablet":0,"ocean_menu_typo_spacing_mobile":0,"ocean_menu_typo_spacing_unit":"","ocean_menu_link_color":"","ocean_menu_link_color_hover":"","ocean_menu_link_color_active":"","ocean_menu_link_background":"","ocean_menu_link_hover_background":"","ocean_menu_link_active_background":"","ocean_menu_social_links_bg":"","ocean_menu_social_hover_links_bg":"","ocean_menu_social_links_color":"","ocean_menu_social_hover_links_color":"","ocean_disable_title":"default","ocean_disable_heading":"default","ocean_post_title":"","ocean_post_subheading":"","ocean_post_title_style":"","ocean_post_title_background_color":"","ocean_post_title_background":0,"ocean_post_title_bg_image_position":"","ocean_post_title_bg_image_attachment":"","ocean_post_title_bg_image_repeat":"","ocean_post_title_bg_image_size":"","ocean_post_title_height":0,"ocean_post_title_bg_overlay":0.5,"ocean_post_title_bg_overlay_color":"","ocean_disable_breadcrumbs":"default","ocean_breadcrumbs_color":"","ocean_breadcrumbs_separator_color":"","ocean_breadcrumbs_links_color":"","ocean_breadcrumbs_links_hover_color":"","ocean_display_footer_widgets":"default","ocean_display_footer_bottom":"default","ocean_custom_footer_template":"0"},"product_cat":[61],"product_tag":[],"class_list":{"0":"post-3097","1":"product","2":"type-product","3":"status-publish","4":"has-post-thumbnail","6":"product_cat-nhan-sam-en","8":"entry","9":"has-media","11":"first","12":"outofstock","13":"shipping-taxable","14":"purchasable","15":"product-type-simple","16":"has-product-nav","17":"col","18":"span_1_of_4","19":"owp-content-center","20":"owp-thumbs-layout-horizontal","21":"owp-btn-normal","22":"owp-tabs-layout-horizontal","23":"has-no-thumbnails"},"_links":{"self":[{"href":"https:\/\/tantuquynh.com\/en\/wp-json\/wp\/v2\/product\/3097","targetHints":{"allow":["GET"]}}],"collection":[{"href":"https:\/\/tantuquynh.com\/en\/wp-json\/wp\/v2\/product"}],"about":[{"href":"https:\/\/tantuquynh.com\/en\/wp-json\/wp\/v2\/types\/product"}],"replies":[{"embeddable":true,"href":"https:\/\/tantuquynh.com\/en\/wp-json\/wp\/v2\/comments?post=3097"}],"wp:featuredmedia":[{"embeddable":true,"href":"https:\/\/tantuquynh.com\/en\/wp-json\/wp\/v2\/media\/4612"}],"wp:attachment":[{"href":"https:\/\/tantuquynh.com\/en\/wp-json\/wp\/v2\/media?parent=3097"}],"wp:term":[{"taxonomy":"product_cat","embeddable":true,"href":"https:\/\/tantuquynh.com\/en\/wp-json\/wp\/v2\/product_cat?post=3097"},{"taxonomy":"product_tag","embeddable":true,"href":"https:\/\/tantuquynh.com\/en\/wp-json\/wp\/v2\/product_tag?post=3097"}],"curies":[{"name":"wp","href":"https:\/\/api.w.org\/{rel}","templated":true}]}}