{"id":1789,"date":"2023-07-13T17:32:54","date_gmt":"2023-07-13T17:32:54","guid":{"rendered":"https:\/\/tantuquynh.com\/?post_type=product&#038;p=1789"},"modified":"2026-03-27T07:02:19","modified_gmt":"2026-03-27T07:02:19","slug":"max1-up","status":"publish","type":"product","link":"https:\/\/tantuquynh.com\/en\/product\/max1-up","title":{"rendered":"Max1 Up"},"content":{"rendered":"<p>100% ORGANIC &#8211; NO SIDE EFFECTS<\/p>\n<ul>\n<li>1 chai 50$<\/li>\n<li>2 chai 90$<\/li>\n<li>3 chai 120$<\/li>\n<\/ul>\n<p>Max1 Up chi\u1ebft su\u1ea5t 100 % t\u1eeb c\u00e1c lo\u1ea1i th\u1ea3o d\u01b0\u1ee3c thi\u00ean nhi\u00ean: Maca Root (nh\u00e2n s\u00e2m Peru), Golden Root (th\u1ea3o d\u01b0\u1ee3c v\u00f9ng Scandinavia), Tribulus Terrestris, D\u00e2m D\u01b0\u01a1ng Ho\u1eafc&#8230;<\/p>\n<p>N\u00caN HO\u00c0N TO\u00c0N KH\u00d4NG C\u00d3 T\u00c1C D\u1ee4NG PH\u1ee4.<\/p>\n<p>T\u00c1C D\u1ee4NG CH\u00cdNH:<\/p>\n<p>T\u0103ng c\u01b0\u1eddng sinh l\u00fd cho nam gi\u1edbi, trong \u0111\u00f3:<\/p>\n<ul>\n<li>T\u0103ng testosterone, hormone ch\u00ednh c\u1ee7a nam gi\u1edbi. Hormone n\u00e0y gi\u1ea3m d\u1ea7n theo tu\u1ed5i, sau \u0111\u1ed9 tu\u1ed5i 30.<\/li>\n<li>T\u0103ng s\u1ea3n xu\u1ea5t tinh tr\u00f9ng, c\u1ea3 v\u1ec1 s\u1ed1 l\u01b0\u1ee3ng l\u1eabn ch\u1ea5t l\u01b0\u1ee3ng. \u2022 T\u0103ng l\u01b0\u1ee3ng m\u00e1u \u0111\u1ebfn c\u01a1 quan sinh d\u1ee5c nam, l\u00e0m t\u0103ng c\u01b0\u1eddng kh\u1ea3 n\u0103ng c\u01b0\u01a1ng c\u1ee9ng.<\/li>\n<li>T\u0103ng l\u01b0\u1ee3ng Libido<\/li>\n<\/ul>\n<p>Ngo\u00e0i t\u00e1c d\u1ee5ng l\u00ean ch\u1ee9c n\u0103ng sinh l\u00fd nam, c\u00f2n c\u00f3 t\u00e1c d\u1ee5ng t\u0103ng c\u01b0\u1eddng sau:<\/p>\n<ul>\n<li>T\u0103ng energy endurance, stamina cho c\u00e1c ho\u1ea1t \u0111\u1ed9ng h\u1eb1ng ng\u00e0y<\/li>\n<li>Improve mood, against stress, m\u1ec7t m\u1ecfi h\u1eb1ng ng\u00e0y nh\u1edd t\u00e1c d\u1ee5ng k\u00edch th\u00edch ti\u1ebft ra c\u00e1c endorphin<\/li>\n<li>C\u1ea3i thi\u1ec7n tr\u00ed nh\u1edb nh\u1edd t\u00e1c d\u1ee5ng t\u0103ng l\u01b0\u1ee3ng m\u00e1u dinh d\u01b0\u1ee1ng l\u00ean n\u00e3o.<\/li>\n<\/ul>\n","protected":false},"excerpt":{"rendered":"<p>$100\/2 h\u1ed9p<\/p>\n","protected":false},"featured_media":1790,"comment_status":"closed","ping_status":"closed","template":"","meta":{"ocean_post_layout":"","ocean_both_sidebars_style":"","ocean_both_sidebars_content_width":0,"ocean_both_sidebars_sidebars_width":0,"ocean_sidebar":"0","ocean_second_sidebar":"0","ocean_disable_margins":"enable","ocean_add_body_class":"","ocean_shortcode_before_top_bar":"","ocean_shortcode_after_top_bar":"","ocean_shortcode_before_header":"","ocean_shortcode_after_header":"","ocean_has_shortcode":"","ocean_shortcode_after_title":"","ocean_shortcode_before_footer_widgets":"","ocean_shortcode_after_footer_widgets":"","ocean_shortcode_before_footer_bottom":"","ocean_shortcode_after_footer_bottom":"","ocean_display_top_bar":"default","ocean_display_header":"default","ocean_header_style":"","ocean_center_header_left_menu":"0","ocean_custom_header_template":"0","ocean_custom_logo":0,"ocean_custom_retina_logo":0,"ocean_custom_logo_max_width":0,"ocean_custom_logo_tablet_max_width":0,"ocean_custom_logo_mobile_max_width":0,"ocean_custom_logo_max_height":0,"ocean_custom_logo_tablet_max_height":0,"ocean_custom_logo_mobile_max_height":0,"ocean_header_custom_menu":"0","ocean_menu_typo_font_family":"0","ocean_menu_typo_font_subset":"","ocean_menu_typo_font_size":0,"ocean_menu_typo_font_size_tablet":0,"ocean_menu_typo_font_size_mobile":0,"ocean_menu_typo_font_size_unit":"px","ocean_menu_typo_font_weight":"","ocean_menu_typo_font_weight_tablet":"","ocean_menu_typo_font_weight_mobile":"","ocean_menu_typo_transform":"","ocean_menu_typo_transform_tablet":"","ocean_menu_typo_transform_mobile":"","ocean_menu_typo_line_height":0,"ocean_menu_typo_line_height_tablet":0,"ocean_menu_typo_line_height_mobile":0,"ocean_menu_typo_line_height_unit":"","ocean_menu_typo_spacing":0,"ocean_menu_typo_spacing_tablet":0,"ocean_menu_typo_spacing_mobile":0,"ocean_menu_typo_spacing_unit":"","ocean_menu_link_color":"","ocean_menu_link_color_hover":"","ocean_menu_link_color_active":"","ocean_menu_link_background":"","ocean_menu_link_hover_background":"","ocean_menu_link_active_background":"","ocean_menu_social_links_bg":"","ocean_menu_social_hover_links_bg":"","ocean_menu_social_links_color":"","ocean_menu_social_hover_links_color":"","ocean_disable_title":"default","ocean_disable_heading":"default","ocean_post_title":"","ocean_post_subheading":"","ocean_post_title_style":"","ocean_post_title_background_color":"","ocean_post_title_background":0,"ocean_post_title_bg_image_position":"","ocean_post_title_bg_image_attachment":"","ocean_post_title_bg_image_repeat":"","ocean_post_title_bg_image_size":"","ocean_post_title_height":0,"ocean_post_title_bg_overlay":0.5,"ocean_post_title_bg_overlay_color":"","ocean_disable_breadcrumbs":"default","ocean_breadcrumbs_color":"","ocean_breadcrumbs_separator_color":"","ocean_breadcrumbs_links_color":"","ocean_breadcrumbs_links_hover_color":"","ocean_display_footer_widgets":"default","ocean_display_footer_bottom":"default","ocean_custom_footer_template":"0"},"product_cat":[94],"product_tag":[],"class_list":{"0":"post-1789","1":"product","2":"type-product","3":"status-publish","4":"has-post-thumbnail","6":"product_cat-thuoc-sinh-ly","8":"entry","9":"has-media","11":"first","12":"instock","13":"shipping-taxable","14":"purchasable","15":"product-type-simple","16":"has-product-nav","17":"col","18":"span_1_of_4","19":"owp-content-center","20":"owp-thumbs-layout-horizontal","21":"owp-btn-normal","22":"owp-tabs-layout-horizontal"},"_links":{"self":[{"href":"https:\/\/tantuquynh.com\/en\/wp-json\/wp\/v2\/product\/1789","targetHints":{"allow":["GET"]}}],"collection":[{"href":"https:\/\/tantuquynh.com\/en\/wp-json\/wp\/v2\/product"}],"about":[{"href":"https:\/\/tantuquynh.com\/en\/wp-json\/wp\/v2\/types\/product"}],"replies":[{"embeddable":true,"href":"https:\/\/tantuquynh.com\/en\/wp-json\/wp\/v2\/comments?post=1789"}],"wp:featuredmedia":[{"embeddable":true,"href":"https:\/\/tantuquynh.com\/en\/wp-json\/wp\/v2\/media\/1790"}],"wp:attachment":[{"href":"https:\/\/tantuquynh.com\/en\/wp-json\/wp\/v2\/media?parent=1789"}],"wp:term":[{"taxonomy":"product_cat","embeddable":true,"href":"https:\/\/tantuquynh.com\/en\/wp-json\/wp\/v2\/product_cat?post=1789"},{"taxonomy":"product_tag","embeddable":true,"href":"https:\/\/tantuquynh.com\/en\/wp-json\/wp\/v2\/product_tag?post=1789"}],"curies":[{"name":"wp","href":"https:\/\/api.w.org\/{rel}","templated":true}]}}