{"id":1707,"date":"2023-04-03T21:27:16","date_gmt":"2023-04-03T21:27:16","guid":{"rendered":"https:\/\/tantuquynh.com\/?post_type=product&#038;p=1707"},"modified":"2023-07-20T18:52:46","modified_gmt":"2023-07-20T18:52:46","slug":"vo-ngam-chan-cua-hang-sk-nhat-ban","status":"publish","type":"product","link":"https:\/\/tantuquynh.com\/en\/product\/vo-ngam-chan-cua-hang-sk-nhat-ban","title":{"rendered":"V\u1edb Ng\u00e2m Ch\u00e2n c\u1ee7a h\u00e3ng SK Nh\u1eadt B\u1ea3n 3 h\u1ed9p ( 6 \u0111\u00f4i v\u1edb)"},"content":{"rendered":"<div dir=\"ltr\">B\u00e0n ch\u00e2n , g\u00f3t ch\u00e2n ng\u00f3n ch\u00e2n b\u012f chai s\u1ea1n , n\u1ee9t n\u1ebb x\u1ea5u x\u00ed , vi\u00eam nhi\u1ec5m , l\u1edf lo\u00e9t &#8211; kh\u00f4ng h\u1ec1 g\u00ec , d\u00f9ng ngay v\u1edb ng\u00e2m ch\u00e2n c\u1ee7a h\u00e3ng SK Nh\u1eadt B\u1ea3n , ch\u1ec9 v\u00e0i ng\u00e0y , b\u00e0n ch\u00e2n c\u1ee7a b\u1ea1n s\u1ebd \u0111\u1eb9p nh\u01b0 ch\u00e2n em b\u00e9 . M\u1ed9t li\u1ec1u 3 h\u1ed9p $99.99. Shipping free .<\/div>\n","protected":false},"excerpt":{"rendered":"<p>B\u00e0n ch\u00e2n , g\u00f3t ch\u00e2n ng\u00f3n ch\u00e2n b\u012f chai s\u1ea1n , n\u1ee9t n\u1ebb x\u1ea5u x\u00ed , vi\u00eam nhi\u1ec5m , l\u1edf lo\u00e9t &#8211; kh\u00f4ng h\u1ec1 g\u00ec , d\u00f9ng ngay v\u1edb ng\u00e2m ch\u00e2n c\u1ee7a h\u00e3ng SK Nh\u1eadt B\u1ea3n , ch\u1ec9 v\u00e0i ng\u00e0y , b\u00e0n ch\u00e2n c\u1ee7a b\u1ea1n s\u1ebd \u0111\u1eb9p nh\u01b0 ch\u00e2n em b\u00e9 . M\u1ed9t li\u1ec1u 3 [&hellip;]<\/p>\n","protected":false},"featured_media":1708,"comment_status":"closed","ping_status":"closed","template":"","meta":{"ocean_post_layout":"","ocean_both_sidebars_style":"","ocean_both_sidebars_content_width":0,"ocean_both_sidebars_sidebars_width":0,"ocean_sidebar":"0","ocean_second_sidebar":"0","ocean_disable_margins":"enable","ocean_add_body_class":"","ocean_shortcode_before_top_bar":"","ocean_shortcode_after_top_bar":"","ocean_shortcode_before_header":"","ocean_shortcode_after_header":"","ocean_has_shortcode":"","ocean_shortcode_after_title":"","ocean_shortcode_before_footer_widgets":"","ocean_shortcode_after_footer_widgets":"","ocean_shortcode_before_footer_bottom":"","ocean_shortcode_after_footer_bottom":"","ocean_display_top_bar":"default","ocean_display_header":"default","ocean_header_style":"","ocean_center_header_left_menu":"0","ocean_custom_header_template":"0","ocean_custom_logo":0,"ocean_custom_retina_logo":0,"ocean_custom_logo_max_width":0,"ocean_custom_logo_tablet_max_width":0,"ocean_custom_logo_mobile_max_width":0,"ocean_custom_logo_max_height":0,"ocean_custom_logo_tablet_max_height":0,"ocean_custom_logo_mobile_max_height":0,"ocean_header_custom_menu":"0","ocean_menu_typo_font_family":"0","ocean_menu_typo_font_subset":"","ocean_menu_typo_font_size":0,"ocean_menu_typo_font_size_tablet":0,"ocean_menu_typo_font_size_mobile":0,"ocean_menu_typo_font_size_unit":"px","ocean_menu_typo_font_weight":"","ocean_menu_typo_font_weight_tablet":"","ocean_menu_typo_font_weight_mobile":"","ocean_menu_typo_transform":"","ocean_menu_typo_transform_tablet":"","ocean_menu_typo_transform_mobile":"","ocean_menu_typo_line_height":0,"ocean_menu_typo_line_height_tablet":0,"ocean_menu_typo_line_height_mobile":0,"ocean_menu_typo_line_height_unit":"","ocean_menu_typo_spacing":0,"ocean_menu_typo_spacing_tablet":0,"ocean_menu_typo_spacing_mobile":0,"ocean_menu_typo_spacing_unit":"","ocean_menu_link_color":"","ocean_menu_link_color_hover":"","ocean_menu_link_color_active":"","ocean_menu_link_background":"","ocean_menu_link_hover_background":"","ocean_menu_link_active_background":"","ocean_menu_social_links_bg":"","ocean_menu_social_hover_links_bg":"","ocean_menu_social_links_color":"","ocean_menu_social_hover_links_color":"","ocean_disable_title":"default","ocean_disable_heading":"default","ocean_post_title":"","ocean_post_subheading":"","ocean_post_title_style":"","ocean_post_title_background_color":"","ocean_post_title_background":0,"ocean_post_title_bg_image_position":"","ocean_post_title_bg_image_attachment":"","ocean_post_title_bg_image_repeat":"","ocean_post_title_bg_image_size":"","ocean_post_title_height":0,"ocean_post_title_bg_overlay":0.5,"ocean_post_title_bg_overlay_color":"","ocean_disable_breadcrumbs":"default","ocean_breadcrumbs_color":"","ocean_breadcrumbs_separator_color":"","ocean_breadcrumbs_links_color":"","ocean_breadcrumbs_links_hover_color":"","ocean_display_footer_widgets":"default","ocean_display_footer_bottom":"default","ocean_custom_footer_template":"0"},"product_cat":[19],"product_tag":[],"class_list":{"0":"post-1707","1":"product","2":"type-product","3":"status-publish","4":"has-post-thumbnail","6":"product_cat-uncategorized","8":"entry","9":"has-media","11":"first","12":"onbackorder","13":"shipping-taxable","14":"purchasable","15":"product-type-simple","16":"has-product-nav","17":"col","18":"span_1_of_4","19":"owp-content-center","20":"owp-thumbs-layout-horizontal","21":"owp-btn-normal","22":"owp-tabs-layout-horizontal"},"_links":{"self":[{"href":"https:\/\/tantuquynh.com\/en\/wp-json\/wp\/v2\/product\/1707","targetHints":{"allow":["GET"]}}],"collection":[{"href":"https:\/\/tantuquynh.com\/en\/wp-json\/wp\/v2\/product"}],"about":[{"href":"https:\/\/tantuquynh.com\/en\/wp-json\/wp\/v2\/types\/product"}],"replies":[{"embeddable":true,"href":"https:\/\/tantuquynh.com\/en\/wp-json\/wp\/v2\/comments?post=1707"}],"wp:featuredmedia":[{"embeddable":true,"href":"https:\/\/tantuquynh.com\/en\/wp-json\/wp\/v2\/media\/1708"}],"wp:attachment":[{"href":"https:\/\/tantuquynh.com\/en\/wp-json\/wp\/v2\/media?parent=1707"}],"wp:term":[{"taxonomy":"product_cat","embeddable":true,"href":"https:\/\/tantuquynh.com\/en\/wp-json\/wp\/v2\/product_cat?post=1707"},{"taxonomy":"product_tag","embeddable":true,"href":"https:\/\/tantuquynh.com\/en\/wp-json\/wp\/v2\/product_tag?post=1707"}],"curies":[{"name":"wp","href":"https:\/\/api.w.org\/{rel}","templated":true}]}}