{"id":1381,"date":"2023-02-28T18:23:27","date_gmt":"2023-02-28T18:23:27","guid":{"rendered":"https:\/\/tantuquynh.com\/?post_type=product&#038;p=1381"},"modified":"2024-08-15T22:19:34","modified_gmt":"2024-08-15T22:19:34","slug":"dau-gio-vang-tuyet-dieu","status":"publish","type":"product","link":"https:\/\/tantuquynh.com\/en\/product\/dau-gio-vang-tuyet-dieu","title":{"rendered":"D\u1ea7u Gi\u00f3 V\u00e0ng Tuy\u1ec7t Di\u1ec7u"},"content":{"rendered":"<p><H1><span style=\"font-weight: bold\"> $100\/12 chai <\/span><\/H1><br \/>\nD\u1ea7u v\u00e0ng Tr\u01b0\u1eddng Th\u1ecd, \u201cLONGEVITY OIL\u201d \u0111\u01b0\u1ee3c s\u1ea3n xu\u1ea5t 100% t\u1ea1i Hoa K\u1ef3 v\u1edbi c\u00f4ng ngh\u1ec7 nano gi\u00fap gi\u1ea3m \u0111au \u0111\u1ea7u, \u0111au nh\u1ee9c, \u0111au th\u1ea7n kinh to\u1ea1, gi\u00fap c\u1ea7m m\u00e1u. Ngo\u00e0i ra, d\u1ea7u v\u00e0ng c\u00f2n gi\u00fap ng\u0103n ng\u1eeba nhi\u1ec5m tr\u00f9ng khi b\u1ecb mu\u1ed7i ch\u00edch, ong ch\u00edch, hay b\u1ecb ph\u1ecfng.<br \/>\nD\u1ea7u v\u00e0ng c\u00f3 m\u00f9i th\u01a1m nh\u1eb9 nh\u00e0ng r\u1ea5t d\u1ec5 ch\u1ecbu, kh\u00f4ng l\u00e0m \u1ea3nh h\u01b0\u1edfng \u0111\u1ebfn ng\u01b0\u1eddi xung quanh. M\u1ed7i chai 21ml nh\u1ecf g\u1ecdn v\u00e0 sang tr\u1ecdng nh\u01b0 m\u1ed9t chai n\u01b0\u1edbc hoa b\u1ecf t\u00fai. L\u00e0 m\u00f3n qu\u00e0 \u00fd ngh\u0129a nh\u1ea5t cho ng\u01b0\u1eddi th\u00e2n t\u1ea1i Vi\u1ec7t Nam.<\/p>\n<p><span style=\"font-weight: bold\">S\u1eed D\u1ee5ng:<\/span><br \/>\nKhi \u0111au nh\u1ee9c ch\u00e2n tay\u2026ch\u1ec9 c\u1ea7n thoa v\u00e0o n\u01a1i \u0111au nh\u1ee9c v\u00e0 massage cho d\u1ea7u th\u1ea5m v\u00e0o c\u01a1 b\u1eafp. Khi b\u1ecb c\u1ea3m v\u00e0 stress, thoa d\u1ea7u v\u00e0o l\u00f2ng b\u00e0n tay v\u00e0 ch\u00e0 cho \u1ea5m l\u00f2ng b\u00e0n tay sau \u0111\u00f3 \u00fap hai l\u00f2ng b\u00e0n tay l\u00ean m\u0169i h\u00edt nh\u00e8 nh\u1eb9, ch\u1ea7m ch\u1eadm v\u00e0i l\u1ea7n. Khi h\u01a1i x\u00f4ng l\u00ean m\u0169i s\u1ebd c\u1ea3m th\u1ea5y tho\u1ea3i m\u00e1i t\u1ee9c th\u00ec.<\/p>\n<p><span style=\"font-weight: bold\">L\u01b0u \u00fd:<\/span><br \/>\nTr\u00e1nh ti\u1ebfp x\u00fac d\u1ea7u v\u1edbi v\u00f9ng da quanh m\u1eaft v\u00ec d\u1ec5 d\u00ednh v\u00e0o m\u1eaft.<br \/>\nKhi kh\u00f4ng may b\u1ecb d\u00ednh d\u1ea7u gi\u00f3 v\u00e0o m\u1eaft, ngay l\u1eadp t\u1ee9c r\u1eeda m\u1eaft v\u1edbi n\u01b0\u1edbc \u0111\u1ec3 r\u1eeda s\u1ea1ch tinh d\u1ea7u trong m\u1eaft.<\/p>\n<hr \/>\n<p><strong>$99.99\/12 bottles<\/strong><\/p>\n<p>Longevity Oil is produced 100% in the USA with nano-technology to help relieve headaches, body aches, nerve pain, and stop bleeding. Additionally, gold oil helps prevent infection from mosquito bites, bee stings, or burns.<br \/>\nThe gold oil has a gentle and pleasant fragrance, not affecting those around. Each 21ml bottle is compact and elegant, like a pocket-sized perfume bottle. It&#8217;s the most meaningful gift for loved ones in Vietnam.<\/p>\n<p>Usage:<br \/>\nWhen experiencing pain or discomfort in the arms or legs&#8230; simply apply to the affected area and massage until the oil is absorbed into the muscles. When feeling cold or stressed, apply the oil to the palms and rub to warm them up, then gently inhale by cupping the palms over the nose and taking slow, deep breaths a few times. Upon inhaling the vapors, immediate relief will be felt.<\/p>\n<p>Note:<br \/>\nAvoid contact with the oil around the eye area as it may get into the eyes.<br \/>\nIf oil accidentally gets into the eyes, immediately rinse the eyes with water to wash out the oil.<\/p>\n","protected":false},"excerpt":{"rendered":"<p>$100\/12 chai D\u1ea7u v\u00e0ng Tr\u01b0\u1eddng Th\u1ecd, \u201cLONGEVITY OIL\u201d \u0111\u01b0\u1ee3c s\u1ea3n xu\u1ea5t 100% t\u1ea1i Hoa K\u1ef3 v\u1edbi c\u00f4ng ngh\u1ec7 nano gi\u00fap gi\u1ea3m \u0111au \u0111\u1ea7u, \u0111au nh\u1ee9c, \u0111au th\u1ea7n kinh to\u1ea1, gi\u00fap c\u1ea7m m\u00e1u. Ngo\u00e0i ra, d\u1ea7u v\u00e0ng c\u00f2n gi\u00fap ng\u0103n ng\u1eeba nhi\u1ec5m tr\u00f9ng khi b\u1ecb mu\u1ed7i ch\u00edch, ong ch\u00edch, hay b\u1ecb ph\u1ecfng. D\u1ea7u v\u00e0ng c\u00f3 m\u00f9i [&hellip;]<\/p>\n","protected":false},"featured_media":1349,"comment_status":"closed","ping_status":"closed","template":"","meta":{"ocean_post_layout":"","ocean_both_sidebars_style":"","ocean_both_sidebars_content_width":0,"ocean_both_sidebars_sidebars_width":0,"ocean_sidebar":"0","ocean_second_sidebar":"0","ocean_disable_margins":"enable","ocean_add_body_class":"","ocean_shortcode_before_top_bar":"","ocean_shortcode_after_top_bar":"","ocean_shortcode_before_header":"","ocean_shortcode_after_header":"","ocean_has_shortcode":"","ocean_shortcode_after_title":"","ocean_shortcode_before_footer_widgets":"","ocean_shortcode_after_footer_widgets":"","ocean_shortcode_before_footer_bottom":"","ocean_shortcode_after_footer_bottom":"","ocean_display_top_bar":"default","ocean_display_header":"default","ocean_header_style":"","ocean_center_header_left_menu":"0","ocean_custom_header_template":"0","ocean_custom_logo":0,"ocean_custom_retina_logo":0,"ocean_custom_logo_max_width":0,"ocean_custom_logo_tablet_max_width":0,"ocean_custom_logo_mobile_max_width":0,"ocean_custom_logo_max_height":0,"ocean_custom_logo_tablet_max_height":0,"ocean_custom_logo_mobile_max_height":0,"ocean_header_custom_menu":"0","ocean_menu_typo_font_family":"0","ocean_menu_typo_font_subset":"","ocean_menu_typo_font_size":0,"ocean_menu_typo_font_size_tablet":0,"ocean_menu_typo_font_size_mobile":0,"ocean_menu_typo_font_size_unit":"px","ocean_menu_typo_font_weight":"","ocean_menu_typo_font_weight_tablet":"","ocean_menu_typo_font_weight_mobile":"","ocean_menu_typo_transform":"","ocean_menu_typo_transform_tablet":"","ocean_menu_typo_transform_mobile":"","ocean_menu_typo_line_height":0,"ocean_menu_typo_line_height_tablet":0,"ocean_menu_typo_line_height_mobile":0,"ocean_menu_typo_line_height_unit":"","ocean_menu_typo_spacing":0,"ocean_menu_typo_spacing_tablet":0,"ocean_menu_typo_spacing_mobile":0,"ocean_menu_typo_spacing_unit":"","ocean_menu_link_color":"","ocean_menu_link_color_hover":"","ocean_menu_link_color_active":"","ocean_menu_link_background":"","ocean_menu_link_hover_background":"","ocean_menu_link_active_background":"","ocean_menu_social_links_bg":"","ocean_menu_social_hover_links_bg":"","ocean_menu_social_links_color":"","ocean_menu_social_hover_links_color":"","ocean_disable_title":"default","ocean_disable_heading":"default","ocean_post_title":"","ocean_post_subheading":"","ocean_post_title_style":"","ocean_post_title_background_color":"","ocean_post_title_background":0,"ocean_post_title_bg_image_position":"","ocean_post_title_bg_image_attachment":"","ocean_post_title_bg_image_repeat":"","ocean_post_title_bg_image_size":"","ocean_post_title_height":0,"ocean_post_title_bg_overlay":0.5,"ocean_post_title_bg_overlay_color":"","ocean_disable_breadcrumbs":"default","ocean_breadcrumbs_color":"","ocean_breadcrumbs_separator_color":"","ocean_breadcrumbs_links_color":"","ocean_breadcrumbs_links_hover_color":"","ocean_display_footer_widgets":"default","ocean_display_footer_bottom":"default","ocean_custom_footer_template":"0"},"product_cat":[23],"product_tag":[],"class_list":{"0":"post-1381","1":"product","2":"type-product","3":"status-publish","4":"has-post-thumbnail","6":"product_cat-thao-duoc","8":"entry","9":"has-media","11":"first","12":"instock","13":"shipping-taxable","14":"purchasable","15":"product-type-simple","16":"has-product-nav","17":"col","18":"span_1_of_4","19":"owp-content-center","20":"owp-thumbs-layout-horizontal","21":"owp-btn-normal","22":"owp-tabs-layout-horizontal"},"_links":{"self":[{"href":"https:\/\/tantuquynh.com\/en\/wp-json\/wp\/v2\/product\/1381","targetHints":{"allow":["GET"]}}],"collection":[{"href":"https:\/\/tantuquynh.com\/en\/wp-json\/wp\/v2\/product"}],"about":[{"href":"https:\/\/tantuquynh.com\/en\/wp-json\/wp\/v2\/types\/product"}],"replies":[{"embeddable":true,"href":"https:\/\/tantuquynh.com\/en\/wp-json\/wp\/v2\/comments?post=1381"}],"wp:featuredmedia":[{"embeddable":true,"href":"https:\/\/tantuquynh.com\/en\/wp-json\/wp\/v2\/media\/1349"}],"wp:attachment":[{"href":"https:\/\/tantuquynh.com\/en\/wp-json\/wp\/v2\/media?parent=1381"}],"wp:term":[{"taxonomy":"product_cat","embeddable":true,"href":"https:\/\/tantuquynh.com\/en\/wp-json\/wp\/v2\/product_cat?post=1381"},{"taxonomy":"product_tag","embeddable":true,"href":"https:\/\/tantuquynh.com\/en\/wp-json\/wp\/v2\/product_tag?post=1381"}],"curies":[{"name":"wp","href":"https:\/\/api.w.org\/{rel}","templated":true}]}}